{"id":2758,"date":"2022-04-24T11:37:45","date_gmt":"2022-04-24T09:37:45","guid":{"rendered":"https:\/\/wordpress.nibis.de\/gswrestedt\/?page_id=2758"},"modified":"2022-04-24T11:37:45","modified_gmt":"2022-04-24T09:37:45","slug":"abschlussarbeit-lern-apps","status":"publish","type":"page","link":"https:\/\/wordpress.nibis.de\/gswrestedt\/abschlussarbeit-lern-apps\/","title":{"rendered":"Abschlussarbeit Lern-Apps"},"content":{"rendered":"\n<p>Unsere <strong>p\u00e4dagogische Mitarbeiterin Frau Kiehne<\/strong> studiert an der Ostfalia Hochschule Braunschweig \/ Wolfenb\u00fcttel und schreibt ihre Bachelorarbeit \u00fcber <strong>&#8222;Ermittlung der User Experience von Lern-Apps&#8220;<\/strong> zur Erlangung des Hochschulgrades Bachelor of Arts. Im Rahmen dieser Abschlussarbeit f\u00fchrte Frau Kiehne eine Erhebung zur Bewertung von Lern-Apps in der Klasse 3a durch.<\/p>\n<p>F\u00fcr die Befragung testeten die Kinder zuerst die Apps Anton und Knietzsche auf unseren Schultablets. Danach erfolgte das Ausf\u00fcllen eines kindgerechten Fragebogens und ein kurzes Interview.\u00a0<\/p>\n<p>F\u00fcr die Erhebung ben\u00f6tigte Frau Kiehne lediglich das Alter der Kinder. Alle Daten sind anonymisiert und werden ausschlie\u00dflich f\u00fcr die Bachelorarbeit und nur an der Ostfalia Hochschule verwendet.<\/p>\n<p><img loading=\"lazy\" decoding=\"async\" class=\"size-medium wp-image-2759 aligncenter\" src=\"https:\/\/wordpress.nibis.de\/gswrestedt\/files\/2022\/04\/IMG_3227-225x300.jpg\" alt=\"\" width=\"225\" height=\"300\" srcset=\"https:\/\/wordpress.nibis.de\/gswrestedt\/files\/2022\/04\/IMG_3227-225x300.jpg 225w, https:\/\/wordpress.nibis.de\/gswrestedt\/files\/2022\/04\/IMG_3227-768x1024.jpg 768w, https:\/\/wordpress.nibis.de\/gswrestedt\/files\/2022\/04\/IMG_3227-1152x1536.jpg 1152w, https:\/\/wordpress.nibis.de\/gswrestedt\/files\/2022\/04\/IMG_3227-1536x2048.jpg 1536w, https:\/\/wordpress.nibis.de\/gswrestedt\/files\/2022\/04\/IMG_3227-scaled.jpg 1920w\" sizes=\"auto, (max-width: 225px) 100vw, 225px\" \/><\/p>\n<p style=\"text-align: center\">Wir dr\u00fccken Frau Kiehne die Daumen und w\u00fcnschen viel Erfolg f\u00fcr ihre Abschlussarbeit!<\/p>\n","protected":false},"excerpt":{"rendered":"<p>Unsere p\u00e4dagogische Mitarbeiterin Frau Kiehne studiert an der Ostfalia Hochschule Braunschweig \/ Wolfenb\u00fcttel und schreibt ihre Bachelorarbeit \u00fcber &#8222;Ermittlung der User Experience von Lern-Apps&#8220; zur Erlangung des Hochschulgrades Bachelor of Arts. Im Rahmen dieser Abschlussarbeit f\u00fchrte Frau Kiehne eine Erhebung &hellip; <a href=\"https:\/\/wordpress.nibis.de\/gswrestedt\/abschlussarbeit-lern-apps\/\">Weiterlesen <span class=\"meta-nav\">&rarr;<\/span><\/a><\/p>\n","protected":false},"author":1020,"featured_media":0,"parent":0,"menu_order":0,"comment_status":"closed","ping_status":"closed","template":"","meta":{"footnotes":""},"class_list":["post-2758","page","type-page","status-publish","hentry"],"_links":{"self":[{"href":"https:\/\/wordpress.nibis.de\/gswrestedt\/wp-json\/wp\/v2\/pages\/2758","targetHints":{"allow":["GET"]}}],"collection":[{"href":"https:\/\/wordpress.nibis.de\/gswrestedt\/wp-json\/wp\/v2\/pages"}],"about":[{"href":"https:\/\/wordpress.nibis.de\/gswrestedt\/wp-json\/wp\/v2\/types\/page"}],"author":[{"embeddable":true,"href":"https:\/\/wordpress.nibis.de\/gswrestedt\/wp-json\/wp\/v2\/users\/1020"}],"replies":[{"embeddable":true,"href":"https:\/\/wordpress.nibis.de\/gswrestedt\/wp-json\/wp\/v2\/comments?post=2758"}],"version-history":[{"count":1,"href":"https:\/\/wordpress.nibis.de\/gswrestedt\/wp-json\/wp\/v2\/pages\/2758\/revisions"}],"predecessor-version":[{"id":2760,"href":"https:\/\/wordpress.nibis.de\/gswrestedt\/wp-json\/wp\/v2\/pages\/2758\/revisions\/2760"}],"wp:attachment":[{"href":"https:\/\/wordpress.nibis.de\/gswrestedt\/wp-json\/wp\/v2\/media?parent=2758"}],"curies":[{"name":"wp","href":"https:\/\/api.w.org\/{rel}","templated":true}]}}