{"id":2774,"date":"2022-06-21T12:24:38","date_gmt":"2022-06-21T10:24:38","guid":{"rendered":"https:\/\/wordpress.nibis.de\/gswrestedt\/?page_id=2774"},"modified":"2024-06-17T13:08:54","modified_gmt":"2024-06-17T11:08:54","slug":"sportabzeichen-projektwoche","status":"publish","type":"page","link":"https:\/\/wordpress.nibis.de\/gswrestedt\/sportabzeichen-projektwoche\/","title":{"rendered":"Projektwoche &#8211; Schwimmen"},"content":{"rendered":"\n<p>In der Woche vom 03. bis 07.6.2024 fand unsere <strong>Sportabzeichen-Projektwoche<\/strong> statt.<\/p>\n<p>Von Montag bis Freitag fuhren die Sch\u00fclerinnen und Sch\u00fcler <strong>ins Sommerbad Stadensen.<\/strong> Am Montag und Mittwoch fuhren die beiden 2. Klassen und die 4. Klasse, am Dienstag und Donnerstag fuhren die beiden 1. Klassen und die beiden 3. Klassen und am Freitag alle Klassen ins Freibad.<\/p>\n<div id='gallery-1' class='gallery galleryid-2774 gallery-columns-2 gallery-size-large'><dl class='gallery-item'>\n\t\t\t<dt class='gallery-icon portrait'>\n\t\t\t\t<a href='https:\/\/wordpress.nibis.de\/gswrestedt\/sportabzeichen-projektwoche\/8afe2c5e-78a1-47e9-ac1a-358d7c7453f6\/'><img loading=\"lazy\" decoding=\"async\" width=\"640\" height=\"853\" src=\"https:\/\/wordpress.nibis.de\/gswrestedt\/files\/2022\/06\/8AFE2C5E-78A1-47E9-AC1A-358D7C7453F6-768x1024.jpeg\" class=\"attachment-large size-large\" alt=\"\" srcset=\"https:\/\/wordpress.nibis.de\/gswrestedt\/files\/2022\/06\/8AFE2C5E-78A1-47E9-AC1A-358D7C7453F6-768x1024.jpeg 768w, https:\/\/wordpress.nibis.de\/gswrestedt\/files\/2022\/06\/8AFE2C5E-78A1-47E9-AC1A-358D7C7453F6-225x300.jpeg 225w, https:\/\/wordpress.nibis.de\/gswrestedt\/files\/2022\/06\/8AFE2C5E-78A1-47E9-AC1A-358D7C7453F6-1152x1536.jpeg 1152w, https:\/\/wordpress.nibis.de\/gswrestedt\/files\/2022\/06\/8AFE2C5E-78A1-47E9-AC1A-358D7C7453F6-1536x2048.jpeg 1536w, https:\/\/wordpress.nibis.de\/gswrestedt\/files\/2022\/06\/8AFE2C5E-78A1-47E9-AC1A-358D7C7453F6-scaled.jpeg 1920w\" sizes=\"auto, (max-width: 640px) 100vw, 640px\" \/><\/a>\n\t\t\t<\/dt><\/dl><dl class='gallery-item'>\n\t\t\t<dt class='gallery-icon portrait'>\n\t\t\t\t<a href='https:\/\/wordpress.nibis.de\/gswrestedt\/sportabzeichen-projektwoche\/becken-kleiner\/'><img loading=\"lazy\" decoding=\"async\" width=\"640\" height=\"853\" src=\"https:\/\/wordpress.nibis.de\/gswrestedt\/files\/2024\/06\/Becken-kleiner-768x1024.jpg\" class=\"attachment-large size-large\" alt=\"\" srcset=\"https:\/\/wordpress.nibis.de\/gswrestedt\/files\/2024\/06\/Becken-kleiner-768x1024.jpg 768w, https:\/\/wordpress.nibis.de\/gswrestedt\/files\/2024\/06\/Becken-kleiner-225x300.jpg 225w, https:\/\/wordpress.nibis.de\/gswrestedt\/files\/2024\/06\/Becken-kleiner.jpg 800w\" sizes=\"auto, (max-width: 640px) 100vw, 640px\" \/><\/a>\n\t\t\t<\/dt><\/dl><br style=\"clear: both\" \/>\n\t\t<\/div>\n\n<p><strong>Unter Anleitung von Fachpersonal wurden erste Erfahrungen mit dem Wasser gemacht, f\u00fcr das Schwimmabzeichen ge\u00fcbt und die Schwimmf\u00e4higkeiten weiter verbessert<\/strong>. Dazu wurden die Kinder in 3 Leistungsgruppen eingeteilt und nach ihren F\u00e4higkeiten gef\u00f6rdert.\u00a0<\/p>\n<p>Das Wetter war leider durchwachsen, doch die Kinder haben sich von Regen, Wind und kalten Temperaturen nicht abschrecken lassen. Sie sind flei\u00dfig\u00a0<strong>geschwommen<\/strong>, haben viel\u00a0<strong>gespielt<\/strong>\u00a0und\u00a0<strong>gelacht<\/strong>, sich mit leckerem\u00a0<strong>Fr\u00fchst\u00fcck<\/strong>\u00a0gest\u00e4rkt und den\u00a0<strong>Kiosk<\/strong>\u00a0leergekauft.<\/p>\n<div id='gallery-2' class='gallery galleryid-2774 gallery-columns-3 gallery-size-medium'><dl class='gallery-item'>\n\t\t\t<dt class='gallery-icon portrait'>\n\t\t\t\t<a href='https:\/\/wordpress.nibis.de\/gswrestedt\/sportabzeichen-projektwoche\/brotdosen-kleiner\/'><img loading=\"lazy\" decoding=\"async\" width=\"225\" height=\"300\" src=\"https:\/\/wordpress.nibis.de\/gswrestedt\/files\/2024\/06\/Brotdosen-kleiner-225x300.jpg\" class=\"attachment-medium size-medium\" alt=\"\" srcset=\"https:\/\/wordpress.nibis.de\/gswrestedt\/files\/2024\/06\/Brotdosen-kleiner-225x300.jpg 225w, https:\/\/wordpress.nibis.de\/gswrestedt\/files\/2024\/06\/Brotdosen-kleiner-768x1024.jpg 768w, https:\/\/wordpress.nibis.de\/gswrestedt\/files\/2024\/06\/Brotdosen-kleiner.jpg 800w\" sizes=\"auto, (max-width: 225px) 100vw, 225px\" \/><\/a>\n\t\t\t<\/dt><\/dl><dl class='gallery-item'>\n\t\t\t<dt class='gallery-icon portrait'>\n\t\t\t\t<a href='https:\/\/wordpress.nibis.de\/gswrestedt\/sportabzeichen-projektwoche\/volleyball-kleiner\/'><img loading=\"lazy\" decoding=\"async\" width=\"149\" height=\"300\" src=\"https:\/\/wordpress.nibis.de\/gswrestedt\/files\/2024\/06\/Volleyball-kleiner-149x300.jpg\" class=\"attachment-medium size-medium\" alt=\"\" srcset=\"https:\/\/wordpress.nibis.de\/gswrestedt\/files\/2024\/06\/Volleyball-kleiner-149x300.jpg 149w, https:\/\/wordpress.nibis.de\/gswrestedt\/files\/2024\/06\/Volleyball-kleiner-509x1024.jpg 509w, https:\/\/wordpress.nibis.de\/gswrestedt\/files\/2024\/06\/Volleyball-kleiner-768x1546.jpg 768w, https:\/\/wordpress.nibis.de\/gswrestedt\/files\/2024\/06\/Volleyball-kleiner-763x1536.jpg 763w, https:\/\/wordpress.nibis.de\/gswrestedt\/files\/2024\/06\/Volleyball-kleiner.jpg 800w\" sizes=\"auto, (max-width: 149px) 100vw, 149px\" \/><\/a>\n\t\t\t<\/dt><\/dl><dl class='gallery-item'>\n\t\t\t<dt class='gallery-icon landscape'>\n\t\t\t\t<a href='https:\/\/wordpress.nibis.de\/gswrestedt\/sportabzeichen-projektwoche\/matsch-kleiner\/'><img loading=\"lazy\" decoding=\"async\" width=\"300\" height=\"220\" src=\"https:\/\/wordpress.nibis.de\/gswrestedt\/files\/2024\/06\/Matsch-kleiner-300x220.jpg\" class=\"attachment-medium size-medium\" alt=\"\" srcset=\"https:\/\/wordpress.nibis.de\/gswrestedt\/files\/2024\/06\/Matsch-kleiner-300x220.jpg 300w, https:\/\/wordpress.nibis.de\/gswrestedt\/files\/2024\/06\/Matsch-kleiner-768x563.jpg 768w, https:\/\/wordpress.nibis.de\/gswrestedt\/files\/2024\/06\/Matsch-kleiner.jpg 800w\" sizes=\"auto, (max-width: 300px) 100vw, 300px\" \/><\/a>\n\t\t\t<\/dt><\/dl><br style=\"clear: both\" \/>\n\t\t<\/div>\n\n<p>\u00a0<\/p>\n<p>Am Freitag waren alle Sch\u00fcler und Sch\u00fclerinnen der Grundschule Wrestedt im Sommerbad und hatten die M\u00f6glichkeit, sich an <strong>10 Stationen auf dem Spielplatz und im Wasser<\/strong> auszutoben. Sie mussten zum Beispiel nach Ringen tauchen, Dosen umwerfen, Fische angeln, Sackh\u00fcpfen, balancieren und vieles mehr. <strong>Das Team von Sommerbad Stadensen hatte alle Stationen vorbereitet.<\/strong><br \/><br \/><\/p>\n<p><img loading=\"lazy\" decoding=\"async\" class=\"size-medium wp-image-3069 alignleft\" src=\"https:\/\/wordpress.nibis.de\/gswrestedt\/files\/2023\/06\/dosenwerfen-225x300.jpeg\" alt=\"\" width=\"225\" height=\"300\" srcset=\"https:\/\/wordpress.nibis.de\/gswrestedt\/files\/2023\/06\/dosenwerfen-225x300.jpeg 225w, https:\/\/wordpress.nibis.de\/gswrestedt\/files\/2023\/06\/dosenwerfen-768x1024.jpeg 768w, https:\/\/wordpress.nibis.de\/gswrestedt\/files\/2023\/06\/dosenwerfen-1152x1536.jpeg 1152w, https:\/\/wordpress.nibis.de\/gswrestedt\/files\/2023\/06\/dosenwerfen-1536x2048.jpeg 1536w, https:\/\/wordpress.nibis.de\/gswrestedt\/files\/2023\/06\/dosenwerfen-scaled.jpeg 1920w\" sizes=\"auto, (max-width: 225px) 100vw, 225px\" \/><\/p>\n<p><img loading=\"lazy\" decoding=\"async\" class=\"size-medium wp-image-3072 alignright\" src=\"https:\/\/wordpress.nibis.de\/gswrestedt\/files\/2023\/06\/1143A54F-0B05-4A7F-8C43-6BB4F076F9DE-1-225x300.jpeg\" alt=\"\" width=\"225\" height=\"300\" srcset=\"https:\/\/wordpress.nibis.de\/gswrestedt\/files\/2023\/06\/1143A54F-0B05-4A7F-8C43-6BB4F076F9DE-1-225x300.jpeg 225w, https:\/\/wordpress.nibis.de\/gswrestedt\/files\/2023\/06\/1143A54F-0B05-4A7F-8C43-6BB4F076F9DE-1-768x1024.jpeg 768w, https:\/\/wordpress.nibis.de\/gswrestedt\/files\/2023\/06\/1143A54F-0B05-4A7F-8C43-6BB4F076F9DE-1-1152x1536.jpeg 1152w, https:\/\/wordpress.nibis.de\/gswrestedt\/files\/2023\/06\/1143A54F-0B05-4A7F-8C43-6BB4F076F9DE-1-1536x2048.jpeg 1536w, https:\/\/wordpress.nibis.de\/gswrestedt\/files\/2023\/06\/1143A54F-0B05-4A7F-8C43-6BB4F076F9DE-1-scaled.jpeg 1920w\" sizes=\"auto, (max-width: 225px) 100vw, 225px\" \/><\/p>\n<p>\u00a0<\/p>\n<p>\u00a0<\/p>\n<p>\u00a0<\/p>\n<p>\u00a0<\/p>\n<p>\u00a0<\/p>\n<p>\u00a0<\/p>\n<p>\u00a0<\/p>\n<p>\u00a0<\/p>\n<p>Die Schwimmwoche wurde vom <strong>Kreissportbund Uelzen<\/strong> bezuschusst. <strong>Vielen Dank<\/strong> daf\u00fcr!<\/p>\n<p>Das Fachpersonal vom Sommerbad Stadensen unter der Leitung von <strong>Nina Both<\/strong> sowie <strong>Mitglieder der DLRG<\/strong> haben unsere Schule in der Zeit betreut und angeleitet. <strong>Herzlichen Dank f\u00fcr diesen Einsatz und das Engagement.\u00a0<\/strong><\/p>\n<p><strong>Ein besonderer Dank gilt auch den Eltern<\/strong>, die uns in dieser Woche unterst\u00fctzten und so zum guten Gelingen beitrugen.<\/p>\n<p><strong>Alle Kinder und Mitarbeiter der Grundschule Wrestedt hatten eine tolle Schwimmwoche!<\/strong><\/p>\n<p>\u00dcbrigens: Das Sommerbad l\u00e4dt herzlich ein zum <a href=\"https:\/\/wordpress.nibis.de\/gswrestedt\/files\/2024\/06\/Aushang_Kinderfest_2024.pdf\" target=\"_blank\" rel=\"noopener\"><strong>Kinderfest<\/strong>\u00a0<\/a>am <strong>13.07.2024<\/strong>!<\/p>\n<p>\u00a0<\/p>\n","protected":false},"excerpt":{"rendered":"<p>In der Woche vom 03. bis 07.6.2024 fand unsere Sportabzeichen-Projektwoche statt. Von Montag bis Freitag fuhren die Sch\u00fclerinnen und Sch\u00fcler ins Sommerbad Stadensen. Am Montag und Mittwoch fuhren die beiden 2. Klassen und die 4. Klasse, am Dienstag und Donnerstag &hellip; <a href=\"https:\/\/wordpress.nibis.de\/gswrestedt\/sportabzeichen-projektwoche\/\">Weiterlesen <span class=\"meta-nav\">&rarr;<\/span><\/a><\/p>\n","protected":false},"author":1020,"featured_media":0,"parent":0,"menu_order":0,"comment_status":"closed","ping_status":"closed","template":"","meta":{"footnotes":""},"class_list":["post-2774","page","type-page","status-publish","hentry"],"_links":{"self":[{"href":"https:\/\/wordpress.nibis.de\/gswrestedt\/wp-json\/wp\/v2\/pages\/2774","targetHints":{"allow":["GET"]}}],"collection":[{"href":"https:\/\/wordpress.nibis.de\/gswrestedt\/wp-json\/wp\/v2\/pages"}],"about":[{"href":"https:\/\/wordpress.nibis.de\/gswrestedt\/wp-json\/wp\/v2\/types\/page"}],"author":[{"embeddable":true,"href":"https:\/\/wordpress.nibis.de\/gswrestedt\/wp-json\/wp\/v2\/users\/1020"}],"replies":[{"embeddable":true,"href":"https:\/\/wordpress.nibis.de\/gswrestedt\/wp-json\/wp\/v2\/comments?post=2774"}],"version-history":[{"count":15,"href":"https:\/\/wordpress.nibis.de\/gswrestedt\/wp-json\/wp\/v2\/pages\/2774\/revisions"}],"predecessor-version":[{"id":3316,"href":"https:\/\/wordpress.nibis.de\/gswrestedt\/wp-json\/wp\/v2\/pages\/2774\/revisions\/3316"}],"wp:attachment":[{"href":"https:\/\/wordpress.nibis.de\/gswrestedt\/wp-json\/wp\/v2\/media?parent=2774"}],"curies":[{"name":"wp","href":"https:\/\/api.w.org\/{rel}","templated":true}]}}