{"id":2783,"date":"2022-07-04T10:27:43","date_gmt":"2022-07-04T08:27:43","guid":{"rendered":"https:\/\/wordpress.nibis.de\/gswrestedt\/?page_id=2783"},"modified":"2022-07-10T13:14:57","modified_gmt":"2022-07-10T11:14:57","slug":"sommerfest-2022","status":"publish","type":"page","link":"https:\/\/wordpress.nibis.de\/gswrestedt\/sommerfest-2022\/","title":{"rendered":"Sommerfest 2022"},"content":{"rendered":"\n<p>Die Grundschule Wrestedt lud alle Kinder und ihre Familien zum Sommerfest am <strong>8.7.2022<\/strong> ein. Das Fest <strong>begann um 15:00 U und endete um 17:00 Uhr<\/strong>.<\/p>\n<p><strong>&#8222;Wir begr\u00fc\u00dfen euch alle&#8220;<\/strong> sangen die Kinder zur Er\u00f6ffnung des Festes. Au\u00dferdem tanzten und sangen sie einen Sommer-Hip-Hop. In ihrer Begr\u00fc\u00dfungsrede <strong>dankte Frau Jung den zahlreichen Sponsoren<\/strong>, die <a href=\"https:\/\/wordpress.nibis.de\/gswrestedt\/unser-schulhof-oktober-2020\/\" target=\"_blank\" rel=\"noopener\">die Umgestaltung des Schulhofes<\/a> erm\u00f6glicht haben.<\/p>\n<p><img loading=\"lazy\" decoding=\"async\" class=\"alignnone size-full wp-image-2790 aligncenter\" src=\"https:\/\/wordpress.nibis.de\/gswrestedt\/files\/2022\/07\/sommerfest.jpg\" alt=\"\" width=\"800\" height=\"600\" srcset=\"https:\/\/wordpress.nibis.de\/gswrestedt\/files\/2022\/07\/sommerfest.jpg 800w, https:\/\/wordpress.nibis.de\/gswrestedt\/files\/2022\/07\/sommerfest-300x225.jpg 300w, https:\/\/wordpress.nibis.de\/gswrestedt\/files\/2022\/07\/sommerfest-768x576.jpg 768w\" sizes=\"auto, (max-width: 800px) 100vw, 800px\" \/><\/p>\n<p>Die einzelnen Klassen boten<strong> tolle Spiele<\/strong> <strong>zum Mitmachen<\/strong> an, die jede Menge Spa\u00df und gute Laune boten.<\/p>\n<p><img loading=\"lazy\" decoding=\"async\" class=\"wp-image-2792 aligncenter\" src=\"https:\/\/wordpress.nibis.de\/gswrestedt\/files\/2022\/07\/IMG_4945-scaled.jpg\" alt=\"\" width=\"234\" height=\"312\" srcset=\"https:\/\/wordpress.nibis.de\/gswrestedt\/files\/2022\/07\/IMG_4945-scaled.jpg 1920w, https:\/\/wordpress.nibis.de\/gswrestedt\/files\/2022\/07\/IMG_4945-225x300.jpg 225w, https:\/\/wordpress.nibis.de\/gswrestedt\/files\/2022\/07\/IMG_4945-768x1024.jpg 768w, https:\/\/wordpress.nibis.de\/gswrestedt\/files\/2022\/07\/IMG_4945-1152x1536.jpg 1152w, https:\/\/wordpress.nibis.de\/gswrestedt\/files\/2022\/07\/IMG_4945-1536x2048.jpg 1536w\" sizes=\"auto, (max-width: 234px) 100vw, 234px\" \/><\/p>\n<p>Geduldig warteten die Kinder in den Schlangen. Vor allem die K\u00fcbelspritze war hei\u00df begehrt. F\u00fcr jede Mitmachaktion bekamen die Kinder einen Stempel auf ihrem Laufzettel, den sie anschlie\u00dfend gegen ein kleines Pr\u00e4sent eintauschen konnten.<img loading=\"lazy\" decoding=\"async\" class=\"alignnone size-full wp-image-2791\" src=\"https:\/\/wordpress.nibis.de\/gswrestedt\/files\/2022\/07\/plakat.jpg\" alt=\"\" width=\"800\" height=\"800\" srcset=\"https:\/\/wordpress.nibis.de\/gswrestedt\/files\/2022\/07\/plakat.jpg 800w, https:\/\/wordpress.nibis.de\/gswrestedt\/files\/2022\/07\/plakat-300x300.jpg 300w, https:\/\/wordpress.nibis.de\/gswrestedt\/files\/2022\/07\/plakat-150x150.jpg 150w, https:\/\/wordpress.nibis.de\/gswrestedt\/files\/2022\/07\/plakat-768x768.jpg 768w\" sizes=\"auto, (max-width: 800px) 100vw, 800px\" \/><\/p>\n\n\n\n<p>\u00a0<\/p>\n<p>F\u00fcr die wartenden Erwachsenen gab es ein <strong>Elterncaf\u00e9<\/strong> mit einer gro\u00dfen Auswahl an Getr\u00e4nken und Kuchen. Die Kinder konnten an einem <strong>Popcornstand<\/strong> T\u00fcten basteln und dann mit Popcorn f\u00fcllen lassen.<\/p>\n<p><img loading=\"lazy\" decoding=\"async\" class=\"wp-image-2795 aligncenter\" src=\"https:\/\/wordpress.nibis.de\/gswrestedt\/files\/2022\/07\/popcorn.jpg\" alt=\"\" width=\"511\" height=\"511\" srcset=\"https:\/\/wordpress.nibis.de\/gswrestedt\/files\/2022\/07\/popcorn.jpg 800w, https:\/\/wordpress.nibis.de\/gswrestedt\/files\/2022\/07\/popcorn-300x300.jpg 300w, https:\/\/wordpress.nibis.de\/gswrestedt\/files\/2022\/07\/popcorn-150x150.jpg 150w, https:\/\/wordpress.nibis.de\/gswrestedt\/files\/2022\/07\/popcorn-768x768.jpg 768w\" sizes=\"auto, (max-width: 511px) 100vw, 511px\" \/><\/p>\n<p>\u00a0<\/p>\n<p>\u00a0<\/p>\n","protected":false},"excerpt":{"rendered":"<p>Die Grundschule Wrestedt lud alle Kinder und ihre Familien zum Sommerfest am 8.7.2022 ein. Das Fest begann um 15:00 U und endete um 17:00 Uhr. &#8222;Wir begr\u00fc\u00dfen euch alle&#8220; sangen die Kinder zur Er\u00f6ffnung des Festes. Au\u00dferdem tanzten und sangen &hellip; <a href=\"https:\/\/wordpress.nibis.de\/gswrestedt\/sommerfest-2022\/\">Weiterlesen <span class=\"meta-nav\">&rarr;<\/span><\/a><\/p>\n","protected":false},"author":1020,"featured_media":0,"parent":0,"menu_order":0,"comment_status":"closed","ping_status":"closed","template":"","meta":{"footnotes":""},"class_list":["post-2783","page","type-page","status-publish","hentry"],"_links":{"self":[{"href":"https:\/\/wordpress.nibis.de\/gswrestedt\/wp-json\/wp\/v2\/pages\/2783","targetHints":{"allow":["GET"]}}],"collection":[{"href":"https:\/\/wordpress.nibis.de\/gswrestedt\/wp-json\/wp\/v2\/pages"}],"about":[{"href":"https:\/\/wordpress.nibis.de\/gswrestedt\/wp-json\/wp\/v2\/types\/page"}],"author":[{"embeddable":true,"href":"https:\/\/wordpress.nibis.de\/gswrestedt\/wp-json\/wp\/v2\/users\/1020"}],"replies":[{"embeddable":true,"href":"https:\/\/wordpress.nibis.de\/gswrestedt\/wp-json\/wp\/v2\/comments?post=2783"}],"version-history":[{"count":3,"href":"https:\/\/wordpress.nibis.de\/gswrestedt\/wp-json\/wp\/v2\/pages\/2783\/revisions"}],"predecessor-version":[{"id":3378,"href":"https:\/\/wordpress.nibis.de\/gswrestedt\/wp-json\/wp\/v2\/pages\/2783\/revisions\/3378"}],"wp:attachment":[{"href":"https:\/\/wordpress.nibis.de\/gswrestedt\/wp-json\/wp\/v2\/media?parent=2783"}],"curies":[{"name":"wp","href":"https:\/\/api.w.org\/{rel}","templated":true}]}}