{"id":2856,"date":"2022-11-06T10:14:54","date_gmt":"2022-11-06T09:14:54","guid":{"rendered":"https:\/\/wordpress.nibis.de\/gswrestedt\/?page_id=2856"},"modified":"2022-11-22T08:39:47","modified_gmt":"2022-11-22T07:39:47","slug":"projektwoche-tanzen","status":"publish","type":"page","link":"https:\/\/wordpress.nibis.de\/gswrestedt\/projektwoche-tanzen\/","title":{"rendered":"Projektwoche Tanzen"},"content":{"rendered":"\n<p>Viele Kinder und Jugendliche bewegen sich heute zu wenig. Die Folgen reichen von Konzentrationsschw\u00e4che \u00fcber motorische Defizite bis hin zu \u00dcbergewicht. Neben fehlenden Freir\u00e4umen f\u00fcr Spiel und Bewegung liegt dies auch an dem gestiegenen Medienkonsum. Daher hat sich das Kollegium entschlossen, eine Projektwoche zum Thema &#8222;Tanzen&#8220; anzubieten.<\/p>\n<p>Durchgef\u00fchrt wurden die Projekttage durch die Mitarbeiter der Agentur &#8222;Wir bewegen Schule&#8220; und die Finanzierung \u00fcbernahm das Land Niedersachsen durch die Aktion &#8222;Startklar in die Zukunft&#8220;.<\/p>\n<p>Die Kinder wurden in 6 Gruppen aufgeteilt. Die Gruppen 1, 2 und 3 setzten sich aus Kindern\u00a0 der 1. und 2. Klassen zusammen. In den Gruppen 4, 5 und 6 waren Kinder aus der 3. Klasse und den 4. Klassen.<\/p>\n<p><img loading=\"lazy\" decoding=\"async\" class=\"aligncenter size-medium wp-image-2897\" src=\"https:\/\/wordpress.nibis.de\/gswrestedt\/files\/2022\/11\/IMG_7339-300x225.jpg\" alt=\"\" width=\"300\" height=\"225\" srcset=\"https:\/\/wordpress.nibis.de\/gswrestedt\/files\/2022\/11\/IMG_7339-300x225.jpg 300w, https:\/\/wordpress.nibis.de\/gswrestedt\/files\/2022\/11\/IMG_7339-1024x768.jpg 1024w, https:\/\/wordpress.nibis.de\/gswrestedt\/files\/2022\/11\/IMG_7339-768x576.jpg 768w, https:\/\/wordpress.nibis.de\/gswrestedt\/files\/2022\/11\/IMG_7339-1536x1152.jpg 1536w, https:\/\/wordpress.nibis.de\/gswrestedt\/files\/2022\/11\/IMG_7339-2048x1536.jpg 2048w\" sizes=\"auto, (max-width: 300px) 100vw, 300px\" \/><\/p>\n<p>Folgende Projekte wurden Angeboten: Fingerfood, Keith Haring W\u00fcrfel gebastelt, Pompons zur Dekoration der Halle hergestellt, T-Shirts mit Textilfarbe gef\u00e4rbt, Muffingirlande und Schmetterlinge gebastelt, Einladungskarten geschrieben und Plakate gemalt.<\/p>\n<p><img loading=\"lazy\" decoding=\"async\" class=\"aligncenter size-medium wp-image-2867\" src=\"https:\/\/wordpress.nibis.de\/gswrestedt\/files\/2022\/10\/99E78D9B-6124-4518-95AF-49C6CD0D34D3-225x300.jpeg\" alt=\"\" width=\"225\" height=\"300\" srcset=\"https:\/\/wordpress.nibis.de\/gswrestedt\/files\/2022\/10\/99E78D9B-6124-4518-95AF-49C6CD0D34D3-225x300.jpeg 225w, https:\/\/wordpress.nibis.de\/gswrestedt\/files\/2022\/10\/99E78D9B-6124-4518-95AF-49C6CD0D34D3-768x1024.jpeg 768w, https:\/\/wordpress.nibis.de\/gswrestedt\/files\/2022\/10\/99E78D9B-6124-4518-95AF-49C6CD0D34D3-1152x1536.jpeg 1152w, https:\/\/wordpress.nibis.de\/gswrestedt\/files\/2022\/10\/99E78D9B-6124-4518-95AF-49C6CD0D34D3-1536x2048.jpeg 1536w, https:\/\/wordpress.nibis.de\/gswrestedt\/files\/2022\/10\/99E78D9B-6124-4518-95AF-49C6CD0D34D3-scaled.jpeg 1920w\" sizes=\"auto, (max-width: 225px) 100vw, 225px\" \/><\/p>\n<p><img loading=\"lazy\" decoding=\"async\" class=\"wp-image-2863  aligncenter\" src=\"https:\/\/wordpress.nibis.de\/gswrestedt\/files\/2022\/10\/A95B2DF2-13AD-49C1-9408-2941052EC48A-768x1024.jpeg\" alt=\"\" width=\"610\" height=\"813\" srcset=\"https:\/\/wordpress.nibis.de\/gswrestedt\/files\/2022\/10\/A95B2DF2-13AD-49C1-9408-2941052EC48A-768x1024.jpeg 768w, https:\/\/wordpress.nibis.de\/gswrestedt\/files\/2022\/10\/A95B2DF2-13AD-49C1-9408-2941052EC48A-225x300.jpeg 225w, https:\/\/wordpress.nibis.de\/gswrestedt\/files\/2022\/10\/A95B2DF2-13AD-49C1-9408-2941052EC48A-1152x1536.jpeg 1152w, https:\/\/wordpress.nibis.de\/gswrestedt\/files\/2022\/10\/A95B2DF2-13AD-49C1-9408-2941052EC48A-1536x2048.jpeg 1536w, https:\/\/wordpress.nibis.de\/gswrestedt\/files\/2022\/10\/A95B2DF2-13AD-49C1-9408-2941052EC48A-scaled.jpeg 1920w\" sizes=\"auto, (max-width: 610px) 100vw, 610px\" \/><\/p>\n<p><img loading=\"lazy\" decoding=\"async\" class=\"wp-image-2862  aligncenter\" src=\"https:\/\/wordpress.nibis.de\/gswrestedt\/files\/2022\/10\/73560AA5-049C-4024-8DA6-32822A03B90B-1024x768.jpeg\" alt=\"\" width=\"609\" height=\"457\" srcset=\"https:\/\/wordpress.nibis.de\/gswrestedt\/files\/2022\/10\/73560AA5-049C-4024-8DA6-32822A03B90B-1024x768.jpeg 1024w, https:\/\/wordpress.nibis.de\/gswrestedt\/files\/2022\/10\/73560AA5-049C-4024-8DA6-32822A03B90B-300x225.jpeg 300w, https:\/\/wordpress.nibis.de\/gswrestedt\/files\/2022\/10\/73560AA5-049C-4024-8DA6-32822A03B90B-768x576.jpeg 768w, https:\/\/wordpress.nibis.de\/gswrestedt\/files\/2022\/10\/73560AA5-049C-4024-8DA6-32822A03B90B-1536x1152.jpeg 1536w, https:\/\/wordpress.nibis.de\/gswrestedt\/files\/2022\/10\/73560AA5-049C-4024-8DA6-32822A03B90B-2048x1536.jpeg 2048w\" sizes=\"auto, (max-width: 609px) 100vw, 609px\" \/><\/p>\n<p>Beim Fingerfood haben wir Obstspie\u00dfe gemacht, Brote mit Butter bestrichen und mit K\u00e4se und Frischk\u00e4se belegt.(Eliel und Anna). Es gab sogar Pizzaschnecken. Leider waren diese immer ratzfatz aufgegessen.<\/p>\n<p><img loading=\"lazy\" decoding=\"async\" class=\" wp-image-2878 alignleft\" src=\"https:\/\/wordpress.nibis.de\/gswrestedt\/files\/2022\/11\/IMG_20221011_145418-265x300.jpg\" alt=\"\" width=\"314\" height=\"355\" srcset=\"https:\/\/wordpress.nibis.de\/gswrestedt\/files\/2022\/11\/IMG_20221011_145418-265x300.jpg 265w, https:\/\/wordpress.nibis.de\/gswrestedt\/files\/2022\/11\/IMG_20221011_145418-904x1024.jpg 904w, https:\/\/wordpress.nibis.de\/gswrestedt\/files\/2022\/11\/IMG_20221011_145418-768x870.jpg 768w, https:\/\/wordpress.nibis.de\/gswrestedt\/files\/2022\/11\/IMG_20221011_145418-1356x1536.jpg 1356w, https:\/\/wordpress.nibis.de\/gswrestedt\/files\/2022\/11\/IMG_20221011_145418-1808x2048.jpg 1808w, https:\/\/wordpress.nibis.de\/gswrestedt\/files\/2022\/11\/IMG_20221011_145418.jpg 1863w\" sizes=\"auto, (max-width: 314px) 100vw, 314px\" \/><\/p>\n<p><img loading=\"lazy\" decoding=\"async\" class=\" wp-image-2868 alignright\" src=\"https:\/\/wordpress.nibis.de\/gswrestedt\/files\/2022\/10\/2EF1F4DD-4DA2-4FB6-B257-8AF00834AFF2-225x300.jpeg\" alt=\"\" width=\"249\" height=\"332\" srcset=\"https:\/\/wordpress.nibis.de\/gswrestedt\/files\/2022\/10\/2EF1F4DD-4DA2-4FB6-B257-8AF00834AFF2-225x300.jpeg 225w, https:\/\/wordpress.nibis.de\/gswrestedt\/files\/2022\/10\/2EF1F4DD-4DA2-4FB6-B257-8AF00834AFF2-768x1024.jpeg 768w, https:\/\/wordpress.nibis.de\/gswrestedt\/files\/2022\/10\/2EF1F4DD-4DA2-4FB6-B257-8AF00834AFF2-1152x1536.jpeg 1152w, https:\/\/wordpress.nibis.de\/gswrestedt\/files\/2022\/10\/2EF1F4DD-4DA2-4FB6-B257-8AF00834AFF2-1536x2048.jpeg 1536w, https:\/\/wordpress.nibis.de\/gswrestedt\/files\/2022\/10\/2EF1F4DD-4DA2-4FB6-B257-8AF00834AFF2-scaled.jpeg 1920w\" sizes=\"auto, (max-width: 249px) 100vw, 249px\" \/><\/p>\n<p>\u00a0<\/p>\n\n\n\n<div class=\"wp-block-group\"><div class=\"wp-block-group__inner-container is-layout-flow wp-block-group-is-layout-flow\">\n<p data-wp-editing=\"1\">&nbsp;<\/p>\n<p>&nbsp;<\/p>\n<\/div><\/div>\n\n\n\n<p>&nbsp;<\/p>\n<p>&nbsp;<\/p>\n<p>&nbsp;<\/p>\n<p>&nbsp;<\/p>\n<p>&nbsp;<\/p>\n<p>Die Projekte Tanzen fanden in 2 Bl\u00f6cken statt. Eine Gruppierung \u00fcbte in der kleinen Turnhalle, die andere in der gro\u00dfen Turnhalle. Am Donnerstagmittag wurde die kleine Turnhalle geschm\u00fcckt, damit am Freitag f\u00fcr die gro\u00dfe Vorf\u00fchrung alles bereit ist.<\/p>\n<p><img loading=\"lazy\" decoding=\"async\" class=\"aligncenter  wp-image-2889\" src=\"https:\/\/wordpress.nibis.de\/gswrestedt\/files\/2022\/11\/IMG_7334-300x225.jpg\" alt=\"\" width=\"467\" height=\"350\" srcset=\"https:\/\/wordpress.nibis.de\/gswrestedt\/files\/2022\/11\/IMG_7334-300x225.jpg 300w, https:\/\/wordpress.nibis.de\/gswrestedt\/files\/2022\/11\/IMG_7334-1024x768.jpg 1024w, https:\/\/wordpress.nibis.de\/gswrestedt\/files\/2022\/11\/IMG_7334-768x576.jpg 768w, https:\/\/wordpress.nibis.de\/gswrestedt\/files\/2022\/11\/IMG_7334-1536x1152.jpg 1536w, https:\/\/wordpress.nibis.de\/gswrestedt\/files\/2022\/11\/IMG_7334-2048x1536.jpg 2048w\" sizes=\"auto, (max-width: 467px) 100vw, 467px\" \/><img loading=\"lazy\" decoding=\"async\" class=\"aligncenter  wp-image-2894\" src=\"https:\/\/wordpress.nibis.de\/gswrestedt\/files\/2022\/11\/IMG_7319-300x225.jpg\" alt=\"\" width=\"439\" height=\"329\" srcset=\"https:\/\/wordpress.nibis.de\/gswrestedt\/files\/2022\/11\/IMG_7319-300x225.jpg 300w, https:\/\/wordpress.nibis.de\/gswrestedt\/files\/2022\/11\/IMG_7319-1024x768.jpg 1024w, https:\/\/wordpress.nibis.de\/gswrestedt\/files\/2022\/11\/IMG_7319-768x576.jpg 768w, https:\/\/wordpress.nibis.de\/gswrestedt\/files\/2022\/11\/IMG_7319-1536x1152.jpg 1536w, https:\/\/wordpress.nibis.de\/gswrestedt\/files\/2022\/11\/IMG_7319-2048x1536.jpg 2048w\" sizes=\"auto, (max-width: 439px) 100vw, 439px\" \/><img loading=\"lazy\" decoding=\"async\" class=\"aligncenter  wp-image-2895\" src=\"https:\/\/wordpress.nibis.de\/gswrestedt\/files\/2022\/11\/IMG_7272-300x225.jpg\" alt=\"\" width=\"536\" height=\"402\" srcset=\"https:\/\/wordpress.nibis.de\/gswrestedt\/files\/2022\/11\/IMG_7272-300x225.jpg 300w, https:\/\/wordpress.nibis.de\/gswrestedt\/files\/2022\/11\/IMG_7272-1024x768.jpg 1024w, https:\/\/wordpress.nibis.de\/gswrestedt\/files\/2022\/11\/IMG_7272-768x576.jpg 768w, https:\/\/wordpress.nibis.de\/gswrestedt\/files\/2022\/11\/IMG_7272-1536x1152.jpg 1536w, https:\/\/wordpress.nibis.de\/gswrestedt\/files\/2022\/11\/IMG_7272-2048x1536.jpg 2048w\" sizes=\"auto, (max-width: 536px) 100vw, 536px\" \/><\/p>\n<p>&nbsp;<\/p>\n<p>&nbsp;<\/p>\n","protected":false},"excerpt":{"rendered":"<p>Viele Kinder und Jugendliche bewegen sich heute zu wenig. Die Folgen reichen von Konzentrationsschw\u00e4che \u00fcber motorische Defizite bis hin zu \u00dcbergewicht. Neben fehlenden Freir\u00e4umen f\u00fcr Spiel und Bewegung liegt dies auch an dem gestiegenen Medienkonsum. Daher hat sich das Kollegium &hellip; <a href=\"https:\/\/wordpress.nibis.de\/gswrestedt\/projektwoche-tanzen\/\">Weiterlesen <span class=\"meta-nav\">&rarr;<\/span><\/a><\/p>\n","protected":false},"author":1020,"featured_media":0,"parent":0,"menu_order":0,"comment_status":"closed","ping_status":"closed","template":"","meta":{"footnotes":""},"class_list":["post-2856","page","type-page","status-publish","hentry"],"_links":{"self":[{"href":"https:\/\/wordpress.nibis.de\/gswrestedt\/wp-json\/wp\/v2\/pages\/2856","targetHints":{"allow":["GET"]}}],"collection":[{"href":"https:\/\/wordpress.nibis.de\/gswrestedt\/wp-json\/wp\/v2\/pages"}],"about":[{"href":"https:\/\/wordpress.nibis.de\/gswrestedt\/wp-json\/wp\/v2\/types\/page"}],"author":[{"embeddable":true,"href":"https:\/\/wordpress.nibis.de\/gswrestedt\/wp-json\/wp\/v2\/users\/1020"}],"replies":[{"embeddable":true,"href":"https:\/\/wordpress.nibis.de\/gswrestedt\/wp-json\/wp\/v2\/comments?post=2856"}],"version-history":[{"count":18,"href":"https:\/\/wordpress.nibis.de\/gswrestedt\/wp-json\/wp\/v2\/pages\/2856\/revisions"}],"predecessor-version":[{"id":2915,"href":"https:\/\/wordpress.nibis.de\/gswrestedt\/wp-json\/wp\/v2\/pages\/2856\/revisions\/2915"}],"wp:attachment":[{"href":"https:\/\/wordpress.nibis.de\/gswrestedt\/wp-json\/wp\/v2\/media?parent=2856"}],"curies":[{"name":"wp","href":"https:\/\/api.w.org\/{rel}","templated":true}]}}