{"id":3012,"date":"2023-04-30T10:49:46","date_gmt":"2023-04-30T08:49:46","guid":{"rendered":"https:\/\/wordpress.nibis.de\/gswrestedt\/?page_id=3012"},"modified":"2023-04-30T10:49:46","modified_gmt":"2023-04-30T08:49:46","slug":"sieg-fuer-die-maedchen","status":"publish","type":"page","link":"https:\/\/wordpress.nibis.de\/gswrestedt\/sieg-fuer-die-maedchen\/","title":{"rendered":"Sieg f\u00fcr die M\u00e4dchen"},"content":{"rendered":"\n<p><img loading=\"lazy\" decoding=\"async\" class=\"aligncenter  wp-image-3013\" src=\"https:\/\/wordpress.nibis.de\/gswrestedt\/files\/2023\/04\/maedchen-300x225.jpg\" alt=\"\" width=\"588\" height=\"441\" srcset=\"https:\/\/wordpress.nibis.de\/gswrestedt\/files\/2023\/04\/maedchen-300x225.jpg 300w, https:\/\/wordpress.nibis.de\/gswrestedt\/files\/2023\/04\/maedchen-1024x768.jpg 1024w, https:\/\/wordpress.nibis.de\/gswrestedt\/files\/2023\/04\/maedchen-768x576.jpg 768w, https:\/\/wordpress.nibis.de\/gswrestedt\/files\/2023\/04\/maedchen-1536x1152.jpg 1536w, https:\/\/wordpress.nibis.de\/gswrestedt\/files\/2023\/04\/maedchen-2048x1536.jpg 2048w\" sizes=\"auto, (max-width: 588px) 100vw, 588px\" \/><\/p>\n<p>Beim ersten M\u00e4dchen-Schulturnier der Juniorinnen haben die Fu\u00dfballerinnen der <br>Grundschule Wrestedt den ersten Platz belegt. Das Turnier fand am 28.4.23 in der Halle <br>des TSV Wrestedt statt. Angetreten sind 6 Mannschaften von 3 Grundschulen im <br>Landkreis Uelzen. Die Grundschule Veer\u00dfen hat 3 Mannschaften gestellt, die Grundschule<br>Bad Bodenteich 2 Mannschaften und die Grundschule Wrestedt ist mit einer Mannschaft <br>angetreten. Die Wrestedter M\u00e4dchen haben sich mit 4 Siegen 2:0, 5:0, 2:1, 5:0) und einem<br>Unentschieden (0:0) souver\u00e4n behaupten k\u00f6nnen. Den Pokal d\u00fcrfen sie nun f\u00fcr 2 Jahre <br>behalten. Die M\u00e4dchen haben mit viel Talent und Unterst\u00fctzung ihrer Trainerin Nadine <br>Sch\u00f6n eine tolle Leistung gezeigt. Au\u00dferdem sind 2 Spielerinnen Torsch\u00fctzenk\u00f6niginnen <br>geworden. Enie Eggers mit 8 Toren und Leonie Wellmann mit 5 Toren. (M. Moritz)<\/p>\n<p>&nbsp;<\/p>\n","protected":false},"excerpt":{"rendered":"<p>Beim ersten M\u00e4dchen-Schulturnier der Juniorinnen haben die Fu\u00dfballerinnen der Grundschule Wrestedt den ersten Platz belegt. Das Turnier fand am 28.4.23 in der Halle des TSV Wrestedt statt. Angetreten sind 6 Mannschaften von 3 Grundschulen im Landkreis Uelzen. Die Grundschule Veer\u00dfen &hellip; <a href=\"https:\/\/wordpress.nibis.de\/gswrestedt\/sieg-fuer-die-maedchen\/\">Weiterlesen <span class=\"meta-nav\">&rarr;<\/span><\/a><\/p>\n","protected":false},"author":1020,"featured_media":0,"parent":0,"menu_order":0,"comment_status":"closed","ping_status":"closed","template":"","meta":{"footnotes":""},"class_list":["post-3012","page","type-page","status-publish","hentry"],"_links":{"self":[{"href":"https:\/\/wordpress.nibis.de\/gswrestedt\/wp-json\/wp\/v2\/pages\/3012","targetHints":{"allow":["GET"]}}],"collection":[{"href":"https:\/\/wordpress.nibis.de\/gswrestedt\/wp-json\/wp\/v2\/pages"}],"about":[{"href":"https:\/\/wordpress.nibis.de\/gswrestedt\/wp-json\/wp\/v2\/types\/page"}],"author":[{"embeddable":true,"href":"https:\/\/wordpress.nibis.de\/gswrestedt\/wp-json\/wp\/v2\/users\/1020"}],"replies":[{"embeddable":true,"href":"https:\/\/wordpress.nibis.de\/gswrestedt\/wp-json\/wp\/v2\/comments?post=3012"}],"version-history":[{"count":2,"href":"https:\/\/wordpress.nibis.de\/gswrestedt\/wp-json\/wp\/v2\/pages\/3012\/revisions"}],"predecessor-version":[{"id":3017,"href":"https:\/\/wordpress.nibis.de\/gswrestedt\/wp-json\/wp\/v2\/pages\/3012\/revisions\/3017"}],"wp:attachment":[{"href":"https:\/\/wordpress.nibis.de\/gswrestedt\/wp-json\/wp\/v2\/media?parent=3012"}],"curies":[{"name":"wp","href":"https:\/\/api.w.org\/{rel}","templated":true}]}}