{"id":3090,"date":"2023-07-12T16:12:01","date_gmt":"2023-07-12T14:12:01","guid":{"rendered":"https:\/\/wordpress.nibis.de\/gswrestedt\/?page_id=3090"},"modified":"2023-07-12T16:12:01","modified_gmt":"2023-07-12T14:12:01","slug":"abschied-von-frau-faris","status":"publish","type":"page","link":"https:\/\/wordpress.nibis.de\/gswrestedt\/abschied-von-frau-faris\/","title":{"rendered":"Abschied von Frau Faris"},"content":{"rendered":"\n<p><strong>Nach 42 Dienstjahren wurde unsere F\u00f6rderschullehrerin Frau Faris<\/strong> am 28.06.2023 von den Sch\u00fclerinnen und Sch\u00fclern <strong>in den wohlverdienten Ruhestand verabschiedet.<\/strong> Alle Kinder und Lehrerinnen hatten sich in der Pausenhalle versammelt, um Frau Faris zu danken und um ihr alles Gute f\u00fcr ihren Unruhestand zu w\u00fcnschen.<\/p>\n<p><img loading=\"lazy\" decoding=\"async\" class=\"aligncenter size-medium wp-image-3092\" src=\"https:\/\/wordpress.nibis.de\/gswrestedt\/files\/2023\/07\/Dorothee-kleiner-300x225.jpg\" alt=\"\" width=\"300\" height=\"225\" srcset=\"https:\/\/wordpress.nibis.de\/gswrestedt\/files\/2023\/07\/Dorothee-kleiner-300x225.jpg 300w, https:\/\/wordpress.nibis.de\/gswrestedt\/files\/2023\/07\/Dorothee-kleiner-768x576.jpg 768w, https:\/\/wordpress.nibis.de\/gswrestedt\/files\/2023\/07\/Dorothee-kleiner.jpg 800w\" sizes=\"auto, (max-width: 300px) 100vw, 300px\" \/><\/p>\n<p><strong>Frau Faris war eine tolle F\u00f6rderschullehrerin,<\/strong> die vielen Kindern dabei geholfen hat, Schwierigkeiten beim Lernen zu \u00fcberwinden. Aus ihrem Zauberkoffer &#8211; ach nein, aus ihrer Schultasche nat\u00fcrlich &#8211; konnte sie immer sofort die richtigen Hilfen f\u00fcr jedes Kind zaubern.<\/p>\n<p><img loading=\"lazy\" decoding=\"async\" class=\"aligncenter size-medium wp-image-3091\" src=\"https:\/\/wordpress.nibis.de\/gswrestedt\/files\/2023\/07\/Dorothee-Blumen-kleiner-300x225.jpg\" alt=\"\" width=\"300\" height=\"225\" srcset=\"https:\/\/wordpress.nibis.de\/gswrestedt\/files\/2023\/07\/Dorothee-Blumen-kleiner-300x225.jpg 300w, https:\/\/wordpress.nibis.de\/gswrestedt\/files\/2023\/07\/Dorothee-Blumen-kleiner-768x576.jpg 768w, https:\/\/wordpress.nibis.de\/gswrestedt\/files\/2023\/07\/Dorothee-Blumen-kleiner.jpg 800w\" sizes=\"auto, (max-width: 300px) 100vw, 300px\" \/><\/p>\n<p>Am Ende war ein ganzer Tisch gef\u00fcllt mit Blumen, gebastelten Abschiedsheften und Gedichten. Gut, dass Frau Faris jetzt viel Zeit hat, denn es wird sicher lange dauern, das alles anzuschauen und durchzulesen.<\/p>\n","protected":false},"excerpt":{"rendered":"<p>Nach 42 Dienstjahren wurde unsere F\u00f6rderschullehrerin Frau Faris am 28.06.2023 von den Sch\u00fclerinnen und Sch\u00fclern in den wohlverdienten Ruhestand verabschiedet. Alle Kinder und Lehrerinnen hatten sich in der Pausenhalle versammelt, um Frau Faris zu danken und um ihr alles Gute &hellip; <a href=\"https:\/\/wordpress.nibis.de\/gswrestedt\/abschied-von-frau-faris\/\">Weiterlesen <span class=\"meta-nav\">&rarr;<\/span><\/a><\/p>\n","protected":false},"author":1020,"featured_media":0,"parent":0,"menu_order":0,"comment_status":"closed","ping_status":"closed","template":"","meta":{"footnotes":""},"class_list":["post-3090","page","type-page","status-publish","hentry"],"_links":{"self":[{"href":"https:\/\/wordpress.nibis.de\/gswrestedt\/wp-json\/wp\/v2\/pages\/3090","targetHints":{"allow":["GET"]}}],"collection":[{"href":"https:\/\/wordpress.nibis.de\/gswrestedt\/wp-json\/wp\/v2\/pages"}],"about":[{"href":"https:\/\/wordpress.nibis.de\/gswrestedt\/wp-json\/wp\/v2\/types\/page"}],"author":[{"embeddable":true,"href":"https:\/\/wordpress.nibis.de\/gswrestedt\/wp-json\/wp\/v2\/users\/1020"}],"replies":[{"embeddable":true,"href":"https:\/\/wordpress.nibis.de\/gswrestedt\/wp-json\/wp\/v2\/comments?post=3090"}],"version-history":[{"count":3,"href":"https:\/\/wordpress.nibis.de\/gswrestedt\/wp-json\/wp\/v2\/pages\/3090\/revisions"}],"predecessor-version":[{"id":3096,"href":"https:\/\/wordpress.nibis.de\/gswrestedt\/wp-json\/wp\/v2\/pages\/3090\/revisions\/3096"}],"wp:attachment":[{"href":"https:\/\/wordpress.nibis.de\/gswrestedt\/wp-json\/wp\/v2\/media?parent=3090"}],"curies":[{"name":"wp","href":"https:\/\/api.w.org\/{rel}","templated":true}]}}