{"id":3123,"date":"2023-09-04T15:15:41","date_gmt":"2023-09-04T13:15:41","guid":{"rendered":"https:\/\/wordpress.nibis.de\/gswrestedt\/?page_id=3123"},"modified":"2023-09-04T15:15:41","modified_gmt":"2023-09-04T13:15:41","slug":"abschied-von-frau-weiss","status":"publish","type":"page","link":"https:\/\/wordpress.nibis.de\/gswrestedt\/abschied-von-frau-weiss\/","title":{"rendered":"Abschied von Frau Wei\u00df"},"content":{"rendered":"\n<p><strong>Der gute Geist der Schule geht in den Ruhestand!<\/strong><\/p>\n<p><img loading=\"lazy\" decoding=\"async\" class=\"alignright size-medium wp-image-3128\" src=\"https:\/\/wordpress.nibis.de\/gswrestedt\/files\/2023\/09\/Marion-kleiner-281x300.jpg\" alt=\"\" width=\"281\" height=\"300\" srcset=\"https:\/\/wordpress.nibis.de\/gswrestedt\/files\/2023\/09\/Marion-kleiner-281x300.jpg 281w, https:\/\/wordpress.nibis.de\/gswrestedt\/files\/2023\/09\/Marion-kleiner-768x819.jpg 768w, https:\/\/wordpress.nibis.de\/gswrestedt\/files\/2023\/09\/Marion-kleiner.jpg 800w\" sizes=\"auto, (max-width: 281px) 100vw, 281px\" \/><\/p>\n<p>Marion Wei\u00df hat vom 01.01.1998 bis zum 31.08.2023 als Schulsekret\u00e4rin an unserer Schule gearbeitet. In den ersten Jahren war sie dar\u00fcber hinaus auch als p\u00e4dagogische Fachkraft in der Betreuung eingestellt. Die Grundschule war mehr als 25 Jahre lang ihr Arbeitsplatz und sie hat unerm\u00fcdlich zum reibungslosen Ablauf unserer Schule beigetragen.<\/p>\n<p>Ihre Professionalit\u00e4t, Freundlichkeit und Hilfsbereitschaft haben dazu beigetragen, dass sich Sch\u00fclerinnen, Sch\u00fcler, Eltern und Lehrkr\u00e4fte gleicherma\u00dfen willkommen und informiert gef\u00fchlt haben. Sie war nicht nur eine Expertin in administrativen Angelegenheiten, sondern auch vertrauensw\u00fcrdige Ansprechpartnerin f\u00fcr alle Belange rund um den Schulalltag. Ihre Arbeit war gepr\u00e4gt von Genauigkeit und vorausschauendem Handeln.<\/p>\n<p>Neben ihrer Professionalit\u00e4t war sie auch eine warmherzige Pers\u00f6nlichkeit, die sie zu einer gesch\u00e4tzten Kollegin gemacht hat. Sie hat sich immer Zeit genommen, um zuzuh\u00f6ren und mit Rat und Tat zur Seite zu stehen. Dies hat unsere Schule zu einem Ort des Miteinanders gemacht.<\/p>\n<p>Schon vor den Sommerferien haben die Viertkl\u00e4ssler auf ihrer Abschlussfeier Blumen und selbst geschriebene Worte an Frau Wei\u00df \u00fcberreicht. Zum Ende der Ferien gab es eine ber\u00fchrende Abschiedsfeier mit dem Kollegium. Am 30.08. wurde sie vom Samtgemeindeb\u00fcrgermeister Herrn M\u00fcller feierlich im Rathaus in den Ruhestand geschickt. Alle Kinder und Lehrkr\u00e4fte der Grundschule \u00fcberraschten Frau Wei\u00df an ihrem letzten Arbeitstag mit Blumen, selbst gebastelten Karten und Plakaten sowie einem gemeinsam vorgetragenen Lied.\u00a0<\/p>\n<p><img loading=\"lazy\" decoding=\"async\" class=\"size-medium wp-image-3125 alignleft\" src=\"https:\/\/wordpress.nibis.de\/gswrestedt\/files\/2023\/09\/Abschied-Weiss-kleinner-207x300.jpg\" alt=\"\" width=\"207\" height=\"300\" srcset=\"https:\/\/wordpress.nibis.de\/gswrestedt\/files\/2023\/09\/Abschied-Weiss-kleinner-207x300.jpg 207w, https:\/\/wordpress.nibis.de\/gswrestedt\/files\/2023\/09\/Abschied-Weiss-kleinner-708x1024.jpg 708w, https:\/\/wordpress.nibis.de\/gswrestedt\/files\/2023\/09\/Abschied-Weiss-kleinner-768x1111.jpg 768w, https:\/\/wordpress.nibis.de\/gswrestedt\/files\/2023\/09\/Abschied-Weiss-kleinner.jpg 800w\" sizes=\"auto, (max-width: 207px) 100vw, 207px\" \/> <img loading=\"lazy\" decoding=\"async\" class=\"size-medium wp-image-3124 alignright\" src=\"https:\/\/wordpress.nibis.de\/gswrestedt\/files\/2023\/09\/Abschied-Weiss-Blumen-kleiner-300x225.jpg\" alt=\"\" width=\"300\" height=\"225\" srcset=\"https:\/\/wordpress.nibis.de\/gswrestedt\/files\/2023\/09\/Abschied-Weiss-Blumen-kleiner-300x225.jpg 300w, https:\/\/wordpress.nibis.de\/gswrestedt\/files\/2023\/09\/Abschied-Weiss-Blumen-kleiner-768x576.jpg 768w, https:\/\/wordpress.nibis.de\/gswrestedt\/files\/2023\/09\/Abschied-Weiss-Blumen-kleiner.jpg 800w\" sizes=\"auto, (max-width: 300px) 100vw, 300px\" \/><\/p>\n<p>\u00a0<\/p>\n<p>\u00a0<\/p>\n<p>\u00a0<\/p>\n<p>\u00a0<\/p>\n<p>\u00a0<\/p>\n<p>\u00a0<\/p>\n<p>\u00a0<\/p>\n<p>In Zukunft hat sie den Schulwind im R\u00fccken und den Sonnenschein des Rentnerdaseins im Gesicht. Wir w\u00fcnschen ihr viel Spa\u00df bei Gartenarbeit, kulturellen Veranstaltungen und gemeinsamer Zeit mit Familie und Freunden.<\/p>\n","protected":false},"excerpt":{"rendered":"<p>Der gute Geist der Schule geht in den Ruhestand! Marion Wei\u00df hat vom 01.01.1998 bis zum 31.08.2023 als Schulsekret\u00e4rin an unserer Schule gearbeitet. In den ersten Jahren war sie dar\u00fcber hinaus auch als p\u00e4dagogische Fachkraft in der Betreuung eingestellt. Die &hellip; <a href=\"https:\/\/wordpress.nibis.de\/gswrestedt\/abschied-von-frau-weiss\/\">Weiterlesen <span class=\"meta-nav\">&rarr;<\/span><\/a><\/p>\n","protected":false},"author":1020,"featured_media":0,"parent":0,"menu_order":0,"comment_status":"closed","ping_status":"closed","template":"","meta":{"footnotes":""},"class_list":["post-3123","page","type-page","status-publish","hentry"],"_links":{"self":[{"href":"https:\/\/wordpress.nibis.de\/gswrestedt\/wp-json\/wp\/v2\/pages\/3123","targetHints":{"allow":["GET"]}}],"collection":[{"href":"https:\/\/wordpress.nibis.de\/gswrestedt\/wp-json\/wp\/v2\/pages"}],"about":[{"href":"https:\/\/wordpress.nibis.de\/gswrestedt\/wp-json\/wp\/v2\/types\/page"}],"author":[{"embeddable":true,"href":"https:\/\/wordpress.nibis.de\/gswrestedt\/wp-json\/wp\/v2\/users\/1020"}],"replies":[{"embeddable":true,"href":"https:\/\/wordpress.nibis.de\/gswrestedt\/wp-json\/wp\/v2\/comments?post=3123"}],"version-history":[{"count":2,"href":"https:\/\/wordpress.nibis.de\/gswrestedt\/wp-json\/wp\/v2\/pages\/3123\/revisions"}],"predecessor-version":[{"id":3131,"href":"https:\/\/wordpress.nibis.de\/gswrestedt\/wp-json\/wp\/v2\/pages\/3123\/revisions\/3131"}],"wp:attachment":[{"href":"https:\/\/wordpress.nibis.de\/gswrestedt\/wp-json\/wp\/v2\/media?parent=3123"}],"curies":[{"name":"wp","href":"https:\/\/api.w.org\/{rel}","templated":true}]}}