{"id":3132,"date":"2023-09-04T15:43:47","date_gmt":"2023-09-04T13:43:47","guid":{"rendered":"https:\/\/wordpress.nibis.de\/gswrestedt\/?page_id=3132"},"modified":"2023-09-04T15:43:47","modified_gmt":"2023-09-04T13:43:47","slug":"unsere-neue-schulsekretaerin","status":"publish","type":"page","link":"https:\/\/wordpress.nibis.de\/gswrestedt\/unsere-neue-schulsekretaerin\/","title":{"rendered":"Unsere neue Schulsekret\u00e4rin"},"content":{"rendered":"\n<p>Seit dem 01.09.2023 hat unsere Schule eine neue Schulsekret\u00e4rin. Frau Schulze ist die Nachfolgerin von Frau Wei\u00df. Vielleicht haben Sie ihre Stimme ja schon am Telefon geh\u00f6rt.<\/p>\n<p><img loading=\"lazy\" decoding=\"async\" class=\"aligncenter size-medium wp-image-3126\" src=\"https:\/\/wordpress.nibis.de\/gswrestedt\/files\/2023\/09\/Weiss_Schulze-kleiner-300x276.jpg\" alt=\"\" width=\"300\" height=\"276\" srcset=\"https:\/\/wordpress.nibis.de\/gswrestedt\/files\/2023\/09\/Weiss_Schulze-kleiner-300x276.jpg 300w, https:\/\/wordpress.nibis.de\/gswrestedt\/files\/2023\/09\/Weiss_Schulze-kleiner-768x708.jpg 768w, https:\/\/wordpress.nibis.de\/gswrestedt\/files\/2023\/09\/Weiss_Schulze-kleiner.jpg 800w\" sizes=\"auto, (max-width: 300px) 100vw, 300px\" \/><\/p>\n<p>Frau Schulze bringt reichlich Erfahrung aus der Arbeit in der Verwaltung mit und arbeitet sich nun unerm\u00fcdlich in das neue Themenfeld &#8222;Schule&#8220; ein.<\/p>\n<p>Wir freuen uns dar\u00fcber, Frau Schulze als neue Schulsekret\u00e4rin bei uns an der Grundschule Wrestedt begr\u00fc\u00dfen zu d\u00fcrfen.<\/p>\n","protected":false},"excerpt":{"rendered":"<p>Seit dem 01.09.2023 hat unsere Schule eine neue Schulsekret\u00e4rin. Frau Schulze ist die Nachfolgerin von Frau Wei\u00df. Vielleicht haben Sie ihre Stimme ja schon am Telefon geh\u00f6rt. Frau Schulze bringt reichlich Erfahrung aus der Arbeit in der Verwaltung mit und &hellip; <a href=\"https:\/\/wordpress.nibis.de\/gswrestedt\/unsere-neue-schulsekretaerin\/\">Weiterlesen <span class=\"meta-nav\">&rarr;<\/span><\/a><\/p>\n","protected":false},"author":1020,"featured_media":0,"parent":0,"menu_order":0,"comment_status":"closed","ping_status":"closed","template":"","meta":{"footnotes":""},"class_list":["post-3132","page","type-page","status-publish","hentry"],"_links":{"self":[{"href":"https:\/\/wordpress.nibis.de\/gswrestedt\/wp-json\/wp\/v2\/pages\/3132","targetHints":{"allow":["GET"]}}],"collection":[{"href":"https:\/\/wordpress.nibis.de\/gswrestedt\/wp-json\/wp\/v2\/pages"}],"about":[{"href":"https:\/\/wordpress.nibis.de\/gswrestedt\/wp-json\/wp\/v2\/types\/page"}],"author":[{"embeddable":true,"href":"https:\/\/wordpress.nibis.de\/gswrestedt\/wp-json\/wp\/v2\/users\/1020"}],"replies":[{"embeddable":true,"href":"https:\/\/wordpress.nibis.de\/gswrestedt\/wp-json\/wp\/v2\/comments?post=3132"}],"version-history":[{"count":1,"href":"https:\/\/wordpress.nibis.de\/gswrestedt\/wp-json\/wp\/v2\/pages\/3132\/revisions"}],"predecessor-version":[{"id":3134,"href":"https:\/\/wordpress.nibis.de\/gswrestedt\/wp-json\/wp\/v2\/pages\/3132\/revisions\/3134"}],"wp:attachment":[{"href":"https:\/\/wordpress.nibis.de\/gswrestedt\/wp-json\/wp\/v2\/media?parent=3132"}],"curies":[{"name":"wp","href":"https:\/\/api.w.org\/{rel}","templated":true}]}}