{"id":3147,"date":"2023-09-29T15:17:15","date_gmt":"2023-09-29T13:17:15","guid":{"rendered":"https:\/\/wordpress.nibis.de\/gswrestedt\/?page_id=3147"},"modified":"2023-09-29T15:17:15","modified_gmt":"2023-09-29T13:17:15","slug":"weltkindertag-2023","status":"publish","type":"page","link":"https:\/\/wordpress.nibis.de\/gswrestedt\/weltkindertag-2023\/","title":{"rendered":"Weltkindertag 2023"},"content":{"rendered":"\n<p>Am <strong>20.09.2023<\/strong> besuchten unsere Klassensprecher gemeinsam mit Frau Kaluza den Samtgemeindeb\u00fcrgermeister Michael M\u00fcller im Rathaus. Auch die Klassensprecher aus der Grundschule Bad Bodenteich waren bei dem Treffen dabei. Der Grund f\u00fcr das Treffen war eine <strong>Kindersprechstunde<\/strong>, bei der sich Herr M\u00fcller W\u00fcnsche, Anregungen und Kritik der Kinder anh\u00f6rte.<\/p>\n<p><img loading=\"lazy\" decoding=\"async\" class=\"wp-image-3148 aligncenter\" src=\"https:\/\/wordpress.nibis.de\/gswrestedt\/files\/2023\/09\/Rathaus-kleiner-743x1024.jpg\" alt=\"\" width=\"529\" height=\"729\" srcset=\"https:\/\/wordpress.nibis.de\/gswrestedt\/files\/2023\/09\/Rathaus-kleiner-743x1024.jpg 743w, https:\/\/wordpress.nibis.de\/gswrestedt\/files\/2023\/09\/Rathaus-kleiner-218x300.jpg 218w, https:\/\/wordpress.nibis.de\/gswrestedt\/files\/2023\/09\/Rathaus-kleiner-768x1058.jpg 768w, https:\/\/wordpress.nibis.de\/gswrestedt\/files\/2023\/09\/Rathaus-kleiner.jpg 800w\" sizes=\"auto, (max-width: 529px) 100vw, 529px\" \/><\/p>\n<p>Die Klassensprecher hatten sich dar\u00fcber zuvor viele Gedanken gemacht und ihre Mitsch\u00fclerinnen und Mitsch\u00fcler befragt. Sie konnten dar\u00fcber berichten, welche Spielger\u00e4te sich die Kinder w\u00fcnschen und wo es Verbesserungsvorschl\u00e4ge gibt. Herr M\u00fcller h\u00f6rte sich alles an und versprach zu pr\u00fcfen, welche der Anregungen umgesetzt werden k\u00f6nnen. Dabei versicherte er auch, dass er die nachmitt\u00e4glichen Vorf\u00e4lle auf unserem Schulhof sehr ernst nimmt und sich um eine L\u00f6sung k\u00fcmmern wird.<\/p>\n<p><img loading=\"lazy\" decoding=\"async\" class=\"aligncenter size-full wp-image-3149\" src=\"https:\/\/wordpress.nibis.de\/gswrestedt\/files\/2023\/09\/Sitzungssaal-kleiner.jpg\" alt=\"\" width=\"800\" height=\"600\" srcset=\"https:\/\/wordpress.nibis.de\/gswrestedt\/files\/2023\/09\/Sitzungssaal-kleiner.jpg 800w, https:\/\/wordpress.nibis.de\/gswrestedt\/files\/2023\/09\/Sitzungssaal-kleiner-300x225.jpg 300w, https:\/\/wordpress.nibis.de\/gswrestedt\/files\/2023\/09\/Sitzungssaal-kleiner-768x576.jpg 768w\" sizes=\"auto, (max-width: 800px) 100vw, 800px\" \/><\/p>\n<p>Die Klassensprecher nutzten die Gelegenheit auch, um Rathausluft zu schnuppern und den B\u00fcrgermeister \u00fcber seine Arbeit zu befragen. Ein spannender Vormittag, den die Kinder so schnell sicher nicht vergessen werden.<\/p>\n<p>\u00a0<\/p>\n","protected":false},"excerpt":{"rendered":"<p>Am 20.09.2023 besuchten unsere Klassensprecher gemeinsam mit Frau Kaluza den Samtgemeindeb\u00fcrgermeister Michael M\u00fcller im Rathaus. Auch die Klassensprecher aus der Grundschule Bad Bodenteich waren bei dem Treffen dabei. Der Grund f\u00fcr das Treffen war eine Kindersprechstunde, bei der sich Herr &hellip; <a href=\"https:\/\/wordpress.nibis.de\/gswrestedt\/weltkindertag-2023\/\">Weiterlesen <span class=\"meta-nav\">&rarr;<\/span><\/a><\/p>\n","protected":false},"author":1020,"featured_media":0,"parent":0,"menu_order":0,"comment_status":"closed","ping_status":"closed","template":"","meta":{"footnotes":""},"class_list":["post-3147","page","type-page","status-publish","hentry"],"_links":{"self":[{"href":"https:\/\/wordpress.nibis.de\/gswrestedt\/wp-json\/wp\/v2\/pages\/3147","targetHints":{"allow":["GET"]}}],"collection":[{"href":"https:\/\/wordpress.nibis.de\/gswrestedt\/wp-json\/wp\/v2\/pages"}],"about":[{"href":"https:\/\/wordpress.nibis.de\/gswrestedt\/wp-json\/wp\/v2\/types\/page"}],"author":[{"embeddable":true,"href":"https:\/\/wordpress.nibis.de\/gswrestedt\/wp-json\/wp\/v2\/users\/1020"}],"replies":[{"embeddable":true,"href":"https:\/\/wordpress.nibis.de\/gswrestedt\/wp-json\/wp\/v2\/comments?post=3147"}],"version-history":[{"count":3,"href":"https:\/\/wordpress.nibis.de\/gswrestedt\/wp-json\/wp\/v2\/pages\/3147\/revisions"}],"predecessor-version":[{"id":3153,"href":"https:\/\/wordpress.nibis.de\/gswrestedt\/wp-json\/wp\/v2\/pages\/3147\/revisions\/3153"}],"wp:attachment":[{"href":"https:\/\/wordpress.nibis.de\/gswrestedt\/wp-json\/wp\/v2\/media?parent=3147"}],"curies":[{"name":"wp","href":"https:\/\/api.w.org\/{rel}","templated":true}]}}