{"id":3213,"date":"2023-12-13T14:52:31","date_gmt":"2023-12-13T13:52:31","guid":{"rendered":"https:\/\/wordpress.nibis.de\/gswrestedt\/?page_id=3213"},"modified":"2023-12-13T14:52:31","modified_gmt":"2023-12-13T13:52:31","slug":"wir-haben-gewonnen","status":"publish","type":"page","link":"https:\/\/wordpress.nibis.de\/gswrestedt\/wir-haben-gewonnen\/","title":{"rendered":"Wir haben gewonnen!"},"content":{"rendered":"\n<p>Die Grundschule Wrestedt hat an der <strong>Aktion <a href=\"https:\/\/wordpress.nibis.de\/gswrestedt\/wp-admin\/post.php?post=2622&amp;action=edit\">&#8222;Bewegungspass&#8220;<\/a> des Landessportbundes<\/strong> teilgenommen und den <strong>Hauptpreis<\/strong> gewonnen: Einen Sporttag f\u00fcr alle Klassen.<\/p>\n\n\n\n<div class=\"wp-block-image is-style-tw-rounded-corners\"><figure class=\"aligncenter size-large is-resized\"><img loading=\"lazy\" decoding=\"async\" src=\"https:\/\/wordpress.nibis.de\/gswrestedt\/files\/2023\/12\/Gutschein-kleiner-768x1024.jpg\" alt=\"\" class=\"wp-image-3215\" width=\"329\" height=\"439\" srcset=\"https:\/\/wordpress.nibis.de\/gswrestedt\/files\/2023\/12\/Gutschein-kleiner-768x1024.jpg 768w, https:\/\/wordpress.nibis.de\/gswrestedt\/files\/2023\/12\/Gutschein-kleiner-225x300.jpg 225w, https:\/\/wordpress.nibis.de\/gswrestedt\/files\/2023\/12\/Gutschein-kleiner.jpg 800w\" sizes=\"auto, (max-width: 329px) 100vw, 329px\" \/><\/figure><\/div>\n\n\n\n<p>Frau Meisner vom Kreissportbund hat mit ihrem Team am Abend vor dem <strong>Sporttag<\/strong> 10 Stationen in der Hugo-Priebe-Halle aufgebaut. <strong>Am Mittwoch, dem 13.12.2023<\/strong> ging es dann f\u00fcr alle Kinder los. <strong>Jede Klasse ging von Station zu Station und die Kinder bew\u00e4ltigten die sportlichen Herausforderungen.<\/strong><\/p>\n<p>Folgende 10 Stationen wurden angeboten: Laufmemory, Springparcours, Klettern und Schwingen, Balancieren, &#8222;Blind&#8220;-Parcours, Rollen auf der Mattenschr\u00e4ge, Werfen, R\u00fcckschlagspiele, W\u00fcrfel Tabata, Mensch \u00e4rgere dich nicht mit Bewegungsaufgaben.<\/p>\n<p><img loading=\"lazy\" decoding=\"async\" class=\" wp-image-3216 aligncenter\" src=\"https:\/\/wordpress.nibis.de\/gswrestedt\/files\/2023\/12\/Barren-kleiner-300x225.jpg\" alt=\"\" width=\"380\" height=\"285\" srcset=\"https:\/\/wordpress.nibis.de\/gswrestedt\/files\/2023\/12\/Barren-kleiner-300x225.jpg 300w, https:\/\/wordpress.nibis.de\/gswrestedt\/files\/2023\/12\/Barren-kleiner-768x576.jpg 768w, https:\/\/wordpress.nibis.de\/gswrestedt\/files\/2023\/12\/Barren-kleiner.jpg 800w\" sizes=\"auto, (max-width: 380px) 100vw, 380px\" \/> <img loading=\"lazy\" decoding=\"async\" class=\" wp-image-3217 aligncenter\" src=\"https:\/\/wordpress.nibis.de\/gswrestedt\/files\/2023\/12\/Medizinbaelle-mit-Kind-kleiner-300x225.jpg\" alt=\"\" width=\"383\" height=\"287\" srcset=\"https:\/\/wordpress.nibis.de\/gswrestedt\/files\/2023\/12\/Medizinbaelle-mit-Kind-kleiner-300x225.jpg 300w, https:\/\/wordpress.nibis.de\/gswrestedt\/files\/2023\/12\/Medizinbaelle-mit-Kind-kleiner-768x576.jpg 768w, https:\/\/wordpress.nibis.de\/gswrestedt\/files\/2023\/12\/Medizinbaelle-mit-Kind-kleiner.jpg 800w\" sizes=\"auto, (max-width: 383px) 100vw, 383px\" \/> <img loading=\"lazy\" decoding=\"async\" class=\"wp-image-3218 alignleft\" src=\"https:\/\/wordpress.nibis.de\/gswrestedt\/files\/2023\/12\/Rutsche-kleiner-225x300.jpg\" alt=\"\" width=\"278\" height=\"371\" srcset=\"https:\/\/wordpress.nibis.de\/gswrestedt\/files\/2023\/12\/Rutsche-kleiner-225x300.jpg 225w, https:\/\/wordpress.nibis.de\/gswrestedt\/files\/2023\/12\/Rutsche-kleiner-768x1024.jpg 768w, https:\/\/wordpress.nibis.de\/gswrestedt\/files\/2023\/12\/Rutsche-kleiner.jpg 800w\" sizes=\"auto, (max-width: 278px) 100vw, 278px\" \/> <img loading=\"lazy\" decoding=\"async\" class=\"wp-image-3219 alignright\" src=\"https:\/\/wordpress.nibis.de\/gswrestedt\/files\/2023\/12\/Tennis-kleiner-225x300.jpg\" alt=\"\" width=\"280\" height=\"373\" srcset=\"https:\/\/wordpress.nibis.de\/gswrestedt\/files\/2023\/12\/Tennis-kleiner-225x300.jpg 225w, https:\/\/wordpress.nibis.de\/gswrestedt\/files\/2023\/12\/Tennis-kleiner-768x1024.jpg 768w, https:\/\/wordpress.nibis.de\/gswrestedt\/files\/2023\/12\/Tennis-kleiner.jpg 800w\" sizes=\"auto, (max-width: 280px) 100vw, 280px\" \/><\/p>\n<p>\u00a0<\/p>\n<p>\u00a0<\/p>\n<p>\u00a0<\/p>\n<p>\u00a0<\/p>\n<p>\u00a0<\/p>\n<p>\u00a0<\/p>\n<p>\u00a0<\/p>\n<p>\u00a0<\/p>\n<p><strong>Wir bedanken uns herzlich bei Frau Meisner und ihrem Team vom Kreissportbund f\u00fcr die tolle Organisation des Sporttages.<\/strong> Die Kinder hatten viel Spa\u00df und nahmen jede Station mit Begeisterung an.<\/p>\n<p><strong>Au\u00dferdem bedanken wir uns bei allen Helferinnen und Helfern<\/strong>, besonders bei denen, die kurzfristig eingesprungen sind. Nur durch dieses Engagement konnte der Sporttag so wie geplant stattfinden.<\/p>\n","protected":false},"excerpt":{"rendered":"<p>Die Grundschule Wrestedt hat an der Aktion &#8222;Bewegungspass&#8220; des Landessportbundes teilgenommen und den Hauptpreis gewonnen: Einen Sporttag f\u00fcr alle Klassen. Frau Meisner vom Kreissportbund hat mit ihrem Team am Abend vor dem Sporttag 10 Stationen in der Hugo-Priebe-Halle aufgebaut. Am &hellip; <a href=\"https:\/\/wordpress.nibis.de\/gswrestedt\/wir-haben-gewonnen\/\">Weiterlesen <span class=\"meta-nav\">&rarr;<\/span><\/a><\/p>\n","protected":false},"author":1020,"featured_media":0,"parent":0,"menu_order":0,"comment_status":"closed","ping_status":"closed","template":"","meta":{"footnotes":""},"class_list":["post-3213","page","type-page","status-publish","hentry"],"_links":{"self":[{"href":"https:\/\/wordpress.nibis.de\/gswrestedt\/wp-json\/wp\/v2\/pages\/3213","targetHints":{"allow":["GET"]}}],"collection":[{"href":"https:\/\/wordpress.nibis.de\/gswrestedt\/wp-json\/wp\/v2\/pages"}],"about":[{"href":"https:\/\/wordpress.nibis.de\/gswrestedt\/wp-json\/wp\/v2\/types\/page"}],"author":[{"embeddable":true,"href":"https:\/\/wordpress.nibis.de\/gswrestedt\/wp-json\/wp\/v2\/users\/1020"}],"replies":[{"embeddable":true,"href":"https:\/\/wordpress.nibis.de\/gswrestedt\/wp-json\/wp\/v2\/comments?post=3213"}],"version-history":[{"count":4,"href":"https:\/\/wordpress.nibis.de\/gswrestedt\/wp-json\/wp\/v2\/pages\/3213\/revisions"}],"predecessor-version":[{"id":3223,"href":"https:\/\/wordpress.nibis.de\/gswrestedt\/wp-json\/wp\/v2\/pages\/3213\/revisions\/3223"}],"wp:attachment":[{"href":"https:\/\/wordpress.nibis.de\/gswrestedt\/wp-json\/wp\/v2\/media?parent=3213"}],"curies":[{"name":"wp","href":"https:\/\/api.w.org\/{rel}","templated":true}]}}