{"id":3264,"date":"2024-04-14T14:03:57","date_gmt":"2024-04-14T12:03:57","guid":{"rendered":"https:\/\/wordpress.nibis.de\/gswrestedt\/?page_id=3264"},"modified":"2024-04-21T09:48:35","modified_gmt":"2024-04-21T07:48:35","slug":"projektwoche-lesen","status":"publish","type":"page","link":"https:\/\/wordpress.nibis.de\/gswrestedt\/projektwoche-lesen\/","title":{"rendered":"Projektwoche &#8222;LESEN&#8220;"},"content":{"rendered":"\n<p>Drei Tage lang \u2013\u00a0<strong>vom 10.04. bis zum 12.04.2024<\/strong>\u00a0\u2013 tauschten die Sch\u00fclerinnen und Sch\u00fcler unserer Schule den normalen Unterricht im Klassenverband ein gegen unterschiedliche\u00a0<strong>Projekte zum Thema \u201clesen\u201d<\/strong>.<\/p>\n<div id=\"attachment_3230\" style=\"width: 804px\" class=\"wp-caption aligncenter\"><img loading=\"lazy\" decoding=\"async\" aria-describedby=\"caption-attachment-3230\" class=\"size-full wp-image-3230\" src=\"https:\/\/wordpress.nibis.de\/gswrestedt\/files\/2024\/04\/Plakate-5-kleiner-1.jpg\" alt=\"\" width=\"794\" height=\"269\" srcset=\"https:\/\/wordpress.nibis.de\/gswrestedt\/files\/2024\/04\/Plakate-5-kleiner-1.jpg 794w, https:\/\/wordpress.nibis.de\/gswrestedt\/files\/2024\/04\/Plakate-5-kleiner-1-300x102.jpg 300w, https:\/\/wordpress.nibis.de\/gswrestedt\/files\/2024\/04\/Plakate-5-kleiner-1-768x260.jpg 768w\" sizes=\"auto, (max-width: 794px) 100vw, 794px\" \/><p id=\"caption-attachment-3230\" class=\"wp-caption-text\">F\u00fcr die Erst- und Zweitkl\u00e4ssler wurden &#8222;Zilly die Zauberin&#8220;, &#8222;Gr\u00fcffelo&#8220;, &#8222;Elmar&#8220; und &#8222;Hut auf, Party ab&#8220; angeboten.<\/p><\/div>\n<div id=\"attachment_3231\" style=\"width: 810px\" class=\"wp-caption aligncenter\"><img loading=\"lazy\" decoding=\"async\" aria-describedby=\"caption-attachment-3231\" class=\"size-full wp-image-3231\" src=\"https:\/\/wordpress.nibis.de\/gswrestedt\/files\/2024\/04\/Plakate-1-kleiner.jpg\" alt=\"\" width=\"800\" height=\"498\" srcset=\"https:\/\/wordpress.nibis.de\/gswrestedt\/files\/2024\/04\/Plakate-1-kleiner.jpg 800w, https:\/\/wordpress.nibis.de\/gswrestedt\/files\/2024\/04\/Plakate-1-kleiner-300x187.jpg 300w, https:\/\/wordpress.nibis.de\/gswrestedt\/files\/2024\/04\/Plakate-1-kleiner-768x478.jpg 768w\" sizes=\"auto, (max-width: 800px) 100vw, 800px\" \/><p id=\"caption-attachment-3231\" class=\"wp-caption-text\">Die Dritt- und Viertkl\u00e4sser konnten w\u00e4hlen zwischen &#8222;The very hungry caterpillar&#8220;, &#8222;Die kleine Hexe&#8220;, &#8222;Der Tag, an dem Oma das Internet kaputt gemacht hat&#8220;, &#8222;Das gro\u00dfe, starke Buch&#8220; und &#8222;Lesen im Gr\u00fcnen&#8220;.<\/p><\/div>\n<p>In allen Projekten wurde nicht nur gelesen, sondern auch sehr\u00a0<strong>handlungsorientiert<\/strong>\u00a0zu den unterschiedlichen Buchthemen gearbeitet.<\/p>\n<p><strong>So konnten die Kinder viele verschiedene Erfahrungen sammeln, ungeahnte St\u00e4rken entdecken, ohne Zeitdruck an einem Thema arbeiten, basteln, malen, turnen, auf fliegenden Teppichen reisen, Gr\u00fcffelogr\u00fctze kochen, eigene B\u00fccher herstellen (sowohl analog als auch digital) und vieles mehr.<\/strong><\/p>\n<p>Die folgenden Bilder sind ein kleiner Einblick in drei tolle Tage!<\/p>\n<div id='gallery-1' class='gallery galleryid-3264 gallery-columns-3 gallery-size-medium'><dl class='gallery-item'>\n\t\t\t<dt class='gallery-icon landscape'>\n\t\t\t\t<a href='https:\/\/wordpress.nibis.de\/gswrestedt\/projektwoche-lesen\/zilly-5-kleiner\/'><img loading=\"lazy\" decoding=\"async\" width=\"300\" height=\"225\" src=\"https:\/\/wordpress.nibis.de\/gswrestedt\/files\/2024\/04\/Zilly-5-kleiner-300x225.jpg\" class=\"attachment-medium size-medium\" alt=\"\" srcset=\"https:\/\/wordpress.nibis.de\/gswrestedt\/files\/2024\/04\/Zilly-5-kleiner-300x225.jpg 300w, https:\/\/wordpress.nibis.de\/gswrestedt\/files\/2024\/04\/Zilly-5-kleiner-768x576.jpg 768w, https:\/\/wordpress.nibis.de\/gswrestedt\/files\/2024\/04\/Zilly-5-kleiner.jpg 800w\" sizes=\"auto, (max-width: 300px) 100vw, 300px\" \/><\/a>\n\t\t\t<\/dt><\/dl><dl class='gallery-item'>\n\t\t\t<dt class='gallery-icon portrait'>\n\t\t\t\t<a href='https:\/\/wordpress.nibis.de\/gswrestedt\/projektwoche-lesen\/zilly-3-kleiner\/'><img loading=\"lazy\" decoding=\"async\" width=\"225\" height=\"300\" src=\"https:\/\/wordpress.nibis.de\/gswrestedt\/files\/2024\/04\/Zilly-3-kleiner-225x300.jpg\" class=\"attachment-medium size-medium\" alt=\"\" srcset=\"https:\/\/wordpress.nibis.de\/gswrestedt\/files\/2024\/04\/Zilly-3-kleiner-225x300.jpg 225w, https:\/\/wordpress.nibis.de\/gswrestedt\/files\/2024\/04\/Zilly-3-kleiner-768x1024.jpg 768w, https:\/\/wordpress.nibis.de\/gswrestedt\/files\/2024\/04\/Zilly-3-kleiner.jpg 800w\" sizes=\"auto, (max-width: 225px) 100vw, 225px\" \/><\/a>\n\t\t\t<\/dt><\/dl><dl class='gallery-item'>\n\t\t\t<dt class='gallery-icon portrait'>\n\t\t\t\t<a href='https:\/\/wordpress.nibis.de\/gswrestedt\/projektwoche-lesen\/zilly-4-kleiner\/'><img loading=\"lazy\" decoding=\"async\" width=\"225\" height=\"300\" src=\"https:\/\/wordpress.nibis.de\/gswrestedt\/files\/2024\/04\/Zilly-4-kleiner-225x300.jpg\" class=\"attachment-medium size-medium\" alt=\"\" srcset=\"https:\/\/wordpress.nibis.de\/gswrestedt\/files\/2024\/04\/Zilly-4-kleiner-225x300.jpg 225w, https:\/\/wordpress.nibis.de\/gswrestedt\/files\/2024\/04\/Zilly-4-kleiner-768x1024.jpg 768w, https:\/\/wordpress.nibis.de\/gswrestedt\/files\/2024\/04\/Zilly-4-kleiner.jpg 800w\" sizes=\"auto, (max-width: 225px) 100vw, 225px\" \/><\/a>\n\t\t\t<\/dt><\/dl><br style=\"clear: both\" \/>\n\t\t<\/div>\n\n<div id='gallery-2' class='gallery galleryid-3264 gallery-columns-3 gallery-size-medium'><dl class='gallery-item'>\n\t\t\t<dt class='gallery-icon portrait'>\n\t\t\t\t<a href='https:\/\/wordpress.nibis.de\/gswrestedt\/projektwoche-lesen\/grueffelo-4-kleiner\/'><img loading=\"lazy\" decoding=\"async\" width=\"225\" height=\"300\" src=\"https:\/\/wordpress.nibis.de\/gswrestedt\/files\/2024\/04\/Grueffelo-4-kleiner-225x300.jpg\" class=\"attachment-medium size-medium\" alt=\"\" srcset=\"https:\/\/wordpress.nibis.de\/gswrestedt\/files\/2024\/04\/Grueffelo-4-kleiner-225x300.jpg 225w, https:\/\/wordpress.nibis.de\/gswrestedt\/files\/2024\/04\/Grueffelo-4-kleiner-768x1024.jpg 768w, https:\/\/wordpress.nibis.de\/gswrestedt\/files\/2024\/04\/Grueffelo-4-kleiner.jpg 800w\" sizes=\"auto, (max-width: 225px) 100vw, 225px\" \/><\/a>\n\t\t\t<\/dt><\/dl><dl class='gallery-item'>\n\t\t\t<dt class='gallery-icon landscape'>\n\t\t\t\t<a href='https:\/\/wordpress.nibis.de\/gswrestedt\/projektwoche-lesen\/grueffelo-3-kleiner\/'><img loading=\"lazy\" decoding=\"async\" width=\"300\" height=\"225\" src=\"https:\/\/wordpress.nibis.de\/gswrestedt\/files\/2024\/04\/Grueffelo-3-kleiner-300x225.jpg\" class=\"attachment-medium size-medium\" alt=\"\" srcset=\"https:\/\/wordpress.nibis.de\/gswrestedt\/files\/2024\/04\/Grueffelo-3-kleiner-300x225.jpg 300w, https:\/\/wordpress.nibis.de\/gswrestedt\/files\/2024\/04\/Grueffelo-3-kleiner-768x576.jpg 768w, https:\/\/wordpress.nibis.de\/gswrestedt\/files\/2024\/04\/Grueffelo-3-kleiner.jpg 800w\" sizes=\"auto, (max-width: 300px) 100vw, 300px\" \/><\/a>\n\t\t\t<\/dt><\/dl><dl class='gallery-item'>\n\t\t\t<dt class='gallery-icon landscape'>\n\t\t\t\t<a href='https:\/\/wordpress.nibis.de\/gswrestedt\/projektwoche-lesen\/grueffelo-2-kleiner-2\/'><img loading=\"lazy\" decoding=\"async\" width=\"300\" height=\"291\" src=\"https:\/\/wordpress.nibis.de\/gswrestedt\/files\/2024\/04\/Grueffelo-2-kleiner-1-300x291.jpg\" class=\"attachment-medium size-medium\" alt=\"\" srcset=\"https:\/\/wordpress.nibis.de\/gswrestedt\/files\/2024\/04\/Grueffelo-2-kleiner-1-300x291.jpg 300w, https:\/\/wordpress.nibis.de\/gswrestedt\/files\/2024\/04\/Grueffelo-2-kleiner-1-768x744.jpg 768w, https:\/\/wordpress.nibis.de\/gswrestedt\/files\/2024\/04\/Grueffelo-2-kleiner-1.jpg 800w\" sizes=\"auto, (max-width: 300px) 100vw, 300px\" \/><\/a>\n\t\t\t<\/dt><\/dl><br style=\"clear: both\" \/>\n\t\t<\/div>\n\n<div id='gallery-3' class='gallery galleryid-3264 gallery-columns-3 gallery-size-medium'><dl class='gallery-item'>\n\t\t\t<dt class='gallery-icon landscape'>\n\t\t\t\t<a href='https:\/\/wordpress.nibis.de\/gswrestedt\/projektwoche-lesen\/internet-geschrottet-3-kleiner-2\/'><img loading=\"lazy\" decoding=\"async\" width=\"300\" height=\"228\" src=\"https:\/\/wordpress.nibis.de\/gswrestedt\/files\/2024\/04\/Internet-geschrottet-3-kleiner-1-300x228.jpg\" class=\"attachment-medium size-medium\" alt=\"\" srcset=\"https:\/\/wordpress.nibis.de\/gswrestedt\/files\/2024\/04\/Internet-geschrottet-3-kleiner-1-300x228.jpg 300w, https:\/\/wordpress.nibis.de\/gswrestedt\/files\/2024\/04\/Internet-geschrottet-3-kleiner-1-768x583.jpg 768w, https:\/\/wordpress.nibis.de\/gswrestedt\/files\/2024\/04\/Internet-geschrottet-3-kleiner-1.jpg 794w\" sizes=\"auto, (max-width: 300px) 100vw, 300px\" \/><\/a>\n\t\t\t<\/dt><\/dl><dl class='gallery-item'>\n\t\t\t<dt class='gallery-icon landscape'>\n\t\t\t\t<a href='https:\/\/wordpress.nibis.de\/gswrestedt\/projektwoche-lesen\/internet-geschrottet-2-kleiner-2\/'><img loading=\"lazy\" decoding=\"async\" width=\"300\" height=\"275\" src=\"https:\/\/wordpress.nibis.de\/gswrestedt\/files\/2024\/04\/Internet-geschrottet-2-kleiner-1-300x275.jpg\" class=\"attachment-medium size-medium\" alt=\"\" srcset=\"https:\/\/wordpress.nibis.de\/gswrestedt\/files\/2024\/04\/Internet-geschrottet-2-kleiner-1-300x275.jpg 300w, https:\/\/wordpress.nibis.de\/gswrestedt\/files\/2024\/04\/Internet-geschrottet-2-kleiner-1-768x703.jpg 768w, https:\/\/wordpress.nibis.de\/gswrestedt\/files\/2024\/04\/Internet-geschrottet-2-kleiner-1.jpg 800w\" sizes=\"auto, (max-width: 300px) 100vw, 300px\" \/><\/a>\n\t\t\t<\/dt><\/dl><dl class='gallery-item'>\n\t\t\t<dt class='gallery-icon portrait'>\n\t\t\t\t<a href='https:\/\/wordpress.nibis.de\/gswrestedt\/projektwoche-lesen\/internet-geschrottet-1-kleiner\/'><img loading=\"lazy\" decoding=\"async\" width=\"225\" height=\"300\" src=\"https:\/\/wordpress.nibis.de\/gswrestedt\/files\/2024\/04\/Internet-geschrottet-1-kleiner-225x300.jpg\" class=\"attachment-medium size-medium\" alt=\"\" srcset=\"https:\/\/wordpress.nibis.de\/gswrestedt\/files\/2024\/04\/Internet-geschrottet-1-kleiner-225x300.jpg 225w, https:\/\/wordpress.nibis.de\/gswrestedt\/files\/2024\/04\/Internet-geschrottet-1-kleiner-768x1024.jpg 768w, https:\/\/wordpress.nibis.de\/gswrestedt\/files\/2024\/04\/Internet-geschrottet-1-kleiner.jpg 800w\" sizes=\"auto, (max-width: 225px) 100vw, 225px\" \/><\/a>\n\t\t\t<\/dt><\/dl><br style=\"clear: both\" \/>\n\t\t<\/div>\n\n<div id='gallery-4' class='gallery galleryid-3264 gallery-columns-3 gallery-size-medium'><dl class='gallery-item'>\n\t\t\t<dt class='gallery-icon portrait'>\n\t\t\t\t<a href='https:\/\/wordpress.nibis.de\/gswrestedt\/projektwoche-lesen\/kleine-hexe-4-kleiner\/'><img loading=\"lazy\" decoding=\"async\" width=\"285\" height=\"300\" src=\"https:\/\/wordpress.nibis.de\/gswrestedt\/files\/2024\/04\/Kleine-Hexe-4-kleiner-285x300.jpg\" class=\"attachment-medium size-medium\" alt=\"\" srcset=\"https:\/\/wordpress.nibis.de\/gswrestedt\/files\/2024\/04\/Kleine-Hexe-4-kleiner-285x300.jpg 285w, https:\/\/wordpress.nibis.de\/gswrestedt\/files\/2024\/04\/Kleine-Hexe-4-kleiner-768x808.jpg 768w, https:\/\/wordpress.nibis.de\/gswrestedt\/files\/2024\/04\/Kleine-Hexe-4-kleiner.jpg 800w\" sizes=\"auto, (max-width: 285px) 100vw, 285px\" \/><\/a>\n\t\t\t<\/dt><\/dl><dl class='gallery-item'>\n\t\t\t<dt class='gallery-icon landscape'>\n\t\t\t\t<a href='https:\/\/wordpress.nibis.de\/gswrestedt\/projektwoche-lesen\/kleine-hexe-3-kleiner\/'><img loading=\"lazy\" decoding=\"async\" width=\"300\" height=\"225\" src=\"https:\/\/wordpress.nibis.de\/gswrestedt\/files\/2024\/04\/Kleine-Hexe-3-kleiner-300x225.jpg\" class=\"attachment-medium size-medium\" alt=\"\" srcset=\"https:\/\/wordpress.nibis.de\/gswrestedt\/files\/2024\/04\/Kleine-Hexe-3-kleiner-300x225.jpg 300w, https:\/\/wordpress.nibis.de\/gswrestedt\/files\/2024\/04\/Kleine-Hexe-3-kleiner-768x576.jpg 768w, https:\/\/wordpress.nibis.de\/gswrestedt\/files\/2024\/04\/Kleine-Hexe-3-kleiner.jpg 800w\" sizes=\"auto, (max-width: 300px) 100vw, 300px\" \/><\/a>\n\t\t\t<\/dt><\/dl><dl class='gallery-item'>\n\t\t\t<dt class='gallery-icon landscape'>\n\t\t\t\t<a href='https:\/\/wordpress.nibis.de\/gswrestedt\/projektwoche-lesen\/kleine-hexe-2-kleiner\/'><img loading=\"lazy\" decoding=\"async\" width=\"300\" height=\"206\" src=\"https:\/\/wordpress.nibis.de\/gswrestedt\/files\/2024\/04\/Kleine-Hexe-2-kleiner-300x206.jpg\" class=\"attachment-medium size-medium\" alt=\"\" srcset=\"https:\/\/wordpress.nibis.de\/gswrestedt\/files\/2024\/04\/Kleine-Hexe-2-kleiner-300x206.jpg 300w, https:\/\/wordpress.nibis.de\/gswrestedt\/files\/2024\/04\/Kleine-Hexe-2-kleiner-768x528.jpg 768w, https:\/\/wordpress.nibis.de\/gswrestedt\/files\/2024\/04\/Kleine-Hexe-2-kleiner.jpg 800w\" sizes=\"auto, (max-width: 300px) 100vw, 300px\" \/><\/a>\n\t\t\t<\/dt><\/dl><br style=\"clear: both\" \/>\n\t\t<\/div>\n\n<div id='gallery-5' class='gallery galleryid-3264 gallery-columns-3 gallery-size-medium'><dl class='gallery-item'>\n\t\t\t<dt class='gallery-icon portrait'>\n\t\t\t\t<a href='https:\/\/wordpress.nibis.de\/gswrestedt\/projektwoche-lesen\/hut-auf-4\/'><img loading=\"lazy\" decoding=\"async\" width=\"225\" height=\"300\" src=\"https:\/\/wordpress.nibis.de\/gswrestedt\/files\/2024\/04\/Hut-auf-4-225x300.jpeg\" class=\"attachment-medium size-medium\" alt=\"\" srcset=\"https:\/\/wordpress.nibis.de\/gswrestedt\/files\/2024\/04\/Hut-auf-4-225x300.jpeg 225w, https:\/\/wordpress.nibis.de\/gswrestedt\/files\/2024\/04\/Hut-auf-4-768x1024.jpeg 768w, https:\/\/wordpress.nibis.de\/gswrestedt\/files\/2024\/04\/Hut-auf-4-1152x1536.jpeg 1152w, https:\/\/wordpress.nibis.de\/gswrestedt\/files\/2024\/04\/Hut-auf-4-1536x2048.jpeg 1536w, https:\/\/wordpress.nibis.de\/gswrestedt\/files\/2024\/04\/Hut-auf-4-scaled.jpeg 1920w\" sizes=\"auto, (max-width: 225px) 100vw, 225px\" \/><\/a>\n\t\t\t<\/dt><\/dl><dl class='gallery-item'>\n\t\t\t<dt class='gallery-icon portrait'>\n\t\t\t\t<a href='https:\/\/wordpress.nibis.de\/gswrestedt\/projektwoche-lesen\/hut-auf-2-kleiner\/'><img loading=\"lazy\" decoding=\"async\" width=\"225\" height=\"300\" src=\"https:\/\/wordpress.nibis.de\/gswrestedt\/files\/2024\/04\/Hut-auf-2-kleiner-225x300.jpg\" class=\"attachment-medium size-medium\" alt=\"\" srcset=\"https:\/\/wordpress.nibis.de\/gswrestedt\/files\/2024\/04\/Hut-auf-2-kleiner-225x300.jpg 225w, https:\/\/wordpress.nibis.de\/gswrestedt\/files\/2024\/04\/Hut-auf-2-kleiner-768x1024.jpg 768w, https:\/\/wordpress.nibis.de\/gswrestedt\/files\/2024\/04\/Hut-auf-2-kleiner.jpg 800w\" sizes=\"auto, (max-width: 225px) 100vw, 225px\" \/><\/a>\n\t\t\t<\/dt><\/dl><dl class='gallery-item'>\n\t\t\t<dt class='gallery-icon portrait'>\n\t\t\t\t<a href='https:\/\/wordpress.nibis.de\/gswrestedt\/projektwoche-lesen\/hut-auf-1-kleiner\/'><img loading=\"lazy\" decoding=\"async\" width=\"225\" height=\"300\" src=\"https:\/\/wordpress.nibis.de\/gswrestedt\/files\/2024\/04\/Hut-auf-1-kleiner-225x300.jpg\" class=\"attachment-medium size-medium\" alt=\"\" srcset=\"https:\/\/wordpress.nibis.de\/gswrestedt\/files\/2024\/04\/Hut-auf-1-kleiner-225x300.jpg 225w, https:\/\/wordpress.nibis.de\/gswrestedt\/files\/2024\/04\/Hut-auf-1-kleiner-768x1024.jpg 768w, https:\/\/wordpress.nibis.de\/gswrestedt\/files\/2024\/04\/Hut-auf-1-kleiner.jpg 800w\" sizes=\"auto, (max-width: 225px) 100vw, 225px\" \/><\/a>\n\t\t\t<\/dt><\/dl><br style=\"clear: both\" \/>\n\t\t<\/div>\n\n<div id='gallery-6' class='gallery galleryid-3264 gallery-columns-3 gallery-size-medium'><dl class='gallery-item'>\n\t\t\t<dt class='gallery-icon portrait'>\n\t\t\t\t<a href='https:\/\/wordpress.nibis.de\/gswrestedt\/projektwoche-lesen\/elmar-1-kleiner\/'><img loading=\"lazy\" decoding=\"async\" width=\"225\" height=\"300\" src=\"https:\/\/wordpress.nibis.de\/gswrestedt\/files\/2024\/04\/Elmar-1-kleiner-225x300.jpg\" class=\"attachment-medium size-medium\" alt=\"\" srcset=\"https:\/\/wordpress.nibis.de\/gswrestedt\/files\/2024\/04\/Elmar-1-kleiner-225x300.jpg 225w, https:\/\/wordpress.nibis.de\/gswrestedt\/files\/2024\/04\/Elmar-1-kleiner-768x1024.jpg 768w, https:\/\/wordpress.nibis.de\/gswrestedt\/files\/2024\/04\/Elmar-1-kleiner.jpg 800w\" sizes=\"auto, (max-width: 225px) 100vw, 225px\" \/><\/a>\n\t\t\t<\/dt><\/dl><dl class='gallery-item'>\n\t\t\t<dt class='gallery-icon portrait'>\n\t\t\t\t<a href='https:\/\/wordpress.nibis.de\/gswrestedt\/projektwoche-lesen\/elmar-3-kleiner\/'><img loading=\"lazy\" decoding=\"async\" width=\"225\" height=\"300\" src=\"https:\/\/wordpress.nibis.de\/gswrestedt\/files\/2024\/04\/Elmar-3-kleiner-225x300.jpg\" class=\"attachment-medium size-medium\" alt=\"\" srcset=\"https:\/\/wordpress.nibis.de\/gswrestedt\/files\/2024\/04\/Elmar-3-kleiner-225x300.jpg 225w, https:\/\/wordpress.nibis.de\/gswrestedt\/files\/2024\/04\/Elmar-3-kleiner-768x1024.jpg 768w, https:\/\/wordpress.nibis.de\/gswrestedt\/files\/2024\/04\/Elmar-3-kleiner.jpg 800w\" sizes=\"auto, (max-width: 225px) 100vw, 225px\" \/><\/a>\n\t\t\t<\/dt><\/dl><dl class='gallery-item'>\n\t\t\t<dt class='gallery-icon portrait'>\n\t\t\t\t<a href='https:\/\/wordpress.nibis.de\/gswrestedt\/projektwoche-lesen\/elmar-2-kleiner\/'><img loading=\"lazy\" decoding=\"async\" width=\"225\" height=\"300\" src=\"https:\/\/wordpress.nibis.de\/gswrestedt\/files\/2024\/04\/Elmar-2-kleiner-225x300.jpg\" class=\"attachment-medium size-medium\" alt=\"\" srcset=\"https:\/\/wordpress.nibis.de\/gswrestedt\/files\/2024\/04\/Elmar-2-kleiner-225x300.jpg 225w, https:\/\/wordpress.nibis.de\/gswrestedt\/files\/2024\/04\/Elmar-2-kleiner-768x1024.jpg 768w, https:\/\/wordpress.nibis.de\/gswrestedt\/files\/2024\/04\/Elmar-2-kleiner.jpg 800w\" sizes=\"auto, (max-width: 225px) 100vw, 225px\" \/><\/a>\n\t\t\t<\/dt><\/dl><br style=\"clear: both\" \/>\n\t\t<\/div>\n\n<div id='gallery-7' class='gallery galleryid-3264 gallery-columns-3 gallery-size-full'><dl class='gallery-item'>\n\t\t\t<dt class='gallery-icon portrait'>\n\t\t\t\t<a href='https:\/\/wordpress.nibis.de\/gswrestedt\/projektwoche-lesen\/schmetterling-1-kleiner\/'><img loading=\"lazy\" decoding=\"async\" width=\"800\" height=\"1067\" src=\"https:\/\/wordpress.nibis.de\/gswrestedt\/files\/2024\/04\/Schmetterling-1-kleiner.jpg\" class=\"attachment-full size-full\" alt=\"\" srcset=\"https:\/\/wordpress.nibis.de\/gswrestedt\/files\/2024\/04\/Schmetterling-1-kleiner.jpg 800w, https:\/\/wordpress.nibis.de\/gswrestedt\/files\/2024\/04\/Schmetterling-1-kleiner-225x300.jpg 225w, https:\/\/wordpress.nibis.de\/gswrestedt\/files\/2024\/04\/Schmetterling-1-kleiner-768x1024.jpg 768w\" sizes=\"auto, (max-width: 800px) 100vw, 800px\" \/><\/a>\n\t\t\t<\/dt><\/dl><dl class='gallery-item'>\n\t\t\t<dt class='gallery-icon portrait'>\n\t\t\t\t<a href='https:\/\/wordpress.nibis.de\/gswrestedt\/projektwoche-lesen\/schmetterling-2-kleiner\/'><img loading=\"lazy\" decoding=\"async\" width=\"800\" height=\"1067\" src=\"https:\/\/wordpress.nibis.de\/gswrestedt\/files\/2024\/04\/Schmetterling-2-kleiner.jpg\" class=\"attachment-full size-full\" alt=\"\" srcset=\"https:\/\/wordpress.nibis.de\/gswrestedt\/files\/2024\/04\/Schmetterling-2-kleiner.jpg 800w, https:\/\/wordpress.nibis.de\/gswrestedt\/files\/2024\/04\/Schmetterling-2-kleiner-225x300.jpg 225w, https:\/\/wordpress.nibis.de\/gswrestedt\/files\/2024\/04\/Schmetterling-2-kleiner-768x1024.jpg 768w\" sizes=\"auto, (max-width: 800px) 100vw, 800px\" \/><\/a>\n\t\t\t<\/dt><\/dl><dl class='gallery-item'>\n\t\t\t<dt class='gallery-icon portrait'>\n\t\t\t\t<a href='https:\/\/wordpress.nibis.de\/gswrestedt\/projektwoche-lesen\/schmetterling-3-kleiner\/'><img loading=\"lazy\" decoding=\"async\" width=\"800\" height=\"1067\" src=\"https:\/\/wordpress.nibis.de\/gswrestedt\/files\/2024\/04\/Schmetterling-3-kleiner.jpg\" class=\"attachment-full size-full\" alt=\"\" srcset=\"https:\/\/wordpress.nibis.de\/gswrestedt\/files\/2024\/04\/Schmetterling-3-kleiner.jpg 800w, https:\/\/wordpress.nibis.de\/gswrestedt\/files\/2024\/04\/Schmetterling-3-kleiner-225x300.jpg 225w, https:\/\/wordpress.nibis.de\/gswrestedt\/files\/2024\/04\/Schmetterling-3-kleiner-768x1024.jpg 768w\" sizes=\"auto, (max-width: 800px) 100vw, 800px\" \/><\/a>\n\t\t\t<\/dt><\/dl><br style=\"clear: both\" \/>\n\t\t<\/div>\n\n<p><strong>Die Projekttage haben uns allen viel Spa\u00df gemacht!<\/strong><\/p>\n","protected":false},"excerpt":{"rendered":"<p>Drei Tage lang \u2013\u00a0vom 10.04. bis zum 12.04.2024\u00a0\u2013 tauschten die Sch\u00fclerinnen und Sch\u00fcler unserer Schule den normalen Unterricht im Klassenverband ein gegen unterschiedliche\u00a0Projekte zum Thema \u201clesen\u201d. In allen Projekten wurde nicht nur gelesen, sondern auch sehr\u00a0handlungsorientiert\u00a0zu den unterschiedlichen Buchthemen gearbeitet. &hellip; <a href=\"https:\/\/wordpress.nibis.de\/gswrestedt\/projektwoche-lesen\/\">Weiterlesen <span class=\"meta-nav\">&rarr;<\/span><\/a><\/p>\n","protected":false},"author":1020,"featured_media":0,"parent":0,"menu_order":0,"comment_status":"closed","ping_status":"closed","template":"","meta":{"footnotes":""},"class_list":["post-3264","page","type-page","status-publish","hentry"],"_links":{"self":[{"href":"https:\/\/wordpress.nibis.de\/gswrestedt\/wp-json\/wp\/v2\/pages\/3264","targetHints":{"allow":["GET"]}}],"collection":[{"href":"https:\/\/wordpress.nibis.de\/gswrestedt\/wp-json\/wp\/v2\/pages"}],"about":[{"href":"https:\/\/wordpress.nibis.de\/gswrestedt\/wp-json\/wp\/v2\/types\/page"}],"author":[{"embeddable":true,"href":"https:\/\/wordpress.nibis.de\/gswrestedt\/wp-json\/wp\/v2\/users\/1020"}],"replies":[{"embeddable":true,"href":"https:\/\/wordpress.nibis.de\/gswrestedt\/wp-json\/wp\/v2\/comments?post=3264"}],"version-history":[{"count":3,"href":"https:\/\/wordpress.nibis.de\/gswrestedt\/wp-json\/wp\/v2\/pages\/3264\/revisions"}],"predecessor-version":[{"id":3284,"href":"https:\/\/wordpress.nibis.de\/gswrestedt\/wp-json\/wp\/v2\/pages\/3264\/revisions\/3284"}],"wp:attachment":[{"href":"https:\/\/wordpress.nibis.de\/gswrestedt\/wp-json\/wp\/v2\/media?parent=3264"}],"curies":[{"name":"wp","href":"https:\/\/api.w.org\/{rel}","templated":true}]}}