{"id":3273,"date":"2024-04-22T13:40:28","date_gmt":"2024-04-22T11:40:28","guid":{"rendered":"https:\/\/wordpress.nibis.de\/gswrestedt\/?page_id=3273"},"modified":"2024-04-22T13:40:28","modified_gmt":"2024-04-22T11:40:28","slug":"unsere-freundschaftsbank","status":"publish","type":"page","link":"https:\/\/wordpress.nibis.de\/gswrestedt\/unsere-freundschaftsbank\/","title":{"rendered":"Unsere Freundschaftsbank"},"content":{"rendered":"\n<p>Der <strong>18.04.2024<\/strong> war ein ganz besonderer Tag f\u00fcr die Grundschule Wrestedt. Ganz feierlich wurde auf unserem Schulhof die <strong>erste rote Freundschaftsbank des Landkreises Uelzen<\/strong> eingeweiht. Doch wie kam es dazu?<\/p>\n<p><strong>Frau Timm-Koltermann<\/strong> hatte von ihrer Nichte erfahren, dass es in Kanada an vielen Schulen eine &#8222;Buddy Bench&#8220;, eine Freundschaftsbank gibt. Auf diese Bank k\u00f6nnen sich Kinder setzten, die jemanden zum Spielen oder Reden suchen. <strong>Indem man sich auf die rote Bank setzt, l\u00e4dt man andere Kinder ein, dazuzukommen und gemeinsam die Pause zu verbringen.<\/strong><\/p>\n<p>Diese Idee hat Frau Timm-Koltermann so gut gefallen, dass sie Frau Kaluza gefragt hat, ob wir gerne so eine Bank f\u00fcr unseren Schulhof haben w\u00fcrden. <strong>Na klar!!<\/strong><\/p>\n<p>Also hat Frau Timm-Koltermann sich aufgemacht, selber gespendet und weitere <strong>Spenden<\/strong> gesammelt. Schon nach recht kurzer Zeit gab es viele Spender und die Sparkasse bewilligte einen F\u00f6rderantrag in H\u00f6he von 600,- Euro. Nun konnte das Projekt &#8222;Freundschaftsbank&#8220; umgesetzt werden.<\/p>\n<p><img loading=\"lazy\" decoding=\"async\" class=\"aligncenter size-full wp-image-3274\" src=\"https:\/\/wordpress.nibis.de\/gswrestedt\/files\/2024\/04\/20240419_101039.jpg\" alt=\"\" width=\"800\" height=\"533\" srcset=\"https:\/\/wordpress.nibis.de\/gswrestedt\/files\/2024\/04\/20240419_101039.jpg 800w, https:\/\/wordpress.nibis.de\/gswrestedt\/files\/2024\/04\/20240419_101039-300x200.jpg 300w, https:\/\/wordpress.nibis.de\/gswrestedt\/files\/2024\/04\/20240419_101039-768x512.jpg 768w\" sizes=\"auto, (max-width: 800px) 100vw, 800px\" \/><\/p>\n<p><strong>Zur feierlichen Einweihung der Bank waren viele G\u00e4ste eingeladen.<\/strong> Nat\u00fcrlich kam Frau Timm-Koltermann, aber auch der Samtgemeindeb\u00fcrgermeister Michael M\u00fcller und Frau Daumann vom Landesamt f\u00fcr Schule und Bildung. Stellvertretend f\u00fcr die zahlreichen Spender waren bei der Feier dabei: Frau M\u00fcller und Frau Becker von der Sparkasse, Frau Lindner von der Lindenapotheke und Herr Mario M\u00fcller, der nicht nur gespendet hatte, sondern in dessen Tischlerei die Bank auch gebaut worden war.\u00a0<\/p>\n<p>Alle Sch\u00fclerinnen und Sch\u00fcler waren ganz aufgeregt und sangen gemeinsam ein extra von <strong>Frau Voss<\/strong> gedichtetes Lied:<\/p>\n<p><strong>&#8222;Das ist die rote Bank,<\/strong><\/p>\n<p><strong>die Freundschafts-Freunde-Bank,<\/strong><\/p>\n<p><strong>sie ist f\u00fcr dich und mich ein wundersch\u00f6ner Platz.<\/strong><\/p>\n<p><strong>Setz dich doch neben mich,<\/strong><\/p>\n<p><strong>ich freue mich auf dich<\/strong><\/p>\n<p><strong>und sicherlich freust du dich ebenso auf mich.&#8220;<\/strong><\/p>\n<div id=\"attachment_3277\" style=\"width: 810px\" class=\"wp-caption aligncenter\"><img loading=\"lazy\" decoding=\"async\" aria-describedby=\"caption-attachment-3277\" class=\"size-full wp-image-3277\" src=\"https:\/\/wordpress.nibis.de\/gswrestedt\/files\/2024\/04\/20240419_120458.jpg\" alt=\"\" width=\"800\" height=\"559\" srcset=\"https:\/\/wordpress.nibis.de\/gswrestedt\/files\/2024\/04\/20240419_120458.jpg 800w, https:\/\/wordpress.nibis.de\/gswrestedt\/files\/2024\/04\/20240419_120458-300x210.jpg 300w, https:\/\/wordpress.nibis.de\/gswrestedt\/files\/2024\/04\/20240419_120458-768x537.jpg 768w\" sizes=\"auto, (max-width: 800px) 100vw, 800px\" \/><p id=\"caption-attachment-3277\" class=\"wp-caption-text\">Erstes erfolgreiches Probesitzen.<\/p><\/div>\n<p><strong>Wir danken Frau Timm-Koltermann und den Spendern ganz herzlich f\u00fcr ihr Engagement und freuen uns schon auf tolle Begegnungen auf der roten Bank!<\/strong><\/p>\n","protected":false},"excerpt":{"rendered":"<p>Der 18.04.2024 war ein ganz besonderer Tag f\u00fcr die Grundschule Wrestedt. Ganz feierlich wurde auf unserem Schulhof die erste rote Freundschaftsbank des Landkreises Uelzen eingeweiht. Doch wie kam es dazu? Frau Timm-Koltermann hatte von ihrer Nichte erfahren, dass es in &hellip; <a href=\"https:\/\/wordpress.nibis.de\/gswrestedt\/unsere-freundschaftsbank\/\">Weiterlesen <span class=\"meta-nav\">&rarr;<\/span><\/a><\/p>\n","protected":false},"author":1020,"featured_media":0,"parent":0,"menu_order":0,"comment_status":"closed","ping_status":"closed","template":"","meta":{"footnotes":""},"class_list":["post-3273","page","type-page","status-publish","hentry"],"_links":{"self":[{"href":"https:\/\/wordpress.nibis.de\/gswrestedt\/wp-json\/wp\/v2\/pages\/3273","targetHints":{"allow":["GET"]}}],"collection":[{"href":"https:\/\/wordpress.nibis.de\/gswrestedt\/wp-json\/wp\/v2\/pages"}],"about":[{"href":"https:\/\/wordpress.nibis.de\/gswrestedt\/wp-json\/wp\/v2\/types\/page"}],"author":[{"embeddable":true,"href":"https:\/\/wordpress.nibis.de\/gswrestedt\/wp-json\/wp\/v2\/users\/1020"}],"replies":[{"embeddable":true,"href":"https:\/\/wordpress.nibis.de\/gswrestedt\/wp-json\/wp\/v2\/comments?post=3273"}],"version-history":[{"count":7,"href":"https:\/\/wordpress.nibis.de\/gswrestedt\/wp-json\/wp\/v2\/pages\/3273\/revisions"}],"predecessor-version":[{"id":3287,"href":"https:\/\/wordpress.nibis.de\/gswrestedt\/wp-json\/wp\/v2\/pages\/3273\/revisions\/3287"}],"wp:attachment":[{"href":"https:\/\/wordpress.nibis.de\/gswrestedt\/wp-json\/wp\/v2\/media?parent=3273"}],"curies":[{"name":"wp","href":"https:\/\/api.w.org\/{rel}","templated":true}]}}