{"id":3326,"date":"2024-06-20T18:08:12","date_gmt":"2024-06-20T16:08:12","guid":{"rendered":"https:\/\/wordpress.nibis.de\/gswrestedt\/?page_id=3326"},"modified":"2024-06-20T18:08:12","modified_gmt":"2024-06-20T16:08:12","slug":"gelebte-inklusion","status":"publish","type":"page","link":"https:\/\/wordpress.nibis.de\/gswrestedt\/gelebte-inklusion\/","title":{"rendered":"Gelebte Inklusion"},"content":{"rendered":"\n<p><strong>Kooperation der Grundschule Wrestedt und der Berufsschule f\u00fcr Ergotherapie Bad Bevensen<\/strong><\/p>\n<p>Inklusion bedeutet immer wieder kreative Ideen und neue M\u00f6glichkeiten f\u00fcr individuelles und erfolgreiches Lernen zu entwickeln und umzusetzen. <strong>Inklusion bedeutet, neue T\u00fcren zu \u00f6ffnen und sich auf gemeinsame Wege einzulassen.<\/strong><\/p>\n<p>So hat die Grundschule Wrestedt in diesem Schuljahr erstmals und <strong>einmalig im Landkreis Uelzen<\/strong> ihre T\u00fcren ge\u00f6ffnet und von einer <strong>Kooperation mit der Berufsschule f\u00fcr Ergotherapie<\/strong> in Bad Bevensen profitieren k\u00f6nnen.<\/p>\n<p>Durch diese Kooperation bereicherte der zuk\u00fcnftige Ergotherapeut, <strong>Louis Brunk<\/strong>, in den letzten 3 Monaten die Arbeit in der Grundschule Wrestedt und wurde zu einem wertvollen Teil unseres Kollegiums.<\/p>\n<p><a href=\"https:\/\/wordpress.nibis.de\/gswrestedt\/?attachment_id=3328\" rel=\"attachment wp-att-3328\"><img loading=\"lazy\" decoding=\"async\" class=\"aligncenter wp-image-3328 size-medium\" src=\"https:\/\/wordpress.nibis.de\/gswrestedt\/files\/2024\/06\/Ergokooperation-kleiner-300x225.jpg\" alt=\"\" width=\"300\" height=\"225\" srcset=\"https:\/\/wordpress.nibis.de\/gswrestedt\/files\/2024\/06\/Ergokooperation-kleiner-300x225.jpg 300w, https:\/\/wordpress.nibis.de\/gswrestedt\/files\/2024\/06\/Ergokooperation-kleiner-768x576.jpg 768w, https:\/\/wordpress.nibis.de\/gswrestedt\/files\/2024\/06\/Ergokooperation-kleiner.jpg 800w\" sizes=\"auto, (max-width: 300px) 100vw, 300px\" \/><\/a><\/p>\n<p>Das 3monatige Praktikum mit abschlie\u00dfender Pr\u00fcfung hat Louis Brunk mit Bravour bestanden. <strong>Herzlichen Gl\u00fcckwunsch!<\/strong><\/p>\n<p>Theoretische Themen befassten sich mit den neurowissenschaftlichen Grundlagen des Lernens \u2013 <strong>Wie lernen Kinder stressfrei und nat\u00fcrlich mit Freude und Erfolg?<\/strong><\/p>\n<p>Die praktische Umsetzung war vielf\u00e4ltig gestaltet. So konnte Louis Brunk einzelne Sch\u00fcler intensiv f\u00f6rdern und Klassen oder Kleingruppen in verschiedensten Settings begleiten. Aber auch das Erstellen individueller Arbeitspl\u00e4ne f\u00fcr Sch\u00fcler, das Anwenden ergotherapeutischer Assessments, die Teilnahme an Elterngespr\u00e4chen, Dienstbesprechungen und kollegialem fachlichem Austausch und das Mitwirken bei der Berichtarbeit geh\u00f6rten zu seinen Aufgaben.<\/p>\n<p><strong>Im Rahmen der 3j\u00e4hrigen Ausbildung k\u00f6nnen auch zuk\u00fcnftig 3monatige Praktika mit abschlie\u00dfender Pr\u00fcfung im Fachbereich P\u00e4diatrie in der Grundschule Wrestedt absolviert werden.<\/strong><\/p>\n<p><strong>Diese neue M\u00f6glichkeit multiprofessioneller Zusammenarbeit bringt f\u00fcr die Grundschule Wrestedt einen enormen Gewinn<\/strong> an berufsspezifischer Kompetenz in Bezug auf inklusive F\u00f6rderangebote innerhalb des Schulalltages. Es entstehen neue fachliche Perspektiven und L\u00f6sungsans\u00e4tze.<\/p>\n<p>Die Ergotherapie ist immer schon ein Vorreiter in Bezug auf Inklusion und Teilhabe in allen Bereichen des Lebens gewesen. <strong>Die zuk\u00fcnftigen Ergotherapeut*innen haben nun durch aktive Teilhabe am Schulgeschehen die einmalige Gelegenheit, den Blick f\u00fcr inklusive Arbeit in Schule direkt vor Ort zu sch\u00e4rfen und somit wertvolle Erfahrungen f\u00fcr ihr zuk\u00fcnftiges Berufsleben zu sammeln.<\/strong><\/p>\n","protected":false},"excerpt":{"rendered":"<p>Kooperation der Grundschule Wrestedt und der Berufsschule f\u00fcr Ergotherapie Bad Bevensen Inklusion bedeutet immer wieder kreative Ideen und neue M\u00f6glichkeiten f\u00fcr individuelles und erfolgreiches Lernen zu entwickeln und umzusetzen. Inklusion bedeutet, neue T\u00fcren zu \u00f6ffnen und sich auf gemeinsame Wege &hellip; <a href=\"https:\/\/wordpress.nibis.de\/gswrestedt\/gelebte-inklusion\/\">Weiterlesen <span class=\"meta-nav\">&rarr;<\/span><\/a><\/p>\n","protected":false},"author":1020,"featured_media":0,"parent":0,"menu_order":0,"comment_status":"closed","ping_status":"closed","template":"","meta":{"footnotes":""},"class_list":["post-3326","page","type-page","status-publish","hentry"],"_links":{"self":[{"href":"https:\/\/wordpress.nibis.de\/gswrestedt\/wp-json\/wp\/v2\/pages\/3326","targetHints":{"allow":["GET"]}}],"collection":[{"href":"https:\/\/wordpress.nibis.de\/gswrestedt\/wp-json\/wp\/v2\/pages"}],"about":[{"href":"https:\/\/wordpress.nibis.de\/gswrestedt\/wp-json\/wp\/v2\/types\/page"}],"author":[{"embeddable":true,"href":"https:\/\/wordpress.nibis.de\/gswrestedt\/wp-json\/wp\/v2\/users\/1020"}],"replies":[{"embeddable":true,"href":"https:\/\/wordpress.nibis.de\/gswrestedt\/wp-json\/wp\/v2\/comments?post=3326"}],"version-history":[{"count":2,"href":"https:\/\/wordpress.nibis.de\/gswrestedt\/wp-json\/wp\/v2\/pages\/3326\/revisions"}],"predecessor-version":[{"id":3329,"href":"https:\/\/wordpress.nibis.de\/gswrestedt\/wp-json\/wp\/v2\/pages\/3326\/revisions\/3329"}],"wp:attachment":[{"href":"https:\/\/wordpress.nibis.de\/gswrestedt\/wp-json\/wp\/v2\/media?parent=3326"}],"curies":[{"name":"wp","href":"https:\/\/api.w.org\/{rel}","templated":true}]}}