{"id":3331,"date":"2024-06-21T10:48:07","date_gmt":"2024-06-21T08:48:07","guid":{"rendered":"https:\/\/wordpress.nibis.de\/gswrestedt\/?page_id=3331"},"modified":"2024-06-21T10:48:07","modified_gmt":"2024-06-21T08:48:07","slug":"abschied-der-4-klasse","status":"publish","type":"page","link":"https:\/\/wordpress.nibis.de\/gswrestedt\/abschied-der-4-klasse\/","title":{"rendered":"Abschied der 4. Klasse"},"content":{"rendered":"\n<p><strong>Am 20.06.2024 begeisterte die Klasse 4a (Koalaklasse) unsere Schule mit einer tollen Abschiedsfeier.<\/strong> Die Klasse hatte ein abwechslungsreiches Programm vorbereitet, das den Zuschauerinnen und Zuschauern sicher noch lange in Erinnerung bleiben wird.<\/p>\n<p>Die M\u00e4dchen f\u00fchrten einen tollen<strong> Tanz<\/strong> auf.<\/p>\n<p><a href=\"https:\/\/wordpress.nibis.de\/gswrestedt\/?attachment_id=3335\" rel=\"attachment wp-att-3335\"><img loading=\"lazy\" decoding=\"async\" class=\"aligncenter wp-image-3335 size-full\" src=\"https:\/\/wordpress.nibis.de\/gswrestedt\/files\/2024\/06\/Tanz-Maedchen.jpg\" alt=\"\" width=\"800\" height=\"600\" srcset=\"https:\/\/wordpress.nibis.de\/gswrestedt\/files\/2024\/06\/Tanz-Maedchen.jpg 800w, https:\/\/wordpress.nibis.de\/gswrestedt\/files\/2024\/06\/Tanz-Maedchen-300x225.jpg 300w, https:\/\/wordpress.nibis.de\/gswrestedt\/files\/2024\/06\/Tanz-Maedchen-768x576.jpg 768w\" sizes=\"auto, (max-width: 800px) 100vw, 800px\" \/><\/a><\/p>\n<p>Die fu\u00dfballbegeisterten Jungen der Klasse 4a hatten ein <strong>eigenes Theaterst\u00fcck geschrieben<\/strong>, in dem sie auf sehr lustige Art ein sonderbares Fu\u00dfballspiel pr\u00e4sentierten.<\/p>\n<p><a href=\"https:\/\/wordpress.nibis.de\/gswrestedt\/?attachment_id=3332\" rel=\"attachment wp-att-3332\"><img loading=\"lazy\" decoding=\"async\" class=\"aligncenter size-full wp-image-3332\" src=\"https:\/\/wordpress.nibis.de\/gswrestedt\/files\/2024\/06\/Fissball.jpg\" alt=\"\" width=\"800\" height=\"600\" srcset=\"https:\/\/wordpress.nibis.de\/gswrestedt\/files\/2024\/06\/Fissball.jpg 800w, https:\/\/wordpress.nibis.de\/gswrestedt\/files\/2024\/06\/Fissball-300x225.jpg 300w, https:\/\/wordpress.nibis.de\/gswrestedt\/files\/2024\/06\/Fissball-768x576.jpg 768w\" sizes=\"auto, (max-width: 800px) 100vw, 800px\" \/><\/a><\/p>\n<p>Das <strong>Theaterst\u00fcck &#8222;Aschenputtel&#8220;<\/strong> sorgte f\u00fcr sehr viele Lacher. Mit viel Witz und schauspielerischem Talent pr\u00e4sentierten die Kinder das altbekannte M\u00e4rchen in ganz neuer Fassung.<\/p>\n<p><a href=\"https:\/\/wordpress.nibis.de\/gswrestedt\/?attachment_id=3337\" rel=\"attachment wp-att-3337\"><img loading=\"lazy\" decoding=\"async\" class=\"aligncenter size-full wp-image-3337\" src=\"https:\/\/wordpress.nibis.de\/gswrestedt\/files\/2024\/06\/Theater.jpg\" alt=\"\" width=\"800\" height=\"453\" srcset=\"https:\/\/wordpress.nibis.de\/gswrestedt\/files\/2024\/06\/Theater.jpg 800w, https:\/\/wordpress.nibis.de\/gswrestedt\/files\/2024\/06\/Theater-300x170.jpg 300w, https:\/\/wordpress.nibis.de\/gswrestedt\/files\/2024\/06\/Theater-768x435.jpg 768w\" sizes=\"auto, (max-width: 800px) 100vw, 800px\" \/><\/a><\/p>\n<p><a href=\"https:\/\/wordpress.nibis.de\/gswrestedt\/?attachment_id=3336\" rel=\"attachment wp-att-3336\"><img loading=\"lazy\" decoding=\"async\" class=\"alignright wp-image-3336 size-full\" src=\"https:\/\/wordpress.nibis.de\/gswrestedt\/files\/2024\/06\/Theater-Tanz.jpg\" alt=\"\" width=\"800\" height=\"467\" srcset=\"https:\/\/wordpress.nibis.de\/gswrestedt\/files\/2024\/06\/Theater-Tanz.jpg 800w, https:\/\/wordpress.nibis.de\/gswrestedt\/files\/2024\/06\/Theater-Tanz-300x175.jpg 300w, https:\/\/wordpress.nibis.de\/gswrestedt\/files\/2024\/06\/Theater-Tanz-768x448.jpg 768w\" sizes=\"auto, (max-width: 800px) 100vw, 800px\" \/><\/a> Frau Buss richtete <strong>Abschiedsworte<\/strong> an ihre Klasse und bekam ein <strong>Geschenk<\/strong>, \u00fcber das sie sich sehr freute.<\/p>\n<p><a href=\"https:\/\/wordpress.nibis.de\/gswrestedt\/?attachment_id=3333\" rel=\"attachment wp-att-3333\"><img loading=\"lazy\" decoding=\"async\" class=\"aligncenter size-full wp-image-3333\" src=\"https:\/\/wordpress.nibis.de\/gswrestedt\/files\/2024\/06\/Geschenke.jpg\" alt=\"\" width=\"800\" height=\"600\" srcset=\"https:\/\/wordpress.nibis.de\/gswrestedt\/files\/2024\/06\/Geschenke.jpg 800w, https:\/\/wordpress.nibis.de\/gswrestedt\/files\/2024\/06\/Geschenke-300x225.jpg 300w, https:\/\/wordpress.nibis.de\/gswrestedt\/files\/2024\/06\/Geschenke-768x576.jpg 768w\" sizes=\"auto, (max-width: 800px) 100vw, 800px\" \/><\/a><\/p>\n<p>Emotional wurde es, als die gesamte Klasse das <strong>Lied &#8222;Und wenn ich geh&#8220;<\/strong> sang &#8211; begleitet von Frau Buss an der Gitarre.<\/p>\n<p>\u00a0<\/p>\n<p>Zum <strong>kr\u00f6nenden Abschluss<\/strong> gab es dann noch den allseits bekannten und beliebten Song &#8222;Dorfkinder&#8220;, bei dem nicht nur die Viertkl\u00e4ssler, sondern auch alle anderen Sch\u00fclerinnen und Sch\u00fcler und so mancher Erwachsene lauthals mitsangen.<\/p>\n<p><strong>Liebe Koalaklasse, wir danken euch f\u00fcr diese tolle Feier und w\u00fcnschen euch f\u00fcr eure Zukunft alles erdenklich Gute!<\/strong><\/p>\n<p>\u00a0<\/p>\n","protected":false},"excerpt":{"rendered":"<p>Am 20.06.2024 begeisterte die Klasse 4a (Koalaklasse) unsere Schule mit einer tollen Abschiedsfeier. Die Klasse hatte ein abwechslungsreiches Programm vorbereitet, das den Zuschauerinnen und Zuschauern sicher noch lange in Erinnerung bleiben wird. Die M\u00e4dchen f\u00fchrten einen tollen Tanz auf. Die &hellip; <a href=\"https:\/\/wordpress.nibis.de\/gswrestedt\/abschied-der-4-klasse\/\">Weiterlesen <span class=\"meta-nav\">&rarr;<\/span><\/a><\/p>\n","protected":false},"author":1020,"featured_media":0,"parent":0,"menu_order":0,"comment_status":"closed","ping_status":"closed","template":"","meta":{"footnotes":""},"class_list":["post-3331","page","type-page","status-publish","hentry"],"_links":{"self":[{"href":"https:\/\/wordpress.nibis.de\/gswrestedt\/wp-json\/wp\/v2\/pages\/3331","targetHints":{"allow":["GET"]}}],"collection":[{"href":"https:\/\/wordpress.nibis.de\/gswrestedt\/wp-json\/wp\/v2\/pages"}],"about":[{"href":"https:\/\/wordpress.nibis.de\/gswrestedt\/wp-json\/wp\/v2\/types\/page"}],"author":[{"embeddable":true,"href":"https:\/\/wordpress.nibis.de\/gswrestedt\/wp-json\/wp\/v2\/users\/1020"}],"replies":[{"embeddable":true,"href":"https:\/\/wordpress.nibis.de\/gswrestedt\/wp-json\/wp\/v2\/comments?post=3331"}],"version-history":[{"count":4,"href":"https:\/\/wordpress.nibis.de\/gswrestedt\/wp-json\/wp\/v2\/pages\/3331\/revisions"}],"predecessor-version":[{"id":3341,"href":"https:\/\/wordpress.nibis.de\/gswrestedt\/wp-json\/wp\/v2\/pages\/3331\/revisions\/3341"}],"wp:attachment":[{"href":"https:\/\/wordpress.nibis.de\/gswrestedt\/wp-json\/wp\/v2\/media?parent=3331"}],"curies":[{"name":"wp","href":"https:\/\/api.w.org\/{rel}","templated":true}]}}