{"id":3352,"date":"2024-08-12T13:13:08","date_gmt":"2024-08-12T11:13:08","guid":{"rendered":"https:\/\/wordpress.nibis.de\/gswrestedt\/?page_id=3352"},"modified":"2024-08-12T13:13:08","modified_gmt":"2024-08-12T11:13:08","slug":"einschulung-2024","status":"publish","type":"page","link":"https:\/\/wordpress.nibis.de\/gswrestedt\/einschulung-2024\/","title":{"rendered":"Einschulung 2024"},"content":{"rendered":"\n<p>Am<strong> 10.08.2024<\/strong> wurden <strong>32 Erstkl\u00e4sslerinnen und Erstkl\u00e4ssler in die Grundschule Wrestedt eingeschult.\u00a0<\/strong><\/p>\n<p><a href=\"https:\/\/wordpress.nibis.de\/gswrestedt\/?attachment_id=3353\" rel=\"attachment wp-att-3353\"><img loading=\"lazy\" decoding=\"async\" class=\"aligncenter size-full wp-image-3353\" src=\"https:\/\/wordpress.nibis.de\/gswrestedt\/files\/2024\/08\/Tafel.jpg\" alt=\"\" width=\"800\" height=\"538\" srcset=\"https:\/\/wordpress.nibis.de\/gswrestedt\/files\/2024\/08\/Tafel.jpg 800w, https:\/\/wordpress.nibis.de\/gswrestedt\/files\/2024\/08\/Tafel-300x202.jpg 300w, https:\/\/wordpress.nibis.de\/gswrestedt\/files\/2024\/08\/Tafel-768x516.jpg 768w\" sizes=\"auto, (max-width: 800px) 100vw, 800px\" \/><\/a><\/p>\n<p>Die Einschulungsfeier begann mit einem <strong>Gottesdienst<\/strong> in der St. Martin Kirche Nettelkamp und wurde anschlie\u00dfend auf unserem Schulhof fortgesetzt. Die kommissarische Schulleiterin <strong>Frau Kaluza begr\u00fc\u00dfte die Kinder und ihre Familien<\/strong>. Ein kleiner <strong>&#8222;Einschulungschor&#8220;<\/strong> unter der Leitung von Frau Voss und Frau Gall begleitete die Feier mit mehreren Liedern.\u00a0<\/p>\n\n\n\n<p>Die beiden <strong>Klassenlehrerinnen Frau Buss und Frau Breidenbach<\/strong> warteten voller Vorfreude auf ihre neuen Sch\u00fclerinnen und Sch\u00fcler, die nun aufgerufen wurden. Denn die Erstkl\u00e4ssler durften mit ihrer Klassenlehrerin zu ihrem zuk\u00fcnftigen Klassenraum gehen.<\/p>\n<p>W\u00e4hrenddessen stellte sich der <strong>Elternf\u00f6rderkreis<\/strong> vor und sorgte f\u00fcr erfrischende Getr\u00e4nke und Snacks.<\/p>\n<p>Nachdem die Kinder mit ihrer Lehrerin den neuen Klassenraum kennen gelernt hatten, gab es auch endlich die<strong> Schult\u00fcten<\/strong>.<\/p>\n<p><a href=\"https:\/\/wordpress.nibis.de\/gswrestedt\/?attachment_id=3354\" rel=\"attachment wp-att-3354\"><img loading=\"lazy\" decoding=\"async\" class=\"alignright wp-image-3354 size-medium\" src=\"https:\/\/wordpress.nibis.de\/gswrestedt\/files\/2024\/08\/Fuchsklasse-219x300.jpg\" alt=\"\" width=\"219\" height=\"300\" srcset=\"https:\/\/wordpress.nibis.de\/gswrestedt\/files\/2024\/08\/Fuchsklasse-219x300.jpg 219w, https:\/\/wordpress.nibis.de\/gswrestedt\/files\/2024\/08\/Fuchsklasse-749x1024.jpg 749w, https:\/\/wordpress.nibis.de\/gswrestedt\/files\/2024\/08\/Fuchsklasse-768x1050.jpg 768w, https:\/\/wordpress.nibis.de\/gswrestedt\/files\/2024\/08\/Fuchsklasse.jpg 800w\" sizes=\"auto, (max-width: 219px) 100vw, 219px\" \/><\/a> <a href=\"https:\/\/wordpress.nibis.de\/gswrestedt\/?attachment_id=3355\" rel=\"attachment wp-att-3355\"><img loading=\"lazy\" decoding=\"async\" class=\"alignleft wp-image-3355 size-medium\" src=\"https:\/\/wordpress.nibis.de\/gswrestedt\/files\/2024\/08\/Giraffenklasse-300x296.jpg\" alt=\"\" width=\"300\" height=\"296\" srcset=\"https:\/\/wordpress.nibis.de\/gswrestedt\/files\/2024\/08\/Giraffenklasse-300x296.jpg 300w, https:\/\/wordpress.nibis.de\/gswrestedt\/files\/2024\/08\/Giraffenklasse-768x757.jpg 768w, https:\/\/wordpress.nibis.de\/gswrestedt\/files\/2024\/08\/Giraffenklasse.jpg 800w\" sizes=\"auto, (max-width: 300px) 100vw, 300px\" \/><\/a><\/p>\n<p>\u00a0<\/p>\n<p>\u00a0<\/p>\n<p>\u00a0<\/p>\n<p>\u00a0<\/p>\n<p>\u00a0<\/p>\n<p>\u00a0<\/p>\n<p>\u00a0<\/p>\n<p><strong>Wir begr\u00fc\u00dfen die Giraffenklasse und die Fuchsklasse herzlich an unserer Schule und freuen uns auf eine tolle Grundschulzeit mit euch!<\/strong><\/p>\n","protected":false},"excerpt":{"rendered":"<p>Am 10.08.2024 wurden 32 Erstkl\u00e4sslerinnen und Erstkl\u00e4ssler in die Grundschule Wrestedt eingeschult.\u00a0 Die Einschulungsfeier begann mit einem Gottesdienst in der St. Martin Kirche Nettelkamp und wurde anschlie\u00dfend auf unserem Schulhof fortgesetzt. Die kommissarische Schulleiterin Frau Kaluza begr\u00fc\u00dfte die Kinder und &hellip; <a href=\"https:\/\/wordpress.nibis.de\/gswrestedt\/einschulung-2024\/\">Weiterlesen <span class=\"meta-nav\">&rarr;<\/span><\/a><\/p>\n","protected":false},"author":1020,"featured_media":0,"parent":0,"menu_order":0,"comment_status":"closed","ping_status":"closed","template":"","meta":{"footnotes":""},"class_list":["post-3352","page","type-page","status-publish","hentry"],"_links":{"self":[{"href":"https:\/\/wordpress.nibis.de\/gswrestedt\/wp-json\/wp\/v2\/pages\/3352","targetHints":{"allow":["GET"]}}],"collection":[{"href":"https:\/\/wordpress.nibis.de\/gswrestedt\/wp-json\/wp\/v2\/pages"}],"about":[{"href":"https:\/\/wordpress.nibis.de\/gswrestedt\/wp-json\/wp\/v2\/types\/page"}],"author":[{"embeddable":true,"href":"https:\/\/wordpress.nibis.de\/gswrestedt\/wp-json\/wp\/v2\/users\/1020"}],"replies":[{"embeddable":true,"href":"https:\/\/wordpress.nibis.de\/gswrestedt\/wp-json\/wp\/v2\/comments?post=3352"}],"version-history":[{"count":2,"href":"https:\/\/wordpress.nibis.de\/gswrestedt\/wp-json\/wp\/v2\/pages\/3352\/revisions"}],"predecessor-version":[{"id":3357,"href":"https:\/\/wordpress.nibis.de\/gswrestedt\/wp-json\/wp\/v2\/pages\/3352\/revisions\/3357"}],"wp:attachment":[{"href":"https:\/\/wordpress.nibis.de\/gswrestedt\/wp-json\/wp\/v2\/media?parent=3352"}],"curies":[{"name":"wp","href":"https:\/\/api.w.org\/{rel}","templated":true}]}}