{"id":3370,"date":"2024-09-10T12:27:41","date_gmt":"2024-09-10T10:27:41","guid":{"rendered":"https:\/\/wordpress.nibis.de\/gswrestedt\/?page_id=3370"},"modified":"2024-09-10T12:30:02","modified_gmt":"2024-09-10T10:30:02","slug":"obst-und-gemuesekiste","status":"publish","type":"page","link":"https:\/\/wordpress.nibis.de\/gswrestedt\/obst-und-gemuesekiste\/","title":{"rendered":"Obst- und Gem\u00fcsekiste"},"content":{"rendered":"\n<p>Auch in diesem Schuljahr hat die Grundschule Wrestedt sich wieder erfolgreich beim <strong>EU-Schulprogramm &#8222;Schulobst und Gem\u00fcse&#8220;<\/strong> beworben. Dieses Programm erm\u00f6glicht die kostenlose Verteilung von Obst und Gem\u00fcse in den Klassen und ist Teil eines <strong>Bildungsprogramms zu den Themen Landwirtschaft und gesunde Ern\u00e4hrung.<\/strong><\/p>\n<p><a href=\"https:\/\/wordpress.nibis.de\/gswrestedt\/?attachment_id=3371\" rel=\"attachment wp-att-3371\"><img loading=\"lazy\" decoding=\"async\" class=\"alignright size-medium wp-image-3371\" src=\"https:\/\/wordpress.nibis.de\/gswrestedt\/files\/2024\/09\/Obst-300x225.jpg\" alt=\"\" width=\"300\" height=\"225\" srcset=\"https:\/\/wordpress.nibis.de\/gswrestedt\/files\/2024\/09\/Obst-300x225.jpg 300w, https:\/\/wordpress.nibis.de\/gswrestedt\/files\/2024\/09\/Obst-768x576.jpg 768w, https:\/\/wordpress.nibis.de\/gswrestedt\/files\/2024\/09\/Obst.jpg 800w\" sizes=\"auto, (max-width: 300px) 100vw, 300px\" \/><\/a><\/p>\n<p><strong>Jede Woche beliefert der Elbershof aus Nettelkamp unsere Klassen mit leckerem, saisonalem und regionalem Obst und Gem\u00fcse.<\/strong> Die Kinder freuen sich sehr \u00fcber diese leckere Erg\u00e4nzug der Fr\u00fchst\u00fcckspause und greifen immer gern zu.<\/p>\n<p>Wir freuen uns sehr dar\u00fcber, bei diesem Schulprogramm teilnehmen zu k\u00f6nnen und bedanken uns beim Elbershof f\u00fcr die vielen leckeren Lieferungen!<\/p>\n","protected":false},"excerpt":{"rendered":"<p>Auch in diesem Schuljahr hat die Grundschule Wrestedt sich wieder erfolgreich beim EU-Schulprogramm &#8222;Schulobst und Gem\u00fcse&#8220; beworben. Dieses Programm erm\u00f6glicht die kostenlose Verteilung von Obst und Gem\u00fcse in den Klassen und ist Teil eines Bildungsprogramms zu den Themen Landwirtschaft und &hellip; <a href=\"https:\/\/wordpress.nibis.de\/gswrestedt\/obst-und-gemuesekiste\/\">Weiterlesen <span class=\"meta-nav\">&rarr;<\/span><\/a><\/p>\n","protected":false},"author":1020,"featured_media":0,"parent":0,"menu_order":0,"comment_status":"closed","ping_status":"closed","template":"","meta":{"footnotes":""},"class_list":["post-3370","page","type-page","status-publish","hentry"],"_links":{"self":[{"href":"https:\/\/wordpress.nibis.de\/gswrestedt\/wp-json\/wp\/v2\/pages\/3370","targetHints":{"allow":["GET"]}}],"collection":[{"href":"https:\/\/wordpress.nibis.de\/gswrestedt\/wp-json\/wp\/v2\/pages"}],"about":[{"href":"https:\/\/wordpress.nibis.de\/gswrestedt\/wp-json\/wp\/v2\/types\/page"}],"author":[{"embeddable":true,"href":"https:\/\/wordpress.nibis.de\/gswrestedt\/wp-json\/wp\/v2\/users\/1020"}],"replies":[{"embeddable":true,"href":"https:\/\/wordpress.nibis.de\/gswrestedt\/wp-json\/wp\/v2\/comments?post=3370"}],"version-history":[{"count":2,"href":"https:\/\/wordpress.nibis.de\/gswrestedt\/wp-json\/wp\/v2\/pages\/3370\/revisions"}],"predecessor-version":[{"id":3374,"href":"https:\/\/wordpress.nibis.de\/gswrestedt\/wp-json\/wp\/v2\/pages\/3370\/revisions\/3374"}],"wp:attachment":[{"href":"https:\/\/wordpress.nibis.de\/gswrestedt\/wp-json\/wp\/v2\/media?parent=3370"}],"curies":[{"name":"wp","href":"https:\/\/api.w.org\/{rel}","templated":true}]}}