{"id":3375,"date":"2024-09-16T18:24:59","date_gmt":"2024-09-16T16:24:59","guid":{"rendered":"https:\/\/wordpress.nibis.de\/gswrestedt\/?page_id=3375"},"modified":"2024-09-17T12:16:55","modified_gmt":"2024-09-17T10:16:55","slug":"sommerfest-2024","status":"publish","type":"page","link":"https:\/\/wordpress.nibis.de\/gswrestedt\/sommerfest-2024\/","title":{"rendered":"Sommerfest 2024"},"content":{"rendered":"\n<p><a href=\"https:\/\/wordpress.nibis.de\/gswrestedt\/?attachment_id=3380\" rel=\"attachment wp-att-3380\"><img loading=\"lazy\" decoding=\"async\" class=\"size-medium wp-image-3380 alignleft\" src=\"https:\/\/wordpress.nibis.de\/gswrestedt\/files\/2024\/09\/Sommerfest-300x200.jpg\" alt=\"\" width=\"300\" height=\"200\" srcset=\"https:\/\/wordpress.nibis.de\/gswrestedt\/files\/2024\/09\/Sommerfest-300x200.jpg 300w, https:\/\/wordpress.nibis.de\/gswrestedt\/files\/2024\/09\/Sommerfest-768x512.jpg 768w, https:\/\/wordpress.nibis.de\/gswrestedt\/files\/2024\/09\/Sommerfest.jpg 800w\" sizes=\"auto, (max-width: 300px) 100vw, 300px\" \/><\/a>Am <strong>13.09.2024<\/strong> feierte die <strong>Grundschule Wrestedt<\/strong> gemeinsam mit den Kindern, ihren Familien und vielen geladenen G\u00e4sten ein <strong>Sommerfest<\/strong>. <strong>&#8222;Unsre Schule feiert heute&#8220;<\/strong> sangen alle Kinder zur Er\u00f6ffnung. Anschlie\u00dfend <strong>begr\u00fc\u00dfte Frau Kaluza<\/strong> die zahlreichen G\u00e4ste und w\u00fcnschte allen viel Spa\u00df und einen kurzweiligen Nachmittag.<\/p>\n<p>Obwohl\u00a0 sich das Sommerfest dank Wind, Wolken und K\u00e4lte eher wie ein Herbstfest anf\u00fchlte, <strong>hatten alle G\u00e4ste viel Spa\u00df<\/strong>. Es wurde nicht langweilig, denn an <strong>insgesamt 13 Stationen<\/strong> konnten die Kinder (und auch einige mutige Erwachsene) den ganzen Nachmittag spielen. Die Stationen wurden vorbereitet und betreut von den <strong>Schulklassen<\/strong>, vom <strong>TSV Wrestedt\/Stederdorf<\/strong> (Handball, Fu\u00dfball, Leichtathletik), vom <strong>Tennisclub Wrestedt<\/strong> und von der <strong>Jugendfeuerwehr<\/strong>.\u00a0Der <strong>Elternf\u00f6rderkreis<\/strong> hatte eine H\u00fcpfburg organisiert, bot Kinderschminken an und sorgte mit einem <strong>riesigen Kuchenbuffet<\/strong> f\u00fcr das leibliche Wohl der G\u00e4ste. Vielen Dank an alle <strong>Eltern<\/strong>, die dieses Buffet durch ihre zahlreichen Kuchenspenden erm\u00f6glicht haben! Erg\u00e4nzt wurde dieses umfangreiche Angebot von verschiedenen T\u00e4nzen, Gesangsdarbietungen, einer Versteigerung von dekorierten Schulst\u00fchlen und einem Feuerwehrauto zum Anfassen.<\/p>\n<p><a href=\"https:\/\/wordpress.nibis.de\/gswrestedt\/sommerfest-2024\/collage3\/\" rel=\"attachment wp-att-3390\"><img loading=\"lazy\" decoding=\"async\" class=\"aligncenter size-full wp-image-3390\" src=\"https:\/\/wordpress.nibis.de\/gswrestedt\/files\/2024\/09\/Collage3.jpg\" alt=\"\" width=\"800\" height=\"800\" srcset=\"https:\/\/wordpress.nibis.de\/gswrestedt\/files\/2024\/09\/Collage3.jpg 800w, https:\/\/wordpress.nibis.de\/gswrestedt\/files\/2024\/09\/Collage3-300x300.jpg 300w, https:\/\/wordpress.nibis.de\/gswrestedt\/files\/2024\/09\/Collage3-150x150.jpg 150w, https:\/\/wordpress.nibis.de\/gswrestedt\/files\/2024\/09\/Collage3-768x768.jpg 768w\" sizes=\"auto, (max-width: 800px) 100vw, 800px\" \/><\/a><\/p>\n<p>Nachdem die Kinder um kurz nach 17:00 Uhr das Abschlusslied gesungen hatten, erfolgte der <strong>Abbau dank vieler tatkr\u00e4ftiger Eltern in Rekordzeit<\/strong>.<\/p>\n<p><strong>Wir bedanken uns bei allen Helferinnen und Helfern ganz herzlich f\u00fcr die Unterst\u00fctzung und Mitgestaltung dieses sch\u00f6nen Nachmittags!<\/strong><\/p>\n","protected":false},"excerpt":{"rendered":"<p>Am 13.09.2024 feierte die Grundschule Wrestedt gemeinsam mit den Kindern, ihren Familien und vielen geladenen G\u00e4sten ein Sommerfest. &#8222;Unsre Schule feiert heute&#8220; sangen alle Kinder zur Er\u00f6ffnung. Anschlie\u00dfend begr\u00fc\u00dfte Frau Kaluza die zahlreichen G\u00e4ste und w\u00fcnschte allen viel Spa\u00df und &hellip; <a href=\"https:\/\/wordpress.nibis.de\/gswrestedt\/sommerfest-2024\/\">Weiterlesen <span class=\"meta-nav\">&rarr;<\/span><\/a><\/p>\n","protected":false},"author":1020,"featured_media":0,"parent":0,"menu_order":0,"comment_status":"closed","ping_status":"closed","template":"","meta":{"footnotes":""},"class_list":["post-3375","page","type-page","status-publish","hentry"],"_links":{"self":[{"href":"https:\/\/wordpress.nibis.de\/gswrestedt\/wp-json\/wp\/v2\/pages\/3375","targetHints":{"allow":["GET"]}}],"collection":[{"href":"https:\/\/wordpress.nibis.de\/gswrestedt\/wp-json\/wp\/v2\/pages"}],"about":[{"href":"https:\/\/wordpress.nibis.de\/gswrestedt\/wp-json\/wp\/v2\/types\/page"}],"author":[{"embeddable":true,"href":"https:\/\/wordpress.nibis.de\/gswrestedt\/wp-json\/wp\/v2\/users\/1020"}],"replies":[{"embeddable":true,"href":"https:\/\/wordpress.nibis.de\/gswrestedt\/wp-json\/wp\/v2\/comments?post=3375"}],"version-history":[{"count":14,"href":"https:\/\/wordpress.nibis.de\/gswrestedt\/wp-json\/wp\/v2\/pages\/3375\/revisions"}],"predecessor-version":[{"id":3395,"href":"https:\/\/wordpress.nibis.de\/gswrestedt\/wp-json\/wp\/v2\/pages\/3375\/revisions\/3395"}],"wp:attachment":[{"href":"https:\/\/wordpress.nibis.de\/gswrestedt\/wp-json\/wp\/v2\/media?parent=3375"}],"curies":[{"name":"wp","href":"https:\/\/api.w.org\/{rel}","templated":true}]}}