{"id":3400,"date":"2024-11-08T12:50:45","date_gmt":"2024-11-08T11:50:45","guid":{"rendered":"https:\/\/wordpress.nibis.de\/gswrestedt\/?page_id=3400"},"modified":"2024-11-08T12:50:45","modified_gmt":"2024-11-08T11:50:45","slug":"bewegungspass-2024","status":"publish","type":"page","link":"https:\/\/wordpress.nibis.de\/gswrestedt\/bewegungspass-2024\/","title":{"rendered":"Bewegungspass 2024"},"content":{"rendered":"\n<p>Auch in diesem Jahr hat unsere Schule an der Aktion <strong>&#8222;Bewegungspass&#8220;<\/strong> vom <strong>Landessportbund<\/strong> teilgenommen. W\u00e4hrend des Aktionszeitraumes haben unsere Sch\u00fclerinnen und Sch\u00fcler flei\u00dfig Stempel f\u00fcr Bewegungsangebote gesammelt.<\/p>\n<p>Das <strong>Ziel<\/strong> der Aktion besteht darin, dass die Kinder <strong>mehr Sicherheit im Stra\u00dfenverkehr<\/strong> erlangen und <strong>mehr Bewegung in den Alltag integrieren<\/strong>.&nbsp;<\/p>\n<p><a href=\"https:\/\/wordpress.nibis.de\/gswrestedt\/bewegungspass\/stempelpass-kleiner\/\" rel=\"attachment wp-att-3142\"><img loading=\"lazy\" decoding=\"async\" class=\"aligncenter size-full wp-image-3142\" src=\"https:\/\/wordpress.nibis.de\/gswrestedt\/files\/2023\/09\/Stempelpass-kleiner.jpg\" alt=\"\" width=\"800\" height=\"553\" srcset=\"https:\/\/wordpress.nibis.de\/gswrestedt\/files\/2023\/09\/Stempelpass-kleiner.jpg 800w, https:\/\/wordpress.nibis.de\/gswrestedt\/files\/2023\/09\/Stempelpass-kleiner-300x207.jpg 300w, https:\/\/wordpress.nibis.de\/gswrestedt\/files\/2023\/09\/Stempelpass-kleiner-768x531.jpg 768w\" sizes=\"auto, (max-width: 800px) 100vw, 800px\" \/><\/a><\/p>\n<p><strong>Doch wie gelangen die Kinder nun an ihre Stempel?<\/strong><\/p>\n<p>Stempel haben die Kinder erhalten, wenn sie zu Fu\u00df oder mit dem Rad zur Schule gekommen sind. F\u00fcr unsere Buskinder gab es extra Angebote, wie z. B. ein paar Runden um den Schulhof zu laufen, damit auch sie ihren Stempel verdienen konnten. In der Schule wurden von den Lehrerinnen Sport- und Bewegungsangebote vorgestellt und angeboten. Au\u00dferdem gab es Stempel, wenn die Kinder zum Training bei Sportvereinen gegangen sind.<\/p>\n<p><strong>Am Ende der Aktion besuchte uns Frau Meisner vom Kreissportbund, um den Kindern Urkunden und Klassenspielzeug zu \u00fcberreichen. Da war die Freude gro\u00df!<\/strong><\/p>\n<p><a href=\"https:\/\/wordpress.nibis.de\/gswrestedt\/?attachment_id=3403\" rel=\"attachment wp-att-3403\"><img loading=\"lazy\" decoding=\"async\" class=\"aligncenter size-full wp-image-3403\" src=\"https:\/\/wordpress.nibis.de\/gswrestedt\/files\/2024\/11\/IMG_4254.jpg\" alt=\"\" width=\"800\" height=\"375\" srcset=\"https:\/\/wordpress.nibis.de\/gswrestedt\/files\/2024\/11\/IMG_4254.jpg 800w, https:\/\/wordpress.nibis.de\/gswrestedt\/files\/2024\/11\/IMG_4254-300x141.jpg 300w, https:\/\/wordpress.nibis.de\/gswrestedt\/files\/2024\/11\/IMG_4254-768x360.jpg 768w\" sizes=\"auto, (max-width: 800px) 100vw, 800px\" \/><\/a><\/p>\n<p>Wir <strong>bedanken uns ganz herzlich<\/strong> f\u00fcr die tolle Aktion und die Geschenke!<\/p>\n","protected":false},"excerpt":{"rendered":"<p>Auch in diesem Jahr hat unsere Schule an der Aktion &#8222;Bewegungspass&#8220; vom Landessportbund teilgenommen. W\u00e4hrend des Aktionszeitraumes haben unsere Sch\u00fclerinnen und Sch\u00fcler flei\u00dfig Stempel f\u00fcr Bewegungsangebote gesammelt. Das Ziel der Aktion besteht darin, dass die Kinder mehr Sicherheit im Stra\u00dfenverkehr &hellip; <a href=\"https:\/\/wordpress.nibis.de\/gswrestedt\/bewegungspass-2024\/\">Weiterlesen <span class=\"meta-nav\">&rarr;<\/span><\/a><\/p>\n","protected":false},"author":1020,"featured_media":0,"parent":0,"menu_order":0,"comment_status":"closed","ping_status":"closed","template":"","meta":{"footnotes":""},"class_list":["post-3400","page","type-page","status-publish","hentry"],"_links":{"self":[{"href":"https:\/\/wordpress.nibis.de\/gswrestedt\/wp-json\/wp\/v2\/pages\/3400","targetHints":{"allow":["GET"]}}],"collection":[{"href":"https:\/\/wordpress.nibis.de\/gswrestedt\/wp-json\/wp\/v2\/pages"}],"about":[{"href":"https:\/\/wordpress.nibis.de\/gswrestedt\/wp-json\/wp\/v2\/types\/page"}],"author":[{"embeddable":true,"href":"https:\/\/wordpress.nibis.de\/gswrestedt\/wp-json\/wp\/v2\/users\/1020"}],"replies":[{"embeddable":true,"href":"https:\/\/wordpress.nibis.de\/gswrestedt\/wp-json\/wp\/v2\/comments?post=3400"}],"version-history":[{"count":4,"href":"https:\/\/wordpress.nibis.de\/gswrestedt\/wp-json\/wp\/v2\/pages\/3400\/revisions"}],"predecessor-version":[{"id":3406,"href":"https:\/\/wordpress.nibis.de\/gswrestedt\/wp-json\/wp\/v2\/pages\/3400\/revisions\/3406"}],"wp:attachment":[{"href":"https:\/\/wordpress.nibis.de\/gswrestedt\/wp-json\/wp\/v2\/media?parent=3400"}],"curies":[{"name":"wp","href":"https:\/\/api.w.org\/{rel}","templated":true}]}}