{"id":3409,"date":"2024-11-12T16:12:39","date_gmt":"2024-11-12T15:12:39","guid":{"rendered":"https:\/\/wordpress.nibis.de\/gswrestedt\/?page_id=3409"},"modified":"2024-11-12T16:12:39","modified_gmt":"2024-11-12T15:12:39","slug":"handballtag","status":"publish","type":"page","link":"https:\/\/wordpress.nibis.de\/gswrestedt\/handballtag\/","title":{"rendered":"Handballtag"},"content":{"rendered":"\n<p>Im Rahmen des <strong>Grundschulaktionstages<\/strong> kam am <strong>Freitag, den 08.11.2024 ein sehr engagiertes Trainerteam vom TSV Nettelkamp an unsere Schule.<\/strong> In der Hugo-Priebe-Halle durften die Jahrg\u00e4nge 2 bis 4 den <strong>Handballsport kennen lernen<\/strong> und mit viel Spa\u00df trainieren. Alles war <strong>vom Trainerteam toll vorbereitet und organisiert<\/strong> worden, sodass die Kinder eine willkommene und kurzweilige Abwechslung vom Unterricht erleben konnten.<\/p>\n<div id='gallery-1' class='gallery galleryid-3409 gallery-columns-3 gallery-size-medium'><dl class='gallery-item'>\n\t\t\t<dt class='gallery-icon portrait'>\n\t\t\t\t<a href='https:\/\/wordpress.nibis.de\/gswrestedt\/handballtag\/20241108_083347-klein\/'><img loading=\"lazy\" decoding=\"async\" width=\"225\" height=\"300\" src=\"https:\/\/wordpress.nibis.de\/gswrestedt\/files\/2024\/11\/20241108_083347-klein-225x300.jpg\" class=\"attachment-medium size-medium\" alt=\"\" srcset=\"https:\/\/wordpress.nibis.de\/gswrestedt\/files\/2024\/11\/20241108_083347-klein-225x300.jpg 225w, https:\/\/wordpress.nibis.de\/gswrestedt\/files\/2024\/11\/20241108_083347-klein-768x1024.jpg 768w, https:\/\/wordpress.nibis.de\/gswrestedt\/files\/2024\/11\/20241108_083347-klein.jpg 800w\" sizes=\"auto, (max-width: 225px) 100vw, 225px\" \/><\/a>\n\t\t\t<\/dt><\/dl><dl class='gallery-item'>\n\t\t\t<dt class='gallery-icon portrait'>\n\t\t\t\t<a href='https:\/\/wordpress.nibis.de\/gswrestedt\/handballtag\/20241108_082647-klein\/'><img loading=\"lazy\" decoding=\"async\" width=\"225\" height=\"300\" src=\"https:\/\/wordpress.nibis.de\/gswrestedt\/files\/2024\/11\/20241108_082647-klein-225x300.jpg\" class=\"attachment-medium size-medium\" alt=\"\" srcset=\"https:\/\/wordpress.nibis.de\/gswrestedt\/files\/2024\/11\/20241108_082647-klein-225x300.jpg 225w, https:\/\/wordpress.nibis.de\/gswrestedt\/files\/2024\/11\/20241108_082647-klein-768x1024.jpg 768w, https:\/\/wordpress.nibis.de\/gswrestedt\/files\/2024\/11\/20241108_082647-klein.jpg 800w\" sizes=\"auto, (max-width: 225px) 100vw, 225px\" \/><\/a>\n\t\t\t<\/dt><\/dl><dl class='gallery-item'>\n\t\t\t<dt class='gallery-icon portrait'>\n\t\t\t\t<a href='https:\/\/wordpress.nibis.de\/gswrestedt\/handballtag\/20241108_082417-klein\/'><img loading=\"lazy\" decoding=\"async\" width=\"225\" height=\"300\" src=\"https:\/\/wordpress.nibis.de\/gswrestedt\/files\/2024\/11\/20241108_082417-klein-225x300.jpg\" class=\"attachment-medium size-medium\" alt=\"\" srcset=\"https:\/\/wordpress.nibis.de\/gswrestedt\/files\/2024\/11\/20241108_082417-klein-225x300.jpg 225w, https:\/\/wordpress.nibis.de\/gswrestedt\/files\/2024\/11\/20241108_082417-klein-768x1024.jpg 768w, https:\/\/wordpress.nibis.de\/gswrestedt\/files\/2024\/11\/20241108_082417-klein.jpg 800w\" sizes=\"auto, (max-width: 225px) 100vw, 225px\" \/><\/a>\n\t\t\t<\/dt><\/dl><br style=\"clear: both\" \/>\n\t\t<\/div>\n\n<p>Die Sch\u00fclerinnen und Sch\u00fcler gingen mit einem Laufzettel von Station zu Station, um Punkte zu sammeln. Mit <strong>abwechslungsreichen \u00dcbungen<\/strong> wurden verschiedene <strong>Wurftechniken<\/strong> und die <strong>Geschicklichkeit<\/strong> im Umgang mit dem Ball trainiert.<\/p>\n<p><a href=\"https:\/\/wordpress.nibis.de\/gswrestedt\/?attachment_id=3413\" rel=\"attachment wp-att-3413\"><img loading=\"lazy\" decoding=\"async\" class=\"aligncenter wp-image-3413 size-full\" src=\"https:\/\/wordpress.nibis.de\/gswrestedt\/files\/2024\/11\/20241111_174103-klein.jpg\" alt=\"\" width=\"800\" height=\"538\" srcset=\"https:\/\/wordpress.nibis.de\/gswrestedt\/files\/2024\/11\/20241111_174103-klein.jpg 800w, https:\/\/wordpress.nibis.de\/gswrestedt\/files\/2024\/11\/20241111_174103-klein-300x202.jpg 300w, https:\/\/wordpress.nibis.de\/gswrestedt\/files\/2024\/11\/20241111_174103-klein-768x516.jpg 768w\" sizes=\"auto, (max-width: 800px) 100vw, 800px\" \/><\/a><\/p>\n<p>Am Ende durfte jedes Kind eine <strong>Urkunde<\/strong> mit nach Hause nehmen. Dar\u00fcber freuten sich die Sch\u00fclerinnen und Sch\u00fcler sehr.<\/p>\n<p>Wer Lust bekommen hat, zum Handballtraining zu gehen: die <strong>Trainingszeiten<\/strong> f\u00fcr die Minis (5 bis 8 Jahre) sind Freitags 15:00 &#8211; 16:00 Uhr und f\u00fcr die gemischte E-Jugend (bis 10 Jahre) Freitags 16:00 &#8211; 17.30 Uhr in Wrestedt.<\/p>\n<p>\u00a0<\/p>\n<p style=\"text-align: center\"><strong>Wir bedanken uns beim <a href=\"http:\/\/tsvnettelkamp.de\/\" target=\"_blank\" rel=\"noopener\">TSV Nettelkamp<\/a> ganz herzlich f\u00fcr das tolle Engagement!<\/strong><\/p>\n","protected":false},"excerpt":{"rendered":"<p>Im Rahmen des Grundschulaktionstages kam am Freitag, den 08.11.2024 ein sehr engagiertes Trainerteam vom TSV Nettelkamp an unsere Schule. In der Hugo-Priebe-Halle durften die Jahrg\u00e4nge 2 bis 4 den Handballsport kennen lernen und mit viel Spa\u00df trainieren. Alles war vom &hellip; <a href=\"https:\/\/wordpress.nibis.de\/gswrestedt\/handballtag\/\">Weiterlesen <span class=\"meta-nav\">&rarr;<\/span><\/a><\/p>\n","protected":false},"author":1020,"featured_media":0,"parent":0,"menu_order":0,"comment_status":"closed","ping_status":"closed","template":"","meta":{"footnotes":""},"class_list":["post-3409","page","type-page","status-publish","hentry"],"_links":{"self":[{"href":"https:\/\/wordpress.nibis.de\/gswrestedt\/wp-json\/wp\/v2\/pages\/3409","targetHints":{"allow":["GET"]}}],"collection":[{"href":"https:\/\/wordpress.nibis.de\/gswrestedt\/wp-json\/wp\/v2\/pages"}],"about":[{"href":"https:\/\/wordpress.nibis.de\/gswrestedt\/wp-json\/wp\/v2\/types\/page"}],"author":[{"embeddable":true,"href":"https:\/\/wordpress.nibis.de\/gswrestedt\/wp-json\/wp\/v2\/users\/1020"}],"replies":[{"embeddable":true,"href":"https:\/\/wordpress.nibis.de\/gswrestedt\/wp-json\/wp\/v2\/comments?post=3409"}],"version-history":[{"count":1,"href":"https:\/\/wordpress.nibis.de\/gswrestedt\/wp-json\/wp\/v2\/pages\/3409\/revisions"}],"predecessor-version":[{"id":3414,"href":"https:\/\/wordpress.nibis.de\/gswrestedt\/wp-json\/wp\/v2\/pages\/3409\/revisions\/3414"}],"wp:attachment":[{"href":"https:\/\/wordpress.nibis.de\/gswrestedt\/wp-json\/wp\/v2\/media?parent=3409"}],"curies":[{"name":"wp","href":"https:\/\/api.w.org\/{rel}","templated":true}]}}