{"id":3417,"date":"2024-12-02T12:57:12","date_gmt":"2024-12-02T11:57:12","guid":{"rendered":"https:\/\/wordpress.nibis.de\/gswrestedt\/?page_id=3417"},"modified":"2024-12-02T12:57:12","modified_gmt":"2024-12-02T11:57:12","slug":"vorlesewettbewerb","status":"publish","type":"page","link":"https:\/\/wordpress.nibis.de\/gswrestedt\/vorlesewettbewerb\/","title":{"rendered":"Vorlesewettbewerb"},"content":{"rendered":"\n<p>Am Freitag, dem <strong>22.11.2024<\/strong> fand an unserer Schule der mit Spannung erwartete schulinterne <strong>Vorlesewettbewerb<\/strong> statt. Die besten Leserinnen und Leser aus den dritten und vierten Klassen hatten die M\u00f6glichkeit, ihr K\u00f6nnen unter Beweis zu stellen und sich mit ihren Mitsch\u00fclerinnen und Mitsch\u00fclern zu messen.\u00a0<\/p>\n<p><a href=\"https:\/\/wordpress.nibis.de\/gswrestedt\/?attachment_id=3419\" rel=\"attachment wp-att-3419\"><img loading=\"lazy\" decoding=\"async\" class=\"alignleft size-medium wp-image-3419\" src=\"https:\/\/wordpress.nibis.de\/gswrestedt\/files\/2024\/12\/Vorleser24-300x225.jpg\" alt=\"\" width=\"300\" height=\"225\" srcset=\"https:\/\/wordpress.nibis.de\/gswrestedt\/files\/2024\/12\/Vorleser24-300x225.jpg 300w, https:\/\/wordpress.nibis.de\/gswrestedt\/files\/2024\/12\/Vorleser24-768x576.jpg 768w, https:\/\/wordpress.nibis.de\/gswrestedt\/files\/2024\/12\/Vorleser24.jpg 800w\" sizes=\"auto, (max-width: 300px) 100vw, 300px\" \/><\/a><\/p>\n<p>Die <strong>Aufregung war sp\u00fcrbar<\/strong>, als die Sch\u00fclerinnen und Sch\u00fcler, begleitet von ihren Lehrkr\u00e4ften, in der Turnhalle Platz nahmen. Vorgelesen wurden dann Ausschnitte aus den B\u00fcchern \u201eKing-Kong, das Geheimschwein\u201c von Kirsten Boie und \u201eElla in der zweiten Klasse\u201c von Timo Parvela. Das Publikum, bestehend aus allen Sch\u00fclerinnen und Sch\u00fclern der Schule, unterst\u00fctzte die Vorleser mit <strong>viel Applaus<\/strong> und Aufmerksamkeit.<\/p>\n<p>Eine kompetente <strong>Jury<\/strong>, bestehend aus <strong>Olivia Frese<\/strong> und <strong>Marion Wei\u00df<\/strong>, bewertete die Vortr\u00e4ge nach verschiedenen Kriterien wie <strong>Lesetempo, Betonung und Lautst\u00e4rke<\/strong>. Die Jury hatte die schwierige Aufgabe, aus allen Vorlesern den oder die Beste herauszufiltern.<br \/>Nach einer kurzen Auswertung stand schlie\u00dflich die Entscheidung fest. <strong>Alle Teilnehmerinnen und Teilnehmer wurden mit Urkunden und Preisen ausgezeichnet und erhielten ein gro\u00dfes Lob f\u00fcr ihren Mut und ihre Lesekunst. Die Gewinnerin wird unsere Schule beim kreisweiten Vorlesewettbewerb in Uelzen vertreten. Daf\u00fcr dr\u00fccken wir ihr fest die Daumen!<\/strong><a href=\"https:\/\/wordpress.nibis.de\/gswrestedt\/?attachment_id=3418\" rel=\"attachment wp-att-3418\"><img loading=\"lazy\" decoding=\"async\" class=\"aligncenter wp-image-3418 size-full\" src=\"https:\/\/wordpress.nibis.de\/gswrestedt\/files\/2024\/12\/Siegerehrung24.jpg\" alt=\"\" width=\"800\" height=\"600\" srcset=\"https:\/\/wordpress.nibis.de\/gswrestedt\/files\/2024\/12\/Siegerehrung24.jpg 800w, https:\/\/wordpress.nibis.de\/gswrestedt\/files\/2024\/12\/Siegerehrung24-300x225.jpg 300w, https:\/\/wordpress.nibis.de\/gswrestedt\/files\/2024\/12\/Siegerehrung24-768x576.jpg 768w\" sizes=\"auto, (max-width: 800px) 100vw, 800px\" \/><\/a>Das Event war ein toller Erfolg und bot nicht nur den Leserinnen und Lesern, sondern auch dem Publikum ein tolles Erlebnis. <strong>Wir bedanken uns herzlich bei der Jury f\u00fcr ihr Mitwirken und freuen uns schon auf den n\u00e4chsten Vorlesewettbewerb im kommenden Jahr.<\/strong><\/p>\n<p>\u00a0<\/p>\n","protected":false},"excerpt":{"rendered":"<p>Am Freitag, dem 22.11.2024 fand an unserer Schule der mit Spannung erwartete schulinterne Vorlesewettbewerb statt. Die besten Leserinnen und Leser aus den dritten und vierten Klassen hatten die M\u00f6glichkeit, ihr K\u00f6nnen unter Beweis zu stellen und sich mit ihren Mitsch\u00fclerinnen &hellip; <a href=\"https:\/\/wordpress.nibis.de\/gswrestedt\/vorlesewettbewerb\/\">Weiterlesen <span class=\"meta-nav\">&rarr;<\/span><\/a><\/p>\n","protected":false},"author":1020,"featured_media":0,"parent":0,"menu_order":0,"comment_status":"closed","ping_status":"closed","template":"","meta":{"footnotes":""},"class_list":["post-3417","page","type-page","status-publish","hentry"],"_links":{"self":[{"href":"https:\/\/wordpress.nibis.de\/gswrestedt\/wp-json\/wp\/v2\/pages\/3417","targetHints":{"allow":["GET"]}}],"collection":[{"href":"https:\/\/wordpress.nibis.de\/gswrestedt\/wp-json\/wp\/v2\/pages"}],"about":[{"href":"https:\/\/wordpress.nibis.de\/gswrestedt\/wp-json\/wp\/v2\/types\/page"}],"author":[{"embeddable":true,"href":"https:\/\/wordpress.nibis.de\/gswrestedt\/wp-json\/wp\/v2\/users\/1020"}],"replies":[{"embeddable":true,"href":"https:\/\/wordpress.nibis.de\/gswrestedt\/wp-json\/wp\/v2\/comments?post=3417"}],"version-history":[{"count":4,"href":"https:\/\/wordpress.nibis.de\/gswrestedt\/wp-json\/wp\/v2\/pages\/3417\/revisions"}],"predecessor-version":[{"id":3423,"href":"https:\/\/wordpress.nibis.de\/gswrestedt\/wp-json\/wp\/v2\/pages\/3417\/revisions\/3423"}],"wp:attachment":[{"href":"https:\/\/wordpress.nibis.de\/gswrestedt\/wp-json\/wp\/v2\/media?parent=3417"}],"curies":[{"name":"wp","href":"https:\/\/api.w.org\/{rel}","templated":true}]}}