{"id":3439,"date":"2024-12-09T13:55:19","date_gmt":"2024-12-09T12:55:19","guid":{"rendered":"https:\/\/wordpress.nibis.de\/gswrestedt\/?page_id=3439"},"modified":"2024-12-09T13:55:19","modified_gmt":"2024-12-09T12:55:19","slug":"lesepatentag","status":"publish","type":"page","link":"https:\/\/wordpress.nibis.de\/gswrestedt\/lesepatentag\/","title":{"rendered":"Lesepatentag"},"content":{"rendered":"\n<p>Am <strong>03.12.2024<\/strong> fand einmal mehr unser <strong>Lesepatentag<\/strong> statt. Zu diesem besonderen Tag hatten die <strong>Viertkl\u00e4ssler<\/strong> die <strong>Maxiclubkinder aus dem Kindergarten<\/strong> eingeladen, um ihnen etwas vorzulesen. Die Vorfreude war gro\u00df und die Viertkl\u00e4ssler hatten sich intensiv auf diesen Tag vorbereitet, um den Kleinen ein tolles Leseerlebnis zu bieten.<\/p>\n<p>Die &#8222;Maxis&#8220; h\u00f6rten gespannt zu und sammelten erste Eindr\u00fccke von unserer Schule, die sie bald besuchen werden.<\/p>\n<div id='gallery-1' class='gallery galleryid-3439 gallery-columns-2 gallery-size-medium'><dl class='gallery-item'>\n\t\t\t<dt class='gallery-icon landscape'>\n\t\t\t\t<a href='https:\/\/wordpress.nibis.de\/gswrestedt\/lesepatentag\/lesepatentag-2\/'><img loading=\"lazy\" decoding=\"async\" width=\"300\" height=\"260\" src=\"https:\/\/wordpress.nibis.de\/gswrestedt\/files\/2024\/12\/Lesepatentag-2-300x260.jpg\" class=\"attachment-medium size-medium\" alt=\"\" srcset=\"https:\/\/wordpress.nibis.de\/gswrestedt\/files\/2024\/12\/Lesepatentag-2-300x260.jpg 300w, https:\/\/wordpress.nibis.de\/gswrestedt\/files\/2024\/12\/Lesepatentag-2-768x665.jpg 768w, https:\/\/wordpress.nibis.de\/gswrestedt\/files\/2024\/12\/Lesepatentag-2.jpg 800w\" sizes=\"auto, (max-width: 300px) 100vw, 300px\" \/><\/a>\n\t\t\t<\/dt><\/dl><dl class='gallery-item'>\n\t\t\t<dt class='gallery-icon landscape'>\n\t\t\t\t<a href='https:\/\/wordpress.nibis.de\/gswrestedt\/lesepatentag\/lesepatentag-1\/'><img loading=\"lazy\" decoding=\"async\" width=\"300\" height=\"290\" src=\"https:\/\/wordpress.nibis.de\/gswrestedt\/files\/2024\/12\/Lesepatentag-1-300x290.jpg\" class=\"attachment-medium size-medium\" alt=\"\" srcset=\"https:\/\/wordpress.nibis.de\/gswrestedt\/files\/2024\/12\/Lesepatentag-1-300x290.jpg 300w, https:\/\/wordpress.nibis.de\/gswrestedt\/files\/2024\/12\/Lesepatentag-1-768x742.jpg 768w, https:\/\/wordpress.nibis.de\/gswrestedt\/files\/2024\/12\/Lesepatentag-1.jpg 800w\" sizes=\"auto, (max-width: 300px) 100vw, 300px\" \/><\/a>\n\t\t\t<\/dt><\/dl><br style=\"clear: both\" \/>\n\t\t<\/div>\n\n","protected":false},"excerpt":{"rendered":"<p>Am 03.12.2024 fand einmal mehr unser Lesepatentag statt. Zu diesem besonderen Tag hatten die Viertkl\u00e4ssler die Maxiclubkinder aus dem Kindergarten eingeladen, um ihnen etwas vorzulesen. Die Vorfreude war gro\u00df und die Viertkl\u00e4ssler hatten sich intensiv auf diesen Tag vorbereitet, um &hellip; <a href=\"https:\/\/wordpress.nibis.de\/gswrestedt\/lesepatentag\/\">Weiterlesen <span class=\"meta-nav\">&rarr;<\/span><\/a><\/p>\n","protected":false},"author":1020,"featured_media":0,"parent":0,"menu_order":0,"comment_status":"closed","ping_status":"closed","template":"","meta":{"footnotes":""},"class_list":["post-3439","page","type-page","status-publish","hentry"],"_links":{"self":[{"href":"https:\/\/wordpress.nibis.de\/gswrestedt\/wp-json\/wp\/v2\/pages\/3439","targetHints":{"allow":["GET"]}}],"collection":[{"href":"https:\/\/wordpress.nibis.de\/gswrestedt\/wp-json\/wp\/v2\/pages"}],"about":[{"href":"https:\/\/wordpress.nibis.de\/gswrestedt\/wp-json\/wp\/v2\/types\/page"}],"author":[{"embeddable":true,"href":"https:\/\/wordpress.nibis.de\/gswrestedt\/wp-json\/wp\/v2\/users\/1020"}],"replies":[{"embeddable":true,"href":"https:\/\/wordpress.nibis.de\/gswrestedt\/wp-json\/wp\/v2\/comments?post=3439"}],"version-history":[{"count":2,"href":"https:\/\/wordpress.nibis.de\/gswrestedt\/wp-json\/wp\/v2\/pages\/3439\/revisions"}],"predecessor-version":[{"id":3443,"href":"https:\/\/wordpress.nibis.de\/gswrestedt\/wp-json\/wp\/v2\/pages\/3439\/revisions\/3443"}],"wp:attachment":[{"href":"https:\/\/wordpress.nibis.de\/gswrestedt\/wp-json\/wp\/v2\/media?parent=3439"}],"curies":[{"name":"wp","href":"https:\/\/api.w.org\/{rel}","templated":true}]}}