{"id":3445,"date":"2024-12-09T14:24:27","date_gmt":"2024-12-09T13:24:27","guid":{"rendered":"https:\/\/wordpress.nibis.de\/gswrestedt\/?page_id=3445"},"modified":"2024-12-09T14:24:27","modified_gmt":"2024-12-09T13:24:27","slug":"singen-auf-dem-weihnachtsmarkt","status":"publish","type":"page","link":"https:\/\/wordpress.nibis.de\/gswrestedt\/singen-auf-dem-weihnachtsmarkt\/","title":{"rendered":"Singen auf dem Weihnachtsmarkt"},"content":{"rendered":"\n<p>Am <strong>07.12.2024<\/strong> fand der diesj\u00e4hrige <strong>Wrestedter Weihnachtsmarkt<\/strong> statt. Traditionell <strong>beteiligte sich die Grundschule Wrestedt<\/strong> mit einem Verkaufsstand des <strong>F\u00f6rderkreises<\/strong> und mit einem <strong>Auftritt der Sch\u00fclerinnen und Sch\u00fcler<\/strong>. Unter der Leitung von Frau Voss sangen sie drei zuvor einge\u00fcbte Weihnachtslieder.<\/p>\n<p>Leider regnete es an diesem Abend, doch das hielt die Kinder nicht von ihrem Auftritt ab. Tapfer trotzten sie dem Wetter und sorgten so f\u00fcr weihnachtliche Stimmung bei den Zuh\u00f6rerinnen und Zuh\u00f6rern.\u00a0<\/p>\n<div id=\"attachment_3446\" style=\"width: 810px\" class=\"wp-caption aligncenter\"><a href=\"https:\/\/wordpress.nibis.de\/gswrestedt\/?attachment_id=3446\" rel=\"attachment wp-att-3446\"><img loading=\"lazy\" decoding=\"async\" aria-describedby=\"caption-attachment-3446\" class=\"wp-image-3446 size-full\" src=\"https:\/\/wordpress.nibis.de\/gswrestedt\/files\/2024\/12\/Adventssingen-2024.jpg\" alt=\"\" width=\"800\" height=\"450\" srcset=\"https:\/\/wordpress.nibis.de\/gswrestedt\/files\/2024\/12\/Adventssingen-2024.jpg 800w, https:\/\/wordpress.nibis.de\/gswrestedt\/files\/2024\/12\/Adventssingen-2024-300x169.jpg 300w, https:\/\/wordpress.nibis.de\/gswrestedt\/files\/2024\/12\/Adventssingen-2024-768x432.jpg 768w\" sizes=\"auto, (max-width: 800px) 100vw, 800px\" \/><\/a><p id=\"caption-attachment-3446\" class=\"wp-caption-text\">Die S\u00e4ngerinnen und S\u00e4nger auf den oberen R\u00e4ngen der Trib\u00fcne wurden mit einem tollen Ausblick \u00fcber den Weihnachtsmarkt belohnt.<\/p><\/div>\n","protected":false},"excerpt":{"rendered":"<p>Am 07.12.2024 fand der diesj\u00e4hrige Wrestedter Weihnachtsmarkt statt. Traditionell beteiligte sich die Grundschule Wrestedt mit einem Verkaufsstand des F\u00f6rderkreises und mit einem Auftritt der Sch\u00fclerinnen und Sch\u00fcler. Unter der Leitung von Frau Voss sangen sie drei zuvor einge\u00fcbte Weihnachtslieder. Leider &hellip; <a href=\"https:\/\/wordpress.nibis.de\/gswrestedt\/singen-auf-dem-weihnachtsmarkt\/\">Weiterlesen <span class=\"meta-nav\">&rarr;<\/span><\/a><\/p>\n","protected":false},"author":1020,"featured_media":0,"parent":0,"menu_order":0,"comment_status":"closed","ping_status":"closed","template":"","meta":{"footnotes":""},"class_list":["post-3445","page","type-page","status-publish","hentry"],"_links":{"self":[{"href":"https:\/\/wordpress.nibis.de\/gswrestedt\/wp-json\/wp\/v2\/pages\/3445","targetHints":{"allow":["GET"]}}],"collection":[{"href":"https:\/\/wordpress.nibis.de\/gswrestedt\/wp-json\/wp\/v2\/pages"}],"about":[{"href":"https:\/\/wordpress.nibis.de\/gswrestedt\/wp-json\/wp\/v2\/types\/page"}],"author":[{"embeddable":true,"href":"https:\/\/wordpress.nibis.de\/gswrestedt\/wp-json\/wp\/v2\/users\/1020"}],"replies":[{"embeddable":true,"href":"https:\/\/wordpress.nibis.de\/gswrestedt\/wp-json\/wp\/v2\/comments?post=3445"}],"version-history":[{"count":1,"href":"https:\/\/wordpress.nibis.de\/gswrestedt\/wp-json\/wp\/v2\/pages\/3445\/revisions"}],"predecessor-version":[{"id":3447,"href":"https:\/\/wordpress.nibis.de\/gswrestedt\/wp-json\/wp\/v2\/pages\/3445\/revisions\/3447"}],"wp:attachment":[{"href":"https:\/\/wordpress.nibis.de\/gswrestedt\/wp-json\/wp\/v2\/media?parent=3445"}],"curies":[{"name":"wp","href":"https:\/\/api.w.org\/{rel}","templated":true}]}}