{"id":3450,"date":"2025-03-10T12:22:27","date_gmt":"2025-03-10T11:22:27","guid":{"rendered":"https:\/\/wordpress.nibis.de\/gswrestedt\/?page_id=3450"},"modified":"2025-03-10T12:22:27","modified_gmt":"2025-03-10T11:22:27","slug":"rosenmontag","status":"publish","type":"page","link":"https:\/\/wordpress.nibis.de\/gswrestedt\/rosenmontag\/","title":{"rendered":"Rosenmontag"},"content":{"rendered":"\n<p>Am Rosenmontag ging es lustig zu in der Grundschule Wrestedt. Kinder und Lehrkr\u00e4fte waren bunt kost\u00fcmiert und feierten gemeinsam das Faschingsfest. Es wurde getanzt, gelacht, gespielt und so manche S\u00fc\u00dfigkeit verputzt.<\/p>\n<p><a href=\"https:\/\/wordpress.nibis.de\/gswrestedt\/?attachment_id=3452\" rel=\"attachment wp-att-3452\"><img loading=\"lazy\" decoding=\"async\" class=\"aligncenter wp-image-3452 size-medium\" src=\"https:\/\/wordpress.nibis.de\/gswrestedt\/files\/2025\/03\/20250303_130252-300x222.jpg\" alt=\"\" width=\"300\" height=\"222\" srcset=\"https:\/\/wordpress.nibis.de\/gswrestedt\/files\/2025\/03\/20250303_130252-300x222.jpg 300w, https:\/\/wordpress.nibis.de\/gswrestedt\/files\/2025\/03\/20250303_130252-768x567.jpg 768w, https:\/\/wordpress.nibis.de\/gswrestedt\/files\/2025\/03\/20250303_130252.jpg 800w\" sizes=\"auto, (max-width: 300px) 100vw, 300px\" \/><\/a><\/p>\n<p>Au\u00dferdem machten sich alle auf den Weg ins Rathaus, um dem B\u00fcrgermeister Herrn M\u00fcller einen lustigen Besuch abzustatten. Die Kinder sangen drei Karnevalslieder vor und Herr M\u00fcller bedankte sich, indem er Gummib\u00e4rchent\u00fcten in die bunte Menge warf.<\/p>\n<p><a href=\"https:\/\/wordpress.nibis.de\/gswrestedt\/?attachment_id=3451\" rel=\"attachment wp-att-3451\"><img loading=\"lazy\" decoding=\"async\" class=\"aligncenter wp-image-3451 size-medium\" src=\"https:\/\/wordpress.nibis.de\/gswrestedt\/files\/2025\/03\/20250303_101607-253x300.jpg\" alt=\"\" width=\"253\" height=\"300\" srcset=\"https:\/\/wordpress.nibis.de\/gswrestedt\/files\/2025\/03\/20250303_101607-253x300.jpg 253w, https:\/\/wordpress.nibis.de\/gswrestedt\/files\/2025\/03\/20250303_101607-768x911.jpg 768w, https:\/\/wordpress.nibis.de\/gswrestedt\/files\/2025\/03\/20250303_101607.jpg 800w\" sizes=\"auto, (max-width: 253px) 100vw, 253px\" \/><\/a><\/p>\n","protected":false},"excerpt":{"rendered":"<p>Am Rosenmontag ging es lustig zu in der Grundschule Wrestedt. Kinder und Lehrkr\u00e4fte waren bunt kost\u00fcmiert und feierten gemeinsam das Faschingsfest. Es wurde getanzt, gelacht, gespielt und so manche S\u00fc\u00dfigkeit verputzt. Au\u00dferdem machten sich alle auf den Weg ins Rathaus, &hellip; <a href=\"https:\/\/wordpress.nibis.de\/gswrestedt\/rosenmontag\/\">Weiterlesen <span class=\"meta-nav\">&rarr;<\/span><\/a><\/p>\n","protected":false},"author":1020,"featured_media":0,"parent":0,"menu_order":0,"comment_status":"closed","ping_status":"closed","template":"","meta":{"footnotes":""},"class_list":["post-3450","page","type-page","status-publish","hentry"],"_links":{"self":[{"href":"https:\/\/wordpress.nibis.de\/gswrestedt\/wp-json\/wp\/v2\/pages\/3450","targetHints":{"allow":["GET"]}}],"collection":[{"href":"https:\/\/wordpress.nibis.de\/gswrestedt\/wp-json\/wp\/v2\/pages"}],"about":[{"href":"https:\/\/wordpress.nibis.de\/gswrestedt\/wp-json\/wp\/v2\/types\/page"}],"author":[{"embeddable":true,"href":"https:\/\/wordpress.nibis.de\/gswrestedt\/wp-json\/wp\/v2\/users\/1020"}],"replies":[{"embeddable":true,"href":"https:\/\/wordpress.nibis.de\/gswrestedt\/wp-json\/wp\/v2\/comments?post=3450"}],"version-history":[{"count":1,"href":"https:\/\/wordpress.nibis.de\/gswrestedt\/wp-json\/wp\/v2\/pages\/3450\/revisions"}],"predecessor-version":[{"id":3454,"href":"https:\/\/wordpress.nibis.de\/gswrestedt\/wp-json\/wp\/v2\/pages\/3450\/revisions\/3454"}],"wp:attachment":[{"href":"https:\/\/wordpress.nibis.de\/gswrestedt\/wp-json\/wp\/v2\/media?parent=3450"}],"curies":[{"name":"wp","href":"https:\/\/api.w.org\/{rel}","templated":true}]}}