{"id":3474,"date":"2025-06-23T13:04:04","date_gmt":"2025-06-23T11:04:04","guid":{"rendered":"https:\/\/wordpress.nibis.de\/gswrestedt\/?page_id=3474"},"modified":"2025-06-23T13:04:04","modified_gmt":"2025-06-23T11:04:04","slug":"adac-fahrradturnier-2025","status":"publish","type":"page","link":"https:\/\/wordpress.nibis.de\/gswrestedt\/adac-fahrradturnier-2025\/","title":{"rendered":"ADAC Fahrradturnier 2025"},"content":{"rendered":"\n<p>Am <strong>12. und 13.06.2025<\/strong>\u00a0fand f\u00fcr die Sch\u00fcler und Sch\u00fclerinnen der Grundschule Wrestedt das <strong>Jugend-Fahrrad-Turnier &#8222;Mit Sicherheit ans Ziel&#8220;<\/strong>\u00a0in Zusammenarbeit mit dem <strong>ADAC<\/strong> statt.<\/p>\n<p><a href=\"https:\/\/wordpress.nibis.de\/gswrestedt\/?attachment_id=3478\" rel=\"attachment wp-att-3478\"><img loading=\"lazy\" decoding=\"async\" class=\"aligncenter size-medium wp-image-3478\" src=\"https:\/\/wordpress.nibis.de\/gswrestedt\/files\/2025\/06\/20250613_084758-300x225.jpg\" alt=\"\" width=\"300\" height=\"225\" srcset=\"https:\/\/wordpress.nibis.de\/gswrestedt\/files\/2025\/06\/20250613_084758-300x225.jpg 300w, https:\/\/wordpress.nibis.de\/gswrestedt\/files\/2025\/06\/20250613_084758-1024x768.jpg 1024w, https:\/\/wordpress.nibis.de\/gswrestedt\/files\/2025\/06\/20250613_084758-768x576.jpg 768w, https:\/\/wordpress.nibis.de\/gswrestedt\/files\/2025\/06\/20250613_084758-1536x1152.jpg 1536w, https:\/\/wordpress.nibis.de\/gswrestedt\/files\/2025\/06\/20250613_084758.jpg 2000w\" sizes=\"auto, (max-width: 300px) 100vw, 300px\" \/><\/a><\/p>\n<p><strong>Es wurde ge\u00fcbt, das Fahrrad auch in schwierigen Situationen zu beherrschen und wichtige sicherheitsrelevante Verhaltensweisen anzuwenden.<\/strong><\/p>\n<p>Vor der Fahrt wurde die Strecke von allen Kindern einmal<strong> zu Fu\u00df abgelaufen<\/strong> und die <strong>einzelnen \u00dcbungen wurden erkl\u00e4rt. <\/strong>Au\u00dferdem wurde gepr\u00fcft, ob die <strong>Helme richtig sitzen<\/strong>. Und wo war nochmal die <strong>linke Hand<\/strong>, mit der ein <strong>Spurwechsel<\/strong> angezeigt werden muss? Kurz bevor es los ging, waren die Kinder richtig <strong>nerv\u00f6s<\/strong>. Doch die <strong>ehrenamtlichen Helfer vom ADAC<\/strong> hatten beruhigende und Mut machende Worte parat.<\/p>\n<p><a href=\"https:\/\/wordpress.nibis.de\/gswrestedt\/?attachment_id=3475\" rel=\"attachment wp-att-3475\"><img loading=\"lazy\" decoding=\"async\" class=\"aligncenter size-medium wp-image-3475\" src=\"https:\/\/wordpress.nibis.de\/gswrestedt\/files\/2025\/06\/20250613_084222-300x240.jpg\" alt=\"\" width=\"300\" height=\"240\" srcset=\"https:\/\/wordpress.nibis.de\/gswrestedt\/files\/2025\/06\/20250613_084222-300x240.jpg 300w, https:\/\/wordpress.nibis.de\/gswrestedt\/files\/2025\/06\/20250613_084222-768x613.jpg 768w, https:\/\/wordpress.nibis.de\/gswrestedt\/files\/2025\/06\/20250613_084222.jpg 800w\" sizes=\"auto, (max-width: 300px) 100vw, 300px\" \/><\/a><\/p>\n<p>Insgesamt warteten <strong>acht praktische \u00dcbungen<\/strong> auf die Kinder. Am Ende bekam jedes Kind eine Urkunde. Die drei geschicktesten Fahrer und Fahrerinnen aus jeder Klasse bekamen zus\u00e4tzlich eine Medaille und ein Leuchtarmband.<\/p>\n<p><a href=\"https:\/\/wordpress.nibis.de\/gswrestedt\/?attachment_id=3476\" rel=\"attachment wp-att-3476\"><img loading=\"lazy\" decoding=\"async\" class=\"aligncenter size-medium wp-image-3476\" src=\"https:\/\/wordpress.nibis.de\/gswrestedt\/files\/2025\/06\/20250613_150949-227x300.jpg\" alt=\"\" width=\"227\" height=\"300\" srcset=\"https:\/\/wordpress.nibis.de\/gswrestedt\/files\/2025\/06\/20250613_150949-227x300.jpg 227w, https:\/\/wordpress.nibis.de\/gswrestedt\/files\/2025\/06\/20250613_150949-774x1024.jpg 774w, https:\/\/wordpress.nibis.de\/gswrestedt\/files\/2025\/06\/20250613_150949-768x1016.jpg 768w, https:\/\/wordpress.nibis.de\/gswrestedt\/files\/2025\/06\/20250613_150949.jpg 800w\" sizes=\"auto, (max-width: 227px) 100vw, 227px\" \/><\/a><\/p>\n<p style=\"text-align: center\"><strong>Wir danken dem Team vom ADAC f\u00fcr ihre tolle Arbeit. <\/strong><strong>Das Turnier hat den Kindern wieder gro\u00dfen Spa\u00df gemacht!<\/strong><\/p>\n<p>\u00a0<\/p>\n","protected":false},"excerpt":{"rendered":"<p>Am 12. und 13.06.2025\u00a0fand f\u00fcr die Sch\u00fcler und Sch\u00fclerinnen der Grundschule Wrestedt das Jugend-Fahrrad-Turnier &#8222;Mit Sicherheit ans Ziel&#8220;\u00a0in Zusammenarbeit mit dem ADAC statt. Es wurde ge\u00fcbt, das Fahrrad auch in schwierigen Situationen zu beherrschen und wichtige sicherheitsrelevante Verhaltensweisen anzuwenden. Vor &hellip; <a href=\"https:\/\/wordpress.nibis.de\/gswrestedt\/adac-fahrradturnier-2025\/\">Weiterlesen <span class=\"meta-nav\">&rarr;<\/span><\/a><\/p>\n","protected":false},"author":1020,"featured_media":0,"parent":0,"menu_order":0,"comment_status":"closed","ping_status":"closed","template":"","meta":{"footnotes":""},"class_list":["post-3474","page","type-page","status-publish","hentry"],"_links":{"self":[{"href":"https:\/\/wordpress.nibis.de\/gswrestedt\/wp-json\/wp\/v2\/pages\/3474","targetHints":{"allow":["GET"]}}],"collection":[{"href":"https:\/\/wordpress.nibis.de\/gswrestedt\/wp-json\/wp\/v2\/pages"}],"about":[{"href":"https:\/\/wordpress.nibis.de\/gswrestedt\/wp-json\/wp\/v2\/types\/page"}],"author":[{"embeddable":true,"href":"https:\/\/wordpress.nibis.de\/gswrestedt\/wp-json\/wp\/v2\/users\/1020"}],"replies":[{"embeddable":true,"href":"https:\/\/wordpress.nibis.de\/gswrestedt\/wp-json\/wp\/v2\/comments?post=3474"}],"version-history":[{"count":2,"href":"https:\/\/wordpress.nibis.de\/gswrestedt\/wp-json\/wp\/v2\/pages\/3474\/revisions"}],"predecessor-version":[{"id":3479,"href":"https:\/\/wordpress.nibis.de\/gswrestedt\/wp-json\/wp\/v2\/pages\/3474\/revisions\/3479"}],"wp:attachment":[{"href":"https:\/\/wordpress.nibis.de\/gswrestedt\/wp-json\/wp\/v2\/media?parent=3474"}],"curies":[{"name":"wp","href":"https:\/\/api.w.org\/{rel}","templated":true}]}}