{"id":3481,"date":"2025-06-23T13:36:26","date_gmt":"2025-06-23T11:36:26","guid":{"rendered":"https:\/\/wordpress.nibis.de\/gswrestedt\/?page_id=3481"},"modified":"2025-06-23T13:36:26","modified_gmt":"2025-06-23T11:36:26","slug":"schwimmwoche","status":"publish","type":"page","link":"https:\/\/wordpress.nibis.de\/gswrestedt\/schwimmwoche\/","title":{"rendered":"Schwimmwoche"},"content":{"rendered":"\n<p>In der Woche vom 16. bis 20.6.2025 fand unsere <strong>Projektwoche &#8222;Schwimmen&#8220;<\/strong> statt.<\/p>\n<p>Von Montag bis Freitag fuhren die Sch\u00fclerinnen und Sch\u00fcler <strong>ins Sommerbad Stadensen.<\/strong> Am Montag und Mittwoch fuhren die 2. und 4. Klassen, am Dienstag und Donnerstag die 1. und 3. Klassen und am Freitag fuhr die gesamte Schule ins Freibad.<\/p>\n<div id='gallery-1' class='gallery galleryid-3481 gallery-columns-2 gallery-size-large'><dl class='gallery-item'>\n\t\t\t<dt class='gallery-icon portrait'>\n\t\t\t\t<a href='https:\/\/wordpress.nibis.de\/gswrestedt\/sportabzeichen-projektwoche\/8afe2c5e-78a1-47e9-ac1a-358d7c7453f6\/'><img loading=\"lazy\" decoding=\"async\" width=\"640\" height=\"853\" src=\"https:\/\/wordpress.nibis.de\/gswrestedt\/files\/2022\/06\/8AFE2C5E-78A1-47E9-AC1A-358D7C7453F6-768x1024.jpeg\" class=\"attachment-large size-large\" alt=\"\" srcset=\"https:\/\/wordpress.nibis.de\/gswrestedt\/files\/2022\/06\/8AFE2C5E-78A1-47E9-AC1A-358D7C7453F6-768x1024.jpeg 768w, https:\/\/wordpress.nibis.de\/gswrestedt\/files\/2022\/06\/8AFE2C5E-78A1-47E9-AC1A-358D7C7453F6-225x300.jpeg 225w, https:\/\/wordpress.nibis.de\/gswrestedt\/files\/2022\/06\/8AFE2C5E-78A1-47E9-AC1A-358D7C7453F6-1152x1536.jpeg 1152w, https:\/\/wordpress.nibis.de\/gswrestedt\/files\/2022\/06\/8AFE2C5E-78A1-47E9-AC1A-358D7C7453F6-1536x2048.jpeg 1536w, https:\/\/wordpress.nibis.de\/gswrestedt\/files\/2022\/06\/8AFE2C5E-78A1-47E9-AC1A-358D7C7453F6-scaled.jpeg 1920w\" sizes=\"auto, (max-width: 640px) 100vw, 640px\" \/><\/a>\n\t\t\t<\/dt><\/dl><dl class='gallery-item'>\n\t\t\t<dt class='gallery-icon portrait'>\n\t\t\t\t<a href='https:\/\/wordpress.nibis.de\/gswrestedt\/schwimmwoche\/20250620_100919\/'><img loading=\"lazy\" decoding=\"async\" width=\"640\" height=\"853\" src=\"https:\/\/wordpress.nibis.de\/gswrestedt\/files\/2025\/06\/20250620_100919-768x1024.jpg\" class=\"attachment-large size-large\" alt=\"\" srcset=\"https:\/\/wordpress.nibis.de\/gswrestedt\/files\/2025\/06\/20250620_100919-768x1024.jpg 768w, https:\/\/wordpress.nibis.de\/gswrestedt\/files\/2025\/06\/20250620_100919-225x300.jpg 225w, https:\/\/wordpress.nibis.de\/gswrestedt\/files\/2025\/06\/20250620_100919.jpg 800w\" sizes=\"auto, (max-width: 640px) 100vw, 640px\" \/><\/a>\n\t\t\t<\/dt><\/dl><br style=\"clear: both\" \/>\n\t\t<\/div>\n\n<p><strong>Unter Anleitung von Fachpersonal wurden erste Erfahrungen mit dem Wasser gemacht, f\u00fcr das Schwimmabzeichen ge\u00fcbt und die Schwimmf\u00e4higkeiten weiter verbessert<\/strong>. Dazu wurden die Kinder in 3 Gruppen eingeteilt und nach ihren F\u00e4higkeiten gef\u00f6rdert.\u00a0<\/p>\n<p>Bei strahlendem Sonnenschein sind die Kinder flei\u00dfig <strong>geschwommen<\/strong>, haben viel\u00a0<strong>gespielt<\/strong>\u00a0und\u00a0<strong>gelacht<\/strong>, sich mit leckerem\u00a0<strong>Fr\u00fchst\u00fcck<\/strong>\u00a0gest\u00e4rkt und den\u00a0<strong>Kiosk<\/strong>\u00a0leergekauft.<a href=\"https:\/\/wordpress.nibis.de\/gswrestedt\/?attachment_id=3488\" rel=\"attachment wp-att-3488\"><img loading=\"lazy\" decoding=\"async\" class=\"size-medium wp-image-3488 alignright\" src=\"https:\/\/wordpress.nibis.de\/gswrestedt\/files\/2025\/06\/Wasser-2-225x300.jpeg\" alt=\"\" width=\"225\" height=\"300\" srcset=\"https:\/\/wordpress.nibis.de\/gswrestedt\/files\/2025\/06\/Wasser-2-225x300.jpeg 225w, https:\/\/wordpress.nibis.de\/gswrestedt\/files\/2025\/06\/Wasser-2-768x1024.jpeg 768w, https:\/\/wordpress.nibis.de\/gswrestedt\/files\/2025\/06\/Wasser-2-1152x1536.jpeg 1152w, https:\/\/wordpress.nibis.de\/gswrestedt\/files\/2025\/06\/Wasser-2-1536x2048.jpeg 1536w, https:\/\/wordpress.nibis.de\/gswrestedt\/files\/2025\/06\/Wasser-2-scaled.jpeg 1920w\" sizes=\"auto, (max-width: 225px) 100vw, 225px\" \/><\/a><\/p>\n<p>Am Freitag hatten alle Sch\u00fcler und Sch\u00fclerinnen die M\u00f6glichkeit, sich an <strong>10 Stationen auf dem Spielplatz und im Wasser<\/strong> auszutoben. Sie mussten zum Beispiel nach Ringen tauchen, Dosen umwerfen, Fische angeln, Sackh\u00fcpfen, balancieren und vieles mehr. <strong>Das Team von Sommerbad Stadensen hatte alle Stationen vorbereitet.<\/strong><a href=\"https:\/\/wordpress.nibis.de\/gswrestedt\/?attachment_id=3485\" rel=\"attachment wp-att-3485\"><img loading=\"lazy\" decoding=\"async\" class=\"size-medium wp-image-3485 alignleft\" src=\"https:\/\/wordpress.nibis.de\/gswrestedt\/files\/2025\/06\/20250620_092228-225x300.jpg\" alt=\"\" width=\"225\" height=\"300\" srcset=\"https:\/\/wordpress.nibis.de\/gswrestedt\/files\/2025\/06\/20250620_092228-225x300.jpg 225w, https:\/\/wordpress.nibis.de\/gswrestedt\/files\/2025\/06\/20250620_092228-768x1024.jpg 768w, https:\/\/wordpress.nibis.de\/gswrestedt\/files\/2025\/06\/20250620_092228.jpg 800w\" sizes=\"auto, (max-width: 225px) 100vw, 225px\" \/><\/a><a href=\"https:\/\/wordpress.nibis.de\/gswrestedt\/?attachment_id=3483\" rel=\"attachment wp-att-3483\"><img loading=\"lazy\" decoding=\"async\" class=\"size-medium wp-image-3483 alignright\" src=\"https:\/\/wordpress.nibis.de\/gswrestedt\/files\/2025\/06\/20250620_090703-300x190.jpg\" alt=\"\" width=\"300\" height=\"190\" srcset=\"https:\/\/wordpress.nibis.de\/gswrestedt\/files\/2025\/06\/20250620_090703-300x190.jpg 300w, https:\/\/wordpress.nibis.de\/gswrestedt\/files\/2025\/06\/20250620_090703-768x487.jpg 768w, https:\/\/wordpress.nibis.de\/gswrestedt\/files\/2025\/06\/20250620_090703.jpg 800w\" sizes=\"auto, (max-width: 300px) 100vw, 300px\" \/><\/a><\/p>\n<p>\u00a0<\/p>\n<p>\u00a0<\/p>\n<p>\u00a0<\/p>\n<p>\u00a0<\/p>\n<p>\u00a0<\/p>\n<p>\u00a0<\/p>\n<p>\u00a0<\/p>\n<p>Als Abschluss der Woche wurden die <strong>erworbenen Schwimmabzeichen<\/strong> feierlich an die Kinder \u00fcberreicht.<\/p>\n<p><a href=\"https:\/\/wordpress.nibis.de\/gswrestedt\/?attachment_id=3487\" rel=\"attachment wp-att-3487\"><img loading=\"lazy\" decoding=\"async\" class=\"size-medium wp-image-3487 alignright\" src=\"https:\/\/wordpress.nibis.de\/gswrestedt\/files\/2025\/06\/20250620_105104-300x225.jpg\" alt=\"\" width=\"300\" height=\"225\" srcset=\"https:\/\/wordpress.nibis.de\/gswrestedt\/files\/2025\/06\/20250620_105104-300x225.jpg 300w, https:\/\/wordpress.nibis.de\/gswrestedt\/files\/2025\/06\/20250620_105104-768x576.jpg 768w, https:\/\/wordpress.nibis.de\/gswrestedt\/files\/2025\/06\/20250620_105104.jpg 800w\" sizes=\"auto, (max-width: 300px) 100vw, 300px\" \/><\/a> <a href=\"https:\/\/wordpress.nibis.de\/gswrestedt\/?attachment_id=3486\" rel=\"attachment wp-att-3486\"><img loading=\"lazy\" decoding=\"async\" class=\"size-medium wp-image-3486 alignleft\" src=\"https:\/\/wordpress.nibis.de\/gswrestedt\/files\/2025\/06\/20250620_105011-202x300.jpg\" alt=\"\" width=\"202\" height=\"300\" srcset=\"https:\/\/wordpress.nibis.de\/gswrestedt\/files\/2025\/06\/20250620_105011-202x300.jpg 202w, https:\/\/wordpress.nibis.de\/gswrestedt\/files\/2025\/06\/20250620_105011.jpg 296w\" sizes=\"auto, (max-width: 202px) 100vw, 202px\" \/><\/a><\/p>\n<p>\u00a0<\/p>\n<p>\u00a0<\/p>\n<p>\u00a0<\/p>\n<p>\u00a0<\/p>\n<p>\u00a0<\/p>\n<p>\u00a0<\/p>\n<p>\u00a0<\/p>\n<p>Das Fachpersonal vom Sommerbad Stadensen unter der Leitung von <strong>Nina Both<\/strong> sowie <strong>Mitglieder der DLRG<\/strong> haben unsere Schule in der Zeit betreut und angeleitet. <strong>Herzlichen Dank f\u00fcr diesen Einsatz und das Engagement.\u00a0<\/strong><\/p>\n<p><strong>Ein besonderer Dank gilt auch den Eltern, die uns in dieser Woche zahlreich unterst\u00fctzten und so zum guten Gelingen beitrugen.<\/strong><\/p>\n","protected":false},"excerpt":{"rendered":"<p>In der Woche vom 16. bis 20.6.2025 fand unsere Projektwoche &#8222;Schwimmen&#8220; statt. Von Montag bis Freitag fuhren die Sch\u00fclerinnen und Sch\u00fcler ins Sommerbad Stadensen. Am Montag und Mittwoch fuhren die 2. und 4. Klassen, am Dienstag und Donnerstag die 1. &hellip; <a href=\"https:\/\/wordpress.nibis.de\/gswrestedt\/schwimmwoche\/\">Weiterlesen <span class=\"meta-nav\">&rarr;<\/span><\/a><\/p>\n","protected":false},"author":1020,"featured_media":0,"parent":0,"menu_order":0,"comment_status":"closed","ping_status":"closed","template":"","meta":{"footnotes":""},"class_list":["post-3481","page","type-page","status-publish","hentry"],"_links":{"self":[{"href":"https:\/\/wordpress.nibis.de\/gswrestedt\/wp-json\/wp\/v2\/pages\/3481","targetHints":{"allow":["GET"]}}],"collection":[{"href":"https:\/\/wordpress.nibis.de\/gswrestedt\/wp-json\/wp\/v2\/pages"}],"about":[{"href":"https:\/\/wordpress.nibis.de\/gswrestedt\/wp-json\/wp\/v2\/types\/page"}],"author":[{"embeddable":true,"href":"https:\/\/wordpress.nibis.de\/gswrestedt\/wp-json\/wp\/v2\/users\/1020"}],"replies":[{"embeddable":true,"href":"https:\/\/wordpress.nibis.de\/gswrestedt\/wp-json\/wp\/v2\/comments?post=3481"}],"version-history":[{"count":5,"href":"https:\/\/wordpress.nibis.de\/gswrestedt\/wp-json\/wp\/v2\/pages\/3481\/revisions"}],"predecessor-version":[{"id":3494,"href":"https:\/\/wordpress.nibis.de\/gswrestedt\/wp-json\/wp\/v2\/pages\/3481\/revisions\/3494"}],"wp:attachment":[{"href":"https:\/\/wordpress.nibis.de\/gswrestedt\/wp-json\/wp\/v2\/media?parent=3481"}],"curies":[{"name":"wp","href":"https:\/\/api.w.org\/{rel}","templated":true}]}}