{"id":3543,"date":"2025-10-08T13:22:28","date_gmt":"2025-10-08T11:22:28","guid":{"rendered":"https:\/\/wordpress.nibis.de\/gswrestedt\/?page_id=3543"},"modified":"2025-10-08T13:22:28","modified_gmt":"2025-10-08T11:22:28","slug":"spende-vom-foerderkreis","status":"publish","type":"page","link":"https:\/\/wordpress.nibis.de\/gswrestedt\/spende-vom-foerderkreis\/","title":{"rendered":"Spende vom F\u00f6rderkreis"},"content":{"rendered":"\n<p>Dank einer <strong>gro\u00dfz\u00fcgigen Spende unseres Eltern-F\u00f6rderkreises<\/strong> konnten zahlreiche neue Materialien zur F\u00f6rderung unserer Sch\u00fclerinnen und Sch\u00fcler angeschafft werden.\u00a0<\/p>\n<p>Frau Strohpagel hat intensiv recherchiert, welche Materialien sich besonders gut eignen, um die Kinder bestm\u00f6glich zu unterst\u00fctzen. Mit gro\u00dfem Engagement hat sie eine umfangreiche Auswahl an Materialien gekauft, teilweise erg\u00e4nzt, aufgearbeitet und inventarisiert, sodass sie nun dem gesamten Kollegium f\u00fcr einen unkomplizierten und schnellen Einsatz zur Verf\u00fcgung stehen.<\/p>\n<p>Bei einer schulinternen Fortbildung wurden die neuen Materialien von Frau Strohpagel und Frau Vo\u00df vorgestellt und vom gesamten Kollegium ausprobiert. Der vielseitige Fundus umfasst <strong>F\u00f6rderangebote aus den Bereichen Deutsch, Mathematik, Gef\u00fchle\/Emotionen sowie Motorik.<\/strong><\/p>\n<div id='gallery-1' class='gallery galleryid-3543 gallery-columns-4 gallery-size-thumbnail'><dl class='gallery-item'>\n\t\t\t<dt class='gallery-icon portrait'>\n\t\t\t\t<a href='https:\/\/wordpress.nibis.de\/gswrestedt\/spende-vom-foerderkreis\/nachspuren\/'><img loading=\"lazy\" decoding=\"async\" width=\"150\" height=\"150\" src=\"https:\/\/wordpress.nibis.de\/gswrestedt\/files\/2025\/10\/Nachspuren-150x150.jpg\" class=\"attachment-thumbnail size-thumbnail\" alt=\"\" aria-describedby=\"gallery-1-3550\" \/><\/a>\n\t\t\t<\/dt>\n\t\t\t\t<dd class='wp-caption-text gallery-caption' id='gallery-1-3550'>\n\t\t\t\tNachspuren\n\t\t\t\t<\/dd><\/dl><dl class='gallery-item'>\n\t\t\t<dt class='gallery-icon landscape'>\n\t\t\t\t<a href='https:\/\/wordpress.nibis.de\/gswrestedt\/spende-vom-foerderkreis\/gefuehle\/'><img loading=\"lazy\" decoding=\"async\" width=\"150\" height=\"150\" src=\"https:\/\/wordpress.nibis.de\/gswrestedt\/files\/2025\/10\/Gefuehle-150x150.jpg\" class=\"attachment-thumbnail size-thumbnail\" alt=\"\" aria-describedby=\"gallery-1-3549\" \/><\/a>\n\t\t\t<\/dt>\n\t\t\t\t<dd class='wp-caption-text gallery-caption' id='gallery-1-3549'>\n\t\t\t\tGef\u00fchle\n\t\t\t\t<\/dd><\/dl><dl class='gallery-item'>\n\t\t\t<dt class='gallery-icon portrait'>\n\t\t\t\t<a href='https:\/\/wordpress.nibis.de\/gswrestedt\/spende-vom-foerderkreis\/flur\/'><img loading=\"lazy\" decoding=\"async\" width=\"150\" height=\"150\" src=\"https:\/\/wordpress.nibis.de\/gswrestedt\/files\/2025\/10\/Flur-150x150.jpg\" class=\"attachment-thumbnail size-thumbnail\" alt=\"\" aria-describedby=\"gallery-1-3548\" \/><\/a>\n\t\t\t<\/dt>\n\t\t\t\t<dd class='wp-caption-text gallery-caption' id='gallery-1-3548'>\n\t\t\t\tTeamarbeit n\u00f6tig!\n\t\t\t\t<\/dd><\/dl><dl class='gallery-item'>\n\t\t\t<dt class='gallery-icon portrait'>\n\t\t\t\t<a href='https:\/\/wordpress.nibis.de\/gswrestedt\/spende-vom-foerderkreis\/flur-spiele\/'><img loading=\"lazy\" decoding=\"async\" width=\"150\" height=\"150\" src=\"https:\/\/wordpress.nibis.de\/gswrestedt\/files\/2025\/10\/Flur-Spiele-150x150.jpg\" class=\"attachment-thumbnail size-thumbnail\" alt=\"\" aria-describedby=\"gallery-1-3547\" \/><\/a>\n\t\t\t<\/dt>\n\t\t\t\t<dd class='wp-caption-text gallery-caption' id='gallery-1-3547'>\n\t\t\t\tSpiele, Spiele, Spiele&#8230;\n\t\t\t\t<\/dd><\/dl><br style=\"clear: both\" \/><dl class='gallery-item'>\n\t\t\t<dt class='gallery-icon landscape'>\n\t\t\t\t<a href='https:\/\/wordpress.nibis.de\/gswrestedt\/spende-vom-foerderkreis\/feinmotorik-pompons\/'><img loading=\"lazy\" decoding=\"async\" width=\"150\" height=\"150\" src=\"https:\/\/wordpress.nibis.de\/gswrestedt\/files\/2025\/10\/Feinmotorik-Pompons-150x150.jpg\" class=\"attachment-thumbnail size-thumbnail\" alt=\"\" aria-describedby=\"gallery-1-3546\" \/><\/a>\n\t\t\t<\/dt>\n\t\t\t\t<dd class='wp-caption-text gallery-caption' id='gallery-1-3546'>\n\t\t\t\tFeinmotorik schulen\n\t\t\t\t<\/dd><\/dl><dl class='gallery-item'>\n\t\t\t<dt class='gallery-icon landscape'>\n\t\t\t\t<a href='https:\/\/wordpress.nibis.de\/gswrestedt\/spende-vom-foerderkreis\/anlaute\/'><img loading=\"lazy\" decoding=\"async\" width=\"150\" height=\"150\" src=\"https:\/\/wordpress.nibis.de\/gswrestedt\/files\/2025\/10\/Anlaute-150x150.jpg\" class=\"attachment-thumbnail size-thumbnail\" alt=\"\" aria-describedby=\"gallery-1-3544\" \/><\/a>\n\t\t\t<\/dt>\n\t\t\t\t<dd class='wp-caption-text gallery-caption' id='gallery-1-3544'>\n\t\t\t\tAnlaute finden\n\t\t\t\t<\/dd><\/dl><dl class='gallery-item'>\n\t\t\t<dt class='gallery-icon landscape'>\n\t\t\t\t<a href='https:\/\/wordpress.nibis.de\/gswrestedt\/spende-vom-foerderkreis\/feinmotorik-pinzette\/'><img loading=\"lazy\" decoding=\"async\" width=\"150\" height=\"150\" src=\"https:\/\/wordpress.nibis.de\/gswrestedt\/files\/2025\/10\/Feinmotorik-Pinzette-150x150.jpg\" class=\"attachment-thumbnail size-thumbnail\" alt=\"\" aria-describedby=\"gallery-1-3545\" \/><\/a>\n\t\t\t<\/dt>\n\t\t\t\t<dd class='wp-caption-text gallery-caption' id='gallery-1-3545'>\n\t\t\t\tFeinmotorik schulen\n\t\t\t\t<\/dd><\/dl><dl class='gallery-item'>\n\t\t\t<dt class='gallery-icon portrait'>\n\t\t\t\t<a href='https:\/\/wordpress.nibis.de\/gswrestedt\/spende-vom-foerderkreis\/snoezelraum\/'><img loading=\"lazy\" decoding=\"async\" width=\"150\" height=\"150\" src=\"https:\/\/wordpress.nibis.de\/gswrestedt\/files\/2025\/10\/Snoezelraum-150x150.jpg\" class=\"attachment-thumbnail size-thumbnail\" alt=\"\" aria-describedby=\"gallery-1-3551\" \/><\/a>\n\t\t\t<\/dt>\n\t\t\t\t<dd class='wp-caption-text gallery-caption' id='gallery-1-3551'>\n\t\t\t\tEntspannungsraum\n\t\t\t\t<\/dd><\/dl><br style=\"clear: both\" \/>\n\t\t<\/div>\n\n<p>Wir freuen uns sehr \u00fcber diese wertvolle Erweiterung unserer Ausstattung. Sie erm\u00f6glicht es uns, Kinder individuell, in Kleingruppen oder im Klassenverband gezielt zu f\u00f6rdern.<\/p>\n<p><strong>Ein herzliches Dankesch\u00f6n an den F\u00f6rderkreis f\u00fcr diese gro\u00dfz\u00fcgige Spende und an Frau Strohpagel f\u00fcr die Zusammenstellung des umfangreichen Materials!<\/strong><\/p>\n<p>\u00a0<\/p>\n","protected":false},"excerpt":{"rendered":"<p>Dank einer gro\u00dfz\u00fcgigen Spende unseres Eltern-F\u00f6rderkreises konnten zahlreiche neue Materialien zur F\u00f6rderung unserer Sch\u00fclerinnen und Sch\u00fcler angeschafft werden.\u00a0 Frau Strohpagel hat intensiv recherchiert, welche Materialien sich besonders gut eignen, um die Kinder bestm\u00f6glich zu unterst\u00fctzen. Mit gro\u00dfem Engagement hat sie &hellip; <a href=\"https:\/\/wordpress.nibis.de\/gswrestedt\/spende-vom-foerderkreis\/\">Weiterlesen <span class=\"meta-nav\">&rarr;<\/span><\/a><\/p>\n","protected":false},"author":1020,"featured_media":0,"parent":0,"menu_order":0,"comment_status":"closed","ping_status":"closed","template":"","meta":{"footnotes":""},"class_list":["post-3543","page","type-page","status-publish","hentry"],"_links":{"self":[{"href":"https:\/\/wordpress.nibis.de\/gswrestedt\/wp-json\/wp\/v2\/pages\/3543","targetHints":{"allow":["GET"]}}],"collection":[{"href":"https:\/\/wordpress.nibis.de\/gswrestedt\/wp-json\/wp\/v2\/pages"}],"about":[{"href":"https:\/\/wordpress.nibis.de\/gswrestedt\/wp-json\/wp\/v2\/types\/page"}],"author":[{"embeddable":true,"href":"https:\/\/wordpress.nibis.de\/gswrestedt\/wp-json\/wp\/v2\/users\/1020"}],"replies":[{"embeddable":true,"href":"https:\/\/wordpress.nibis.de\/gswrestedt\/wp-json\/wp\/v2\/comments?post=3543"}],"version-history":[{"count":2,"href":"https:\/\/wordpress.nibis.de\/gswrestedt\/wp-json\/wp\/v2\/pages\/3543\/revisions"}],"predecessor-version":[{"id":3554,"href":"https:\/\/wordpress.nibis.de\/gswrestedt\/wp-json\/wp\/v2\/pages\/3543\/revisions\/3554"}],"wp:attachment":[{"href":"https:\/\/wordpress.nibis.de\/gswrestedt\/wp-json\/wp\/v2\/media?parent=3543"}],"curies":[{"name":"wp","href":"https:\/\/api.w.org\/{rel}","templated":true}]}}