{"id":3558,"date":"2025-10-31T13:34:17","date_gmt":"2025-10-31T12:34:17","guid":{"rendered":"https:\/\/wordpress.nibis.de\/gswrestedt\/?page_id=3558"},"modified":"2025-10-31T13:34:17","modified_gmt":"2025-10-31T12:34:17","slug":"das-verflixte-kaesebrot","status":"publish","type":"page","link":"https:\/\/wordpress.nibis.de\/gswrestedt\/das-verflixte-kaesebrot\/","title":{"rendered":"Das verflixte K\u00e4sebrot"},"content":{"rendered":"\n<p style=\"font-weight: 400\">Am Donnerstag, dem <strong>30.10.2025<\/strong> hatte die Grundschule Wrestedt das gro\u00dfe Gl\u00fcck, ein <strong>Theaterst\u00fcck der Nimmerland Theaterproduktion<\/strong> in der Sporthalle erleben zu d\u00fcrfen. <strong>Der Elternf\u00f6rderkreis hat die gesamten Kosten \u00fcbernommen und somit die Auff\u00fchrung erm\u00f6glicht.<\/strong> Die Aufregung und Vorfreude der Sch\u00fclerinnen und Sch\u00fcler war gro\u00df, als es um 10:00 Uhr losging.<\/p>\n<p style=\"font-weight: 400\">Das St\u00fcck handelt von <strong>Lou<\/strong>, der sich mit seinem Freund Rubius gestritten hat und so niedergeschlagen ist, dass er die Probe des Theaterst\u00fccks vom \u201eHans im Gl\u00fcck\u201c abbrechen muss. Er kann doch nicht den gl\u00fccklichen Hans spielen, wenn seine Gef\u00fchle gerade Karussell fahren. Denn hinter dem vermeintlich banalen Problem, welches sich zwischen Lou und Rubius aufgestaut hat, steckt eine <strong>Auseinandersetzung mit Gef\u00fchlen wie Wut, Traurigkeit, \u00c4rger und Entt\u00e4uschung.<\/strong><\/p>\n<p><a href=\"https:\/\/wordpress.nibis.de\/gswrestedt\/?attachment_id=3560\" rel=\"attachment wp-att-3560\"><img loading=\"lazy\" decoding=\"async\" class=\"aligncenter size-full wp-image-3560\" src=\"https:\/\/wordpress.nibis.de\/gswrestedt\/files\/2025\/10\/Das-verflixte-Kaesebrot.jpg\" alt=\"\" width=\"800\" height=\"570\" srcset=\"https:\/\/wordpress.nibis.de\/gswrestedt\/files\/2025\/10\/Das-verflixte-Kaesebrot.jpg 800w, https:\/\/wordpress.nibis.de\/gswrestedt\/files\/2025\/10\/Das-verflixte-Kaesebrot-300x214.jpg 300w, https:\/\/wordpress.nibis.de\/gswrestedt\/files\/2025\/10\/Das-verflixte-Kaesebrot-768x547.jpg 768w\" sizes=\"auto, (max-width: 800px) 100vw, 800px\" \/><\/a><\/p>\n<p style=\"font-weight: 400\"><strong>Zum Gl\u00fcck sind die Kinder unserer Schule anwesend.<\/strong> Mit ihnen kann Lou \u00fcber seine Gef\u00fchle sprechen und ihnen von seinen Gef\u00fchlsmonstern berichten, die er schon seit langer Zeit \u201estudiert\u201c. Gemeinsam ordnen sie Gef\u00fchle in angenehme und unangenehme Emotionen ein.<\/p>\n<p style=\"font-weight: 400\">Das Theaterst\u00fcck regt zum <strong>Nachdenken<\/strong> an und zeigt, <strong>wie wichtig es ist, \u00fcber Gef\u00fchle, vor allem unangenehme, zu sprechen und sie auszudr\u00fccken<\/strong>. Eigene Gef\u00fchle differenziert wahrnehmen zu k\u00f6nnen, hilft uns, Konflikte mit anderen friedfertig zu l\u00f6sen und eigene Bed\u00fcrfnisse klar zu kommunizieren<\/p>\n<p>Am Ende des St\u00fcckes singen und tanzen die begeisterten Kinder gemeinsam mit Lou. Es gibt viel <strong>Applaus<\/strong>, <strong>&#8222;Zugabe&#8220;<\/strong>-Rufe und das allgemeine Fazit: <strong>Das St\u00fcck h\u00e4tte ruhig noch viel l\u00e4nger dauern k\u00f6nnen!<\/strong><\/p>\n<p><strong>Wir bedanken uns herzlich bei der Theaterproduktion und beim Elternf\u00f6rderkreis f\u00fcr das Erm\u00f6glichen dieses tollen Erlebnisses!<\/strong><\/p>\n","protected":false},"excerpt":{"rendered":"<p>Am Donnerstag, dem 30.10.2025 hatte die Grundschule Wrestedt das gro\u00dfe Gl\u00fcck, ein Theaterst\u00fcck der Nimmerland Theaterproduktion in der Sporthalle erleben zu d\u00fcrfen. Der Elternf\u00f6rderkreis hat die gesamten Kosten \u00fcbernommen und somit die Auff\u00fchrung erm\u00f6glicht. Die Aufregung und Vorfreude der Sch\u00fclerinnen &hellip; <a href=\"https:\/\/wordpress.nibis.de\/gswrestedt\/das-verflixte-kaesebrot\/\">Weiterlesen <span class=\"meta-nav\">&rarr;<\/span><\/a><\/p>\n","protected":false},"author":1020,"featured_media":0,"parent":0,"menu_order":0,"comment_status":"closed","ping_status":"closed","template":"","meta":{"footnotes":""},"class_list":["post-3558","page","type-page","status-publish","hentry"],"_links":{"self":[{"href":"https:\/\/wordpress.nibis.de\/gswrestedt\/wp-json\/wp\/v2\/pages\/3558","targetHints":{"allow":["GET"]}}],"collection":[{"href":"https:\/\/wordpress.nibis.de\/gswrestedt\/wp-json\/wp\/v2\/pages"}],"about":[{"href":"https:\/\/wordpress.nibis.de\/gswrestedt\/wp-json\/wp\/v2\/types\/page"}],"author":[{"embeddable":true,"href":"https:\/\/wordpress.nibis.de\/gswrestedt\/wp-json\/wp\/v2\/users\/1020"}],"replies":[{"embeddable":true,"href":"https:\/\/wordpress.nibis.de\/gswrestedt\/wp-json\/wp\/v2\/comments?post=3558"}],"version-history":[{"count":2,"href":"https:\/\/wordpress.nibis.de\/gswrestedt\/wp-json\/wp\/v2\/pages\/3558\/revisions"}],"predecessor-version":[{"id":3562,"href":"https:\/\/wordpress.nibis.de\/gswrestedt\/wp-json\/wp\/v2\/pages\/3558\/revisions\/3562"}],"wp:attachment":[{"href":"https:\/\/wordpress.nibis.de\/gswrestedt\/wp-json\/wp\/v2\/media?parent=3558"}],"curies":[{"name":"wp","href":"https:\/\/api.w.org\/{rel}","templated":true}]}}