{"id":3797,"date":"2026-02-03T07:37:52","date_gmt":"2026-02-03T06:37:52","guid":{"rendered":"https:\/\/wordpress.nibis.de\/gswrestedt\/?page_id=3797"},"modified":"2026-02-03T07:37:52","modified_gmt":"2026-02-03T06:37:52","slug":"ein-rueckblick","status":"publish","type":"page","link":"https:\/\/wordpress.nibis.de\/gswrestedt\/ein-rueckblick\/","title":{"rendered":"Ein R\u00fcckblick"},"content":{"rendered":"\n<p>Nachdem unsere Homepage einige Zeit nicht erreichbar war, m\u00f6chten wir nun die Gelegenheit nutzen, auf viele sch\u00f6ne und besondere Momente der vergangenen Monate zur\u00fcckzublicken. An unserer Schule war n\u00e4mlich einiges los!<\/p>\n<p>Sportlich wurde es am <strong>Handballtag<\/strong>. Engagierte Mitglieder des TSV Nettelkamp bauten in unserer Turnhalle einen abwechslungsreichen Parcours auf. An verschiedenen Stationen konnten die Kinder die Sportart kennenlernen und hatten dabei sichtlich viel Spa\u00df. Ein herzliches Dankesch\u00f6n an alle Helferinnen und Helfer f\u00fcr diesen tollen Vormittag!<\/p>\n<p>Bei der Siegerehrung des <strong>Bewegungspasses<\/strong> bekam jedes Kind eine Urkunde und jede Klasse durfte sich \u00fcber ein sportliches Geschenk vom Kreissportbund freuen &#8211; eine sch\u00f6ne Anerkennung f\u00fcr so viel Einsatz und Bewegungsfreude.<\/p>\n<p><a href=\"https:\/\/wordpress.nibis.de\/gswrestedt\/?attachment_id=3800\" rel=\"attachment wp-att-3800\"><img loading=\"lazy\" decoding=\"async\" class=\"aligncenter size-medium wp-image-3800\" src=\"https:\/\/wordpress.nibis.de\/gswrestedt\/files\/2026\/02\/Handballtag-2025-254x300.jpg\" alt=\"\" width=\"254\" height=\"300\" srcset=\"https:\/\/wordpress.nibis.de\/gswrestedt\/files\/2026\/02\/Handballtag-2025-254x300.jpg 254w, https:\/\/wordpress.nibis.de\/gswrestedt\/files\/2026\/02\/Handballtag-2025-768x907.jpg 768w, https:\/\/wordpress.nibis.de\/gswrestedt\/files\/2026\/02\/Handballtag-2025-100x118.jpg 100w, https:\/\/wordpress.nibis.de\/gswrestedt\/files\/2026\/02\/Handballtag-2025.jpg 800w\" sizes=\"auto, (max-width: 254px) 100vw, 254px\" \/><\/a><\/p>\n<p>Im November fand der schulinterne <strong>Vorlesewettbewerb<\/strong> statt. Pro Klasse begeisterten jeweils zwei mutige und talentierte Vorleser und Vorleserinnen das Publikum. Die Siegerin Sabina wird unsere Schule nun beim Kreisvorlesewettbewerb vertreten. Wir dr\u00fccken ihr fest die Daumen!<\/p>\n<p><a href=\"https:\/\/wordpress.nibis.de\/gswrestedt\/?attachment_id=3801\" rel=\"attachment wp-att-3801\"><img loading=\"lazy\" decoding=\"async\" class=\"aligncenter size-full wp-image-3801\" src=\"https:\/\/wordpress.nibis.de\/gswrestedt\/files\/2026\/02\/Vorlesewettbewerb-2025.jpg\" alt=\"\" width=\"800\" height=\"583\" srcset=\"https:\/\/wordpress.nibis.de\/gswrestedt\/files\/2026\/02\/Vorlesewettbewerb-2025.jpg 800w, https:\/\/wordpress.nibis.de\/gswrestedt\/files\/2026\/02\/Vorlesewettbewerb-2025-300x219.jpg 300w, https:\/\/wordpress.nibis.de\/gswrestedt\/files\/2026\/02\/Vorlesewettbewerb-2025-768x560.jpg 768w, https:\/\/wordpress.nibis.de\/gswrestedt\/files\/2026\/02\/Vorlesewettbewerb-2025-100x73.jpg 100w\" sizes=\"auto, (max-width: 800px) 100vw, 800px\" \/><\/a><\/p>\n<p>In der <strong>Vorweihnachtszeit<\/strong> wurde es besonders kreativ: Beim <strong>Basteltag<\/strong> gestalteten alle Klassen gemeinsam die Weihnachtsdekoration f\u00fcr ihre Klassenr\u00e4ume. \u00dcberall wurde geschnitten, geklebt und gemalt &#8211; und am Ende erstahlte die Schule in festlichem Glanz. Dar\u00fcber hinaus traf sich die gesamte Schulgemeinschaft an jedem Montag im Advent, um gemeinsam <strong>Weihnachtslieder<\/strong> zu singen und um einge\u00fcbte Gedichte und Theaterst\u00fccke zu pr\u00e4sentieren.<\/p>\n<p>Ein weiteres Highlight war der <strong>Weihnachtsmarkt<\/strong> in Wrestedt. Angeleitet von Frau Ganzel sangen die Kinder dort als gro\u00dfer Chor drei Lieder und sorgten so f\u00fcr eine stimmungsvolle Atmosph\u00e4re. Der F\u00f6rderkreis verkaufte viele leckere Kleinigkeiten &#8211; der Erl\u00f6s kommt unserer Schule zugute. Vielen Dank an alle, die organisiert, vorbereitet, verpackt, verkauft und unterst\u00fctzt haben!<\/p>\n<p>Auch wichtige Alltagskompetenzen standen auf dem Programm: Alle Klassen nahmen an einem <strong>Erste-Hilfe-Kurs<\/strong> vom DRK in der Schule teil und lernten, wie man in Notsituationen richtig hilft.<\/p>\n<p><a href=\"https:\/\/wordpress.nibis.de\/gswrestedt\/?attachment_id=3802\" rel=\"attachment wp-att-3802\"><img loading=\"lazy\" decoding=\"async\" class=\"aligncenter size-medium wp-image-3802\" src=\"https:\/\/wordpress.nibis.de\/gswrestedt\/files\/2026\/02\/Erste-Hilfe-2025-300x288.jpg\" alt=\"\" width=\"300\" height=\"288\" srcset=\"https:\/\/wordpress.nibis.de\/gswrestedt\/files\/2026\/02\/Erste-Hilfe-2025-300x288.jpg 300w, https:\/\/wordpress.nibis.de\/gswrestedt\/files\/2026\/02\/Erste-Hilfe-2025-768x737.jpg 768w, https:\/\/wordpress.nibis.de\/gswrestedt\/files\/2026\/02\/Erste-Hilfe-2025-100x96.jpg 100w, https:\/\/wordpress.nibis.de\/gswrestedt\/files\/2026\/02\/Erste-Hilfe-2025.jpg 800w\" sizes=\"auto, (max-width: 300px) 100vw, 300px\" \/><\/a><\/p>\n<p>Zus\u00e4tzlich gab es drei besondere <strong>Mottowochen<\/strong>:<\/p>\n<ul>\n<li>die Woche der Stille<\/li>\n<li>die Woche der freundlichen Worte<\/li>\n<li>und die Weihnachtsoutfit-Woche, die unseren Schulalltag auf ganz unterschiedliche Weise bereichert haben.<\/li>\n<\/ul>\n<p>Dieser R\u00fcckblick zeigt: <strong>Auch in den letzten Monaten war unser Schulleben bunt, lebendig und voller sch\u00f6ner gemeinsamer Erlebnisse.<\/strong> Wir freuen uns darauf, hier auf der Homepage nun wieder regelm\u00e4\u00dfig von unserem Schulalltag berichten zu k\u00f6nnen!<\/p>\n","protected":false},"excerpt":{"rendered":"<p>Nachdem unsere Homepage einige Zeit nicht erreichbar war, m\u00f6chten wir nun die Gelegenheit nutzen, auf viele sch\u00f6ne und besondere Momente der vergangenen Monate zur\u00fcckzublicken. An unserer Schule war n\u00e4mlich einiges los! Sportlich wurde es am Handballtag. Engagierte Mitglieder des TSV &hellip; <a href=\"https:\/\/wordpress.nibis.de\/gswrestedt\/ein-rueckblick\/\">Weiterlesen <span class=\"meta-nav\">&rarr;<\/span><\/a><\/p>\n","protected":false},"author":1020,"featured_media":0,"parent":0,"menu_order":0,"comment_status":"closed","ping_status":"closed","template":"","meta":{"footnotes":""},"class_list":["post-3797","page","type-page","status-publish","hentry"],"_links":{"self":[{"href":"https:\/\/wordpress.nibis.de\/gswrestedt\/wp-json\/wp\/v2\/pages\/3797","targetHints":{"allow":["GET"]}}],"collection":[{"href":"https:\/\/wordpress.nibis.de\/gswrestedt\/wp-json\/wp\/v2\/pages"}],"about":[{"href":"https:\/\/wordpress.nibis.de\/gswrestedt\/wp-json\/wp\/v2\/types\/page"}],"author":[{"embeddable":true,"href":"https:\/\/wordpress.nibis.de\/gswrestedt\/wp-json\/wp\/v2\/users\/1020"}],"replies":[{"embeddable":true,"href":"https:\/\/wordpress.nibis.de\/gswrestedt\/wp-json\/wp\/v2\/comments?post=3797"}],"version-history":[{"count":4,"href":"https:\/\/wordpress.nibis.de\/gswrestedt\/wp-json\/wp\/v2\/pages\/3797\/revisions"}],"predecessor-version":[{"id":3806,"href":"https:\/\/wordpress.nibis.de\/gswrestedt\/wp-json\/wp\/v2\/pages\/3797\/revisions\/3806"}],"wp:attachment":[{"href":"https:\/\/wordpress.nibis.de\/gswrestedt\/wp-json\/wp\/v2\/media?parent=3797"}],"curies":[{"name":"wp","href":"https:\/\/api.w.org\/{rel}","templated":true}]}}