{"id":385,"date":"2016-06-30T16:31:35","date_gmt":"2016-06-30T14:31:35","guid":{"rendered":"http:\/\/wordpress.nibis.de\/gswrestedt\/?page_id=385"},"modified":"2023-08-29T16:47:05","modified_gmt":"2023-08-29T14:47:05","slug":"fahrraeder","status":"publish","type":"page","link":"https:\/\/wordpress.nibis.de\/gswrestedt\/fahrraeder\/","title":{"rendered":"Fahrr\u00e4der"},"content":{"rendered":"<p><span style=\"font-size: medium\">Um einen<strong> Fahrradstellplatz<\/strong> zu bekommen, stellen Sie bitte schriftlich einen Antrag, den erhalten Sie im Sekretariat oder bei der Klassenlehrerin. <\/span><\/p>\n<p><span style=\"font-size: medium\">Darauf best\u00e4tigen Sie den<strong> verkehrssicheren Zustand des Fahrrades<\/strong> und dass Ihr Kind einen <strong>Fahrradhelm<\/strong> tr\u00e4gt. <\/span><\/p>\n<p><span style=\"font-size: medium\">In der <strong>1. Klasse<\/strong> darf Ihr Kind noch <strong>nicht unbegleitet<\/strong> mit dem Fahrrad zur Schule kommen. <\/span><\/p>\n\n\n<p>Auch Roller m\u00fcssen verkehrssicher sein und zumindest eine Beleuchtung haben.<\/p>\n<p>Fahrr\u00e4der und Roller werden immer im Herbst von der Polizei auf Verkehrssicherheit \u00fcberpr\u00fcft. Festgestellte M\u00e4ngel m\u00fcssen behoben werden und es wird erneut gepr\u00fcft, ob dies geschehen ist.<\/p>\n","protected":false},"excerpt":{"rendered":"<p>Um einen Fahrradstellplatz zu bekommen, stellen Sie bitte schriftlich einen Antrag, den erhalten Sie im Sekretariat oder bei der Klassenlehrerin. Darauf best\u00e4tigen Sie den verkehrssicheren Zustand des Fahrrades und dass Ihr Kind einen Fahrradhelm tr\u00e4gt. In der 1. Klasse darf &hellip; <a href=\"https:\/\/wordpress.nibis.de\/gswrestedt\/fahrraeder\/\">Weiterlesen <span class=\"meta-nav\">&rarr;<\/span><\/a><\/p>\n","protected":false},"author":1020,"featured_media":0,"parent":0,"menu_order":0,"comment_status":"closed","ping_status":"closed","template":"","meta":{"footnotes":""},"class_list":["post-385","page","type-page","status-publish","hentry"],"_links":{"self":[{"href":"https:\/\/wordpress.nibis.de\/gswrestedt\/wp-json\/wp\/v2\/pages\/385","targetHints":{"allow":["GET"]}}],"collection":[{"href":"https:\/\/wordpress.nibis.de\/gswrestedt\/wp-json\/wp\/v2\/pages"}],"about":[{"href":"https:\/\/wordpress.nibis.de\/gswrestedt\/wp-json\/wp\/v2\/types\/page"}],"author":[{"embeddable":true,"href":"https:\/\/wordpress.nibis.de\/gswrestedt\/wp-json\/wp\/v2\/users\/1020"}],"replies":[{"embeddable":true,"href":"https:\/\/wordpress.nibis.de\/gswrestedt\/wp-json\/wp\/v2\/comments?post=385"}],"version-history":[{"count":3,"href":"https:\/\/wordpress.nibis.de\/gswrestedt\/wp-json\/wp\/v2\/pages\/385\/revisions"}],"predecessor-version":[{"id":3118,"href":"https:\/\/wordpress.nibis.de\/gswrestedt\/wp-json\/wp\/v2\/pages\/385\/revisions\/3118"}],"wp:attachment":[{"href":"https:\/\/wordpress.nibis.de\/gswrestedt\/wp-json\/wp\/v2\/media?parent=385"}],"curies":[{"name":"wp","href":"https:\/\/api.w.org\/{rel}","templated":true}]}}