{"id":388,"date":"2016-06-30T16:33:44","date_gmt":"2016-06-30T14:33:44","guid":{"rendered":"http:\/\/wordpress.nibis.de\/gswrestedt\/?page_id=388"},"modified":"2020-03-25T08:51:36","modified_gmt":"2020-03-25T07:51:36","slug":"ankommen-und-abholen","status":"publish","type":"page","link":"https:\/\/wordpress.nibis.de\/gswrestedt\/ankommen-und-abholen\/","title":{"rendered":"Ankommen und Abholen"},"content":{"rendered":"<p><span style=\"font-size: medium\">In der<strong> ersten<\/strong> Woche nach der Einschulung k\u00f6nnen Sie Ihr Kind gerne bis vor die Klasse bringen.<\/span><\/p>\n<p><span style=\"font-size: medium\">Mit zunehmender Sicherheit und wachsendem Vertrauen schaffen Ihre Kinder dann den Weg in die Klasse allein.<\/span><\/p>\n<p><span style=\"font-size: medium\">Sollten Sie Ihr Kind mit dem Auto zur Schule bringen, beachten Sie bitte das <strong>Halteverbot<\/strong> und erinnern Sie Ihr Kind daran, den <strong>Fu\u00dfg\u00e4nger\u00fcberweg zu benutzen<\/strong>!<\/span><\/p>\n<p><strong><span style=\"font-size: medium\">Auf das Schulgel\u00e4nde d\u00fcrfen Sie nicht zum Ein- und Aussteigen fahren.<\/span><\/strong><\/p>\n<p><span style=\"font-size: medium\">Gerade in der dunklen Jahreszeit m\u00fcssen alle besonders aufmerksam vor der Schule sein, denn hier h\u00e4lt auch der Schulbus.<\/span><\/p>\n<p><span style=\"font-size: medium\">Schulkinder d\u00fcrfen nur <strong>das kleine Tor benutzen<\/strong>, auf keinen Fall den Weg vor den Garagen, dort fahren st\u00e4ndig Autos.<\/span><\/p>\n","protected":false},"excerpt":{"rendered":"<p>In der ersten Woche nach der Einschulung k\u00f6nnen Sie Ihr Kind gerne bis vor die Klasse bringen. Mit zunehmender Sicherheit und wachsendem Vertrauen schaffen Ihre Kinder dann den Weg in die Klasse allein. Sollten Sie Ihr Kind mit dem Auto &hellip; <a href=\"https:\/\/wordpress.nibis.de\/gswrestedt\/ankommen-und-abholen\/\">Weiterlesen <span class=\"meta-nav\">&rarr;<\/span><\/a><\/p>\n","protected":false},"author":1020,"featured_media":0,"parent":0,"menu_order":0,"comment_status":"closed","ping_status":"closed","template":"","meta":{"footnotes":""},"class_list":["post-388","page","type-page","status-publish","hentry"],"_links":{"self":[{"href":"https:\/\/wordpress.nibis.de\/gswrestedt\/wp-json\/wp\/v2\/pages\/388","targetHints":{"allow":["GET"]}}],"collection":[{"href":"https:\/\/wordpress.nibis.de\/gswrestedt\/wp-json\/wp\/v2\/pages"}],"about":[{"href":"https:\/\/wordpress.nibis.de\/gswrestedt\/wp-json\/wp\/v2\/types\/page"}],"author":[{"embeddable":true,"href":"https:\/\/wordpress.nibis.de\/gswrestedt\/wp-json\/wp\/v2\/users\/1020"}],"replies":[{"embeddable":true,"href":"https:\/\/wordpress.nibis.de\/gswrestedt\/wp-json\/wp\/v2\/comments?post=388"}],"version-history":[{"count":2,"href":"https:\/\/wordpress.nibis.de\/gswrestedt\/wp-json\/wp\/v2\/pages\/388\/revisions"}],"predecessor-version":[{"id":2269,"href":"https:\/\/wordpress.nibis.de\/gswrestedt\/wp-json\/wp\/v2\/pages\/388\/revisions\/2269"}],"wp:attachment":[{"href":"https:\/\/wordpress.nibis.de\/gswrestedt\/wp-json\/wp\/v2\/media?parent=388"}],"curies":[{"name":"wp","href":"https:\/\/api.w.org\/{rel}","templated":true}]}}