{"id":399,"date":"2016-06-30T16:41:24","date_gmt":"2016-06-30T14:41:24","guid":{"rendered":"http:\/\/wordpress.nibis.de\/gswrestedt\/?page_id=399"},"modified":"2016-06-30T16:51:00","modified_gmt":"2016-06-30T14:51:00","slug":"witterungsbedingter-schulausfall","status":"publish","type":"page","link":"https:\/\/wordpress.nibis.de\/gswrestedt\/witterungsbedingter-schulausfall\/","title":{"rendered":"Witterungsbedingter Schulausfall"},"content":{"rendered":"<p><span style=\"font-size: medium\">Es kann auf Grund extremer Witterungsverh\u00e4ltnisse wie Stra\u00dfengl\u00e4tte, Sturm etc. sein, dass die Landeschulbeh\u00f6rde einen Unterrichtsausfall beschlie\u00dft.<\/span><\/p>\n<p><span style=\"font-size: medium\">Bitte beachten Sie in solche F\u00e4llen die <strong>Durchsagen im Radio<\/strong> oder die Hinweise auf <a href=\"http:\/\/www.az-online.de\/desktopdefault.aspx\" target=\"_blank\">az-online<\/a><\/span><\/p>\n<p><span style=\"font-size: medium\">Wird trotz au\u00dfergew\u00f6hnlicher Wetterlage kein Unterrichtsausfall angesagt, ist es Ihnen freigestellt, ob Sie Ihr Kind zu Hause behalten oder es vorzeitig abholen. Denken Sie bitte daran, Ihr Kind abzumelden.<\/span><\/p>\n","protected":false},"excerpt":{"rendered":"<p>Es kann auf Grund extremer Witterungsverh\u00e4ltnisse wie Stra\u00dfengl\u00e4tte, Sturm etc. sein, dass die Landeschulbeh\u00f6rde einen Unterrichtsausfall beschlie\u00dft. Bitte beachten Sie in solche F\u00e4llen die Durchsagen im Radio oder die Hinweise auf az-online Wird trotz au\u00dfergew\u00f6hnlicher Wetterlage kein Unterrichtsausfall angesagt, ist &hellip; <a href=\"https:\/\/wordpress.nibis.de\/gswrestedt\/witterungsbedingter-schulausfall\/\">Weiterlesen <span class=\"meta-nav\">&rarr;<\/span><\/a><\/p>\n","protected":false},"author":1020,"featured_media":0,"parent":0,"menu_order":0,"comment_status":"closed","ping_status":"closed","template":"","meta":{"footnotes":""},"class_list":["post-399","page","type-page","status-publish","hentry"],"_links":{"self":[{"href":"https:\/\/wordpress.nibis.de\/gswrestedt\/wp-json\/wp\/v2\/pages\/399","targetHints":{"allow":["GET"]}}],"collection":[{"href":"https:\/\/wordpress.nibis.de\/gswrestedt\/wp-json\/wp\/v2\/pages"}],"about":[{"href":"https:\/\/wordpress.nibis.de\/gswrestedt\/wp-json\/wp\/v2\/types\/page"}],"author":[{"embeddable":true,"href":"https:\/\/wordpress.nibis.de\/gswrestedt\/wp-json\/wp\/v2\/users\/1020"}],"replies":[{"embeddable":true,"href":"https:\/\/wordpress.nibis.de\/gswrestedt\/wp-json\/wp\/v2\/comments?post=399"}],"version-history":[{"count":3,"href":"https:\/\/wordpress.nibis.de\/gswrestedt\/wp-json\/wp\/v2\/pages\/399\/revisions"}],"predecessor-version":[{"id":405,"href":"https:\/\/wordpress.nibis.de\/gswrestedt\/wp-json\/wp\/v2\/pages\/399\/revisions\/405"}],"wp:attachment":[{"href":"https:\/\/wordpress.nibis.de\/gswrestedt\/wp-json\/wp\/v2\/media?parent=399"}],"curies":[{"name":"wp","href":"https:\/\/api.w.org\/{rel}","templated":true}]}}