{"id":438,"date":"2016-08-14T11:08:34","date_gmt":"2016-08-14T09:08:34","guid":{"rendered":"http:\/\/wordpress.nibis.de\/gswrestedt\/?page_id=438"},"modified":"2023-09-04T15:50:50","modified_gmt":"2023-09-04T13:50:50","slug":"einschulung-2016","status":"publish","type":"page","link":"https:\/\/wordpress.nibis.de\/gswrestedt\/einschulung-2016\/","title":{"rendered":"Einschulung 2023"},"content":{"rendered":"<p><strong>Am Samstag, den 19.08.2023<\/strong>\u00a0fand die Einschulungsfeier f\u00fcr die neuen Erstkl\u00e4ssler an unserer Schule statt.<\/p>\n<p>Die Einschulung begann mit einem <strong>Gottesdienst<\/strong> in der Kirche der SELK in Nettelkamp. Pastor Eisen und sein Team hatten einen tollen Gottesdienst vorbereitet, bei dem die aufgeregten Kinder und auch die Erwachsenen mit einbezogen wurden.<\/p>\n<p><strong>Anschlie\u00dfend versammelten sich alle Kinder, Eltern und G\u00e4ste bei strahlendem Sonnenschein auf dem Schulhof der Grundschule Wrestedt. <\/strong>Nach einer kurzen Begr\u00fc\u00dfung durch die kommissarische Schulleiterin Frau Kaluza \u00fcbernahm Frau Buss das Mikrofon. Sie f\u00fchrte durch das Programm und hielt eine kurze Rede. Musikalisch begleitet wurde die Feier von unseren &#8222;gro\u00dfen&#8220; Kindern, die mit Frau L\u00fcdeke zwei Lieder einge\u00fcbt hatten. Einige Kinder aus der vierten Klasse sagten au\u00dferdem ein Gedicht f\u00fcr die neuen Erstkl\u00e4ssler auf.<img loading=\"lazy\" decoding=\"async\" class=\"aligncenter size-full wp-image-3105\" src=\"https:\/\/wordpress.nibis.de\/gswrestedt\/files\/2023\/08\/Einschulung-Gebaeude-endgueltig-kleiner.jpg\" alt=\"\" width=\"800\" height=\"479\" srcset=\"https:\/\/wordpress.nibis.de\/gswrestedt\/files\/2023\/08\/Einschulung-Gebaeude-endgueltig-kleiner.jpg 800w, https:\/\/wordpress.nibis.de\/gswrestedt\/files\/2023\/08\/Einschulung-Gebaeude-endgueltig-kleiner-300x180.jpg 300w, https:\/\/wordpress.nibis.de\/gswrestedt\/files\/2023\/08\/Einschulung-Gebaeude-endgueltig-kleiner-768x460.jpg 768w\" sizes=\"auto, (max-width: 800px) 100vw, 800px\" \/><\/p>\n<p>\u00a0<\/p>\n<p>Die beiden Klassenlehrerinnen Frau Kaluza und Frau Balling warteten voller Vorfreude auf ihre neuen Sch\u00fclerinnen und Sch\u00fcler, die nun aufgerufen wurden. Denn die Erstkl\u00e4ssler durften mit ihrer Klassenlehrerin zu ihrem zuk\u00fcnftigen Klassenraum gehen.<\/p>\n<p><img loading=\"lazy\" decoding=\"async\" class=\"alignleft size-medium wp-image-3104\" src=\"https:\/\/wordpress.nibis.de\/gswrestedt\/files\/2023\/08\/Drachenklasse-kleiner-300x218.jpg\" alt=\"\" width=\"300\" height=\"218\" srcset=\"https:\/\/wordpress.nibis.de\/gswrestedt\/files\/2023\/08\/Drachenklasse-kleiner-300x218.jpg 300w, https:\/\/wordpress.nibis.de\/gswrestedt\/files\/2023\/08\/Drachenklasse-kleiner-768x559.jpg 768w, https:\/\/wordpress.nibis.de\/gswrestedt\/files\/2023\/08\/Drachenklasse-kleiner.jpg 800w\" sizes=\"auto, (max-width: 300px) 100vw, 300px\" \/><img loading=\"lazy\" decoding=\"async\" class=\"alignright size-medium wp-image-3106\" src=\"https:\/\/wordpress.nibis.de\/gswrestedt\/files\/2023\/08\/Monsterklasse-kleiner-226x300.jpg\" alt=\"\" width=\"226\" height=\"300\" srcset=\"https:\/\/wordpress.nibis.de\/gswrestedt\/files\/2023\/08\/Monsterklasse-kleiner-226x300.jpg 226w, https:\/\/wordpress.nibis.de\/gswrestedt\/files\/2023\/08\/Monsterklasse-kleiner-771x1024.jpg 771w, https:\/\/wordpress.nibis.de\/gswrestedt\/files\/2023\/08\/Monsterklasse-kleiner-768x1020.jpg 768w, https:\/\/wordpress.nibis.de\/gswrestedt\/files\/2023\/08\/Monsterklasse-kleiner.jpg 800w\" sizes=\"auto, (max-width: 226px) 100vw, 226px\" \/><\/p>\n<p>\u00a0<\/p>\n<p>\u00a0<\/p>\n<p>\u00a0<\/p>\n<p>\u00a0<\/p>\n<p>Nachdem die Kinder mit ihren Lehrerinnen den Klassenraum kennen gelernt hatten, erhielten sie endlich ihre <strong>Schult\u00fcten<\/strong>.<\/p>\n<p>\u00a0<\/p>\n\n\n<p>&nbsp;<\/p>\n<p>&nbsp;<\/p>\n<p>&nbsp;<\/p>\n<p>&nbsp;<\/p>\n<p>&nbsp;<\/p>\n<p>&nbsp;<\/p>\n<p>&nbsp;<\/p>\n<p>&nbsp;<\/p>\n<p>&nbsp;<\/p>\n","protected":false},"excerpt":{"rendered":"<p>Am Samstag, den 19.08.2023\u00a0fand die Einschulungsfeier f\u00fcr die neuen Erstkl\u00e4ssler an unserer Schule statt. Die Einschulung begann mit einem Gottesdienst in der Kirche der SELK in Nettelkamp. Pastor Eisen und sein Team hatten einen tollen Gottesdienst vorbereitet, bei dem die &hellip; <a href=\"https:\/\/wordpress.nibis.de\/gswrestedt\/einschulung-2016\/\">Weiterlesen <span class=\"meta-nav\">&rarr;<\/span><\/a><\/p>\n","protected":false},"author":1020,"featured_media":0,"parent":0,"menu_order":0,"comment_status":"closed","ping_status":"closed","template":"","meta":{"footnotes":""},"class_list":["post-438","page","type-page","status-publish","hentry"],"_links":{"self":[{"href":"https:\/\/wordpress.nibis.de\/gswrestedt\/wp-json\/wp\/v2\/pages\/438","targetHints":{"allow":["GET"]}}],"collection":[{"href":"https:\/\/wordpress.nibis.de\/gswrestedt\/wp-json\/wp\/v2\/pages"}],"about":[{"href":"https:\/\/wordpress.nibis.de\/gswrestedt\/wp-json\/wp\/v2\/types\/page"}],"author":[{"embeddable":true,"href":"https:\/\/wordpress.nibis.de\/gswrestedt\/wp-json\/wp\/v2\/users\/1020"}],"replies":[{"embeddable":true,"href":"https:\/\/wordpress.nibis.de\/gswrestedt\/wp-json\/wp\/v2\/comments?post=438"}],"version-history":[{"count":30,"href":"https:\/\/wordpress.nibis.de\/gswrestedt\/wp-json\/wp\/v2\/pages\/438\/revisions"}],"predecessor-version":[{"id":3135,"href":"https:\/\/wordpress.nibis.de\/gswrestedt\/wp-json\/wp\/v2\/pages\/438\/revisions\/3135"}],"wp:attachment":[{"href":"https:\/\/wordpress.nibis.de\/gswrestedt\/wp-json\/wp\/v2\/media?parent=438"}],"curies":[{"name":"wp","href":"https:\/\/api.w.org\/{rel}","templated":true}]}}