{"id":499,"date":"2016-10-26T12:52:13","date_gmt":"2016-10-26T10:52:13","guid":{"rendered":"http:\/\/wordpress.nibis.de\/gswrestedt\/?page_id=499"},"modified":"2016-10-31T13:55:02","modified_gmt":"2016-10-31T12:55:02","slug":"sicherer-schulweg","status":"publish","type":"page","link":"https:\/\/wordpress.nibis.de\/gswrestedt\/sicherer-schulweg\/","title":{"rendered":"sicherer Schulweg"},"content":{"rendered":"<ul>\n<li style=\"text-align: left\"><span style=\"color: #000000\"><span style=\"font-size: large\">\u00dcben Sie <\/span><span style=\"font-size: large\">mit Ihrem Kind <\/span><span style=\"font-size: large\">den sicheren Weg zur Schule ein.\u00a0<\/span>Zeigen Sie ihnen das richtige Verhalten an Gefahrenstellen. Erwachsene sind f\u00fcr Kinder die wichtigsten Vorbilder.<\/span><\/li>\n<\/ul>\n<ul>\n<li><span style=\"font-size: large;color: #000000\">Runter vom Gas im Umfeld von Schulen und Kinderg\u00e4rten! Kinder achten selten auf Autos, wenn sie auf der anderen Stra\u00dfenseite Freunde entdecken.<\/span><\/li>\n<\/ul>\n<ul>\n<li><span style=\"color: #000000\"><span style=\"font-size: large\">Kinder haben aufgrund ihrer Gr\u00f6\u00dfe weniger Sicht auf die Stra\u00dfe.<\/span><span style=\"font-size: large\"> Sie k\u00f6nnen nicht \u00fcber haltende Autos hinwegschauen.<\/span><\/span><\/li>\n<\/ul>\n<ul>\n<li><span style=\"font-size: large;color: #000000\">Machen Sie den morgendlichen Bringdienst nicht zur Regel. Wer den morgendlichen Schulweg eigenst\u00e4ndig bew\u00e4ltigt, bewegt sich sicherer im Stra\u00dfenverkehr.<\/span><\/li>\n<\/ul>\n<ul>\n<li><span style=\"color: #000000\"><span style=\"font-size: large\">Lassen Sie Ihr Kind <\/span><span style=\"font-size: large\">nur an sicheren Stellen und auf der von der Stra\u00dfe abgewandten Seite aussteigen. Das Aussteigenlassen in Halteverbotszonen ist f\u00fcr Ihre und andere Kinder gef\u00e4hrlich.<\/span><\/span><\/li>\n<\/ul>\n<ul>\n<li><span style=\"color: #000000\"><span style=\"font-size: large\">Achten Sie bitte besonders darauf, dass<\/span><span style=\"font-size: large\"> Ihr Kind<\/span><span style=\"font-size: large\"> ausschlie\u00dflich den Zebrastreifen zum \u00dcberqueren der Stra\u00dfe benutzt. Auch hierbei sind Sie das Vorbild f\u00fcr Ihr Kind.<\/span><\/span><\/li>\n<\/ul>\n<p>&nbsp;<\/p>\n<ul>\n<li>Ihr Kind ist<strong> auf dem direkten Hin- und R\u00fcckweg von der Schule<\/strong>, sowie auf Unterrichtsg\u00e4ngen, \u00fcber die GUV <strong>versichert<\/strong>.<\/li>\n<li>&nbsp;\n<p>Deshalb darf w\u00e4hrend des Schulvormittags das <strong>Schulgel\u00e4nde nicht unerlaubt verlassen<\/strong> werden.<\/li>\n<\/ul>\n<p>&nbsp;<\/p>\n<p>&nbsp;<\/p>\n","protected":false},"excerpt":{"rendered":"<p>\u00dcben Sie mit Ihrem Kind den sicheren Weg zur Schule ein.\u00a0Zeigen Sie ihnen das richtige Verhalten an Gefahrenstellen. Erwachsene sind f\u00fcr Kinder die wichtigsten Vorbilder. Runter vom Gas im Umfeld von Schulen und Kinderg\u00e4rten! Kinder achten selten auf Autos, wenn &hellip; <a href=\"https:\/\/wordpress.nibis.de\/gswrestedt\/sicherer-schulweg\/\">Weiterlesen <span class=\"meta-nav\">&rarr;<\/span><\/a><\/p>\n","protected":false},"author":1020,"featured_media":0,"parent":0,"menu_order":0,"comment_status":"closed","ping_status":"closed","template":"","meta":{"footnotes":""},"class_list":["post-499","page","type-page","status-publish","hentry"],"_links":{"self":[{"href":"https:\/\/wordpress.nibis.de\/gswrestedt\/wp-json\/wp\/v2\/pages\/499","targetHints":{"allow":["GET"]}}],"collection":[{"href":"https:\/\/wordpress.nibis.de\/gswrestedt\/wp-json\/wp\/v2\/pages"}],"about":[{"href":"https:\/\/wordpress.nibis.de\/gswrestedt\/wp-json\/wp\/v2\/types\/page"}],"author":[{"embeddable":true,"href":"https:\/\/wordpress.nibis.de\/gswrestedt\/wp-json\/wp\/v2\/users\/1020"}],"replies":[{"embeddable":true,"href":"https:\/\/wordpress.nibis.de\/gswrestedt\/wp-json\/wp\/v2\/comments?post=499"}],"version-history":[{"count":4,"href":"https:\/\/wordpress.nibis.de\/gswrestedt\/wp-json\/wp\/v2\/pages\/499\/revisions"}],"predecessor-version":[{"id":507,"href":"https:\/\/wordpress.nibis.de\/gswrestedt\/wp-json\/wp\/v2\/pages\/499\/revisions\/507"}],"wp:attachment":[{"href":"https:\/\/wordpress.nibis.de\/gswrestedt\/wp-json\/wp\/v2\/media?parent=499"}],"curies":[{"name":"wp","href":"https:\/\/api.w.org\/{rel}","templated":true}]}}