{"id":605,"date":"2016-11-29T17:51:55","date_gmt":"2016-11-29T16:51:55","guid":{"rendered":"http:\/\/wordpress.nibis.de\/gswrestedt\/?page_id=605"},"modified":"2023-12-03T10:16:20","modified_gmt":"2023-12-03T09:16:20","slug":"basteltag-2016","status":"publish","type":"page","link":"https:\/\/wordpress.nibis.de\/gswrestedt\/basteltag-2016\/","title":{"rendered":"Adventsbasteln"},"content":{"rendered":"<p>Am<strong> 30.12.23<\/strong>\u00a0fand in der Grundschule Wrestedt das<strong>\u00a0Adventsbasteln <\/strong>in allen Klassen statt. Zum ersten Mal an einem Donnerstag und nicht am Freitag vor dem 1. Advent.\u00a0<\/p>\n<p>Die Klassen bastelten <strong>mit Unterst\u00fctzung vieler Eltern<\/strong> adventliches und weihnachtliches f\u00fcr die Schule und f\u00fcr Zuhause.<\/p>\n<p><img loading=\"lazy\" decoding=\"async\" class=\"aligncenter size-medium wp-image-3196\" src=\"https:\/\/wordpress.nibis.de\/gswrestedt\/files\/2023\/12\/IMG_6301-225x300.jpeg\" alt=\"\" width=\"225\" height=\"300\" srcset=\"https:\/\/wordpress.nibis.de\/gswrestedt\/files\/2023\/12\/IMG_6301-225x300.jpeg 225w, https:\/\/wordpress.nibis.de\/gswrestedt\/files\/2023\/12\/IMG_6301-768x1024.jpeg 768w, https:\/\/wordpress.nibis.de\/gswrestedt\/files\/2023\/12\/IMG_6301-1152x1536.jpeg 1152w, https:\/\/wordpress.nibis.de\/gswrestedt\/files\/2023\/12\/IMG_6301-1536x2048.jpeg 1536w, https:\/\/wordpress.nibis.de\/gswrestedt\/files\/2023\/12\/IMG_6301-scaled.jpeg 1920w\" sizes=\"auto, (max-width: 225px) 100vw, 225px\" \/><\/p>\n<p><img loading=\"lazy\" decoding=\"async\" class=\"aligncenter size-medium wp-image-3197\" src=\"https:\/\/wordpress.nibis.de\/gswrestedt\/files\/2023\/12\/IMG_6302-225x300.jpeg\" alt=\"\" width=\"225\" height=\"300\" srcset=\"https:\/\/wordpress.nibis.de\/gswrestedt\/files\/2023\/12\/IMG_6302-225x300.jpeg 225w, https:\/\/wordpress.nibis.de\/gswrestedt\/files\/2023\/12\/IMG_6302-768x1024.jpeg 768w, https:\/\/wordpress.nibis.de\/gswrestedt\/files\/2023\/12\/IMG_6302-1152x1536.jpeg 1152w, https:\/\/wordpress.nibis.de\/gswrestedt\/files\/2023\/12\/IMG_6302-1536x2048.jpeg 1536w, https:\/\/wordpress.nibis.de\/gswrestedt\/files\/2023\/12\/IMG_6302-scaled.jpeg 1920w\" sizes=\"auto, (max-width: 225px) 100vw, 225px\" \/><\/p>\n<p><img loading=\"lazy\" decoding=\"async\" class=\"aligncenter size-medium wp-image-3198\" src=\"https:\/\/wordpress.nibis.de\/gswrestedt\/files\/2023\/12\/IMG_6303-225x300.jpeg\" alt=\"\" width=\"225\" height=\"300\" srcset=\"https:\/\/wordpress.nibis.de\/gswrestedt\/files\/2023\/12\/IMG_6303-225x300.jpeg 225w, https:\/\/wordpress.nibis.de\/gswrestedt\/files\/2023\/12\/IMG_6303-768x1024.jpeg 768w, https:\/\/wordpress.nibis.de\/gswrestedt\/files\/2023\/12\/IMG_6303-1152x1536.jpeg 1152w, https:\/\/wordpress.nibis.de\/gswrestedt\/files\/2023\/12\/IMG_6303-1536x2048.jpeg 1536w, https:\/\/wordpress.nibis.de\/gswrestedt\/files\/2023\/12\/IMG_6303-scaled.jpeg 1920w\" sizes=\"auto, (max-width: 225px) 100vw, 225px\" \/><\/p>\n<p>\u00a0<\/p>\n\n\n<p>In der Schulk\u00fcche stellten die Mitglieder des <strong>F\u00f6rderkreises<\/strong> unterschiedliche Leckereien her, die zugunsten der Schule auf dem Weihnachtsmarkt verkauft werden sollen. Die Kinder aller Klassen halfen dabei flei\u00dfig mit.<\/p>\n\n\n\n<p>Es duftete in den Klassen nach <strong>Waffeln<\/strong> und <strong>Kekse<\/strong>n, denn es gab viel weihnachtliches Geb\u00e4ck zu naschen.<\/p>\n\n\n\n<p><strong>Gemeinsam sangen<\/strong> die Sch\u00fcler, Eltern und Lehrer nach der gro\u00dfen Pause <strong>Weihnachtslieder<\/strong>.<\/p>\n\n\n\n<p><\/p>\n\n\n\n<p class=\"has-text-align-center\">. <\/p>\n\n\n\n<p><\/p>\n","protected":false},"excerpt":{"rendered":"<p>Am 30.12.23\u00a0fand in der Grundschule Wrestedt das\u00a0Adventsbasteln in allen Klassen statt. Zum ersten Mal an einem Donnerstag und nicht am Freitag vor dem 1. Advent.\u00a0 Die Klassen bastelten mit Unterst\u00fctzung vieler Eltern adventliches und weihnachtliches f\u00fcr die Schule und f\u00fcr &hellip; <a href=\"https:\/\/wordpress.nibis.de\/gswrestedt\/basteltag-2016\/\">Weiterlesen <span class=\"meta-nav\">&rarr;<\/span><\/a><\/p>\n","protected":false},"author":1020,"featured_media":0,"parent":0,"menu_order":0,"comment_status":"closed","ping_status":"closed","template":"","meta":{"footnotes":""},"class_list":["post-605","page","type-page","status-publish","hentry"],"_links":{"self":[{"href":"https:\/\/wordpress.nibis.de\/gswrestedt\/wp-json\/wp\/v2\/pages\/605","targetHints":{"allow":["GET"]}}],"collection":[{"href":"https:\/\/wordpress.nibis.de\/gswrestedt\/wp-json\/wp\/v2\/pages"}],"about":[{"href":"https:\/\/wordpress.nibis.de\/gswrestedt\/wp-json\/wp\/v2\/types\/page"}],"author":[{"embeddable":true,"href":"https:\/\/wordpress.nibis.de\/gswrestedt\/wp-json\/wp\/v2\/users\/1020"}],"replies":[{"embeddable":true,"href":"https:\/\/wordpress.nibis.de\/gswrestedt\/wp-json\/wp\/v2\/comments?post=605"}],"version-history":[{"count":32,"href":"https:\/\/wordpress.nibis.de\/gswrestedt\/wp-json\/wp\/v2\/pages\/605\/revisions"}],"predecessor-version":[{"id":3204,"href":"https:\/\/wordpress.nibis.de\/gswrestedt\/wp-json\/wp\/v2\/pages\/605\/revisions\/3204"}],"wp:attachment":[{"href":"https:\/\/wordpress.nibis.de\/gswrestedt\/wp-json\/wp\/v2\/media?parent=605"}],"curies":[{"name":"wp","href":"https:\/\/api.w.org\/{rel}","templated":true}]}}