{"id":835,"date":"2017-08-18T10:12:13","date_gmt":"2017-08-18T08:12:13","guid":{"rendered":"http:\/\/wordpress.nibis.de\/gswrestedt\/?page_id=835"},"modified":"2019-09-03T17:26:05","modified_gmt":"2019-09-03T15:26:05","slug":"lesetueten-von-decius","status":"publish","type":"page","link":"https:\/\/wordpress.nibis.de\/gswrestedt\/lesetueten-von-decius\/","title":{"rendered":"Leset\u00fcten von Decius"},"content":{"rendered":"<p><strong>Anfang September 2019<\/strong> bekamen die jetzigen <strong>1. Klassen<\/strong> ihre <strong>Leset\u00fcte <\/strong>von ihren Klassenlehrerinnen<strong> \u00fcberreicht<\/strong>.<\/p>\n<p>Die Leset\u00fcten wurden von <strong>der jetzigen 2. Klasse bemalt<\/strong> und vom Team der <strong>Buchhandlung Decius bef\u00fcllt<\/strong>.<\/p>\n<p><img loading=\"lazy\" decoding=\"async\" class=\"aligncenter  wp-image-2054\" src=\"https:\/\/wordpress.nibis.de\/gswrestedt\/files\/2019\/09\/IMG_8363-e1567524317138-768x1024.jpg\" alt=\"\" width=\"290\" height=\"387\" srcset=\"https:\/\/wordpress.nibis.de\/gswrestedt\/files\/2019\/09\/IMG_8363-e1567524317138.jpg 768w, https:\/\/wordpress.nibis.de\/gswrestedt\/files\/2019\/09\/IMG_8363-e1567524317138-225x300.jpg 225w\" sizes=\"auto, (max-width: 290px) 100vw, 290px\" \/><\/p>\n<p>Neugierig packten die Kinder ihre T\u00fcten aus und freuten sich \u00fcber das tolle Buch und die Lesezeichen.<\/p>\n<p><img loading=\"lazy\" decoding=\"async\" class=\"wp-image-2051 alignleft\" src=\"https:\/\/wordpress.nibis.de\/gswrestedt\/files\/2019\/09\/IMG_8360-1024x768.jpg\" alt=\"\" width=\"277\" height=\"208\" srcset=\"https:\/\/wordpress.nibis.de\/gswrestedt\/files\/2019\/09\/IMG_8360.jpg 1024w, https:\/\/wordpress.nibis.de\/gswrestedt\/files\/2019\/09\/IMG_8360-300x225.jpg 300w, https:\/\/wordpress.nibis.de\/gswrestedt\/files\/2019\/09\/IMG_8360-768x576.jpg 768w\" sizes=\"auto, (max-width: 277px) 100vw, 277px\" \/><img loading=\"lazy\" decoding=\"async\" class=\"wp-image-2053 alignright\" src=\"https:\/\/wordpress.nibis.de\/gswrestedt\/files\/2019\/09\/IMG_8361-1024x768.jpg\" alt=\"\" width=\"284\" height=\"213\" srcset=\"https:\/\/wordpress.nibis.de\/gswrestedt\/files\/2019\/09\/IMG_8361.jpg 1024w, https:\/\/wordpress.nibis.de\/gswrestedt\/files\/2019\/09\/IMG_8361-300x225.jpg 300w, https:\/\/wordpress.nibis.de\/gswrestedt\/files\/2019\/09\/IMG_8361-768x576.jpg 768w\" sizes=\"auto, (max-width: 284px) 100vw, 284px\" \/><\/p>\n","protected":false},"excerpt":{"rendered":"<p>Anfang September 2019 bekamen die jetzigen 1. Klassen ihre Leset\u00fcte von ihren Klassenlehrerinnen \u00fcberreicht. Die Leset\u00fcten wurden von der jetzigen 2. Klasse bemalt und vom Team der Buchhandlung Decius bef\u00fcllt. Neugierig packten die Kinder ihre T\u00fcten aus und freuten sich &hellip; <a href=\"https:\/\/wordpress.nibis.de\/gswrestedt\/lesetueten-von-decius\/\">Weiterlesen <span class=\"meta-nav\">&rarr;<\/span><\/a><\/p>\n","protected":false},"author":1020,"featured_media":0,"parent":0,"menu_order":0,"comment_status":"closed","ping_status":"closed","template":"","meta":{"footnotes":""},"class_list":["post-835","page","type-page","status-publish","hentry"],"_links":{"self":[{"href":"https:\/\/wordpress.nibis.de\/gswrestedt\/wp-json\/wp\/v2\/pages\/835","targetHints":{"allow":["GET"]}}],"collection":[{"href":"https:\/\/wordpress.nibis.de\/gswrestedt\/wp-json\/wp\/v2\/pages"}],"about":[{"href":"https:\/\/wordpress.nibis.de\/gswrestedt\/wp-json\/wp\/v2\/types\/page"}],"author":[{"embeddable":true,"href":"https:\/\/wordpress.nibis.de\/gswrestedt\/wp-json\/wp\/v2\/users\/1020"}],"replies":[{"embeddable":true,"href":"https:\/\/wordpress.nibis.de\/gswrestedt\/wp-json\/wp\/v2\/comments?post=835"}],"version-history":[{"count":7,"href":"https:\/\/wordpress.nibis.de\/gswrestedt\/wp-json\/wp\/v2\/pages\/835\/revisions"}],"predecessor-version":[{"id":2055,"href":"https:\/\/wordpress.nibis.de\/gswrestedt\/wp-json\/wp\/v2\/pages\/835\/revisions\/2055"}],"wp:attachment":[{"href":"https:\/\/wordpress.nibis.de\/gswrestedt\/wp-json\/wp\/v2\/media?parent=835"}],"curies":[{"name":"wp","href":"https:\/\/api.w.org\/{rel}","templated":true}]}}