{"id":867,"date":"2017-10-23T13:38:42","date_gmt":"2017-10-23T11:38:42","guid":{"rendered":"http:\/\/wordpress.nibis.de\/gswrestedt\/?page_id=867"},"modified":"2018-11-07T09:06:28","modified_gmt":"2018-11-07T08:06:28","slug":"buecherschrank-am-rathaus","status":"publish","type":"page","link":"https:\/\/wordpress.nibis.de\/gswrestedt\/buecherschrank-am-rathaus\/","title":{"rendered":"B\u00fccherschrank am Rathaus"},"content":{"rendered":"<p>Die <strong>Klasse 3a der Grundschule Wrestedt<\/strong> hat den <strong>\u00f6ffentlichen B\u00fccherschrank vor dem Wrestedter Rathaus<\/strong> besucht.<\/p>\n<p>Die Sch\u00fclerinnen und Sch\u00fcler brachten von Zuhause B\u00fccher mit, die sie in den Schrank legen wollten.<\/p>\n<p><a href=\"http:\/\/wordpress.nibis.de\/gswrestedt\/files\/2017\/10\/Buchregal-Klasse.jpg\"><img loading=\"lazy\" decoding=\"async\" class=\"aligncenter size-full wp-image-868\" src=\"http:\/\/wordpress.nibis.de\/gswrestedt\/files\/2017\/10\/Buchregal-Klasse.jpg\" alt=\"\" width=\"800\" height=\"600\" \/><\/a><\/p>\n<p>In dem B\u00fccherschrank befinden sich B\u00fccher aus allen Bereichen.<\/p>\n<p>Der B\u00fccherschrank wurde <strong>initiiert<\/strong> <strong>von<\/strong> <strong>Helga Timm-Koltermann und<\/strong> <strong>Jasmin Littek<\/strong> und <strong>unterst\u00fctzt von dem Verein &#8222;Dorfleben Wrestedt&#8220;<\/strong>.<\/p>\n<p>Der Schrank wurde <strong>von der Berufsfachschule Holztechnik der Uelzener BBS I unter Anleitung von Lehrer Peter Hartwig angefertigt<\/strong>.<\/p>\n<p><a href=\"http:\/\/wordpress.nibis.de\/gswrestedt\/files\/2017\/10\/B\u00fcchersuche.jpg\"><img loading=\"lazy\" decoding=\"async\" class=\"aligncenter size-full wp-image-869\" src=\"http:\/\/wordpress.nibis.de\/gswrestedt\/files\/2017\/10\/B\u00fcchersuche.jpg\" alt=\"\" width=\"768\" height=\"1024\" \/><\/a><\/p>\n<p>Die Sch\u00fcler und Sch\u00fclerinnen st\u00f6berten lange in dem <strong>reichhaltigen B\u00fccherfundus<\/strong>.<\/p>\n<p>So manches Buch wurde hineingestellt und sogleich von einem anderen Kind wieder heraus- und mitgenommen.<\/p>\n<p>Die Klasse 3a ist begeistert von der Idee, sich dort <strong>B\u00fccher mitzunehmen, auszuleihen und hineinzustellen.\u00a0<\/strong><\/p>\n<p>Alle Kinder hoffen, dass dieser B\u00fccherschrank von vielen Menschen <strong>wertgesch\u00e4tzt und benutzt wird<\/strong>, damit immer ein <strong>gro\u00dfes und breit gef\u00e4chertes Angebot an B\u00fcchern vorhanden ist<\/strong>.<\/p>\n<p><a href=\"http:\/\/wordpress.nibis.de\/gswrestedt\/files\/2017\/10\/vorm-Rathaus.jpg\"><img loading=\"lazy\" decoding=\"async\" class=\"aligncenter size-full wp-image-870\" src=\"http:\/\/wordpress.nibis.de\/gswrestedt\/files\/2017\/10\/vorm-Rathaus.jpg\" alt=\"\" width=\"800\" height=\"600\" \/><\/a><\/p>\n<p>Jedes Kind fand f\u00fcr sich selber oder f\u00fcr ein Familienmitglied ein Buch in dem Schrank.<\/p>\n<p>&nbsp;<\/p>\n","protected":false},"excerpt":{"rendered":"<p>Die Klasse 3a der Grundschule Wrestedt hat den \u00f6ffentlichen B\u00fccherschrank vor dem Wrestedter Rathaus besucht. Die Sch\u00fclerinnen und Sch\u00fcler brachten von Zuhause B\u00fccher mit, die sie in den Schrank legen wollten. In dem B\u00fccherschrank befinden sich B\u00fccher aus allen Bereichen. &hellip; <a href=\"https:\/\/wordpress.nibis.de\/gswrestedt\/buecherschrank-am-rathaus\/\">Weiterlesen <span class=\"meta-nav\">&rarr;<\/span><\/a><\/p>\n","protected":false},"author":1020,"featured_media":0,"parent":0,"menu_order":0,"comment_status":"closed","ping_status":"closed","template":"","meta":{"footnotes":""},"class_list":["post-867","page","type-page","status-publish","hentry"],"_links":{"self":[{"href":"https:\/\/wordpress.nibis.de\/gswrestedt\/wp-json\/wp\/v2\/pages\/867","targetHints":{"allow":["GET"]}}],"collection":[{"href":"https:\/\/wordpress.nibis.de\/gswrestedt\/wp-json\/wp\/v2\/pages"}],"about":[{"href":"https:\/\/wordpress.nibis.de\/gswrestedt\/wp-json\/wp\/v2\/types\/page"}],"author":[{"embeddable":true,"href":"https:\/\/wordpress.nibis.de\/gswrestedt\/wp-json\/wp\/v2\/users\/1020"}],"replies":[{"embeddable":true,"href":"https:\/\/wordpress.nibis.de\/gswrestedt\/wp-json\/wp\/v2\/comments?post=867"}],"version-history":[{"count":4,"href":"https:\/\/wordpress.nibis.de\/gswrestedt\/wp-json\/wp\/v2\/pages\/867\/revisions"}],"predecessor-version":[{"id":1600,"href":"https:\/\/wordpress.nibis.de\/gswrestedt\/wp-json\/wp\/v2\/pages\/867\/revisions\/1600"}],"wp:attachment":[{"href":"https:\/\/wordpress.nibis.de\/gswrestedt\/wp-json\/wp\/v2\/media?parent=867"}],"curies":[{"name":"wp","href":"https:\/\/api.w.org\/{rel}","templated":true}]}}