{"id":99,"date":"2016-05-23T14:11:56","date_gmt":"2016-05-23T12:11:56","guid":{"rendered":"http:\/\/wordpress.nibis.de\/gswrestedt\/?page_id=99"},"modified":"2018-11-07T09:03:49","modified_gmt":"2018-11-07T08:03:49","slug":"beurlaubung","status":"publish","type":"page","link":"https:\/\/wordpress.nibis.de\/gswrestedt\/beurlaubung\/","title":{"rendered":"Beurlaubung"},"content":{"rendered":"<p>Sollten Sie Ihr Kind einmal <strong>stundenweise oder f\u00fcr einen Tag<\/strong>\u00a0vom Unterricht befreien m\u00fcssen (Arztbesuch, Familienfeier etc.) k\u00f6nnen Sie dies telefonisch oder schriftlich bei der <strong>Klassenlehrerin<\/strong> beantragen.<\/p>\n<p><strong>L\u00e4ngerfristige Beurlaubungen<\/strong>\u00a0(z. B. f\u00fcr einen Reha-Aufenthalt) m\u00fcssen bei der Schulleitung\u00a0beantragt werden. F\u00fcr die Zeiten direkt vor oder nach den Ferien werden in begr\u00fcndeten Ausnahmesituationen grunds\u00e4tzlich nur einmal w\u00e4hrend der gesamten Schulzeit Antr\u00e4ge von der <strong>Schulleitung<\/strong> genehmigt. Dazu stellen Sie bitte einen kurzen formlosen, schriftlichen Antrag.<\/p>\n","protected":false},"excerpt":{"rendered":"<p>Sollten Sie Ihr Kind einmal stundenweise oder f\u00fcr einen Tag\u00a0vom Unterricht befreien m\u00fcssen (Arztbesuch, Familienfeier etc.) k\u00f6nnen Sie dies telefonisch oder schriftlich bei der Klassenlehrerin beantragen. L\u00e4ngerfristige Beurlaubungen\u00a0(z. B. f\u00fcr einen Reha-Aufenthalt) m\u00fcssen bei der Schulleitung\u00a0beantragt werden. F\u00fcr die Zeiten &hellip; <a href=\"https:\/\/wordpress.nibis.de\/gswrestedt\/beurlaubung\/\">Weiterlesen <span class=\"meta-nav\">&rarr;<\/span><\/a><\/p>\n","protected":false},"author":1020,"featured_media":0,"parent":0,"menu_order":0,"comment_status":"closed","ping_status":"closed","template":"","meta":{"footnotes":""},"class_list":["post-99","page","type-page","status-publish","hentry"],"_links":{"self":[{"href":"https:\/\/wordpress.nibis.de\/gswrestedt\/wp-json\/wp\/v2\/pages\/99","targetHints":{"allow":["GET"]}}],"collection":[{"href":"https:\/\/wordpress.nibis.de\/gswrestedt\/wp-json\/wp\/v2\/pages"}],"about":[{"href":"https:\/\/wordpress.nibis.de\/gswrestedt\/wp-json\/wp\/v2\/types\/page"}],"author":[{"embeddable":true,"href":"https:\/\/wordpress.nibis.de\/gswrestedt\/wp-json\/wp\/v2\/users\/1020"}],"replies":[{"embeddable":true,"href":"https:\/\/wordpress.nibis.de\/gswrestedt\/wp-json\/wp\/v2\/comments?post=99"}],"version-history":[{"count":6,"href":"https:\/\/wordpress.nibis.de\/gswrestedt\/wp-json\/wp\/v2\/pages\/99\/revisions"}],"predecessor-version":[{"id":1598,"href":"https:\/\/wordpress.nibis.de\/gswrestedt\/wp-json\/wp\/v2\/pages\/99\/revisions\/1598"}],"wp:attachment":[{"href":"https:\/\/wordpress.nibis.de\/gswrestedt\/wp-json\/wp\/v2\/media?parent=99"}],"curies":[{"name":"wp","href":"https:\/\/api.w.org\/{rel}","templated":true}]}}