{"id":1077,"date":"2018-08-05T18:16:48","date_gmt":"2018-08-05T16:16:48","guid":{"rendered":"http:\/\/wordpress.nibis.de\/gy-her\/?page_id=1077"},"modified":"2018-08-05T18:24:49","modified_gmt":"2018-08-05T16:24:49","slug":"junge-literatur-aus-hermannsburg","status":"publish","type":"page","link":"https:\/\/wordpress.nibis.de\/gy-her\/junge-literatur-aus-hermannsburg\/","title":{"rendered":"[:de] &#8222;Junge Literatur aus Hermannsburg&#8220;[:]"},"content":{"rendered":"<p>[:de]An dieser Stelle erscheinen von nun an Gedichte, Geschichten und anderer Lesestoff aus der Produktion von Sch\u00fclerinnen und Sch\u00fclern des Christian-Gymnasiums. Hier wirst du mal lustige, mal traurige, mal nachdenkliche und nat\u00fcrlich immer wieder spannende Texte finden, die sich deine Mitsch\u00fcler\/innen ausgedacht haben.<br \/>\nOder vielleicht auch du selbst? Kein Problem, eine Email an Herrn Salie (<a href=\"&#x6d;&#x61;&#x69;&#x6c;&#116;&#111;:sa&#x6c;&#x40;&#x67;&#x79;&#45;&#104;er&#46;&#x64;&#x65;\">&#x73;&#97;&#x6c;&#x40;&#103;&#x79;&#45;h&#x65;&#114;&#46;&#x64;&#101;<\/a>) hilft da weiter!<\/p>\n<p><a href=\"\/gy-her\/category\/schulleben\/projekte\/oertzepoeten\/\"><strong>Zu den aktuellen Werken &gt;&gt;<\/strong> <\/a><\/p>\n<p>&nbsp;[:]<\/p>\n","protected":false},"excerpt":{"rendered":"<p>[:de]An dieser Stelle erscheinen von nun an Gedichte, Geschichten und anderer Lesestoff aus der Produktion von Sch\u00fclerinnen und Sch\u00fclern des Christian-Gymnasiums. Hier wirst du mal lustige, mal traurige, mal nachdenkliche <span class=\"excerpt-dots\">&hellip;<\/span> <a class=\"more-link\" href=\"https:\/\/wordpress.nibis.de\/gy-her\/junge-literatur-aus-hermannsburg\/\"><span class=\"more-msg\">Weiterlesen &rarr;<\/span><\/a><\/p>\n","protected":false},"author":9192510,"featured_media":1059,"parent":0,"menu_order":0,"comment_status":"closed","ping_status":"closed","template":"","meta":{"footnotes":""},"class_list":["post-1077","page","type-page","status-publish","has-post-thumbnail","hentry"],"_links":{"self":[{"href":"https:\/\/wordpress.nibis.de\/gy-her\/wp-json\/wp\/v2\/pages\/1077","targetHints":{"allow":["GET"]}}],"collection":[{"href":"https:\/\/wordpress.nibis.de\/gy-her\/wp-json\/wp\/v2\/pages"}],"about":[{"href":"https:\/\/wordpress.nibis.de\/gy-her\/wp-json\/wp\/v2\/types\/page"}],"author":[{"embeddable":true,"href":"https:\/\/wordpress.nibis.de\/gy-her\/wp-json\/wp\/v2\/users\/9192510"}],"replies":[{"embeddable":true,"href":"https:\/\/wordpress.nibis.de\/gy-her\/wp-json\/wp\/v2\/comments?post=1077"}],"version-history":[{"count":3,"href":"https:\/\/wordpress.nibis.de\/gy-her\/wp-json\/wp\/v2\/pages\/1077\/revisions"}],"predecessor-version":[{"id":1082,"href":"https:\/\/wordpress.nibis.de\/gy-her\/wp-json\/wp\/v2\/pages\/1077\/revisions\/1082"}],"wp:featuredmedia":[{"embeddable":true,"href":"https:\/\/wordpress.nibis.de\/gy-her\/wp-json\/wp\/v2\/media\/1059"}],"wp:attachment":[{"href":"https:\/\/wordpress.nibis.de\/gy-her\/wp-json\/wp\/v2\/media?parent=1077"}],"curies":[{"name":"wp","href":"https:\/\/api.w.org\/{rel}","templated":true}]}}