{"id":1147,"date":"2018-08-05T20:07:45","date_gmt":"2018-08-05T18:07:45","guid":{"rendered":"http:\/\/wordpress.nibis.de\/gy-her\/?page_id=1147"},"modified":"2025-12-08T18:45:48","modified_gmt":"2025-12-08T17:45:48","slug":"werner-jahn-stiftung","status":"publish","type":"page","link":"https:\/\/wordpress.nibis.de\/gy-her\/werner-jahn-stiftung\/","title":{"rendered":"Werner-Jahn-Stiftung"},"content":{"rendered":"<p><a name=\"oben\"><\/a><\/p>\n<h3>Die Preistr\u00e4ger*innen 2025<\/h3>\n<p>Am 03. November 2025 fand im Familien- und Begegnungszentrum in Hermannsburg die feierliche \u00dcbergabe der Urkunden der <strong>Werner-Jahn-Stiftung<\/strong> statt. Mit der Auszeichnung ehrt die Stiftung seit 2003 jedes Jahr Sch\u00fclerinnen und Sch\u00fcler des Christian-Gymnasiums, die sich in besonderem Ma\u00dfe f\u00fcr ihre Schulgemeinschaft eingesetzt haben. In Anwesenheit der B\u00fcrgermeisterin Katharina Ebeling, des Schulleiters Michael Zilk sowie des Stiftungsvorsitzenden Martin Kruse erhielten die engagierten Jugendlichen ihre Urkunden sowie ein Preisgeld von 100 Euro. Gew\u00fcrdigt wurden unter anderem Sch\u00fclerinnen und Sch\u00fcler, die sich mit gro\u00dfem pers\u00f6nlichem Einsatz f\u00fcr die Integration ihrer Mitsch\u00fclerinnen und Mitsch\u00fcler stark gemacht haben oder die in der Sch\u00fclerinnen- und Sch\u00fclervertretung beispielhaft Verantwortung \u00fcbernommen und konstruktiv zur Schulentwicklung beigetragen haben. B\u00fcrgermeisterin Ebeling betonte in ihrer Ansprache die Bedeutung des ehrenamtlichen Engagements junger Menschen: <em>\u201eUnsere Gesellschaft lebt von denen, die sich einbringen. Diese Sch\u00fclerinnen und Sch\u00fcler zeigen, wie viel Positives entstehen kann, wenn man Verantwortung \u00fcbernimmt.\u201c<\/em> Auch Schulleiter Zilk und Martin Kruse lobten die Ausgezeichneten f\u00fcr ihren Mut, ihre Ideen und ihre Bereitschaft, die Schulgemeinschaft aktiv mitzugestalten. Die Werner-Jahn-Stiftung, die seit vielen Jahren besonderes musisch-k\u00fcnsterlisches und soziales Engagement f\u00f6rdert, unterstrich mit der Verleihung erneut ihren Anspruch, junge Menschen in ihrem Einsatz zu best\u00e4rken. Die Veranstaltung endete in einem offenen Austausch und dem Gef\u00fchl, dass Einsatz und Mitmenschlichkeit sichtbarer gemacht zu haben.<\/p>\n<p><img decoding=\"async\" class=\"aligncenter\" src=\"https:\/\/wordpress.nibis.de\/gy-her\/files\/2025\/12\/Werner-Jahn-Preistraeger-2025.jpg\" alt=\"\" \/><\/p>\n<hr \/>\n<h3>Das Kuratorium<\/h3>\n<p>Folgende Personen (inkl. Funktionen) geh\u00f6ren aktuell dem Kuratorium an:<\/p>\n<p>Martin Josef Kruse (Altsch\u00fcler, Vorstand)<br \/>\nChristian Vogel (Altsch\u00fcler, Stifter)<br \/>\nAxel Flader (Altsch\u00fcler, Stifter)<br \/>\nKatharina Worthmann (Volksbank S\u00fcdheide-Isenhagener Land-Altmark)<br \/>\nMartina Wittenburg (Altsch\u00fclerin, Schulelternrat)<br \/>\nMichael Zilk (Schulleiter)<br \/>\nJohanne Gerlach (Kollegium)<\/p>\n<p class=\"western\" align=\"left\"><a href=\"#oben\">nach oben<\/a><\/p>\n<hr \/>\n<h3>Informationen zur Stiftung<\/h3>\n<p><a>Kurzinformation<\/a><br \/>\n<a href=\"#Umsetzung\">Von der Idee zur Stiftung<\/a><br \/>\n<a href=\"#Kontonummer\">Stiftungskonto<\/a><br \/>\n<a href=\"http:\/\/wordpress.nibis.de\/gy-her\/files\/2018\/08\/Stiftungssatzung-2015.pdf\">Stiftungssatzung<\/a><\/p>\n<h4>Kurzinformation<\/h4>\n<p>Im Jahr 2000 kam aus der Mitte der Altsch\u00fclerschaft die Idee auf, am Christian-Gymnasium eine gemeinn\u00fctzige Stiftung zu gr\u00fcnden. Ihr Zweck sollte sein, Sch\u00fcler-\/innen f\u00fcr herausragende Leistungen in den musischen F\u00e4chern incl. IT und f\u00fcr vorbildliches, faires und soziales Verhalten, f\u00fcr uneigenn\u00fctzigen Einsatz und f\u00fcr Zivilcourage Lob und Anerkennung auszusprechen.<\/p>\n<p>2002 wurde dann die Stiftung mit dem Namen des Gr\u00fcndungsdirektors des Gymnasiums &#8211; Werner Jahn \u2013 mit Zustimmung der Schulleitung, der Schulbeh\u00f6rde in L\u00fcneburg und des Finanzamts Celle gegr\u00fcndet. Das n\u00f6tige Stiftungskapital fand sich aus Stiftungen und Spenden der Altsch\u00fclerschaft zusammen.<\/p>\n<p>Seither w\u00e4hlt die Stiftung j\u00e4hrlich aus den Antr\u00e4gen des Lehrerkollegiums die im Sinne des Stiftungszwecks \u00fcberzeugenden F\u00e4lle aus und spricht den Sch\u00fclern-\/innen jeweils am im Rahmen der Verabschiedung der Abiturientinnen und Abiturienten oder in gesonderten Schulveranstaltungen durch Urkunde und Geschenk Lob und Anerkennung aus. Die Preisverleihungen sind bei den Sch\u00fclern-\/innen, den Eltern, dem Lehrerkollegium und der interessierten \u00d6ffentlichkeit eine freudestiftende Tradition.<\/p>\n<p>Das ehrenamtlich t\u00e4tige Stiftungskuratorium erhofft sich, dass durch das lobende Anerkennen bei Sch\u00fclern und Sch\u00fclerinnen auch Kreativit\u00e4t, Eigenverantwortlichkeit, Pers\u00f6nlichkeitsreife und nicht zuletzt die Abneigung gegen\u00fcber Hass und Gewalt gef\u00f6rdert werden.<\/p>\n<p>Die Stiftung erf\u00fcllt ihr Anliegen aus den Kapitalertr\u00e4gen und aus Spenden.<\/p>\n<p><strong>Zustiftungen und Spenden <\/strong>sind auf dem Konto der <strong>\u201eWerner Jahn Stiftung\u201c<\/strong><\/p>\n<p><strong>IBAN DE92 2579 1635 0068 4708 00 <\/strong>willkommen.<br \/>\nSteuermindernde Quittungen werden ohne Anforderung zugesandt.<\/p>\n<p><strong>Kontakt<\/strong> zur Stiftung gelingt \u00fcber das Christian-Gymnasium: E-mail: <a href=\"&#x6d;&#97;&#x69;&#x6c;&#116;&#x6f;&#58;s&#x65;&#107;r&#x65;&#116;a&#x72;&#105;a&#x74;&#64;&#x67;&#x79;&#104;&#x65;&#x72;&#46;&#x64;&#101;\">&#x73;&#x65;&#107;re&#x74;&#x61;&#114;&#105;a&#x74;&#x40;&#103;&#121;h&#x65;&#x72;&#x2e;&#100;e<\/a><\/p>\n<p>oder den Vorsitzenden des Kuratoriums Martin Kruse: E-mail: <a href=\"&#109;&#x61;&#x69;&#108;&#x74;&#x6f;:&#x73;&#x74;i&#102;&#x74;u&#110;&#x67;&#64;&#103;&#x79;h&#101;&#x72;&#46;&#100;&#x65;\">stif&#116;&#117;&#110;&#103;&#64;&#x67;&#x79;&#x68;&#x65;&#x72;&#x2e;&#x64;e<\/a><\/p>\n<p><a href=\"#oben\">nach oben<\/a><\/p>\n<h4><a name=\"Umsetzung\"><\/a><\/h4>\n<hr \/>\n<h3>Von der Idee zur Stiftung<\/h3>\n<p>M\u00f6gliche Gr\u00fcnde w\u00e4hnte er im gesellschaftlichen Wandel, aber auch in der im Zusammenhang mit dem Lehrermangel zu beobachtenden Konzentration auf die sog. \u201eharten\u201c F\u00e4cher wie Deutsch, Mathematik, Fremdsprachen und in der daraus resultierenden Schw\u00e4chung der sog. \u201eweichen\u201c F\u00e4cher wie Kunst, Musik, Religion, Werte und Normen und Gemeinschaftskunde. Gerade aber diese F\u00e4cher w\u00fcrden Jugendliche und Kinder sensibilisieren und dar\u00fcber nachdenken lassen, wie sie selbst f\u00f6rdernd behandelt werden m\u00f6chten und wie sie \u2013 dem entsprechend \u2013 gegen\u00fcber ihren Mitsch\u00fclern und Mitsch\u00fclerinnen und den Lehrkr\u00e4ften zu handeln h\u00e4tten. Intensive Besch\u00e4ftigung mit Inhalten und Fragen des fairen und sozialen Zusammenlebens k\u00f6nne die Chance zu gewaltfreiem Verhalten steigern. Wer sich mit sch\u00f6pferischen Lebens- und Lernbereichen befasse, entwickele eine gr\u00f6\u00dfere Hemmschwelle zu Respektlosigkeit und erst recht zu Hass und Gewalt.<\/p>\n<p>Seine Gedanken trug Hinrich W\u00f6ckener den Abiturklassen 13 F und 13 L (Abitur 1960) w\u00e4hrend eines gemeinsamen Treffens in Hermannsburg anl\u00e4sslich ihres 40-j\u00e4hrigen Abiturs vor und regte an, aus Spenden eine gemeinn\u00fctzige Stiftung zu gr\u00fcnden. Ihr Zweck im Rahmen der \u201eF\u00f6rderung von Bildung und Erziehung\u201c sollte erf\u00fcllt werden durch Anerkennung von nicht durch Zensuren bewerteter Leistungen auf dem weiten Feld des fairen, sozialen, vorbildlichen Verhaltens, des uneigenn\u00fctzigen Einsatzes und der Zivilcourage sowie f\u00fcr selbst\u00e4ndige und kreative Leistungen in den F\u00e4chern Musik, Theater, Kunst, Sport und Informationstechnologie.<\/p>\n<p>Der Name der Stiftung sollte an den langj\u00e4hrigen Gr\u00fcndungsdirektor des Christian-Gymnasiums <strong>Werner Jahn<\/strong> erinnern, dem die Pers\u00f6nlichkeitsbildung der Jugend im Rahmen der schulischen P\u00e4dagogik und dar\u00fcber hinaus stets ein zentrales Anliegen gewesen ist.<\/p>\n<p>Idee und Vorschl\u00e4ge wurden in dem gemeinsamen Klassentreffen erg\u00e4nzt, konkretisiert und schlie\u00dflich mit gro\u00dfer Mehrheit begr\u00fc\u00dft. Schnell fand sich aus beiden Klassen ein Startkapital von mehr als 7.000,- DM zusammen. Aus der Mitte wurden der damalige Schulleiter Artur Behr (Abitur 1960 \/ Klasse 13 F) und der in Bank- und Rechtsfragen vertraute Jurist Hinrich W\u00f6ckener beauftragt, eine zielf\u00fchrende Stiftungssatzung zu formulieren und das Einvernehmen mit der Schule, der Bezirksregierung in L\u00fcneburg, dem Finanzamt in Celle und dem gew\u00fcnschten Treuh\u00e4nder, der Volksbank Hermannsburg, herzustellen.<\/p>\n<p>Im September 2001 gr\u00fcndeten die Altsch\u00fcler-\/innen Artur und Barbara (Abi 1960) Behr, Hinrich und Ingrid (Abi 1966) W\u00f6ckener und Werner Drechsler (Abi 1954) sowie Ina Drechsler und Studiendirektor Siegfried St\u00e4bler einen nicht rechtsf\u00e4higen F\u00f6rderverein, der das f\u00fcr eine Stiftung ben\u00f6tigte Mindestkapital von 10.000 DM in der Altsch\u00fclerschaft einsammelte.<\/p>\n<p>In der Folgezeit wurden alle Formalien erf\u00fcllt und die n\u00f6tigen beh\u00f6rdlichen Zustimmungen eingeholt.<\/p>\n<p><img loading=\"lazy\" decoding=\"async\" class=\"alignright\" src=\"https:\/\/wordpress.nibis.de\/gy-her\/files\/2018\/08\/image001.jpg\" alt=\"\" width=\"370\" height=\"515\" \/>Am 28.2.2002 wurden in Hermannsburg die <a href=\"https:\/\/wordpress.nibis.de\/gy-her\/files\/2018\/08\/image001.jpg\"><strong>Stiftungsurkunde<\/strong><\/a> und die <a href=\"http:\/\/wordpress.nibis.de\/gy-her\/files\/2018\/08\/Stiftungssatzung-2015.pdf\" target=\"_blank\" rel=\"noopener\"><strong>Satzung <\/strong><\/a>der unselbst\u00e4ndigen \u201e<strong>Werner Jahn Stiftung<\/strong>\u201c von den Gr\u00fcndungsmitgliedern, den Stiftern Artur Behr und Hinrich W\u00f6ckener sowie dem Vertreter des Treuh\u00e4nders, Herrn Bernd Wolfram von der Volksbank Hermannsburg, unterzeichnet, und damit war die Gr\u00fcndung der Stiftung vollzogen.<\/p>\n<p>Die Volksbank Hermannsburg hatte sich spontan als Treuh\u00e4nder zur Verf\u00fcgung gestellt und das Finanzamt in Celle best\u00e4tigte die steuerlich wirksame Gemeinn\u00fctzigkeit der Stiftung.<\/p>\n<p>Am 26.9.2002 fand sich dann in der Schule erstmals das f\u00fcr die satzungsgem\u00e4\u00dfe Gesch\u00e4ftsf\u00fchrung zust\u00e4ndige und verantwortliche Kuratorium der Stiftung zusammen.<\/p>\n<p>Zum Gr\u00fcndungskuratorium geh\u00f6rten wiederum der Stifter Hinrich W\u00f6ckener sowie der Stifter und Schulleiter Artur BehrFrau Helga Wilde als Vorsitzende des Schulelternrates und Herr Bernd Wolfram als Vertreter des Treuh\u00e4nders. Berufene Mitglieder wurden der Oberstudienrat Hans Joachim Ebert als Vertreter des Lehrerkollegiums und Christian Vogel (Abi 1980) als Vertreter der Altsch\u00fclerschaft. Die Zusammensetzung des Kuratoriums hat sich mehrfach bei den Funktionstr\u00e4gern (Schulleitung, Schulelternrat, Treuh\u00e4nder und Kollegium) gem\u00e4\u00df der Satzung ge\u00e4ndert.<\/p>\n<p>2018 bzw. 2019 gaben Hinrich W\u00f6ckener (Stifter und Schriftf\u00fchrer) und Artur Behr (Stifter und Vorsitzender) ihre \u00c4mter aus Altersgr\u00fcnden auf und \u00fcbertrugen ihre Stifterfunktionen auf Christian Vogel bzw. auf Axel Flader (Abi1986). Der Altsch\u00fcler Martin Kruse (Abi 2000) wurde als Vertreter der Altsch\u00fclerschaft in das Kuratorium berufen und zu dessen gesch\u00e4ftsf\u00fchrenden Vorsitzenden gew\u00e4hlt.<\/p>\n<p>Seit 2003 werden in jedem Jahr jeweils zum Schuljahresende in \u00f6ffentlicher Runde im Sinne des Stiftungsanliegens deutlich herausragende Leistungen oder Verhaltensweisen der Sch\u00fclerschaft durch Urkunden und geldwerte Anerkennungen geehrt. Beides findet bei den Betroffenen und ihren Eltern, aber auch in der gesamten Sch\u00fclerschaft beachtliche W\u00fcrdigung. Insbesondere die durch die Schulleitung \u00fcberreichten Urkunden haben bei den sp\u00e4teren Studien- oder Berufsbewerbungen schon h\u00e4ufiger positive Wirkung erzielt. Der Wert der Zuwendungen liegt bisher zwischen 50,&#8211; und 200,&#8211; \u20ac.<\/p>\n<p>F\u00fcr das Christian-Gymnasium ist die \u201eWerner Jahn Stiftung\u201c inzwischen zu einer willkommenen festen Einrichtung geworden. Schulleitung, Kollegium und Elternbeirat begr\u00fc\u00dfen und f\u00f6rdern das Wirken der Stiftung. Durch die feierliche Verleihung der Anerkennungen im Rahmen der Verabschiedung der Abiturientinnen und Abiturienten oder anderer Schulveranstaltungen, die Aufnahme in die Website des Gymnasiums und durch Zeitungsberichte gelangt die Stiftung auch in das Bewusstsein der \u00d6ffentlichkeit.<\/p>\n<p>Bis heute legten Lehrer und Lehrerinnen dem Stiftungskuratorium ca. 150 begr\u00fcndete Antr\u00e4ge auf Anerkennung vor. Davon beschloss die Stiftung etwa 100 Anerkennungen positiv, fast immer einstimmig. Das Verfahren fordert vom Lehrerkollegium neben dem Schulauftrag viel vom Stiftungsgeist getragene Arbeit. Das ist dem Kuratorium bewusst und deshalb dankt es dem Kollegium ausdr\u00fccklich in aller Herzlichkeit. Das Kuratorium hofft, dass das Kollegium bei der Erf\u00fcllung seiner Arbeit f\u00fcr die Stiftung auch Freude empfindet, weil es damit der eingangs beschriebenen Stiftungsidee, wie auch der Sensibilisierung durch Loben, der wachsenden Eigenverantwortung, der F\u00f6rderung der Kreativit\u00e4t und der Pers\u00f6nlichkeitsbildung zur Realit\u00e4t verhilft.<\/p>\n<p>In der Altsch\u00fclerschaft hat die Stiftung eine positive Resonanz erfahren, das zeigt sich darin, dass das Stiftungsverm\u00f6gen inzwischen auf \u00fcber 20 000,- \u20ac angewachsen ist. Neben Zustiftungen zum Stiftungskapital erreichen die Stiftung auch Spenden f\u00fcr die Mitfinanzierung der j\u00e4hrlichen Anerkennungen. Sie sind gegenw\u00e4rtig besonders wichtig, weil das l\u00e4nger angelegte Stiftungskapital in der noch nachwirkenden Niedrigzinsphase nicht gen\u00fcgend Ertr\u00e4ge erbringt.<\/p>\n<p>Zustiftungen und Spenden sind weiterhin auf das Konto der \u201eWerner Jahn Stiftung\u201c bei der Volksbank S\u00fcdheide e.G. erw\u00fcnscht. Steuermindernde Quittungen werden rechtzeitig zugesandt.<\/p>\n<p><strong>IBAN: DE92 2579 1635 0068 4708 00<\/strong>, der <strong>BIC-\/SWIFT-Code GENODEF1HMN<\/strong><\/p>\n<p>Sollte die gemeinn\u00fctzige Stiftung \u2013 wider alle Erwartung \u2013 einmal geschlossen werden m\u00fcssen, w\u00fcrde das Stiftungsverm\u00f6gen der Elternschaft des Christian-Gymnasiums zur F\u00f6rderung des Schulauftrags zufallen.<\/p>\n<p style=\"text-align: right\">Hermannsburg, im Oktober 2022<\/p>\n<p><a name=\"Kontonummer\"><\/a><\/p>\n<h4>Stiftungskonto:<\/h4>\n<p>Kontoinhaber: Werner-Jahn-Stiftung<br \/>\nIBAN: DE92 2579 1635 <strong>0068 4708 00<br \/>\n<\/strong>BIC: GENODEF1HMN<br \/>\nBank: Volksbank S\u00fcdheide &#8211; Isenhagener Land &#8211; Altmark<\/p>\n<div align=\"right\"><\/div>\n<p><a href=\"#oben\">nach oben<\/a><\/p>\n<p><a name=\"Kontonummer\"><\/a><\/p>\n<h4>Satzung:<\/h4>\n<p><a href=\"http:\/\/wordpress.nibis.de\/gy-her\/files\/2018\/08\/Stiftungssatzung-2015.pdf\" target=\"_blank\" rel=\"noopener noreferrer\">Hier als .pdf<\/a><\/p>\n<div align=\"right\"><\/div>\n<p><a href=\"#oben\">nach oben<\/a><\/p>\n","protected":false},"excerpt":{"rendered":"<p>Die Preistr\u00e4ger*innen 2025 Am 03. November 2025 fand im Familien- und Begegnungszentrum in Hermannsburg die feierliche \u00dcbergabe der Urkunden der Werner-Jahn-Stiftung statt. Mit der Auszeichnung ehrt die Stiftung seit 2003 <span class=\"excerpt-dots\">&hellip;<\/span> <a class=\"more-link\" href=\"https:\/\/wordpress.nibis.de\/gy-her\/werner-jahn-stiftung\/\"><span class=\"more-msg\">Weiterlesen &rarr;<\/span><\/a><\/p>\n","protected":false},"author":9192510,"featured_media":0,"parent":0,"menu_order":0,"comment_status":"closed","ping_status":"closed","template":"","meta":{"footnotes":""},"class_list":["post-1147","page","type-page","status-publish","hentry"],"_links":{"self":[{"href":"https:\/\/wordpress.nibis.de\/gy-her\/wp-json\/wp\/v2\/pages\/1147","targetHints":{"allow":["GET"]}}],"collection":[{"href":"https:\/\/wordpress.nibis.de\/gy-her\/wp-json\/wp\/v2\/pages"}],"about":[{"href":"https:\/\/wordpress.nibis.de\/gy-her\/wp-json\/wp\/v2\/types\/page"}],"author":[{"embeddable":true,"href":"https:\/\/wordpress.nibis.de\/gy-her\/wp-json\/wp\/v2\/users\/9192510"}],"replies":[{"embeddable":true,"href":"https:\/\/wordpress.nibis.de\/gy-her\/wp-json\/wp\/v2\/comments?post=1147"}],"version-history":[{"count":22,"href":"https:\/\/wordpress.nibis.de\/gy-her\/wp-json\/wp\/v2\/pages\/1147\/revisions"}],"predecessor-version":[{"id":8079,"href":"https:\/\/wordpress.nibis.de\/gy-her\/wp-json\/wp\/v2\/pages\/1147\/revisions\/8079"}],"wp:attachment":[{"href":"https:\/\/wordpress.nibis.de\/gy-her\/wp-json\/wp\/v2\/media?parent=1147"}],"curies":[{"name":"wp","href":"https:\/\/api.w.org\/{rel}","templated":true}]}}