{"id":1307,"date":"2018-08-27T18:25:15","date_gmt":"2018-08-27T16:25:15","guid":{"rendered":"http:\/\/wordpress.nibis.de\/gy-her\/?page_id=1307"},"modified":"2020-09-24T20:22:44","modified_gmt":"2020-09-24T18:22:44","slug":"die-gymnasiale-oberstufe-am-christian-gymnasium","status":"publish","type":"page","link":"https:\/\/wordpress.nibis.de\/gy-her\/die-gymnasiale-oberstufe-am-christian-gymnasium\/","title":{"rendered":"[:de]Die gymnasiale Oberstufe am Christian-Gymnasium[:]"},"content":{"rendered":"<p>[:de]Die gymnasiale Oberstufe gliedert sich in eine einj\u00e4hrige <a href=\"http:\/\/wordpress.nibis.de\/gy-her\/files\/2018\/08\/Gymnasiale-Oberstufe-Einf%C3%BChrungsphase.pdf\" target=\"_blank\" rel=\"noopener noreferrer\"><strong>Einf\u00fchrungsphase<\/strong> <\/a>und eine zweij\u00e4hrige<a href=\"http:\/\/wordpress.nibis.de\/gy-her\/files\/2018\/08\/Gymnasiale-Oberstufe-Qualifikationsphase.pdf\" target=\"_blank\" rel=\"noopener noreferrer\"><strong> Qualifikationsphase<\/strong><\/a>, die mit Ablegen der Abiturpr\u00fcfung abgeschlossen wird.<a href=\"http:\/\/wordpress.nibis.de\/gy-her\/files\/2018\/08\/Oberstufe-Aufbau.jpg\"><img loading=\"lazy\" decoding=\"async\" class=\"aligncenter wp-image-1313 size-large\" src=\"http:\/\/wordpress.nibis.de\/gy-her\/files\/2018\/08\/Oberstufe-Aufbau-800x538.jpg\" alt=\"\" width=\"800\" height=\"538\" srcset=\"https:\/\/wordpress.nibis.de\/gy-her\/files\/2018\/08\/Oberstufe-Aufbau-800x538.jpg 800w, https:\/\/wordpress.nibis.de\/gy-her\/files\/2018\/08\/Oberstufe-Aufbau-300x202.jpg 300w, https:\/\/wordpress.nibis.de\/gy-her\/files\/2018\/08\/Oberstufe-Aufbau-768x517.jpg 768w, https:\/\/wordpress.nibis.de\/gy-her\/files\/2018\/08\/Oberstufe-Aufbau.jpg 850w\" sizes=\"auto, (max-width: 800px) 100vw, 800px\" \/><\/a><strong>M\u00f6gliche Schulabschl\u00fcsse in der gymnasialen Oberstufe<\/strong><br \/>Die M\u00f6glichkeit, den schulischen Teil der Fachhochschulreife als Schulabschluss zu bekommen, besteht fr\u00fchestens am Ende des ersten Schuljahres der Qualifikationsphase, also nach 12.2, bei Vorliegen aller Voraussetzungen.<br \/><a href=\"http:\/\/wordpress.nibis.de\/gy-her\/files\/2018\/08\/Oberstufe-Abschl\u00fcsse.jpg\"><img loading=\"lazy\" decoding=\"async\" class=\"aligncenter wp-image-1312 size-large\" src=\"http:\/\/wordpress.nibis.de\/gy-her\/files\/2018\/08\/Oberstufe-Abschl\u00fcsse-790x600.jpg\" alt=\"\" width=\"790\" height=\"600\" srcset=\"https:\/\/wordpress.nibis.de\/gy-her\/files\/2018\/08\/Oberstufe-Abschl\u00fcsse-790x600.jpg 790w, https:\/\/wordpress.nibis.de\/gy-her\/files\/2018\/08\/Oberstufe-Abschl\u00fcsse-300x228.jpg 300w, https:\/\/wordpress.nibis.de\/gy-her\/files\/2018\/08\/Oberstufe-Abschl\u00fcsse-768x583.jpg 768w, https:\/\/wordpress.nibis.de\/gy-her\/files\/2018\/08\/Oberstufe-Abschl\u00fcsse.jpg 938w\" sizes=\"auto, (max-width: 790px) 100vw, 790px\" \/><\/a>F\u00fcr Absolventinnen und Absolventen von der <a href=\"http:\/\/wordpress.nibis.de\/gy-her\/files\/2018\/08\/Gymnasiale-Oberstufe-f%C3%BCr-Absolventen-der-Oberschule.pdf\" target=\"_blank\" rel=\"noopener noreferrer\"><strong>Oberschule<\/strong><\/a> gelten besondere Bestimmungen:<\/p>\n<h3>Mehr Informationen:<\/h3>\n<p><strong><a href=\"http:\/\/wordpress.nibis.de\/gy-her\/files\/2018\/08\/Gymnasiale-Oberstufe-allgemeine-Informationen.pdf\" target=\"_blank\" rel=\"noopener noreferrer\">&#8211; Allgemeine Informationen zur gymnasialen Oberstufe (Aufbau\/Abschl\u00fcsse)<\/a><\/strong><\/p>\n<p><strong><a href=\"http:\/\/wordpress.nibis.de\/gy-her\/files\/2018\/08\/Gymnasiale-Oberstufe-Einf\u00fchrungsphase.pdf\" target=\"_blank\" rel=\"noopener noreferrer\">&#8211; Die Einf\u00fchrungsphase der gymnasialen Oberstufe<\/a><\/strong><\/p>\n<p><strong><a href=\"http:\/\/wordpress.nibis.de\/gy-her\/files\/2018\/08\/Gymnasiale-Oberstufe-Qualifikationsphase.pdf\" target=\"_blank\" rel=\"noopener noreferrer\">&#8211; Die Qualifikationsphase der gymnasialen Oberstufe<\/a><\/strong><\/p>\n<p><strong><a href=\"http:\/\/wordpress.nibis.de\/gy-her\/files\/2018\/08\/Gymnasiale-Oberstufe-f\u00fcr-Absolventen-der-Oberschule.pdf\" target=\"_blank\" rel=\"noopener noreferrer\">&#8211; Hinweise f\u00fcr Absolventinnen und Absolventen von der Oberschule<\/a><\/strong><\/p>\n<p>[:]<\/p>\n\n\n<h3 class=\"wp-block-heading\" id=\"Abiturprf\">Abiturpr\u00fcfung:<\/h3>\n\n\n\n<ul class=\"wp-block-list\"><li><a href=\"https:\/\/wordpress.nibis.de\/gy-her\/files\/2020\/09\/Besondere-Lernleistung.pdf\" target=\"_blank\" rel=\"noreferrer noopener\">Besondere Lernleistung (BLL)<\/a><\/li><li><a href=\"https:\/\/wordpress.nibis.de\/gy-her\/files\/2020\/09\/Pr\u00e4sentationspr\u00fcfung.pdf\" target=\"_blank\" rel=\"noreferrer noopener\">Pr\u00e4sentationspr\u00fcfung<\/a><\/li><li><a href=\"https:\/\/wordpress.nibis.de\/gy-her\/files\/2020\/09\/Gesamtqualifikation-Abitur.pdf\" target=\"_blank\" rel=\"noreferrer noopener\">Gesamtqualifikation<\/a><\/li><\/ul>\n\n\n\n<p><\/p>\n","protected":false},"excerpt":{"rendered":"<p>[:de]Die gymnasiale Oberstufe gliedert sich in eine einj\u00e4hrige Einf\u00fchrungsphase und eine zweij\u00e4hrige Qualifikationsphase, die mit Ablegen der Abiturpr\u00fcfung abgeschlossen wird.M\u00f6gliche Schulabschl\u00fcsse in der gymnasialen OberstufeDie M\u00f6glichkeit, den schulischen Teil der <span class=\"excerpt-dots\">&hellip;<\/span> <a class=\"more-link\" href=\"https:\/\/wordpress.nibis.de\/gy-her\/die-gymnasiale-oberstufe-am-christian-gymnasium\/\"><span class=\"more-msg\">Weiterlesen &rarr;<\/span><\/a><\/p>\n","protected":false},"author":9192510,"featured_media":0,"parent":0,"menu_order":0,"comment_status":"closed","ping_status":"closed","template":"","meta":{"footnotes":""},"class_list":["post-1307","page","type-page","status-publish","hentry"],"_links":{"self":[{"href":"https:\/\/wordpress.nibis.de\/gy-her\/wp-json\/wp\/v2\/pages\/1307","targetHints":{"allow":["GET"]}}],"collection":[{"href":"https:\/\/wordpress.nibis.de\/gy-her\/wp-json\/wp\/v2\/pages"}],"about":[{"href":"https:\/\/wordpress.nibis.de\/gy-her\/wp-json\/wp\/v2\/types\/page"}],"author":[{"embeddable":true,"href":"https:\/\/wordpress.nibis.de\/gy-her\/wp-json\/wp\/v2\/users\/9192510"}],"replies":[{"embeddable":true,"href":"https:\/\/wordpress.nibis.de\/gy-her\/wp-json\/wp\/v2\/comments?post=1307"}],"version-history":[{"count":6,"href":"https:\/\/wordpress.nibis.de\/gy-her\/wp-json\/wp\/v2\/pages\/1307\/revisions"}],"predecessor-version":[{"id":2961,"href":"https:\/\/wordpress.nibis.de\/gy-her\/wp-json\/wp\/v2\/pages\/1307\/revisions\/2961"}],"wp:attachment":[{"href":"https:\/\/wordpress.nibis.de\/gy-her\/wp-json\/wp\/v2\/media?parent=1307"}],"curies":[{"name":"wp","href":"https:\/\/api.w.org\/{rel}","templated":true}]}}