{"id":1332,"date":"2018-10-13T17:23:33","date_gmt":"2018-10-13T15:23:33","guid":{"rendered":"http:\/\/wordpress.nibis.de\/gy-her\/?page_id=1332"},"modified":"2018-11-19T11:44:00","modified_gmt":"2018-11-19T10:44:00","slug":"musik","status":"publish","type":"page","link":"https:\/\/wordpress.nibis.de\/gy-her\/musik\/","title":{"rendered":"[:de]Musik[:]"},"content":{"rendered":"<p>[:de]<\/p>\n<h3>DER FACHBEREICH MUSIK STELLT SICH VOR<\/h3>\n<p><img loading=\"lazy\" decoding=\"async\" class=\"alignleft size-thumbnail wp-image-1382\" src=\"http:\/\/wordpress.nibis.de\/gy-her\/files\/2018\/10\/Musik-Clipart-150x150.jpg\" alt=\"\" width=\"150\" height=\"150\" srcset=\"https:\/\/wordpress.nibis.de\/gy-her\/files\/2018\/10\/Musik-Clipart-150x150.jpg 150w, https:\/\/wordpress.nibis.de\/gy-her\/files\/2018\/10\/Musik-Clipart-300x300.jpg 300w, https:\/\/wordpress.nibis.de\/gy-her\/files\/2018\/10\/Musik-Clipart.jpg 600w\" sizes=\"auto, (max-width: 150px) 100vw, 150px\" \/>Das Fach Musik ist vielseitig und facettenreich. Neben musikhistorischen Themen\u00a0werden auch Fragen von Musik und Gesellschaft, Musik anderer Nationen und nat\u00fcrlich\u00a0Notenlehre und Instrumentenkunde behandelt. Die Sch\u00fclerinnen und Sch\u00fcler lernen unterschiedlichste stilistische Richtungen und deren Vertreter kennen,\u00a0die von klassischer Musik \u00fcber die Moderne bis zum Jazz sowie Blues, Rock- und Popmusik reichen.<\/p>\n<p>Die Jugendlichen \u00fcben zun\u00e4chst das Wahrnehmen, H\u00f6ren und Beschreiben von Musik und legen anschlie\u00dfend den Schwerpunkt auf das Untersuchen und Analysieren musikalischer Sachverhalte. Die hier gewonnenen Ergebnisse werden durch Vergleichen und Einordnen in \u00fcbergeordnete Kontexte gestellt.<\/p>\n<p>Die Sch\u00fclerinnen und Sch\u00fcler setzen sich aber auch gestaltend und praktisch mit der Musik auseinander und nutzen dabei ihre Stimme, Instrumente oder setzen Musik in Bewegung um. Den musikpraktischen Anteil k\u00f6nnen die Jugendlichen durch den Besuch einer unserer zahlreichen <a href=\"https:\/\/wordpress.nibis.de\/gy-her\/category\/schulleben\/musik\/musik-arbeitsgemeinschaften\/\">Musik-AGs<\/a> erweitern.<\/p>\n<p>Ziel des Musikunterrichts ist es, Freude und Interesse an Musik zu wecken und sich kreativ, aber auch kritisch, analytisch und sachkundig mit Musik auseinanderzusetzen, sodass man reflektiert und verantwortungsvoll mit Musik und Medien umgehen kann.<\/p>\n<h3>Organisation des Musikunterrichts<\/h3>\n<p>Der Musikunterricht erfolgt am CGH gem\u00e4\u00df der vorgesehenen Stundentafel:<\/p>\n<p>In den Jahrgangsstufen 5 bis 7 wird Musik zweist\u00fcndig unterrichtet. Am Christian-Gymnasium Hermannsburg k\u00f6nnen die Kinder und Jugendlichen einen besonderen musikalischen Schwerpunkt setzen, indem sie im Jahrgang 5 und 6 eine Musikklasse besuchen. Hierbei haben sie die Wahl zwischen der <a href=\"https:\/\/wordpress.nibis.de\/gy-her\/musik\/musikklassen\/2\/\">Bl\u00e4serklasse<\/a> oder der <a href=\"https:\/\/wordpress.nibis.de\/gy-her\/musik\/musikklassen\/3\/\">Chorklasse<\/a>. Die Stundenzahl im Fach Musik erh\u00f6ht sich hier auf vier Stunden pro Woche.<\/p>\n<p>In den Jahrgangsstufen 8 bis 10 ist der Musikunterricht einst\u00fcndig. Ab dem 11. Jahrgang haben die Sch\u00fclerinnen und Sch\u00fcler die Wahl zwischen Musik, Kunst und Darstellendem Spiel.<\/p>\n<p>Die gro\u00dfe Bandbreite au\u00dferunterrichtlicher musikalischer Aktivit\u00e4ten am CGH reicht vom Instrumentalspiel im <a href=\"https:\/\/wordpress.nibis.de\/gy-her\/2018-blasorchester\/\">Blasorchester<\/a>, <a href=\"https:\/\/wordpress.nibis.de\/gy-her\/2018-kammermusik\/\">Kammermusik-Ensemble<\/a>, dem Gesang im <a href=\"https:\/\/wordpress.nibis.de\/gy-her\/2018-chor\/\">Chor<\/a>\u00a0 oder in der<a href=\"https:\/\/wordpress.nibis.de\/gy-her\/2018-rockband-4pm\/\"> Rockband \u201e4pm\u201c<\/a> bis hin zu Gesang, Schauspiel und Tanz im <a href=\"https:\/\/wordpress.nibis.de\/gy-her\/2018-musical\/\">Musical<\/a> oder der Arbeit mit <a href=\"https:\/\/wordpress.nibis.de\/gy-her\/2018-veranstaltungstechnik\/\">Veranstaltungstechnik<\/a>. Zahlreiche Konzerte, Auff\u00fchrungen, Projekte und Fahrten spiegeln das bunte musikalische Leben unserer Schule wider.<\/p>\n<h4>Unsere Musik-AGs<\/h4>\n<div id=\"attachment_1347\" style=\"width: 160px\" class=\"wp-caption alignleft\"><a href=\"https:\/\/wordpress.nibis.de\/gy-her\/2018-blasorchester\/\"><img loading=\"lazy\" decoding=\"async\" aria-describedby=\"caption-attachment-1347\" class=\"wp-image-1347 size-thumbnail\" src=\"http:\/\/wordpress.nibis.de\/gy-her\/files\/2018\/09\/Blasorchester-Teaser-150x150.jpg\" alt=\"\" width=\"150\" height=\"150\" srcset=\"https:\/\/wordpress.nibis.de\/gy-her\/files\/2018\/09\/Blasorchester-Teaser-150x150.jpg 150w, https:\/\/wordpress.nibis.de\/gy-her\/files\/2018\/09\/Blasorchester-Teaser.jpg 300w\" sizes=\"auto, (max-width: 150px) 100vw, 150px\" \/><\/a><p id=\"caption-attachment-1347\" class=\"wp-caption-text\"><a href=\"https:\/\/wordpress.nibis.de\/gy-her\/2018-blasorchester\/\">Blasorchester<\/a><\/p><\/div>\n<div id=\"attachment_825\" style=\"width: 160px\" class=\"wp-caption alignleft\"><a href=\"https:\/\/wordpress.nibis.de\/gy-her\/2018-chor\/\"><img loading=\"lazy\" decoding=\"async\" aria-describedby=\"caption-attachment-825\" class=\"wp-image-825 size-thumbnail\" src=\"http:\/\/wordpress.nibis.de\/gy-her\/files\/2018\/08\/Sommerkonzert2018-17-150x150.jpg\" alt=\"\" width=\"150\" height=\"150\" \/><\/a><p id=\"caption-attachment-825\" class=\"wp-caption-text\"><a href=\"https:\/\/wordpress.nibis.de\/gy-her\/2018-chor\/\">Chor<\/a><\/p><\/div>\n<div id=\"attachment_1386\" style=\"width: 160px\" class=\"wp-caption alignleft\"><a href=\"https:\/\/wordpress.nibis.de\/gy-her\/2018-kammermusik\/\"><img loading=\"lazy\" decoding=\"async\" aria-describedby=\"caption-attachment-1386\" class=\"wp-image-1386 size-thumbnail\" src=\"http:\/\/wordpress.nibis.de\/gy-her\/files\/2018\/10\/Kammermusik-150x150.jpg\" alt=\"\" width=\"150\" height=\"150\" srcset=\"https:\/\/wordpress.nibis.de\/gy-her\/files\/2018\/10\/Kammermusik-150x150.jpg 150w, https:\/\/wordpress.nibis.de\/gy-her\/files\/2018\/10\/Kammermusik-300x300.jpg 300w, https:\/\/wordpress.nibis.de\/gy-her\/files\/2018\/10\/Kammermusik.jpg 600w\" sizes=\"auto, (max-width: 150px) 100vw, 150px\" \/><\/a><p id=\"caption-attachment-1386\" class=\"wp-caption-text\"><a href=\"https:\/\/wordpress.nibis.de\/gy-her\/2018-kammermusik\/\">Kammermusik<\/a><\/p><\/div>\n<div id=\"attachment_774\" style=\"width: 160px\" class=\"wp-caption alignleft\"><a href=\"https:\/\/wordpress.nibis.de\/gy-her\/2018-musical\/\"><img loading=\"lazy\" decoding=\"async\" aria-describedby=\"caption-attachment-774\" class=\"wp-image-774 size-thumbnail\" src=\"http:\/\/wordpress.nibis.de\/gy-her\/files\/2018\/08\/Musical-2017-Frozen-25-150x150.jpg\" alt=\"\" width=\"150\" height=\"150\" \/><\/a><p id=\"caption-attachment-774\" class=\"wp-caption-text\"><a href=\"https:\/\/wordpress.nibis.de\/gy-her\/2018-musical\/\">Musical<\/a><\/p><\/div>\n<div id=\"attachment_744\" style=\"width: 160px\" class=\"wp-caption alignleft\"><a href=\"https:\/\/wordpress.nibis.de\/gy-her\/2018-rockband-4pm\/\"><img loading=\"lazy\" decoding=\"async\" aria-describedby=\"caption-attachment-744\" class=\"wp-image-744 size-thumbnail\" src=\"http:\/\/wordpress.nibis.de\/gy-her\/files\/2018\/08\/Rock-AG-bei-CRI-2017-8-150x150.jpg\" alt=\"\" width=\"150\" height=\"150\" \/><\/a><p id=\"caption-attachment-744\" class=\"wp-caption-text\"><a href=\"https:\/\/wordpress.nibis.de\/gy-her\/2018-rockband-4pm\/\">Rockband: 4pm<\/a><\/p><\/div>\n<p><div id=\"attachment_1387\" style=\"width: 160px\" class=\"wp-caption alignleft\"><a href=\"https:\/\/wordpress.nibis.de\/gy-her\/2018-veranstaltungstechnik\/\"><img loading=\"lazy\" decoding=\"async\" aria-describedby=\"caption-attachment-1387\" class=\"wp-image-1387 size-thumbnail\" src=\"http:\/\/wordpress.nibis.de\/gy-her\/files\/2018\/10\/Veranstaltungstechnik-150x150.jpg\" alt=\"\" width=\"150\" height=\"150\" srcset=\"https:\/\/wordpress.nibis.de\/gy-her\/files\/2018\/10\/Veranstaltungstechnik-150x150.jpg 150w, https:\/\/wordpress.nibis.de\/gy-her\/files\/2018\/10\/Veranstaltungstechnik-300x300.jpg 300w, https:\/\/wordpress.nibis.de\/gy-her\/files\/2018\/10\/Veranstaltungstechnik.jpg 600w\" sizes=\"auto, (max-width: 150px) 100vw, 150px\" \/><\/a><p id=\"caption-attachment-1387\" class=\"wp-caption-text\"><a href=\"https:\/\/wordpress.nibis.de\/gy-her\/2018-veranstaltungstechnik\/\">B\u00fchnentechnik<\/a><\/p><\/div>[:]<\/p>\n","protected":false},"excerpt":{"rendered":"<p>[:de] DER FACHBEREICH MUSIK STELLT SICH VOR Das Fach Musik ist vielseitig und facettenreich. Neben musikhistorischen Themen\u00a0werden auch Fragen von Musik und Gesellschaft, Musik anderer Nationen und nat\u00fcrlich\u00a0Notenlehre und Instrumentenkunde <span class=\"excerpt-dots\">&hellip;<\/span> <a class=\"more-link\" href=\"https:\/\/wordpress.nibis.de\/gy-her\/musik\/\"><span class=\"more-msg\">Weiterlesen &rarr;<\/span><\/a><\/p>\n","protected":false},"author":9192510,"featured_media":0,"parent":0,"menu_order":0,"comment_status":"closed","ping_status":"closed","template":"","meta":{"footnotes":""},"class_list":["post-1332","page","type-page","status-publish","hentry"],"_links":{"self":[{"href":"https:\/\/wordpress.nibis.de\/gy-her\/wp-json\/wp\/v2\/pages\/1332","targetHints":{"allow":["GET"]}}],"collection":[{"href":"https:\/\/wordpress.nibis.de\/gy-her\/wp-json\/wp\/v2\/pages"}],"about":[{"href":"https:\/\/wordpress.nibis.de\/gy-her\/wp-json\/wp\/v2\/types\/page"}],"author":[{"embeddable":true,"href":"https:\/\/wordpress.nibis.de\/gy-her\/wp-json\/wp\/v2\/users\/9192510"}],"replies":[{"embeddable":true,"href":"https:\/\/wordpress.nibis.de\/gy-her\/wp-json\/wp\/v2\/comments?post=1332"}],"version-history":[{"count":10,"href":"https:\/\/wordpress.nibis.de\/gy-her\/wp-json\/wp\/v2\/pages\/1332\/revisions"}],"predecessor-version":[{"id":1436,"href":"https:\/\/wordpress.nibis.de\/gy-her\/wp-json\/wp\/v2\/pages\/1332\/revisions\/1436"}],"wp:attachment":[{"href":"https:\/\/wordpress.nibis.de\/gy-her\/wp-json\/wp\/v2\/media?parent=1332"}],"curies":[{"name":"wp","href":"https:\/\/api.w.org\/{rel}","templated":true}]}}