{"id":1335,"date":"2018-10-12T15:02:15","date_gmt":"2018-10-12T13:02:15","guid":{"rendered":"http:\/\/wordpress.nibis.de\/gy-her\/?page_id=1335"},"modified":"2026-04-16T14:10:56","modified_gmt":"2026-04-16T12:10:56","slug":"musikklassen","status":"publish","type":"page","link":"https:\/\/wordpress.nibis.de\/gy-her\/musik\/musikklassen\/","title":{"rendered":"Musikklassen"},"content":{"rendered":"<div class=\"wp-block-image\">\n<figure class=\"alignleft\"><img loading=\"lazy\" decoding=\"async\" width=\"150\" height=\"150\" src=\"http:\/\/wordpress.nibis.de\/gy-her\/files\/2018\/10\/Musik-Clipart-150x150.jpg\" alt=\"\" class=\"wp-image-1382\" srcset=\"https:\/\/wordpress.nibis.de\/gy-her\/files\/2018\/10\/Musik-Clipart-150x150.jpg 150w, https:\/\/wordpress.nibis.de\/gy-her\/files\/2018\/10\/Musik-Clipart-300x300.jpg 300w, https:\/\/wordpress.nibis.de\/gy-her\/files\/2018\/10\/Musik-Clipart.jpg 600w\" sizes=\"auto, (max-width: 150px) 100vw, 150px\" \/><\/figure>\n<\/div>\n\n\n<p>Bei der Anmeldung am CGH k\u00f6nnen Kinder und Eltern entscheiden, ob sie f\u00fcr die Klasse 5 und 6 einen musikalischen Schwerpunkt setzen, indem sie eine Musikklasse anw\u00e4hlen. Hierbei haben die Kinder die M\u00f6glichkeit, Mitglied der <strong><a href=\"https:\/\/wordpress.nibis.de\/gy-her\/?page_id=1335&amp;page=3\">Chorklasse<\/a> <\/strong> oder der <a href=\"https:\/\/wordpress.nibis.de\/gy-her\/?page_id=1335&amp;page=2\"><strong>Bl\u00e4serklasse<\/strong><\/a> zu werden.<\/p>\n\n\n\n<p>Grunds\u00e4tzlich kann jedes Kind teilnehmen, dass Freude an Musik, am Singen und Musizieren hat. Erfahrungen im Chorgesang bzw. Grundkenntnisse auf einem Instrument sind ausdr\u00fccklich <strong>nicht<\/strong> Voraussetzung f\u00fcr die Teilnahme an der Musikklasse, da die notwendige Basisarbeit im Unterricht geleistet wird.<\/p>\n\n\n\n<p>Die Stundenzahl erh\u00f6ht sich mit der Anwahl einer Musikklasse von regul\u00e4r zwei auf vier Musikstunden pro Woche. Die Arbeit in beiden Musikklassen erfolgt in Kooperation mit der <a href=\"http:\/\/www.kreismusikschule-celle.de\/\" target=\"_blank\" rel=\"noopener noreferrer\">Kreismusikschule Celle.<\/a><\/p>\n\n\n\n<p>Mehr Informationen auf <a href=\"https:\/\/wordpress.nibis.de\/gy-her\/files\/2026\/04\/Flyer-Musikklassen-5-6_2026.pdf\" target=\"_new\">Flyer zum Download<\/a><\/p>\n\n\n\n<!--nextpage-->\n\n\n\n<h3 class=\"wp-block-heading\">Bl\u00e4serklasse<\/h3>\n\n\n<div class=\"wp-block-image\">\n<figure class=\"alignleft\"><a href=\"http:\/\/wordpress.nibis.de\/gy-her\/files\/2018\/10\/Blaeserklasse.jpg\"><img loading=\"lazy\" decoding=\"async\" width=\"300\" height=\"300\" src=\"http:\/\/wordpress.nibis.de\/gy-her\/files\/2018\/10\/Blaeserklasse-300x300.jpg\" alt=\"\" class=\"wp-image-1380\" srcset=\"https:\/\/wordpress.nibis.de\/gy-her\/files\/2018\/10\/Blaeserklasse-300x300.jpg 300w, https:\/\/wordpress.nibis.de\/gy-her\/files\/2018\/10\/Blaeserklasse-150x150.jpg 150w, https:\/\/wordpress.nibis.de\/gy-her\/files\/2018\/10\/Blaeserklasse.jpg 600w\" sizes=\"auto, (max-width: 300px) 100vw, 300px\" \/><\/a><\/figure>\n<\/div>\n\n\n<p>In der Bl\u00e4serklasse erlernt jedes Kind ein neues Blasinstrument. Derzeit bieten wir Querfl\u00f6te, Klarinette, Saxophon, Trompete, Posaune, Eu\u00adpho\u00adnium sowie Schlagzeug\/Glockenspiel an.<\/p>\n\n\n\n<p>Der Unterricht findet im Orchesterverband statt. Die Sch\u00fclerinnen und Sch\u00fcler erlernen eines der oben genannten Instrumente, welches nach einem Instrumentenkarussell zu Beginn der Klasse 5 ausgew\u00e4hlt wurde. Die theoretische Ausbildung erfolgt handlungsorientiert w\u00e4hrend des regul\u00e4ren Musikunterrichts im Orchesterverband und legt einen Schwerpunkt auf das Klassenmusizieren. Zus\u00e4tzlich zum Musikunterricht nimmt jedes Kind am Mittwochnachmittag an einer Orchesterstunde teil und erh\u00e4lt eine Stunde Instrumentalunterricht in Kleingruppen bei Lehrkr\u00e4ften der Kreismusikschule Celle in den R\u00e4umen des CGH.<\/p>\n\n\n\n<p>Gemeinsam werden in der Bl\u00e4serklassenzeit verschiedene St\u00fccke erarbeitet und so die musiktheoretischen und \u2013historischen Inhalte in hohem Ma\u00dfe mit der Musikpraxis verbunden. Wir arbeiten dabei mit einschl\u00e4giger Bl\u00e4serklassenliteratur und Arrangements, die speziell auf dieses Modell zugeschnitten sind und die instrumentalen und musikalischen F\u00e4higkeiten sukzessive f\u00f6rdern.<\/p>\n\n\n\n<p>Die Teilnahme an der Bl\u00e4serklasse kostet eine monatliche Geb\u00fchr f\u00fcr den Instrumentalunterricht. Zudem wird durch das CGH ein Leihinstrument zur Verf\u00fcgung gestellt und auch der Beitrag f\u00fcr die Instrumentenversicherung ist inkludiert.<\/p>\n\n\n<p><!--nextpage--><\/p>\n<h3>Chorklasse<\/h3>\n<p><a href=\"http:\/\/wordpress.nibis.de\/gy-her\/files\/2018\/10\/Chorklasse.jpg\"><img loading=\"lazy\" decoding=\"async\" class=\"alignleft wp-image-1379 size-medium\" src=\"https:\/\/wordpress.nibis.de\/gy-her\/files\/2025\/06\/2025-Sommerkonzert-04.jpeg\" alt=\"\" width=\"300\" height=\"300\" \/><\/a><\/p>\n<p>In der Chorklasse liegt der Schwerpunkt auf der Schulung der Singekompetenz. Die Jugendlichen verbessern durch besondere stimmbildnerische \u00dcbungen ihre Gesangstechniken, studieren im Chorverband verschiedene St\u00fccke ein und verbinden so die musiktheoretischen und \u2013historischen Inhalte in hohem Ma\u00dfe mit der Musikpraxis.<\/p>\n<p>Zus\u00e4tzlich zu den beiden regul\u00e4ren Musikstunden, die aber einen Schwerpunkt auf Gesang im Klassenverband setzen, haben die Kinder zwei Chorstunden am Mittwochnachmittag. Parallel dazu erhalten sie Stimmbildungseinheiten in kleinen Gruppen bei Lehrkr\u00e4ften der Kreismusikschule Celle in den R\u00e4umen des CGH.<\/p>\n<p>Die Teilnahme an der Chorklasse kostet eine monatliche Geb\u00fchr f\u00fcr die Stimmbildungseinheiten.<\/p>","protected":false},"excerpt":{"rendered":"<p>Bei der Anmeldung am CGH k\u00f6nnen Kinder und Eltern entscheiden, ob sie f\u00fcr die Klasse 5 und 6 einen musikalischen Schwerpunkt setzen, indem sie eine Musikklasse anw\u00e4hlen. Hierbei haben die <span class=\"excerpt-dots\">&hellip;<\/span> <a class=\"more-link\" href=\"https:\/\/wordpress.nibis.de\/gy-her\/musik\/musikklassen\/\"><span class=\"more-msg\">Weiterlesen &rarr;<\/span><\/a><\/p>\n","protected":false},"author":9192510,"featured_media":0,"parent":1332,"menu_order":0,"comment_status":"closed","ping_status":"closed","template":"","meta":{"footnotes":""},"class_list":["post-1335","page","type-page","status-publish","hentry"],"_links":{"self":[{"href":"https:\/\/wordpress.nibis.de\/gy-her\/wp-json\/wp\/v2\/pages\/1335","targetHints":{"allow":["GET"]}}],"collection":[{"href":"https:\/\/wordpress.nibis.de\/gy-her\/wp-json\/wp\/v2\/pages"}],"about":[{"href":"https:\/\/wordpress.nibis.de\/gy-her\/wp-json\/wp\/v2\/types\/page"}],"author":[{"embeddable":true,"href":"https:\/\/wordpress.nibis.de\/gy-her\/wp-json\/wp\/v2\/users\/9192510"}],"replies":[{"embeddable":true,"href":"https:\/\/wordpress.nibis.de\/gy-her\/wp-json\/wp\/v2\/comments?post=1335"}],"version-history":[{"count":22,"href":"https:\/\/wordpress.nibis.de\/gy-her\/wp-json\/wp\/v2\/pages\/1335\/revisions"}],"predecessor-version":[{"id":9659,"href":"https:\/\/wordpress.nibis.de\/gy-her\/wp-json\/wp\/v2\/pages\/1335\/revisions\/9659"}],"up":[{"embeddable":true,"href":"https:\/\/wordpress.nibis.de\/gy-her\/wp-json\/wp\/v2\/pages\/1332"}],"wp:attachment":[{"href":"https:\/\/wordpress.nibis.de\/gy-her\/wp-json\/wp\/v2\/media?parent=1335"}],"curies":[{"name":"wp","href":"https:\/\/api.w.org\/{rel}","templated":true}]}}