{"id":159,"date":"2018-05-27T20:00:43","date_gmt":"2018-05-27T18:00:43","guid":{"rendered":"http:\/\/wordpress.nibis.de\/gy-her\/?page_id=159"},"modified":"2024-11-23T10:45:28","modified_gmt":"2024-11-23T09:45:28","slug":"impressum-datenschutz","status":"publish","type":"page","link":"https:\/\/wordpress.nibis.de\/gy-her\/impressum-datenschutz\/","title":{"rendered":"[:de]Impressum\/ Datenschutz[:]"},"content":{"rendered":"<h3>[:de]<strong>Schulleitung<br \/>\n<\/strong><\/h3>\n<p>Christian &#8211; Gymnasium Hermannsburg<br \/>\nEuropaschule in Niedersachsen<br \/>\nMissionsstra\u00dfe 6<br \/>\n29320 Hermannsburg<br \/>\nTel.: 05052 &#8211; 9 87 80<br \/>\nFax: 05052 &#8211; 98 78 44<br \/>\nE-mail: sekretariat&#8217;at&#8217;gyher.de<\/p>\n<p><strong>Vertretungsberechtigt<\/strong><br \/>\nMichael Zilk, Schulleiter<\/p>\n<h3>Schultr\u00e4ger (Diensteanbieter im Sinne des DDG)<\/h3>\n<p>Landkreis Celle<br \/>\nTrift 26<br \/>\n29221 Celle<br \/>\n<span class=\"com_tel\">Telefon:\u00a0<\/span>05141 91 60<br \/>\n<span class=\"com_mail\">E-Mail:\u00a0<\/span>Info&#8217;at&#8217;lkcelle.de<br \/>\nhttps:\/\/www.landkreis-celle.de\/<\/p>\n<h3>Urheberrecht<\/h3>\n<p>Texte, Bilder, Grafiken und Fotos sowie die Gestaltung dieser Internetseiten unterliegen dem Urheberrecht. Sie du\u0308rfen von Ihnen nur zum privaten und sonstigen eigenen Gebrauch im Rahmen des \u00a7 53 Urheberrechtsgesetz (UrhG) ohne jede A\u0308nderung vervielfa\u0308ltigt werden. Eine Verbreitung von Kopien (analog oder digital) oder Auszu\u0308gen ist nur mit schriftlicher Genehmigung zula\u0308ssig. Der Nachdruck und die Auswertung von Pressemitteilungen und Reden sind mit Quellenangabe gestattet. Texte, Bilder, Grafiken und sonstige Materialien ko\u0308nnen ganz oder teilweise dem Urheberrecht Dritter unterliegen. Die Inhalte Dritter sind als solche kenntlich gemacht und du\u0308rfen ohne Einwilligung des Rechteinhabers nicht vervielfa\u0308ltigt, o\u0308ffentlich zuga\u0308nglich gemacht oder o\u0308ffentlich wiedergegeben werden.<\/p>\n<h3>Haftung fu\u0308r Inhalte<\/h3>\n<p>Die Informationen, die Sie auf diesem Internetauftritt vorfinden, wurden nach bestem Wissen und Gewissen sorgfa\u0308ltig zusammengestellt und gepru\u0308ft. Fu\u0308r die Richtigkeit, Vollsta\u0308ndigkeit, Aktualita\u0308t oder Qualita\u0308t und jederzeitige Verfu\u0308gbarkeit der bereit gestellten Informationen wird jedoch keine Gewa\u0308hr u\u0308bernommen. Diensteanbieter sind gema\u0308\u00df \u00a7 7 DDG fu\u0308r eigene Inhalte auf diesen Seiten nach den allgemeinen Gesetzen verantwortlich. Diensteanbieter sind jedoch nicht verpflichtet, u\u0308bermittelte oder gespeicherte fremde Informationen zu u\u0308berwachen oder nach Umsta\u0308nden zu forschen, die auf eine rechtswidrige Ta\u0308tigkeit hinweisen. Verpflichtungen zur Entfernung oder Sperrung der Nutzung von Informationen nach den allgemeinen Gesetzen bleiben hiervon unberu\u0308hrt.<\/p>\n<p>Dieser Internetauftritt entha\u0308lt auch Links oder Verweise auf Internetauftritte Dritter. Diese Links zu den Internetauftritten Dritter stellen keine Zustimmung zu deren Inhalten durch den Herausgeber dar. Fu\u0308r die Inhalte der externen Links sind die jeweiligen Anbieter oder Betreiber (Urheber) der Seiten verantwortlich. Mit den Links zu anderen Internetauftritten wird den Nutzern lediglich der Zugang zur Nutzung der Inhalte vermittelt. Die externen Links wurden zum Zeitpunkt der Linksetzung nach bestem Wissen und Gewissen auf eventuelle Rechtsversto\u0308\u00dfe u\u0308berpru\u0308ft. Eine sta\u0308ndige inhaltliche U\u0308berpru\u0308fung der externen Links ist ohne konkrete Anhaltspunkte einer Rechtsverletzung nicht mo\u0308glich. Bei Verlinkungen auf die Webseiten Dritter, die au\u00dferhalb des Verantwortungsbereichs des Herausgebers liegen, wu\u0308rde eine Haftungsverpflichtung nur bestehen, wenn der Herausgeber von den rechtswidrigen Inhalten Kenntnis erlangen und es technisch mo\u0308glich und zumutbar wa\u0308re, die Nutzung dieser Inhalte zu verhindern. Sollten Sie der Ansicht sein, dass die verlinkten externen Seiten gegen geltendes Recht versto\u00dfen oder sonst unangemessene Inhalte haben, so teilen Sie uns dies bitte mit.<\/p>\n<h1>Datenschutz<\/h1>\n<p><strong>Name und Anschrift des beh\u00f6rdlichen Datenschutzbeauftragten<br \/>\n<\/strong>Der Datenschutzbeauftragte des Verantwortlichen ist:<br \/>\nTorsten Misfeldt<br \/>\nMissionsstr. 6<br \/>\n29320 Hermannsburg<br \/>\nTel.: 05052 &#8211; 9 87 80<br \/>\nE-Mail: Datenschutz&#8217;at&#8217;gyher.de<\/p>\n<p><strong>Name und Anschrift des Internetproviders<br \/>\n<\/strong>Nieders\u00e4chsisches Landesinstitut f\u00fcr schulische Qualit\u00e4tsentwicklung (NLQ)<br \/>\nvertreten durch die Pr\u00e4sidentin Frau Dr. Elke Richlick<br \/>\nKe\u00dflerstra\u00dfe 52<br \/>\n31134 Hildesheim<\/p>\n<p><strong>Bereitstellung der Website und Erstellung von Logfiles<br \/>\n<\/strong>Bei jedem Aufruf unserer Internetseite erfasst unser System automatisiert Daten und Informationen vom Computersystem des aufrufenden Rechners. Folgende Daten werden hierbei erhoben:<\/p>\n<p>(1) Datum und Uhrzeit des Zugriffes<br \/>\n(2) Vom System protokollierte Fehler beim Aufruf unserer Seiten<br \/>\n(3) Die IP-Adresse des Nutzers<br \/>\n(4) Die Betriebssystemversion des Nutzers<br \/>\n(5) Der Browsertyp des Nutzers<br \/>\n(6) Die vom Nutzer aufgerufene Seite<br \/>\n(7) Die Weiterleitung auf eine externe Seite<\/p>\n<p>Die Daten werden in den Logfiles gespeichert. Eine Speicherung dieser Daten zusammen mit anderen personenbezogenen Daten des Nutzers findet nicht statt. Zweck der Datenspeicherung ist technische Optimierung unserer Internetseite. Rechtsgrundlage f\u00fcr die vor\u00fcbergehende Speicherung der Daten ist Art. 6 Abs.1 lit.f DSGVO.<\/p>\n<p>Die Daten werden f\u00fcr 52 Wochen gespeichert, sie werden lediglich statistisch ausgewertet. Danach werden sie gel\u00f6scht.<\/p>\n<p><strong>Verwendung von Cookies<br \/>\n<\/strong>Beim Anmelden in WordPress werden Cookies eingerichtet, um die Anmeldeinformationen und Anzeigeoptionen zu speichern. Anmelde-Cookies verfallen nach zwei Tagen und Cookies f\u00fcr die Anzeigeoptionen nach einem Jahr. Falls Sie bei der Anmeldung \u201eAngemeldet bleiben\u201c ausgew\u00e4hlt haben, wird Ihre Anmeldung zwei Wochen lang aufrechterhalten. Mit der Abmeldung aus Ihrem Konto werden die Anmelde-Cookies gel\u00f6scht.<\/p>\n<p><strong>Speicherung personenbezogener Daten bei Kontaktaufnahme<br \/>\n<\/strong>Sofern Sie per E-Mail den Kontakt mit uns aufnehmen, werden die von Ihnen \u00fcbermittelten personenbezogenen Daten automatisch gespeichert. Diese Daten werden f\u00fcr Zwecke der Bearbeitung Ihres Anliegens und der Kontaktaufnahme mit Ihnen gespeichert.<\/p>\n<p>Die L\u00f6schung der Daten erfolgt, sobald deren Speicherung f\u00fcr die Bearbeitung Ihres Anliegens nicht mehr erforderlich ist.<\/p>\n<p><strong>Eingebettete Inhalte von anderen Websites<br \/>\n<\/strong>Beitr\u00e4ge auf dieser Website k\u00f6nnen eingebettete Inhalte beinhalten (z. B. Videos, Bilder, Beitr\u00e4ge etc.). Eingebettete Inhalte von anderen Websites verhalten sich exakt so, als ob der Besucher die andere Website besucht h\u00e4tte.<br \/>\nDiese Websites k\u00f6nnen Daten \u00fcber Sie sammeln, Cookies benutzen, zus\u00e4tzliche Tracking-Dienste von Dritten einbetten und Ihre Interaktion mit diesem eingebetteten Inhalt aufzeichnen, inklusive Ihrer Interaktion mit dem eingebetteten Inhalt, falls Sie ein Konto haben und auf dieser Website angemeldet sind.\u201c<\/p>\n<p><strong>Betroffenenrechte<br \/>\n<\/strong>Sie k\u00f6nnen folgende Rechte geltend machen:<\/p>\n<p><em>\u2022 Auskunft\/ Akteneinsicht<\/em><br \/>\nGem. Art. 15 DSGVO haben Sie das Recht, Auskunft bzw. Akteneinsicht \u00fcber die von uns verarbeiteten personenbezogenen Daten zu erhalten.<\/p>\n<p><em>\u2022 Berichtigung<\/em><br \/>\nSind bei uns gespeicherte personenbezogene Daten unrichtig oder unvollst\u00e4ndig, haben Sie gem. Art. 16 DSGVO das Recht, diese berichtigen bzw. vervollst\u00e4ndigen zu lassen.<\/p>\n<p><em>\u2022 L\u00f6schung<\/em><br \/>\nArt. 17 DSGVO normiert das Recht auf L\u00f6schung personenbezogener Daten. Dieses Recht steht Ihnen insbesondere dann zu, wenn die Speicherung der personenbezogenen Daten zur Erf\u00fcllung unserer gesetzlichen Aufgaben nicht mehr erforderlich ist oder Sie Ihre Einwilligung zur Datenverarbeitung mit Wirkung f\u00fcr die Zukunft widerrufen haben.<\/p>\n<p><em>\u2022 Einschr\u00e4nkung der Verarbeitung<\/em><br \/>\nGem. Art. 18 DSGVO k\u00f6nnen Sie die Einschr\u00e4nkung der personenbezogenen Daten verlangen, wenn<br \/>\n\u2013 die Richtigkeit der Daten von Ihnen bestritten wird<br \/>\n\u2013 die Verarbeitung unrechtm\u00e4\u00dfig ist, Sie aber deren L\u00f6schung ablehnen<br \/>\n\u2013 wir die Daten nicht mehr ben\u00f6tigen, Sie jedoch diese zur Geltendmachung, Aus\u00fcbung oder Verteidigung von Rechtsanspr\u00fcchen ben\u00f6tigen<br \/>\n\u2013 oder Sie gem\u00e4\u00df Art. 21 DSGVO Widerspruch gegen die Verarbeitung eingelegt haben<\/p>\n<p><em>\u2022 Widerspruch<\/em><br \/>\nSie k\u00f6nnen bei Gr\u00fcnden, die sich aus Ihrer besonderen Situation ergeben, ein Widerspruchsrecht geltend machen. Gem. Art. 21 DSGVO ist jedoch zu ber\u00fccksichtigten, ob schutzw\u00fcrdige Gr\u00fcnde f\u00fcr die Verarbeitung vorliegen oder die Verarbeitung der Geltendmachung, Aus\u00fcbung oder Verteidigung von Rechtsanspr\u00fcchen dient.<\/p>\n<p><em>\u2022 Daten\u00fcbertragbarkeit<\/em><br \/>\nIst die Verarbeitung Ihrer Daten mit Hilfe eines automatisierten Verfahrens erfolgt, haben Sie gem. Art. 20 DSGVO das Recht, die Daten in einem g\u00e4ngigen und maschinenlesbaren Format zu erhalten und an eine andere Schule zu \u00fcbermitteln bzw. durch uns \u00fcbermitteln zu lassen.<\/p>\n<p><em>\u2022 Widerruf der Einwilligung<\/em><br \/>\nSie haben gem. Art. 7 Absatz 3 DSGVO das Recht, uns erteilte Einwilligungen jederzeit mit Wirkung f\u00fcr die Zukunft zu widerrufen.<\/p>\n<p><em>\u2022 Beschwerde<\/em><br \/>\nArt. 77 DSGVO normiert ein Beschwerderecht bei der Aufsichtsbeh\u00f6rde. Die f\u00fcr uns zust\u00e4ndige Aufsichtsbeh\u00f6rde ist die Landesbeauftragte f\u00fcr den Datenschutz Niedersachsen, Prinzenstra\u00dfe 5, 30159 Hannover. E-Mail: &#x70;&#x6f;&#115;&#116;&#115;t&#x65;&#x6c;&#x6c;&#101;&#64;lf&#x64;&#x2e;&#x6e;&#105;&#101;d&#x65;&#x72;&#x73;&#97;&#99;&#104;s&#x65;&#x6e;&#x2e;&#100;&#101;[:]<\/p>\n","protected":false},"excerpt":{"rendered":"<p>[:de]Schulleitung Christian &#8211; Gymnasium Hermannsburg Europaschule in Niedersachsen Missionsstra\u00dfe 6 29320 Hermannsburg Tel.: 05052 &#8211; 9 87 80 Fax: 05052 &#8211; 98 78 44 E-mail: sekretariat&#8217;at&#8217;gyher.de Vertretungsberechtigt Michael Zilk, Schulleiter <span class=\"excerpt-dots\">&hellip;<\/span> <a class=\"more-link\" href=\"https:\/\/wordpress.nibis.de\/gy-her\/impressum-datenschutz\/\"><span class=\"more-msg\">Weiterlesen &rarr;<\/span><\/a><\/p>\n","protected":false},"author":9192510,"featured_media":0,"parent":0,"menu_order":0,"comment_status":"closed","ping_status":"closed","template":"","meta":{"footnotes":""},"class_list":["post-159","page","type-page","status-publish","hentry"],"_links":{"self":[{"href":"https:\/\/wordpress.nibis.de\/gy-her\/wp-json\/wp\/v2\/pages\/159","targetHints":{"allow":["GET"]}}],"collection":[{"href":"https:\/\/wordpress.nibis.de\/gy-her\/wp-json\/wp\/v2\/pages"}],"about":[{"href":"https:\/\/wordpress.nibis.de\/gy-her\/wp-json\/wp\/v2\/types\/page"}],"author":[{"embeddable":true,"href":"https:\/\/wordpress.nibis.de\/gy-her\/wp-json\/wp\/v2\/users\/9192510"}],"replies":[{"embeddable":true,"href":"https:\/\/wordpress.nibis.de\/gy-her\/wp-json\/wp\/v2\/comments?post=159"}],"version-history":[{"count":5,"href":"https:\/\/wordpress.nibis.de\/gy-her\/wp-json\/wp\/v2\/pages\/159\/revisions"}],"predecessor-version":[{"id":7142,"href":"https:\/\/wordpress.nibis.de\/gy-her\/wp-json\/wp\/v2\/pages\/159\/revisions\/7142"}],"wp:attachment":[{"href":"https:\/\/wordpress.nibis.de\/gy-her\/wp-json\/wp\/v2\/media?parent=159"}],"curies":[{"name":"wp","href":"https:\/\/api.w.org\/{rel}","templated":true}]}}