{"id":1901,"date":"2019-04-16T11:10:24","date_gmt":"2019-04-16T09:10:24","guid":{"rendered":"https:\/\/wordpress.nibis.de\/gy-her\/?page_id=1901"},"modified":"2019-04-20T12:59:49","modified_gmt":"2019-04-20T10:59:49","slug":"internationaler-teamwettbewerb-bolyai","status":"publish","type":"page","link":"https:\/\/wordpress.nibis.de\/gy-her\/internationaler-teamwettbewerb-bolyai\/","title":{"rendered":"Mathematikwettbewerbe am Christian &#8211; Gymnasium"},"content":{"rendered":"\n<h2 class=\"wp-block-heading\">Internationaler Teamwettbewerb \u201eBolyai&#8220;<br><\/h2>\n\n\n\n<div class=\"wp-block-image\"><figure class=\"alignleft is-resized\"><img loading=\"lazy\" decoding=\"async\" src=\"https:\/\/wordpress.nibis.de\/gy-her\/files\/2018\/08\/2018-Bolyai-T-Shirt.jpg\" alt=\"\" class=\"wp-image-1138\" width=\"112\" height=\"116\" \/><\/figure><\/div>\n\n\n\n<p>Es handelt sich hierbei um einen internationalen mathematischen Teamwettbewerb. Niedersachsen wird gemeinsam mit den Bundesl\u00e4ndern Bremen, Sachsen und Sachsen-Anhalt in einer Gruppe gewertet.<\/p>\n\n\n\n<p>Ein Team besteht immer aus vier Sch\u00fclerinnen und Sch\u00fclern einer Klassenstufe. Diese m\u00fcssen in 60 Minuten 14 anspruchsvolle Aufgaben l\u00f6sen. F\u00fcr die ersten 13 Aufgaben gibt es jeweils f\u00fcnf Antwortm\u00f6glichkeiten, welche \u00e4hnlich wie beim K\u00e4nguru-Wettbewerb durch die Gro\u00dfbuchstaben A, B, C, D und E gekennzeichnet sind. Allerdings k\u00f6nnen hier alle 2^5=32 Antwortm\u00f6glichkeiten auftreten. Es kann also nicht nur eine Antwort richtig sein, sondern alle Kombinationen von keine bis alle Antworten sind richtig, sind m\u00f6glich. F\u00fcr die 14. Aufgabe gibt es keine vorgegebene Antwort. Hier muss man eigenst\u00e4ndig einen logisch vollst\u00e4ndigen und nachvollziehbaren L\u00f6sungsweg angeben. Die Herausforderung ist nun, die 14 Aufgaben in den sehr knappen 60 Minuten zu l\u00f6sen. Dies kann ein Team nur dann schaffen, wenn es konstruktiv zusammenarbeitet. <\/p>\n\n\n\n<div class=\"wp-block-image\"><figure class=\"alignright\"><img decoding=\"async\" src=\"https:\/\/wordpress.nibis.de\/gy-her\/files\/2019\/04\/Bolyai-Aufgabenbeispiel.jpg\" alt=\"Dieses Bild hat ein leeres Alt-Attribut. Der Dateiname ist Bolyai-Aufgabenbeispiel.jpg\" \/><\/figure><\/div>\n\n\n\n<p>Damit ihr euch eine bessere Vorstellung von den Aufgaben machen k\u00f6nnt, folgt eine Beispielaufgabe aus der Klassenstufe 5. Solltet ihr im n\u00e4chsten Jahr selber am Wettbewerb teilnehmen wollen und nicht in die Talentf\u00f6rderung Mathematik gehen, dann bildet vorab ein Team und meldet euch im November \u00fcber die Fachgruppe Mathematik zum Wettbewerb an.<\/p>\n\n\n\n<h4 class=\"wp-block-heading\"><a href=\"https:\/\/wordpress.nibis.de\/gy-her\/2019-die-schlaubees-beim-internationalen-mathematik-teamwettbewerb\/\"><strong>Bericht \u00fcber unsere &#8222;Schlaubies&#8220; beim Wettbewerb 2019<\/strong><\/a><\/h4>\n\n\n\n<p>Mehr unter:  <a rel=\"noreferrer noopener\" aria-label=\"https:\/\/www.bolyaiteam.de (\u00f6ffnet in neuem Tab)\" href=\"https:\/\/www.bolyaiteam.de\" target=\"_blank\">www.bolyaiteam.de<\/a> <\/p>\n\n\n\n<hr class=\"wp-block-separator is-style-wide\" \/>\n\n\n\n<h2 class=\"wp-block-heading\">Mathematik &#8211; Olymiade<\/h2>\n\n\n\n<div class=\"wp-block-image\"><figure class=\"alignleft is-resized\"><img loading=\"lazy\" decoding=\"async\" src=\"https:\/\/wordpress.nibis.de\/gy-her\/files\/2019\/04\/MO-Logo_200.png\" alt=\"\" class=\"wp-image-1918\" width=\"117\" height=\"114\" \/><\/figure><\/div>\n\n\n\n<p>Ein Wettbewerb f\u00fcr alle Mathefans von Klasse 3 bis 13: Bei der  Mathematik-Olympiade in Deutschland haben Sch\u00fclerinnen und Sch\u00fcler die  M\u00f6glichkeit, ihre mathematischen F\u00e4higkeiten unter Beweis zu stellen und  weiterzuentwickeln. Anspruchsvolle Aufgaben f\u00f6rdern logisches Denken,  Kombinationsf\u00e4higkeit und den kreativen Umgang mit mathematischen  Methoden. <br>Der Wettbewerb erstreckt sich \u00fcber mehrere Runden:<\/p>\n\n\n\n<div class=\"wp-block-image\"><figure class=\"alignright is-resized\"><img loading=\"lazy\" decoding=\"async\" src=\"https:\/\/wordpress.nibis.de\/gy-her\/files\/2019\/04\/2019-Matheolympiade-Nds.jpg\" alt=\"\" class=\"wp-image-1911\" width=\"366\" height=\"235\" \/><\/figure><\/div>\n\n\n\n<ul class=\"wp-block-list\"><li>Schulrunde (Hausaufgabe)  &#8211; bis Oktober<\/li><li>Regionalrunde im November<\/li><li>Landesrunde im Februar<\/li><li>Bundesrunde im Mai.<\/li><li><\/li><\/ul>\n\n\n\n<h4 class=\"wp-block-heading\"><strong><a href=\"https:\/\/wordpress.nibis.de\/gy-her\/2019-bei-mathematik-olympiade-sehr-erfolgreich\/\">Unsere Teilnahme 2019<\/a><\/strong><\/h4>\n\n\n\n<p>Mehr unter: <a href=\"https:\/\/www.mathematik-olympiaden.de\" target=\"_blank\" rel=\"noreferrer noopener\" aria-label=\"www.mathematik-olympiaden.de (\u00f6ffnet in neuem Tab)\">www.mathematik-olympiaden.de<\/a><\/p>\n\n\n\n<hr class=\"wp-block-separator is-style-wide\" \/>\n\n\n\n<h2 class=\"wp-block-heading\">K\u00e4nguru Wettbewerb<\/h2>\n\n\n\n<div class=\"wp-block-image\"><figure class=\"alignleft\"><img loading=\"lazy\" decoding=\"async\" width=\"167\" height=\"150\" src=\"https:\/\/wordpress.nibis.de\/gy-her\/files\/2019\/04\/K\u00e4nguru-Wettbewerb-Logo.jpg\" alt=\"\" class=\"wp-image-1919\" \/><\/figure><\/div>\n\n\n\n<p>Das Ziel des K\u00e4nguru-Wettbewerbs ist in allererster Linie die  Popularisierung der Mathematik: Es soll durch die Aufgaben in sehr  weitem Sinne Freude an (mathematischem) Denken und Arbeiten geweckt und  unterst\u00fctzt werden.<br>Die Aufgaben sind darum fast durchweg sehr anregend, heiter,  ein wenig  unerwartet. Die bei Sch\u00fclerinnen und Sch\u00fclern h\u00e4ufig  vorhandene Furcht  vor dem Ernsthaften, Strengen, Trockenen der  Mathematik soll etwas  aufgebrochen oder mindestens angekratzt werden.  Die Atraktivit\u00e4t des  Multiple-Choice-Wettbewerb liegt sicher auch daran, eine gefundene oder erahnte L\u00f6sung nicht schriftlich lange begr\u00fcnden zu m\u00fcssen.   Seit vielen  Jahren nehmen deutlich \u00fcber hundert Sch\u00fclerinnen und Sch\u00fcler aus allen Jahrgangsstufen des Christian &#8211; Gymnasiums daran teil.  <br><\/p>\n\n\n\n<h4 class=\"wp-block-heading\"><strong><a href=\"https:\/\/wordpress.nibis.de\/gy-her\/2019-25-kaenguru-mathewettbewerb\/\">Bericht \u00fcber den 25. K\u00e4nguru Wettbewerbs 2019<\/a><\/strong><\/h4>\n\n\n\n<p>Mehr unter: <a href=\"http:\/\/www.mathe-kaenguru.de\" target=\"_blank\" rel=\"noreferrer noopener\" aria-label=\"www.mathe-kaenguru.de (\u00f6ffnet in neuem Tab)\">www.mathe-kaenguru.de<\/a><\/p>\n","protected":false},"excerpt":{"rendered":"<p>Internationaler Teamwettbewerb \u201eBolyai&#8220; Es handelt sich hierbei um einen internationalen mathematischen Teamwettbewerb. Niedersachsen wird gemeinsam mit den Bundesl\u00e4ndern Bremen, Sachsen und Sachsen-Anhalt in einer Gruppe gewertet. Ein Team besteht immer <span class=\"excerpt-dots\">&hellip;<\/span> <a class=\"more-link\" href=\"https:\/\/wordpress.nibis.de\/gy-her\/internationaler-teamwettbewerb-bolyai\/\"><span class=\"more-msg\">Weiterlesen &rarr;<\/span><\/a><\/p>\n","protected":false},"author":9192510,"featured_media":0,"parent":0,"menu_order":0,"comment_status":"closed","ping_status":"closed","template":"","meta":{"footnotes":""},"class_list":["post-1901","page","type-page","status-publish","hentry"],"_links":{"self":[{"href":"https:\/\/wordpress.nibis.de\/gy-her\/wp-json\/wp\/v2\/pages\/1901","targetHints":{"allow":["GET"]}}],"collection":[{"href":"https:\/\/wordpress.nibis.de\/gy-her\/wp-json\/wp\/v2\/pages"}],"about":[{"href":"https:\/\/wordpress.nibis.de\/gy-her\/wp-json\/wp\/v2\/types\/page"}],"author":[{"embeddable":true,"href":"https:\/\/wordpress.nibis.de\/gy-her\/wp-json\/wp\/v2\/users\/9192510"}],"replies":[{"embeddable":true,"href":"https:\/\/wordpress.nibis.de\/gy-her\/wp-json\/wp\/v2\/comments?post=1901"}],"version-history":[{"count":10,"href":"https:\/\/wordpress.nibis.de\/gy-her\/wp-json\/wp\/v2\/pages\/1901\/revisions"}],"predecessor-version":[{"id":1931,"href":"https:\/\/wordpress.nibis.de\/gy-her\/wp-json\/wp\/v2\/pages\/1901\/revisions\/1931"}],"wp:attachment":[{"href":"https:\/\/wordpress.nibis.de\/gy-her\/wp-json\/wp\/v2\/media?parent=1901"}],"curies":[{"name":"wp","href":"https:\/\/api.w.org\/{rel}","templated":true}]}}