{"id":256,"date":"2018-07-31T19:42:41","date_gmt":"2018-07-31T17:42:41","guid":{"rendered":"http:\/\/wordpress.nibis.de\/gy-her\/?page_id=256"},"modified":"2023-02-28T13:38:46","modified_gmt":"2023-02-28T12:38:46","slug":"willkommen","status":"publish","type":"page","link":"https:\/\/wordpress.nibis.de\/gy-her\/willkommen\/","title":{"rendered":"[:de]Willkommen[:]"},"content":{"rendered":"<p>[:de]Das Christian-Gymnasium ist das Gymnasium im l\u00e4ndlichen Raum des n\u00f6rdlichen Landkreises Celle mit einem Einzugsradius von etwa 20 km. Es wird besucht von \u00fcber 1000 Sch\u00fclerinnen und Sch\u00fclern, die von ungef\u00e4hr 80 Lehrerinnen und Lehrern unterrichtet werden, von denen sich cirka zehn Studienreferendarinnen und -referendare in Ausbildung befinden.<\/p>\n<figure class=\"wp-block-video\"><video src=\"https:\/\/wordpress.nibis.de\/gy-her\/files\/2023\/01\/Schulvideo-2022.mov\" controls=\"controls\" width=\"600\" height=\"300\"><\/video><em>Schulvideo erstellt 2022 von der Erasmuns+ Projektgruppe<\/em><\/figure>\n<p>Das Christian-Gymnasium feierte 2004 sein 100j\u00e4hriges Jubil\u00e4um. Vorl\u00e4ufer unserer Schule gehen jedoch weit zur\u00fcck bis in das Jahr 1817, als Pastor Christian Harms in Hermannsburg eine Privatschule gr\u00fcndete.<\/p>\n<p><a href=\"http:\/\/wordpress.nibis.de\/gy-her\/files\/2018\/07\/prinz-christian-von-hannover.jpg\"><img loading=\"lazy\" decoding=\"async\" class=\"alignleft size-full wp-image-258\" src=\"http:\/\/wordpress.nibis.de\/gy-her\/files\/2018\/07\/prinz-christian-von-hannover.jpg\" alt=\"\" width=\"150\" height=\"113\" \/><\/a> Die Schule tr\u00e4gt seit 1904 den Namen des fr\u00fch verstorbenen Prinzen Christian von Hannover, zu dessen Andenken seine Tante, Prinzessin Mary von Hannover, der Missionsanstalt im Jahr 1903 einen gr\u00f6\u00dferen Geldbetrag gestiftet hatte, der zur Finanzierung des Schulneubaus, dem heutigen Altbau mit dem T\u00fcrmchen, verwendet wurde. Das T\u00fcrmchen mit dem Wetterhahn auf dem damals entstandenen Altbau ist das weithin sichtbare Wahrzeichen der Schule.<\/p>\n<p>Diese Privatschule der Missionsdirektoren wurde ab 1904 in der Tr\u00e4gerschaft der Hermannsburger Missionsanstalt (heute Ev.-luth. Missionswerk in Niedersachsen -ELM) weiter gef\u00fchrt.<br \/>\nDie Christianschule f\u00fchrt seit 1950 zum Abitur und ist als Christian Gymnasium seit 1956 allgemein bildendes Gymnasium in der Tr\u00e4gerschaft des Landkreises Celle.<\/p>\n<p>Seit 2007 sind umfangreiche Umbauten innen und au\u00dfen im Gange, so dass die Schule sich auch r\u00e4umlich zu einer modernen Schule weiter entwickelt hat.<\/p>\n<p>Im Jahre 2007 erhielt das Christian-Gymnasium den Titel einer Europa-Schule, im Sommer 2014 wurde es aufgrund der vielf\u00e4ltigen Aktivit\u00e4ten mit europ\u00e4ischen Partnerschulen als \u201eEuropa-Schule in Niedersachsen\u201c neu ausgezeichnet.<\/p>\n<p>Einige weitere Schwerpunkte sind uns besonders wichtig:<\/p>\n<ul>\n<li style=\"list-style-type: none\">\n<ul>\n<li>Ganztagsschule<\/li>\n<li>Comenius-Schule<\/li>\n<li>Multimediaschule<\/li>\n<li>Schwerpunkt in Naturwissenschaften- zuletzt ausgezeichnet mit dem Titel Partnerschule der IdeenExpo 2017<\/li>\n<li>Schule ohne Rassismus- Schule mit Courage<\/li>\n<li>Musikklassen: Chor- und Bl\u00e4serklassen<\/li>\n<\/ul>\n<\/li>\n<\/ul>\n<p>Sehen Sie sich gern auf unserer Homepage um und informieren Sie sich \u00fcber <strong>unser <a href=\"http:\/\/wordpress.nibis.de\/gy-her\/leitbild\/\">Leitbild <\/a><\/strong>und die vielf\u00e4ltigen Aktivit\u00e4ten unseres Schullebens.<\/p>\n<p>[:]<\/p>\n","protected":false},"excerpt":{"rendered":"<p>[:de]Das Christian-Gymnasium ist das Gymnasium im l\u00e4ndlichen Raum des n\u00f6rdlichen Landkreises Celle mit einem Einzugsradius von etwa 20 km. Es wird besucht von \u00fcber 1000 Sch\u00fclerinnen und Sch\u00fclern, die von <span class=\"excerpt-dots\">&hellip;<\/span> <a class=\"more-link\" href=\"https:\/\/wordpress.nibis.de\/gy-her\/willkommen\/\"><span class=\"more-msg\">Weiterlesen &rarr;<\/span><\/a><\/p>\n","protected":false},"author":9192510,"featured_media":0,"parent":0,"menu_order":0,"comment_status":"closed","ping_status":"closed","template":"","meta":{"footnotes":""},"class_list":["post-256","page","type-page","status-publish","hentry"],"_links":{"self":[{"href":"https:\/\/wordpress.nibis.de\/gy-her\/wp-json\/wp\/v2\/pages\/256","targetHints":{"allow":["GET"]}}],"collection":[{"href":"https:\/\/wordpress.nibis.de\/gy-her\/wp-json\/wp\/v2\/pages"}],"about":[{"href":"https:\/\/wordpress.nibis.de\/gy-her\/wp-json\/wp\/v2\/types\/page"}],"author":[{"embeddable":true,"href":"https:\/\/wordpress.nibis.de\/gy-her\/wp-json\/wp\/v2\/users\/9192510"}],"replies":[{"embeddable":true,"href":"https:\/\/wordpress.nibis.de\/gy-her\/wp-json\/wp\/v2\/comments?post=256"}],"version-history":[{"count":9,"href":"https:\/\/wordpress.nibis.de\/gy-her\/wp-json\/wp\/v2\/pages\/256\/revisions"}],"predecessor-version":[{"id":5157,"href":"https:\/\/wordpress.nibis.de\/gy-her\/wp-json\/wp\/v2\/pages\/256\/revisions\/5157"}],"wp:attachment":[{"href":"https:\/\/wordpress.nibis.de\/gy-her\/wp-json\/wp\/v2\/media?parent=256"}],"curies":[{"name":"wp","href":"https:\/\/api.w.org\/{rel}","templated":true}]}}