{"id":261,"date":"2018-07-31T19:55:49","date_gmt":"2018-07-31T17:55:49","guid":{"rendered":"http:\/\/wordpress.nibis.de\/gy-her\/?page_id=261"},"modified":"2018-08-05T12:32:55","modified_gmt":"2018-08-05T10:32:55","slug":"leitbild","status":"publish","type":"page","link":"https:\/\/wordpress.nibis.de\/gy-her\/willkommen\/leitbild\/","title":{"rendered":"[:de]Leitbild[:]"},"content":{"rendered":"<p>[:de]<\/p>\n<h1>Leitbild Christian &#8211; Gymnasium Hermannsburg<\/h1>\n<p>&#8222;Erstes und letztes Ziel unserer Didaktik soll es sein, die Unterrichtsweise aufzusp\u00fcren, bei welcher der Lehrer weniger zu lehren braucht, die Sch\u00fcler dennoch mehr lernen, in den Schulen weniger L\u00e4rm, \u00dcberdruss und unn\u00fctze M\u00fche herrsche, daf\u00fcr aber mehr Freiheit, Vergn\u00fcgen und wahrhafter Fortschritt.&#8220;<\/p>\n<p>J. A. Comenius (1592-1670),aus dem Vorwort zu seiner Didactica Magna, 1657<\/p>\n<p>&nbsp;<\/p>\n<h2>Motivation f\u00fcr unser Leitbild<\/h2>\n<p>Die Zukunft fordert von uns allen Ver\u00e4nderungsbereitschaft sowie Offenheit f\u00fcr neue Entwicklungen.<br \/>\nDazu bedarf es einer fundierten Allgemeinbildung, einer gefestigten Pers\u00f6nlichkeit, umfassender Sozialkompetenz und eines ausgepr\u00e4gten Verantwortungsbewusstseins.<br \/>\nDas Christian Gymnasium Hermannsburg stellt sich dieser Herausforderung und leitet daraus seine Bildungs- und Erziehungsarbeit ab.<br \/>\nGemeinsam wollen Lehrerinnen, Lehrer, Sch\u00fclerinnen, Sch\u00fcler und Eltern Schule aktiv gestalten.<\/p>\n<p>&nbsp;<\/p>\n<h2>Die Basis<\/h2>\n<p>Das Christian \u2013 Gymnasium, mit dem Landkreis Celle als Tr\u00e4ger, sieht sich eingebunden in die l\u00e4ndliche Region des Nordkreises und verwurzelt mit seiner lokalen Geschichte.<\/p>\n<p>&nbsp;<\/p>\n<h2>Die vier S\u00e4ulen<\/h2>\n<h3><em>Bildung und Erziehung<\/em><\/h3>\n<p>Wir legen gro\u00dfen Wert auf eine umfassende fachliche, soziale und kulturelle Bildung hoher Qualit\u00e4t.<br \/>\nIn unserer Schule sollen Sch\u00fclerinnen und Sch\u00fclern sich in sozialen Kontexten bew\u00e4hren, Selbstbewusstsein entwickeln und Leistungen anderer anerkennen.<br \/>\nDie Schule unterst\u00fctzt und begleitet diesen Prozess, so<br \/>\ndass die ihr anvertrauten jungen Menschen bef\u00e4higt<br \/>\nwerden, an einer positiven Entwicklung der<br \/>\nGesellschaft verantwortungsbewusst mitzuwirken.<\/p>\n<h3><em>Lehr- und Lernkultur<\/em><\/h3>\n<p>Wir sehen Freude am Lehren, Lernen und an<br \/>\nder eigenen Leistung als Voraussetzung eines<br \/>\nerfolgreichen Lehr- und Lernprozesses.<br \/>\nWesentliche Merkmale sind f\u00fcr uns das F\u00f6rdern und Fordern von Selbstst\u00e4ndigkeit, Eigenverantwortung, Kreativit\u00e4t und konstruktivem Umgang mit Kritik.<\/p>\n<h3><em>Schulgemeinschaft<\/em><\/h3>\n<p>Wir verstehen uns als Schulgemeinschaft. Der Umgang aller am Schulleben Beteiligten soll stets gepr\u00e4gt sein durch gegenseitigen Respekt und Wertsch\u00e4tzung, Fairness und die Bereitschaft anderen zu helfen.<br \/>\nWir legen Wert auf die Einhaltung gemeinsam getroffener Vereinbarungen und Regeln.<br \/>\nWir begr\u00fc\u00dfen die Zusammenarbeit mit Ehemaligen und F\u00f6rderern.<\/p>\n<h3><em>Pers\u00f6nlichkeitsentwicklung<\/em><\/h3>\n<p>Wir begleiten unsere Sch\u00fclerinnen und Sch\u00fcler in der Entwicklung ihrer Pers\u00f6nlichkeit und unterst\u00fctzen sie bei der Entfaltung ihrer individuellen Begabungen.<br \/>\nWir wollen sie zu neugierigen, kritisch denkenden, weltoffenen, toleranten Pers\u00f6nlichkeiten erziehen.<\/p>\n<p>&nbsp;<\/p>\n<h2>Unter europ\u00e4ischem Dach<\/h2>\n<p>Wir bereiten unsere Jugendlichen durch Erfahrungen mit anderen europ\u00e4ischen L\u00e4ndern auf ein Leben in einer zunehmend globalisierten Welt vor.<br \/>\nWir unterst\u00fctzen sie, Verst\u00e4ndnis f\u00fcr gesellschaftliche,kulturelle und sprachliche Unterschiede zu entwickeln.<\/p>\n<h2>Unser Weg an die \u201eSpitze\u201c<\/h2>\n<h3><em>Qualit\u00e4tsentwicklung<\/em><\/h3>\n<p>Wir verstehen uns als \u201eLernende Schule\u201c, die ihre Qualit\u00e4t kontinuierlich \u00fcberpr\u00fcft und gegebenenfalls verbessert.<\/p>\n<p>Als <a href=\"http:\/\/wordpress.nibis.de\/gy-her\/files\/2018\/07\/Leitbild-CGH.pdf\" target=\"_blank\" rel=\"noopener\">Druckversion (.pdf)<\/a>[:]<\/p>\n","protected":false},"excerpt":{"rendered":"<p>[:de] Leitbild Christian &#8211; Gymnasium Hermannsburg &#8222;Erstes und letztes Ziel unserer Didaktik soll es sein, die Unterrichtsweise aufzusp\u00fcren, bei welcher der Lehrer weniger zu lehren braucht, die Sch\u00fcler dennoch mehr <span class=\"excerpt-dots\">&hellip;<\/span> <a class=\"more-link\" href=\"https:\/\/wordpress.nibis.de\/gy-her\/willkommen\/leitbild\/\"><span class=\"more-msg\">Weiterlesen &rarr;<\/span><\/a><\/p>\n","protected":false},"author":9192510,"featured_media":0,"parent":256,"menu_order":0,"comment_status":"closed","ping_status":"closed","template":"","meta":{"footnotes":""},"class_list":["post-261","page","type-page","status-publish","hentry"],"_links":{"self":[{"href":"https:\/\/wordpress.nibis.de\/gy-her\/wp-json\/wp\/v2\/pages\/261","targetHints":{"allow":["GET"]}}],"collection":[{"href":"https:\/\/wordpress.nibis.de\/gy-her\/wp-json\/wp\/v2\/pages"}],"about":[{"href":"https:\/\/wordpress.nibis.de\/gy-her\/wp-json\/wp\/v2\/types\/page"}],"author":[{"embeddable":true,"href":"https:\/\/wordpress.nibis.de\/gy-her\/wp-json\/wp\/v2\/users\/9192510"}],"replies":[{"embeddable":true,"href":"https:\/\/wordpress.nibis.de\/gy-her\/wp-json\/wp\/v2\/comments?post=261"}],"version-history":[{"count":2,"href":"https:\/\/wordpress.nibis.de\/gy-her\/wp-json\/wp\/v2\/pages\/261\/revisions"}],"predecessor-version":[{"id":264,"href":"https:\/\/wordpress.nibis.de\/gy-her\/wp-json\/wp\/v2\/pages\/261\/revisions\/264"}],"up":[{"embeddable":true,"href":"https:\/\/wordpress.nibis.de\/gy-her\/wp-json\/wp\/v2\/pages\/256"}],"wp:attachment":[{"href":"https:\/\/wordpress.nibis.de\/gy-her\/wp-json\/wp\/v2\/media?parent=261"}],"curies":[{"name":"wp","href":"https:\/\/api.w.org\/{rel}","templated":true}]}}