{"id":265,"date":"2018-07-31T20:05:35","date_gmt":"2018-07-31T18:05:35","guid":{"rendered":"http:\/\/wordpress.nibis.de\/gy-her\/?page_id=265"},"modified":"2019-11-06T08:49:43","modified_gmt":"2019-11-06T07:49:43","slug":"europaschule-in-niedersachsen","status":"publish","type":"page","link":"https:\/\/wordpress.nibis.de\/gy-her\/europaschule-in-niedersachsen\/","title":{"rendered":"[:de]Europaschule in Niedersachsen[:]"},"content":{"rendered":"<p>[:de]<a href=\"http:\/\/wordpress.nibis.de\/gy-her\/files\/2018\/07\/europaschule-urkunde.jpg\"><img loading=\"lazy\" decoding=\"async\" class=\"alignleft size-medium wp-image-271\" src=\"http:\/\/wordpress.nibis.de\/gy-her\/files\/2018\/07\/europaschule-urkunde-224x300.jpg\" alt=\"\" width=\"224\" height=\"300\" srcset=\"https:\/\/wordpress.nibis.de\/gy-her\/files\/2018\/07\/europaschule-urkunde-224x300.jpg 224w, https:\/\/wordpress.nibis.de\/gy-her\/files\/2018\/07\/europaschule-urkunde-448x600.jpg 448w, https:\/\/wordpress.nibis.de\/gy-her\/files\/2018\/07\/europaschule-urkunde.jpg 604w\" sizes=\"auto, (max-width: 224px) 100vw, 224px\" \/><\/a>Das Christian &#8211; Gymnasium Hermannsburg ist Europaschule in Niedersachsen geworden.<a href=\"http:\/\/wordpress.nibis.de\/gy-her\/files\/2018\/07\/europaschule4.jpg\"><img loading=\"lazy\" decoding=\"async\" class=\"size-medium wp-image-270 alignright\" src=\"http:\/\/wordpress.nibis.de\/gy-her\/files\/2018\/07\/europaschule4-300x199.jpg\" alt=\"\" width=\"300\" height=\"199\" srcset=\"https:\/\/wordpress.nibis.de\/gy-her\/files\/2018\/07\/europaschule4-300x199.jpg 300w, https:\/\/wordpress.nibis.de\/gy-her\/files\/2018\/07\/europaschule4-768x511.jpg 768w, https:\/\/wordpress.nibis.de\/gy-her\/files\/2018\/07\/europaschule4-800x532.jpg 800w, https:\/\/wordpress.nibis.de\/gy-her\/files\/2018\/07\/europaschule4.jpg 1504w\" sizes=\"auto, (max-width: 300px) 100vw, 300px\" \/><\/a><\/p>\n<p>Kurz vor den Herbstferien 2007 \u00fcberreichte in L\u00fcneburg die Frau Scholl, Abteilungsleiterin der Landesschulbeh\u00f6rde L\u00fcneburg der Schulleiterin des Gymnasiums, Oberstudiendirektorin Schmid &#8211; Hennies, die Urkunde des Nieders\u00e4chsischen Kultusministeriums Studiendirektor Dr.Ganzer und Oberstudienrat Zobel nahmen als Verantwortliche der Europaaktivit\u00e4ten des Gymnasiums ebenfalls die Gl\u00fcckw\u00fcnsche f\u00fcr die Schule entgegen.<\/p>\n<p>In ihrer Laudatio hob Frau Scholl hervor, dass das Christian &#8211; Gymnasium Hermannsburg die An forderungen an eine Europaschule in vielf\u00e4ltiger Weise erf\u00fclle. Daher sei in Anerkennung der be- sonderen schulischen F\u00f6rderung des Europagedankens das Christian &#8211; Gymnasium berechtigt, den Titel \u201eEuropaschule\u201c zu f\u00fchren.<\/p>\n<div align=\"left\"><\/div>\n<p><a href=\"http:\/\/wordpress.nibis.de\/gy-her\/files\/2018\/07\/europaschule2.jpg\"><img loading=\"lazy\" decoding=\"async\" class=\"alignleft size-medium wp-image-268\" src=\"http:\/\/wordpress.nibis.de\/gy-her\/files\/2018\/07\/europaschule2-300x199.jpg\" alt=\"\" width=\"300\" height=\"199\" srcset=\"https:\/\/wordpress.nibis.de\/gy-her\/files\/2018\/07\/europaschule2-300x199.jpg 300w, https:\/\/wordpress.nibis.de\/gy-her\/files\/2018\/07\/europaschule2-768x511.jpg 768w, https:\/\/wordpress.nibis.de\/gy-her\/files\/2018\/07\/europaschule2-800x532.jpg 800w, https:\/\/wordpress.nibis.de\/gy-her\/files\/2018\/07\/europaschule2.jpg 1504w\" sizes=\"auto, (max-width: 300px) 100vw, 300px\" \/><\/a>\u00a0Einleitend hatte Studiendirektor Dr. Ganzer den Anwesenden die zahlreichen Aktivit\u00e4ten , die zur F\u00fchrung der Bezeichnung \u201eEuropaschule\u201c berechtigen, beschrieben. So wies er insbesondere auf die Schulpartnerschaften mit Schulen in Auterive und Valogne, beide Frankreich, in Kaliningrad, Russland, sowie Tuusula, Finnland, hin. Ferner betonte er das Comenius &#8211; Engagemant seiner Schule. Mit dem laufenden Projekt \u201eHerausforderung Europa\u201c nehme das Christian &#8211; Gymnasium bereits seit 1996 zum vierten Mal am europ\u00e4ischen Comenius-Programm teil. In diesem Projekt arbeite das Gymnasium mit Schulen aus Finnland, Polen und Ungarn zusammen. Erfolge weist die Schule beim elektronischen eTwinning &#8211; Programm auf. Hier wurde die Schule 2006 vom nieders\u00e4chsischen Kultusminister Busemann mit dem Qualit\u00e4tssiegel ausgezeichnet. Als weiteres Beispiel erw\u00e4hnte Dr.Ganzer die Teilnahme des Christian-Gymnasiums an den \u201eAnne-Frank-Friedenstagen\u201c der Stadt Bergen.<\/p>\n<p>Abschlie\u00dfend bedankte sich Oberstudiendirektorin Schmid &#8211; Hennies bei Frau Scholl f\u00fcr die Anerkennung und sicherte den Anwesenden weiterhin ein starkes Europa &#8211; Engagement ihrer Schule zu.<\/p>\n<h4>Informationen zu aktuellen und vergangenen Projekten:<\/h4>\n<ul>\n<li><a href=\"_wp_link_placeholder\" data-wplink-edit=\"true\">Erneuerung des Zertifikates 2019<\/a><\/li>\n<li><a href=\"\/gy-her\/erasmus-projekte\/\">Erasmus+<\/a><\/li>\n<li><a href=\"\/gy-her\/category\/europaschule-i-nds\/comenius\/\">Comenius<\/a><\/li>\n<li><a href=\"\/gy-her\/category\/europaschule-i-nds\/schueleraustausch\/\">Sch\u00fcleraustausch<\/a><\/li>\n<\/ul>\n<p>[:]<\/p>\n","protected":false},"excerpt":{"rendered":"<p>[:de]Das Christian &#8211; Gymnasium Hermannsburg ist Europaschule in Niedersachsen geworden. Kurz vor den Herbstferien 2007 \u00fcberreichte in L\u00fcneburg die Frau Scholl, Abteilungsleiterin der Landesschulbeh\u00f6rde L\u00fcneburg der Schulleiterin des Gymnasiums, Oberstudiendirektorin <span class=\"excerpt-dots\">&hellip;<\/span> <a class=\"more-link\" href=\"https:\/\/wordpress.nibis.de\/gy-her\/europaschule-in-niedersachsen\/\"><span class=\"more-msg\">Weiterlesen &rarr;<\/span><\/a><\/p>\n","protected":false},"author":9192510,"featured_media":0,"parent":0,"menu_order":0,"comment_status":"closed","ping_status":"closed","template":"","meta":{"footnotes":""},"class_list":["post-265","page","type-page","status-publish","hentry"],"_links":{"self":[{"href":"https:\/\/wordpress.nibis.de\/gy-her\/wp-json\/wp\/v2\/pages\/265","targetHints":{"allow":["GET"]}}],"collection":[{"href":"https:\/\/wordpress.nibis.de\/gy-her\/wp-json\/wp\/v2\/pages"}],"about":[{"href":"https:\/\/wordpress.nibis.de\/gy-her\/wp-json\/wp\/v2\/types\/page"}],"author":[{"embeddable":true,"href":"https:\/\/wordpress.nibis.de\/gy-her\/wp-json\/wp\/v2\/users\/9192510"}],"replies":[{"embeddable":true,"href":"https:\/\/wordpress.nibis.de\/gy-her\/wp-json\/wp\/v2\/comments?post=265"}],"version-history":[{"count":8,"href":"https:\/\/wordpress.nibis.de\/gy-her\/wp-json\/wp\/v2\/pages\/265\/revisions"}],"predecessor-version":[{"id":2352,"href":"https:\/\/wordpress.nibis.de\/gy-her\/wp-json\/wp\/v2\/pages\/265\/revisions\/2352"}],"wp:attachment":[{"href":"https:\/\/wordpress.nibis.de\/gy-her\/wp-json\/wp\/v2\/media?parent=265"}],"curies":[{"name":"wp","href":"https:\/\/api.w.org\/{rel}","templated":true}]}}