{"id":284,"date":"2018-08-01T10:18:20","date_gmt":"2018-08-01T08:18:20","guid":{"rendered":"http:\/\/wordpress.nibis.de\/gy-her\/?page_id=284"},"modified":"2026-03-12T18:46:39","modified_gmt":"2026-03-12T17:46:39","slug":"schulverein","status":"publish","type":"page","link":"https:\/\/wordpress.nibis.de\/gy-her\/schulverein\/","title":{"rendered":"Schulverein"},"content":{"rendered":"<p style=\"text-align: left\"><a href=\"http:\/\/wordpress.nibis.de\/gy-her\/files\/2018\/08\/Logo-Schulverein.jpg\"><img loading=\"lazy\" decoding=\"async\" class=\"alignleft size-full wp-image-288\" src=\"http:\/\/wordpress.nibis.de\/gy-her\/files\/2018\/08\/Logo-Schulverein.jpg\" alt=\"\" width=\"960\" height=\"252\" srcset=\"https:\/\/wordpress.nibis.de\/gy-her\/files\/2018\/08\/Logo-Schulverein.jpg 960w, https:\/\/wordpress.nibis.de\/gy-her\/files\/2018\/08\/Logo-Schulverein-300x79.jpg 300w, https:\/\/wordpress.nibis.de\/gy-her\/files\/2018\/08\/Logo-Schulverein-768x202.jpg 768w, https:\/\/wordpress.nibis.de\/gy-her\/files\/2018\/08\/Logo-Schulverein-800x210.jpg 800w\" sizes=\"auto, (max-width: 960px) 100vw, 960px\" \/><\/a><\/p>\n<div style=\"text-align: left\"><\/div>\n<p>Wir sind ein Verein von Eltern, Erziehungsberechtigten, Lehrerinnen, Lehrern und Freunden der Schule<\/p>\n<h4>Was macht der Schulverein?<\/h4>\n<p>Wir setzen Ihren Jahresbeitrag ein, um ein attraktives Lernumfeld f\u00fcr die Sch\u00fclerinnen und Sch\u00fcler des Christian Gymnasiums zu schaffen:<\/p>\n<ul>\n<li>\u00a0Wir sorgen f\u00fcr schnelle unb\u00fcrokratische Hilfe bei Finanzierungsengp\u00e4ssen, die Schulfahrten betreffen<\/li>\n<li>\u00a0Wir finanzieren Auszeichnungen und Preise, die an Sch\u00fcler\/innen gehen, die sich durch besonderen Einsatz in das Schulleben einbringen<\/li>\n<li>Wir sorgen daf\u00fcr, dass die Schulb\u00fccherei regelm\u00e4\u00dfig ge\u00f6ffnet werden kann und best\u00fccken diese j\u00e4hrlich mit neuen Anschaffungen<\/li>\n<li>\u00a0Wir unterst\u00fctzen finanziell Schulveranstaltungen, internationale Begegnungen, Intensivtage, Theaterauff\u00fchrungen und Konzerte<\/li>\n<li>\u00a0Wir tragen zur aktiven Pause durch die Anschaffung von Fu\u00dfballtoren und Spielger\u00e4ten bei<\/li>\n<li>Wir finanzieren den Trinkwasserspender in der Mensa<\/li>\n<li>\u00a0Wir steuern einen finanziellen Beitrag zum Schulplaner bei, damit Ihr Kind einen guten Start auf dem Gymnasium hat<\/li>\n<\/ul>\n<p><strong>Seien auch Sie dabei!<\/strong><\/p>\n<div id=\"attachment_9569\" style=\"width: 887px\" class=\"wp-caption alignnone\"><img loading=\"lazy\" decoding=\"async\" aria-describedby=\"caption-attachment-9569\" class=\"wp-image-9569 size-full\" src=\"https:\/\/wordpress.nibis.de\/gy-her\/files\/2026\/03\/2026-Vereinsvorstand.jpg\" alt=\"Vereinsvorstand 2026\" width=\"877\" height=\"758\" srcset=\"https:\/\/wordpress.nibis.de\/gy-her\/files\/2026\/03\/2026-Vereinsvorstand.jpg 877w, https:\/\/wordpress.nibis.de\/gy-her\/files\/2026\/03\/2026-Vereinsvorstand-300x259.jpg 300w, https:\/\/wordpress.nibis.de\/gy-her\/files\/2026\/03\/2026-Vereinsvorstand-694x600.jpg 694w, https:\/\/wordpress.nibis.de\/gy-her\/files\/2026\/03\/2026-Vereinsvorstand-768x664.jpg 768w, https:\/\/wordpress.nibis.de\/gy-her\/files\/2026\/03\/2026-Vereinsvorstand-100x86.jpg 100w\" sizes=\"auto, (max-width: 877px) 100vw, 877px\" \/><p id=\"caption-attachment-9569\" class=\"wp-caption-text\">Vereinsvorstand 2026<\/p><\/div>\n<h4>Kontakt:<\/h4>\n<p>Vorsitzende: Anna-Maria Cornils<br \/>\nKontaktaufnahme \u00fcber das Schulsekretariat: Tel. 05052-98780 oder schulverein&#8217;at&#8217;gyher.de.<\/p>\n<p>Kassenwartin: Silke F\u00fcrst,<br \/>\nWeitere Vorstandsmitglieder: Tatjana Buhr, Marc Hansen, Clara Heinrich, Michael Otte, Vicky Schiersching, Jennifer Wermter<\/p>\n<p>Der <strong>j\u00e4hrliche Mitgliedsbeitrag betr\u00e4gt mindestens 7,00 \u20ac.<\/strong> F\u00fcllen Sie einfach die\u00a0<a href=\"http:\/\/wordpress.nibis.de\/gy-her\/files\/2018\/08\/Beitrittserklaerung.pdf\">Beitrittserkl\u00e4rung<\/a> aus und schon sind Sie Mitglied. Mit einer SEPA Lastschrift Einzugserm\u00e4chtigung vereinfachen Sie die j\u00e4hrliche Zahlung.<\/p>\n<p>Unsere Konto-Daten bei der Sparkasse Celle-Gifhorn-Wolfsburg:<\/p>\n<p>IBAN: DE86 2695 1311 0055 5944 77<br \/>\nSwift-BIC: NOLADE21CGW 555 944 77[:]<\/p>\n","protected":false},"excerpt":{"rendered":"<p>Wir sind ein Verein von Eltern, Erziehungsberechtigten, Lehrerinnen, Lehrern und Freunden der Schule Was macht der Schulverein? Wir setzen Ihren Jahresbeitrag ein, um ein attraktives Lernumfeld f\u00fcr die Sch\u00fclerinnen und <span class=\"excerpt-dots\">&hellip;<\/span> <a class=\"more-link\" href=\"https:\/\/wordpress.nibis.de\/gy-her\/schulverein\/\"><span class=\"more-msg\">Weiterlesen &rarr;<\/span><\/a><\/p>\n","protected":false},"author":9192510,"featured_media":0,"parent":0,"menu_order":0,"comment_status":"closed","ping_status":"closed","template":"","meta":{"footnotes":""},"class_list":["post-284","page","type-page","status-publish","hentry"],"_links":{"self":[{"href":"https:\/\/wordpress.nibis.de\/gy-her\/wp-json\/wp\/v2\/pages\/284","targetHints":{"allow":["GET"]}}],"collection":[{"href":"https:\/\/wordpress.nibis.de\/gy-her\/wp-json\/wp\/v2\/pages"}],"about":[{"href":"https:\/\/wordpress.nibis.de\/gy-her\/wp-json\/wp\/v2\/types\/page"}],"author":[{"embeddable":true,"href":"https:\/\/wordpress.nibis.de\/gy-her\/wp-json\/wp\/v2\/users\/9192510"}],"replies":[{"embeddable":true,"href":"https:\/\/wordpress.nibis.de\/gy-her\/wp-json\/wp\/v2\/comments?post=284"}],"version-history":[{"count":10,"href":"https:\/\/wordpress.nibis.de\/gy-her\/wp-json\/wp\/v2\/pages\/284\/revisions"}],"predecessor-version":[{"id":9570,"href":"https:\/\/wordpress.nibis.de\/gy-her\/wp-json\/wp\/v2\/pages\/284\/revisions\/9570"}],"wp:attachment":[{"href":"https:\/\/wordpress.nibis.de\/gy-her\/wp-json\/wp\/v2\/media?parent=284"}],"curies":[{"name":"wp","href":"https:\/\/api.w.org\/{rel}","templated":true}]}}