{"id":2856,"date":"2020-05-09T14:08:35","date_gmt":"2020-05-09T12:08:35","guid":{"rendered":"https:\/\/wordpress.nibis.de\/gy-her\/?page_id=2856"},"modified":"2020-05-09T14:17:51","modified_gmt":"2020-05-09T12:17:51","slug":"neu-die-musikklasse-7-8","status":"publish","type":"page","link":"https:\/\/wordpress.nibis.de\/gy-her\/musik\/neu-die-musikklasse-7-8\/","title":{"rendered":"Neu \u2013 die Musikklasse 7\/8"},"content":{"rendered":"\n<p>Ab dem Schuljahr 2020\/2021 m\u00f6chten wir das musikalische Angebot des\nChristian-Gymnasiums erweitern und auch im Jahrgang 7\/8 eine Musikklasse\nanbieten. <\/p>\n\n\n\n<p>Das Besondere der Musikklasse ist, dass die Musikpraxis im Vordergrund steht und die theoretische Ausbildung handlungsorientiert w\u00e4hrend des regul\u00e4ren Musikunterrichts im Musikklassenverband erfolgt. Hier musizieren die Kinder mit ihren Instrumenten oder der Stimme gemeinsam und erarbeiten so die Themen der Klassen 7\/8. Zudem haben die Kinder zus\u00e4tzlichen Unterricht bei einem Instrumental- oder Gesangsp\u00e4dagogen der Kreismusikschule Celle, sodass sie ihre F\u00e4higkeiten vertiefen k\u00f6nnen. <\/p>\n\n\n\n<h3 class=\"wp-block-heading\">Teilnahmevoraussetzungen<\/h3>\n\n\n\n<div class=\"wp-block-image\"><figure class=\"alignright is-resized\"><img loading=\"lazy\" decoding=\"async\" src=\"https:\/\/wordpress.nibis.de\/gy-her\/files\/2019\/05\/2019-Sommerkonzert-23.jpg\" alt=\"\" class=\"wp-image-2062\" width=\"375\" height=\"250\" \/><\/figure><\/div>\n\n\n\n<p>Um an der Musikklasse 7\/8 teilnehmen zu k\u00f6nnen, bedarf es gewissen Vorkenntnissen bzw. einer instrumentalen Ausbildung auf einem der folgenden Instrumente: <em>Querfl\u00f6te, Klarinette, Saxophon, Trompete, Posaune, Euphonium\/Tuba oder Schlagzeug<\/em><br>oder<br>Vorerfahrungen bzw. einer stimmbildnerischen Ausbildung im <em>Gesang<\/em>.<br>Vorerfahrung hei\u00dft z.B. die Teilnahme an einer Chor-\/ Bl\u00e4serklasse, Mitarbeit im Posaunenchor, (Kinder-)Chor oder \u00e4hnlichen Ensembles sowie nat\u00fcrlich Gesangs- oder Instrumentalunterricht auf den oben genannten Instrumenten. <\/p>\n\n\n\n<p>In der Musikklasse 7\/8 ist das <strong>Neuerlernen <\/strong>eines Instruments <strong>nicht<\/strong> m\u00f6glich.<\/p>\n\n\n\n<h3 class=\"wp-block-heading\">Der Unterricht in der Musikklasse<\/h3>\n\n\n\n<div class=\"wp-block-image\"><figure class=\"alignright is-resized\"><img loading=\"lazy\" decoding=\"async\" src=\"https:\/\/wordpress.nibis.de\/gy-her\/files\/2018\/08\/Sommerkonzert2018-02.jpg\" alt=\"\" class=\"wp-image-810\" width=\"375\" height=\"250\" \/><\/figure><\/div>\n\n\n\n<p>In der Musikklasse vertiefen die Sch\u00fclerinnen und Sch\u00fcler neben\ndem Regelunterricht ihre Kenntnisse und F\u00e4higkeiten auf ihrem Instrument bzw.\nder Stimme, denn zus\u00e4tzlich zum normalen Musikunterricht, zwei Stunden in\nJahrgang 7, eine Stunde in Jahrgang 8, erh\u00e4lt jedes Kind eine Stunde\nStimmbildungs- bzw. Instrumentalunterricht in Gruppen bei einem ausgebildeten\nMusiklehrer. Dieser Unterricht wird von Instrumental- oder Gesangsp\u00e4dagogen der\nKreismusikschule Celle in den R\u00e4umen des CGH durchgef\u00fchrt. Zur Vorbereitung auf\nden Musikunterricht m\u00fcssen mindestens 10 Minuten t\u00e4glich f\u00fcr das \u00dcben zuhause\neingeplant werden.<\/p>\n\n\n\n<p>F\u00fcr diesen Instrumental- bzw. Gesangsunterricht in Gruppen fallen\nmonatliche Kosten an:<\/p>\n\n\n\n<div class=\"wp-block-image\"><figure class=\"alignright is-resized\"><img loading=\"lazy\" decoding=\"async\" src=\"https:\/\/wordpress.nibis.de\/gy-her\/files\/2019\/12\/2019-Weihnachtskonzert-17.jpg\" alt=\"\" class=\"wp-image-2584\" width=\"375\" height=\"250\" \/><\/figure><\/div>\n\n\n\n<ul class=\"wp-block-list\"><li>F\u00fcr Instrumentalistinnen und Instrumentalisten: ca. 40 \u20ac monatlich pro Kind <\/li><li>Ein Leihinstrument wird gestellt. Schlagzeugern stehen eine Snare-Drum, ein Stabspiel sowie diverse Perkussionsinstrumente zur Verf\u00fcgung.<\/li><li>F\u00fcr S\u00e4ngerinnen und S\u00e4nger: ca. 15 \u20ac monatlich pro Kind <\/li><li>sowie f\u00fcr alle einmalig: voraussichtlich ca. 30 \u20ac f\u00fcr Noten u.a.<\/li><li><\/li><\/ul>\n\n\n\n<h3 class=\"wp-block-heading\">Was ist zu beachten?<\/h3>\n\n\n\n<p>Das Projekt Musikklasse l\u00e4uft in der 7. und 8. Jahrgangsstufe. F\u00fcr\ndiesen Zeitraum ist die kostenpflichtige Teilnahme nach der Anmeldung\nverpflichtend. <\/p>\n\n\n\n<p>W\u00e4hrend dieser Zeit empfiehlt sich als zus\u00e4tzliche Vertiefungs-\nund \u00dcbungsm\u00f6glichkeit der Besuch einer unserer verschiedenen Musik-AGs. Das\nAngebot und die Probenzeiten k\u00f6nnen Sie unserer Homepage entnehmen. Die AGs stehen\nden Jugendlichen nat\u00fcrlich auch nach dem Ende der Musikklasse 7\/8 offen.<\/p>\n","protected":false},"excerpt":{"rendered":"<p>Ab dem Schuljahr 2020\/2021 m\u00f6chten wir das musikalische Angebot des Christian-Gymnasiums erweitern und auch im Jahrgang 7\/8 eine Musikklasse anbieten. Das Besondere der Musikklasse ist, dass die Musikpraxis im Vordergrund <span class=\"excerpt-dots\">&hellip;<\/span> <a class=\"more-link\" href=\"https:\/\/wordpress.nibis.de\/gy-her\/musik\/neu-die-musikklasse-7-8\/\"><span class=\"more-msg\">Weiterlesen &rarr;<\/span><\/a><\/p>\n","protected":false},"author":9192510,"featured_media":806,"parent":1332,"menu_order":0,"comment_status":"closed","ping_status":"closed","template":"","meta":{"footnotes":""},"class_list":["post-2856","page","type-page","status-publish","has-post-thumbnail","hentry"],"_links":{"self":[{"href":"https:\/\/wordpress.nibis.de\/gy-her\/wp-json\/wp\/v2\/pages\/2856","targetHints":{"allow":["GET"]}}],"collection":[{"href":"https:\/\/wordpress.nibis.de\/gy-her\/wp-json\/wp\/v2\/pages"}],"about":[{"href":"https:\/\/wordpress.nibis.de\/gy-her\/wp-json\/wp\/v2\/types\/page"}],"author":[{"embeddable":true,"href":"https:\/\/wordpress.nibis.de\/gy-her\/wp-json\/wp\/v2\/users\/9192510"}],"replies":[{"embeddable":true,"href":"https:\/\/wordpress.nibis.de\/gy-her\/wp-json\/wp\/v2\/comments?post=2856"}],"version-history":[{"count":1,"href":"https:\/\/wordpress.nibis.de\/gy-her\/wp-json\/wp\/v2\/pages\/2856\/revisions"}],"predecessor-version":[{"id":2857,"href":"https:\/\/wordpress.nibis.de\/gy-her\/wp-json\/wp\/v2\/pages\/2856\/revisions\/2857"}],"up":[{"embeddable":true,"href":"https:\/\/wordpress.nibis.de\/gy-her\/wp-json\/wp\/v2\/pages\/1332"}],"wp:featuredmedia":[{"embeddable":true,"href":"https:\/\/wordpress.nibis.de\/gy-her\/wp-json\/wp\/v2\/media\/806"}],"wp:attachment":[{"href":"https:\/\/wordpress.nibis.de\/gy-her\/wp-json\/wp\/v2\/media?parent=2856"}],"curies":[{"name":"wp","href":"https:\/\/api.w.org\/{rel}","templated":true}]}}