{"id":292,"date":"2024-08-08T16:08:16","date_gmt":"2024-08-08T14:08:16","guid":{"rendered":"http:\/\/wordpress.nibis.de\/gy-her\/?page_id=292"},"modified":"2025-08-27T18:49:49","modified_gmt":"2025-08-27T16:49:49","slug":"ag-angebot","status":"publish","type":"page","link":"https:\/\/wordpress.nibis.de\/gy-her\/ag-angebot\/","title":{"rendered":"[:de]AG-Angebot[:]"},"content":{"rendered":"<p>[:de]F\u00fcr das Schuljahr 2024\/25 bietet das Christian &#8211; Gymnasium 19 Arbeitsgemeinschaften f\u00fcr die Jahrg\u00e4nge 7 (teilweise 5) \u2013 12 an:<\/p>\n<p>F\u00fcr alle Arbeitsgemeinschaften gilt:<br \/>Die Arbeitsgemeinschaften starten ab Montag, 01.09.2025, es sei denn es ist unter den Beschreibungen ein anderes Datum vermerkt! Ihr m\u00fcsst euch &#8211; abgesehen von den Arbeitsgemeinschaften mit begrenzter Teilnehmerzahl &#8211; f\u00fcr die Arbeitsgemeinschaften nicht anmelden, geht einfach zum ersten Treffen zur angegebenen Zeit in den angegebenen Raum. Nat\u00fcrlich k\u00f6nnt ihr vorher auch die AG-Leiter ansprechen. Wir freuen uns, wenn ihr von den M\u00f6glichkeiten, die die Schule euch bieten kann, regen Gebrauch macht.<\/p>\n<p><a href=\"https:\/\/wordpress.nibis.de\/gy-her\/files\/2025\/08\/AGs7-13_8-2025-2.pdf\" target=\"_blank\" rel=\"noreferrer noopener\"><strong>Alle AGs im Detail (nach Wochentagen sortiert)<\/strong><\/a><\/p>\n<table class=\"aligncenter\" style=\"width: 100%;height: 741px\" border=\"1\">\n<tbody>\n<tr style=\"height: 57px\">\n<td style=\"width: 49.2958%;height: 57px\">\n<h3><span id=\"page3R_mcid4\" class=\"markedContent\"><span dir=\"ltr\" role=\"presentation\">Name der AG<\/span><\/span><span id=\"page3R_mcid5\" class=\"markedContent\">\u00a0<\/span><\/h3>\n<\/td>\n<td style=\"width: 16.0051%;height: 57px\">\n<h3><span id=\"page3R_mcid5\" class=\"markedContent\"><span dir=\"ltr\" role=\"presentation\">Leiter\/<\/span><span dir=\"ltr\" role=\"presentation\">&#8211;<\/span><span dir=\"ltr\" role=\"presentation\">in<\/span><\/span><\/h3>\n<\/td>\n<td style=\"width: 16.0051%;height: 57px\">\n<h3><span id=\"page3R_mcid6\" class=\"markedContent\"> <span dir=\"ltr\" role=\"presentation\">Tag, Zeit<\/span><\/span><\/h3>\n<\/td>\n<td style=\"width: 10.2433%;height: 57px\">\n<h3><span id=\"page3R_mcid7\" class=\"markedContent\"><span dir=\"ltr\" role=\"presentation\">Raum<\/span><\/span><\/h3>\n<\/td>\n<\/tr>\n<tr style=\"height: 29px\">\n<td style=\"width: 49.2958%;height: 29px\"><strong>Aquarium AG<\/strong><\/td>\n<td style=\"width: 16.0051%;height: 29px\">Hie<\/td>\n<td style=\"width: 16.0051%;height: 29px\">Mo, 7. Std.<\/td>\n<td style=\"width: 10.2433%;height: 29px\">Aqu.<\/td>\n<\/tr>\n<tr>\n<td style=\"width: 49.2958%\"><strong>Astronomie AG\u00a0<\/strong><\/td>\n<td style=\"width: 16.0051%\">Herr Feldmann<\/td>\n<td style=\"width: 16.0051%\">Di, 9.\/10. Std.<\/td>\n<td style=\"width: 10.2433%\">223<\/td>\n<\/tr>\n<tr style=\"height: 30px\">\n<td style=\"width: 49.2958%;height: 30px\"><strong>AG Big Band\u00a0\u00a0<\/strong><\/td>\n<td style=\"width: 16.0051%;height: 30px\">Gro<\/td>\n<td style=\"width: 16.0051%;height: 30px\">Di, 9.\/10. Std.<\/td>\n<td style=\"width: 10.2433%;height: 30px\">110<\/td>\n<\/tr>\n<tr style=\"height: 29px\">\n<td style=\"width: 49.2958%;height: 29px\"><strong>B\u00fchnenbild AG (Klassen 5-13)<\/strong><\/td>\n<td style=\"width: 16.0051%;height: 29px\">Zhn<\/td>\n<td style=\"width: 16.0051%;height: 29px\">Do, 9.\/10. Std<\/td>\n<td style=\"width: 10.2433%;height: 29px\">-120<\/td>\n<\/tr>\n<tr style=\"height: 29px\">\n<td style=\"width: 49.2958%;height: 29px\"><strong>Chor<\/strong><\/td>\n<td style=\"width: 16.0051%;height: 29px\">Wor<\/td>\n<td style=\"width: 16.0051%;height: 29px\">Di, 9.\/10. Std.<\/td>\n<td style=\"width: 10.2433%;height: 29px\">107<\/td>\n<\/tr>\n<tr style=\"height: 29px\">\n<td style=\"width: 49.2958%;height: 29px\"><strong>Delf<\/strong><\/td>\n<td style=\"width: 16.0051%;height: 29px\">Bus<\/td>\n<td style=\"width: 16.0051%;height: 29px\">Di, 9.\/10. Std.<\/td>\n<td style=\"width: 10.2433%;height: 29px\">s. Details<\/td>\n<\/tr>\n<tr style=\"height: 29px\">\n<td style=\"width: 49.2958%;height: 29px\"><strong>Englisches Theater<\/strong><\/td>\n<td style=\"width: 16.0051%;height: 29px\">Som<\/td>\n<td style=\"width: 16.0051%;height: 29px\">Di, 9.\/10. Std.<\/td>\n<td style=\"width: 10.2433%;height: 29px\">Aula<\/td>\n<\/tr>\n<tr style=\"height: 29px\">\n<td style=\"width: 49.2958%;height: 29px\"><strong>Europa AG (Klassen 8-13)<\/strong><\/td>\n<td style=\"width: 16.0051%;height: 29px\">Weg<\/td>\n<td style=\"width: 16.0051%;height: 29px\">Mo., Mi., 7. Std.<\/td>\n<td style=\"width: 10.2433%;height: 29px\">072<\/td>\n<\/tr>\n<tr style=\"height: 29px\">\n<td style=\"width: 49.2958%;height: 29px\"><strong>Geschichts AG (Klassen 8-13, vierzehnt\u00e4gig)<\/strong><\/td>\n<td style=\"width: 16.0051%;height: 29px\">Hil, Wbr<\/td>\n<td style=\"width: 16.0051%;height: 29px\">Di, 9.\/10. Std<\/td>\n<td style=\"width: 10.2433%;height: 29px\">018<\/td>\n<\/tr>\n<tr style=\"height: 29px\">\n<td style=\"width: 49.2958%;height: 29px\"><strong>AG Jahrbuch<\/strong><\/td>\n<td style=\"width: 16.0051%;height: 29px\">Kul, Rdp<\/td>\n<td style=\"width: 16.0051%;height: 29px\">Do, 9.\/10. Std.<\/td>\n<td style=\"width: 10.2433%;height: 29px\">022<\/td>\n<\/tr>\n<tr style=\"height: 29px\">\n<td style=\"width: 49.2958%;height: 29px\"><strong>Kulturbus AG (ab Klasse 8)<br \/><\/strong><\/td>\n<td style=\"width: 16.0051%;height: 29px\">Lan<\/td>\n<td style=\"width: 16.0051%;height: 29px\">nach Absprache<\/td>\n<td style=\"width: 10.2433%;height: 29px\">\u00a0<\/td>\n<\/tr>\n<tr style=\"height: 30px\">\n<td style=\"width: 49.2958%;height: 30px\"><strong>AG Maske<\/strong><\/td>\n<td style=\"width: 16.0051%;height: 30px\">Deh<\/td>\n<td style=\"width: 16.0051%;height: 30px\">Di, 9.\/10. Std.<\/td>\n<td style=\"width: 10.2433%;height: 30px\">-124<\/td>\n<\/tr>\n<tr style=\"height: 29px\">\n<td style=\"width: 49.2958%;height: 29px\"><strong>AG Museumsguides<\/strong><\/td>\n<td style=\"width: 16.0051%;height: 29px\">Hr. Charbonnier<\/td>\n<td style=\"width: 16.0051%;height: 29px\">Do, 9.\/10. Std.<\/td>\n<td style=\"width: 10.2433%;height: 29px\">LHH<\/td>\n<\/tr>\n<tr style=\"height: 30px\">\n<td style=\"width: 49.2958%;height: 30px\"><strong>AG Planet A<\/strong><\/td>\n<td style=\"width: 16.0051%;height: 30px\">Hau, Hil, Sl\u00fc<\/td>\n<td style=\"width: 16.0051%;height: 30px\">Do, 9.\/10. Std.<\/td>\n<td style=\"width: 10.2433%;height: 30px\">212<\/td>\n<\/tr>\n<tr style=\"height: 29px\">\n<td style=\"width: 49.2958%;height: 29px\"><strong>Plattdeutsch AG (ab Klasse 5)<\/strong><\/td>\n<td style=\"width: 16.0051%;height: 29px\">Sal<\/td>\n<td style=\"width: 16.0051%;height: 29px\">Di, 7. Std.<\/td>\n<td style=\"width: 10.2433%;height: 29px\">021<\/td>\n<\/tr>\n<tr style=\"height: 29px\">\n<td style=\"width: 49.2958%;height: 29px\"><strong>Schach AG<\/strong><\/td>\n<td style=\"width: 16.0051%;height: 29px\">Sdt<\/td>\n<td style=\"width: 16.0051%;height: 29px\">Do, 9.\/10. Std.<\/td>\n<td style=\"width: 10.2433%;height: 29px\">016<\/td>\n<\/tr>\n<tr style=\"height: 29px\">\n<td style=\"width: 49.2958%;height: 29px\"><strong>Sch\u00fclerfirma Imkerei (ab Klasse 5)<\/strong><\/td>\n<td style=\"width: 16.0051%;height: 29px\">Bog\/Faz<\/td>\n<td style=\"width: 16.0051%;height: 29px\">Do, 9.\/10. Std.<\/td>\n<td style=\"width: 10.2433%;height: 29px\">K\u00fcche<\/td>\n<\/tr>\n<tr style=\"height: 29px\">\n<td style=\"width: 49.2958%;height: 29px\"><strong>Sch\u00fclerfirma \u201eCreative Group Hbg.\u201c (ab Klasse 8)<\/strong><\/td>\n<td style=\"width: 16.0051%;height: 29px\">Eng \/ Ott<\/td>\n<td style=\"width: 16.0051%;height: 29px\">Mo.7. Std.<\/td>\n<td style=\"width: 10.2433%;height: 29px\">023<\/td>\n<\/tr>\n<tr style=\"height: 29px\">\n<td style=\"width: 49.2958%;height: 29px\"><strong>Schulsanit\u00e4ter<\/strong><\/td>\n<td style=\"width: 16.0051%;height: 29px\">Bsl<\/td>\n<td style=\"width: 16.0051%;height: 29px\">Do, 9.\/10. Std.<\/td>\n<td style=\"width: 10.2433%;height: 29px\">119<\/td>\n<\/tr>\n<tr style=\"height: 29px\">\n<td style=\"width: 49.2958%;height: 29px\"><strong>Theater AG (Klasse 8-13)<\/strong><\/td>\n<td style=\"width: 16.0051%;height: 29px\">Wft, Zie<\/td>\n<td style=\"width: 16.0051%;height: 29px\">Do, 9.\/10. Std.<\/td>\n<td style=\"width: 10.2433%;height: 29px\">Aula<\/td>\n<\/tr>\n<tr>\n<td style=\"width: 49.2958%\"><strong>AG Veranstaltungstechnik<\/strong><\/td>\n<td style=\"width: 16.0051%\">Gro<\/td>\n<td style=\"width: 16.0051%\">Di, 8. Std.<\/td>\n<td style=\"width: 10.2433%\">Aula<\/td>\n<\/tr>\n<tr style=\"height: 29px\">\n<td style=\"width: 49.2958%;height: 29px\"><strong>Zumba AG<br \/><\/strong><\/td>\n<td style=\"width: 16.0051%;height: 29px\">Hst<\/td>\n<td style=\"width: 16.0051%;height: 29px\">Di, 9.\/10. Std.<\/td>\n<td style=\"width: 10.2433%;height: 29px\">CR3<\/td>\n<\/tr>\n<\/tbody>\n<\/table>\n<p>[:]<\/p>\n\n","protected":false},"excerpt":{"rendered":"<p>[:de]F\u00fcr das Schuljahr 2024\/25 bietet das Christian &#8211; Gymnasium 19 Arbeitsgemeinschaften f\u00fcr die Jahrg\u00e4nge 7 (teilweise 5) \u2013 12 an: F\u00fcr alle Arbeitsgemeinschaften gilt:Die Arbeitsgemeinschaften starten ab Montag, 01.09.2025, es <span class=\"excerpt-dots\">&hellip;<\/span> <a class=\"more-link\" href=\"https:\/\/wordpress.nibis.de\/gy-her\/ag-angebot\/\"><span class=\"more-msg\">Weiterlesen &rarr;<\/span><\/a><\/p>\n","protected":false},"author":9192510,"featured_media":0,"parent":0,"menu_order":0,"comment_status":"closed","ping_status":"closed","template":"","meta":{"footnotes":""},"class_list":["post-292","page","type-page","status-publish","hentry"],"_links":{"self":[{"href":"https:\/\/wordpress.nibis.de\/gy-her\/wp-json\/wp\/v2\/pages\/292","targetHints":{"allow":["GET"]}}],"collection":[{"href":"https:\/\/wordpress.nibis.de\/gy-her\/wp-json\/wp\/v2\/pages"}],"about":[{"href":"https:\/\/wordpress.nibis.de\/gy-her\/wp-json\/wp\/v2\/types\/page"}],"author":[{"embeddable":true,"href":"https:\/\/wordpress.nibis.de\/gy-her\/wp-json\/wp\/v2\/users\/9192510"}],"replies":[{"embeddable":true,"href":"https:\/\/wordpress.nibis.de\/gy-her\/wp-json\/wp\/v2\/comments?post=292"}],"version-history":[{"count":37,"href":"https:\/\/wordpress.nibis.de\/gy-her\/wp-json\/wp\/v2\/pages\/292\/revisions"}],"predecessor-version":[{"id":8004,"href":"https:\/\/wordpress.nibis.de\/gy-her\/wp-json\/wp\/v2\/pages\/292\/revisions\/8004"}],"wp:attachment":[{"href":"https:\/\/wordpress.nibis.de\/gy-her\/wp-json\/wp\/v2\/media?parent=292"}],"curies":[{"name":"wp","href":"https:\/\/api.w.org\/{rel}","templated":true}]}}